{"id":13013,"date":"2022-10-09T03:38:58","date_gmt":"2022-10-09T08:38:58","guid":{"rendered":"http:\/\/nonamepublicidad.com\/?page_id=13013"},"modified":"2022-10-09T22:30:18","modified_gmt":"2022-10-10T03:30:18","slug":"cookies","status":"publish","type":"page","link":"https:\/\/nonamepublicidad.com\/en\/cookies\/","title":{"rendered":"Cookies"},"content":{"rendered":"<h1>Cookies<\/h1>\n<p>Este sitio web utiliza cookies. Usamos cookies para personalizar el contenido y los anuncios, para proporcionar funciones de redes sociales y para analizar nuestro tr\u00e1fico. Tambi\u00e9n compartimos informaci\u00f3n sobre su uso de nuestro sitio con nuestros socios de redes sociales, publicidad y an\u00e1lisis, quienes pueden combinarla con otra informaci\u00f3n que les haya proporcionado o que hayan recopilado a partir de su uso de sus servicios.<\/p>\n<p>Las cookies son peque\u00f1os archivos de texto que los sitios web pueden utilizar para hacer que la experiencia del usuario sea m\u00e1s eficiente.<\/p>\n<p>La ley establece que podemos almacenar cookies en su dispositivo si son estrictamente necesarias para el funcionamiento de este sitio. Para todos los dem\u00e1s tipos de cookies necesitamos su permiso.<\/p>\n<p>Este sitio utiliza diferentes tipos de cookies. Algunas cookies son colocadas por servicios de terceros que aparecen en nuestras p\u00e1ginas.<\/p>\n<p>En cualquier momento puede cambiar o retirar su consentimiento de la Declaraci\u00f3n de cookies en nuestro sitio web.<\/p>\n<p>Obtenga m\u00e1s informaci\u00f3n sobre qui\u00e9nes somos, c\u00f3mo puede contactarnos y c\u00f3mo procesamos los datos personales en nuestra <a href=\"http:\/\/nonamepublicidad.com\/en\/politica-de-privacidad\/\" target=\"_blank\" rel=\"noopener\">Pol\u00edtica de Privacidad<\/a>.<\/p>\n<p>Indique su ID de consentimiento y la fecha cuando se comunique con nosotros con respecto a su consentimiento.<\/p>\n<p>Su consentimiento se aplica al siguiente dominio: www.nonamepublicidad.com<\/p>\n<p>Declaraci\u00f3n de cookies actualizada por \u00faltima vez el 05\/10\/2022.<\/p>","protected":false},"excerpt":{"rendered":"<p>Cookies Este sitio web utiliza cookies. Usamos cookies para personalizar el contenido y los anuncios, para proporcionar funciones de redes sociales y para analizar nuestro tr\u00e1fico. Tambi\u00e9n compartimos informaci\u00f3n sobre su uso de nuestro sitio con nuestros socios de redes sociales, publicidad y an\u00e1lisis, quienes pueden combinarla con otra informaci\u00f3n que les haya proporcionado o [&hellip;]<\/p>\n","protected":false},"author":2,"featured_media":0,"parent":0,"menu_order":0,"comment_status":"closed","ping_status":"closed","template":"","meta":{"footnotes":""},"class_list":["post-13013","page","type-page","status-publish","hentry"],"_links":{"self":[{"href":"https:\/\/nonamepublicidad.com\/en\/wp-json\/wp\/v2\/pages\/13013","targetHints":{"allow":["GET"]}}],"collection":[{"href":"https:\/\/nonamepublicidad.com\/en\/wp-json\/wp\/v2\/pages"}],"about":[{"href":"https:\/\/nonamepublicidad.com\/en\/wp-json\/wp\/v2\/types\/page"}],"author":[{"embeddable":true,"href":"https:\/\/nonamepublicidad.com\/en\/wp-json\/wp\/v2\/users\/2"}],"replies":[{"embeddable":true,"href":"https:\/\/nonamepublicidad.com\/en\/wp-json\/wp\/v2\/comments?post=13013"}],"version-history":[{"count":0,"href":"https:\/\/nonamepublicidad.com\/en\/wp-json\/wp\/v2\/pages\/13013\/revisions"}],"wp:attachment":[{"href":"https:\/\/nonamepublicidad.com\/en\/wp-json\/wp\/v2\/media?parent=13013"}],"curies":[{"name":"wp","href":"https:\/\/api.w.org\/{rel}","templated":true}]}}