{"id":17994,"date":"2023-08-15T12:30:43","date_gmt":"2023-08-15T17:30:43","guid":{"rendered":"http:\/\/nonamepublicidad.com\/?page_id=17994"},"modified":"2026-04-20T21:19:32","modified_gmt":"2026-04-21T02:19:32","slug":"anuncios","status":"publish","type":"page","link":"https:\/\/nonamepublicidad.com\/en\/anuncios\/","title":{"rendered":"Announcements"},"content":{"rendered":"\t\t<div data-elementor-type=\"wp-page\" data-elementor-id=\"17994\" class=\"elementor elementor-17994\">\n\t\t\t\t<div class=\"elementor-element elementor-element-4e121c9 e-flex e-con-boxed e-con e-parent\" data-id=\"4e121c9\" data-element_type=\"container\" data-e-type=\"container\">\r\n\t\t\t\t\t<div class=\"e-con-inner\">\r\n\t\t\t\t<div class=\"elementor-element elementor-element-34449d6 elementor-widget__width-initial elementor-widget elementor-widget-heading\" data-id=\"34449d6\" data-element_type=\"widget\" data-e-type=\"widget\" data-widget_type=\"heading.default\">\n\t\t\t\t<div class=\"elementor-widget-container\">\n\t\t\t\t\t<h1 class=\"elementor-heading-title elementor-size-default\">\u00bfPor qu\u00e9 anunciar tus productos en Noname Publicidad?<\/h1>\t\t\t\t<\/div>\n\t\t\t\t<\/div>\n\t\t\t\t\t<\/div>\n\t\t\t\t<\/div>\n\t\t<div class=\"elementor-element elementor-element-845df6e e-flex e-con-boxed e-con e-parent\" data-id=\"845df6e\" data-element_type=\"container\" data-e-type=\"container\">\r\n\t\t\t\t\t<div class=\"e-con-inner\">\r\n\t\t\t\t<div class=\"elementor-element elementor-element-0a7552a elementor-widget elementor-widget-text-editor\" data-id=\"0a7552a\" data-element_type=\"widget\" data-e-type=\"widget\" data-widget_type=\"text-editor.default\">\n\t\t\t\t<div class=\"elementor-widget-container\">\n\t\t\t\t\t\t\t\t\t<p><strong>Llega a una amplia audiencia:<\/strong> Noname Publicidad cuenta con una gran cantidad de visitantes que buscan productos y servicios diversos, desde ropa y accesorios hasta alimentos y bebidas. Al anunciar en la plataforma, tus productos estar\u00e1n expuestos a un p\u00fablico objetivo amplio y receptivo.<\/p><p><strong>Aumenta las ventas:<\/strong> Al anunciar en Noname Publicidad, puedes aumentar significativamente las ventas de tus productos. La plataforma te permite dirigir tus anuncios a segmentos espec\u00edficos de la audiencia, lo que te garantiza que tus productos lleguen a las personas m\u00e1s propensas a comprarlos.<\/p><p><strong>Mejora el reconocimiento de tu marca:<\/strong> Anunciar en Noname Publicidad te ayudar\u00e1 a aumentar el reconocimiento de tu marca entre los consumidores peruanos y del extranjero. La plataforma te permite crear anuncios atractivos y llamativos que se destacar\u00e1n del resto y dejar\u00e1n una impresi\u00f3n duradera en los visitantes.<\/p><p><strong>Aprovecha precios accesibles:<\/strong> Noname Publicidad ofrece una variedad de opciones de publicidad para adaptarse a todos los presupuestos. Puedes elegir entre anuncios gr\u00e1ficos, anuncios en video y anuncios en texto, y puedes establecer tu propio presupuesto diario o mensual.<\/p><p><strong>Anuncia con trueque:<\/strong> En Noname Publicidad queremos aportar al desarrollo de la sociedad y por ello ofrecemos anuncios libres de pago a cambio realizar donaciones (dinero, productos o servicios) directas a colegios estatales, hospitales, comunidades nativas, orfanatos, las ONG, casas de reposo del adulto mayor, bomberos voluntarios, centros culturales, entre otros. \u00a0Tambi\u00e9n somos conscientes del desarrollo sostenible por ello incluimos el plantado de \u00e1rboles en parques, recojo de basura o la implementaci\u00f3n de las 3R reducir, reutilizar y reciclar en su negocio.<\/p><p><strong>An\u00e1lisis detallado:<\/strong> Noname Publicidad te proporciona informes detallados sobre el rendimiento de tus anuncios. Esto te permite ver cu\u00e1ntas personas ven tus anuncios, cu\u00e1ntos hacen clic en ellos y cu\u00e1ntas compras realizan. Con estos datos, puedes optimizar tus campa\u00f1as publicitarias para obtener mejores resultados.<\/p><p><strong>Soporte profesional:<\/strong> El equipo de Noname Publicidad est\u00e1 disponible para ayudarte a crear y administrar tus campa\u00f1as publicitarias. Te brindar\u00e1n asesor\u00eda personalizada y te ayudar\u00e1n a alcanzar tus objetivos de marketing.<\/p><p>En resumen, anunciar tus productos en Noname Publicidad es una excelente manera de:<\/p><ul><li>Llegar a una amplia audiencia<\/li><li>Aumentar las ventas<\/li><li>Mejorar el reconocimiento de tu marca<\/li><li>Aprovechar precios accesibles<\/li><li>Obtener an\u00e1lisis detallados<\/li><li>Recibir soporte profesional<\/li><\/ul><p>\u00a1No esperes m\u00e1s! Contacta a Noname Publicidad hoy mismo y comienza a anunciar tus productos a una audiencia que est\u00e1 lista para comprar.<\/p>\t\t\t\t\t\t\t\t<\/div>\n\t\t\t\t<\/div>\n\t\t\t\t\t<\/div>\n\t\t\t\t<\/div>\n\t\t<div class=\"elementor-element elementor-element-aa90e2f e-flex e-con-boxed e-con e-parent\" data-id=\"aa90e2f\" data-element_type=\"container\" data-e-type=\"container\">\r\n\t\t\t\t\t<div class=\"e-con-inner\">\r\n\t\t\t\t<div class=\"elementor-element elementor-element-3c9a237 elementor-widget__width-initial elementor-widget elementor-widget-heading\" data-id=\"3c9a237\" data-element_type=\"widget\" data-e-type=\"widget\" data-widget_type=\"heading.default\">\n\t\t\t\t<div class=\"elementor-widget-container\">\n\t\t\t\t\t<h1 class=\"elementor-heading-title elementor-size-default\">Noname anuncios<\/h1>\t\t\t\t<\/div>\n\t\t\t\t<\/div>\n\t\t\t\t\t<\/div>\n\t\t\t\t<\/div>\n\t\t<div class=\"elementor-element elementor-element-d5fcda1 e-flex e-con-boxed e-con e-parent\" data-id=\"d5fcda1\" data-element_type=\"container\" data-e-type=\"container\">\r\n\t\t\t\t\t<div class=\"e-con-inner\">\r\n\t\t\t\t<div class=\"elementor-element elementor-element-4807eec elementor-widget elementor-widget-text-editor\" data-id=\"4807eec\" data-element_type=\"widget\" data-e-type=\"widget\" data-widget_type=\"text-editor.default\">\n\t\t\t\t<div class=\"elementor-widget-container\">\n\t\t\t\t\t\t\t\t\t<p>Ofrecemos paquetes publicitarios de banners, inserto de video, im\u00e1genes de productos y textos desde la plataforma web Noname Publicidad.<\/p>\t\t\t\t\t\t\t\t<\/div>\n\t\t\t\t<\/div>\n\t\t\t\t\t<\/div>\n\t\t\t\t<\/div>\n\t\t<div class=\"elementor-element elementor-element-43b786c e-flex e-con-boxed e-con e-parent\" data-id=\"43b786c\" data-element_type=\"container\" data-e-type=\"container\">\r\n\t\t\t\t\t<div class=\"e-con-inner\">\r\n\t\t\t\t<div class=\"elementor-element elementor-element-1020c9d elementor-widget elementor-widget-heading\" data-id=\"1020c9d\" data-element_type=\"widget\" data-e-type=\"widget\" data-widget_type=\"heading.default\">\n\t\t\t\t<div class=\"elementor-widget-container\">\n\t\t\t\t\t<h1 class=\"elementor-heading-title elementor-size-default\">Paquetes<\/h1>\t\t\t\t<\/div>\n\t\t\t\t<\/div>\n\t\t\t\t\t<\/div>\n\t\t\t\t<\/div>\n\t\t<div class=\"elementor-element elementor-element-2fed734 e-flex e-con-boxed e-con e-parent\" data-id=\"2fed734\" data-element_type=\"container\" data-e-type=\"container\">\r\n\t\t\t\t\t<div class=\"e-con-inner\">\r\n\t\t\t\t<div class=\"elementor-element elementor-element-b0bad75 elementor-widget elementor-widget-text-editor\" data-id=\"b0bad75\" data-element_type=\"widget\" data-e-type=\"widget\" data-widget_type=\"text-editor.default\">\n\t\t\t\t<div class=\"elementor-widget-container\">\n\t\t\t\t\t\t\t\t\t<p><strong>Paquete b\u00e1sico<\/strong>: Un banner de tama\u00f1o peque\u00f1o 700 x 236 px, ubicado en zona de bajo tr\u00e1nsito o visualizaci\u00f3n.<\/p><p><strong>Paquete plus<\/strong>: Un banner de tama\u00f1o grande 700 x 600 px, ubicado en zona de inter\u00e9s por los usuarios.<\/p><p><strong>Paquete est\u00e1ndar<\/strong>: Un banner de tama\u00f1o mediano 1,200 x 236 px, ubicado en zona de mediano tr\u00e1nsito o visualizaci\u00f3n.<\/p><p><strong>Paquete premium<\/strong>: Un banner de tama\u00f1o grande 1,200 x 456 px, ubicado en zona de alto tr\u00e1nsito o visualizaci\u00f3n.<\/p><p><strong>Paquete free<\/strong>: La RSE responsabilidad social empresarial y compromiso voluntario de tu negocio es premiada por Noname Publicidad con un trueque, nosotros anunciamos tus productos libres de pago por demostrar buenas acciones que mejoren el entorno social, econ\u00f3mico y ambiental.<\/p><p>Tambi\u00e9n ofrecemos paquetes publicitarios personalizados como \u00ab<a href=\"http:\/\/nonamepublicidad.com\/tienda\/\" target=\"_blank\" rel=\"noopener\">Productos<\/a>\u00bb y \u00ab<a href=\"http:\/\/nonamepublicidad.com\/lista-de-tiendas\/\" target=\"_blank\" rel=\"noopener\">Tiendas<\/a>\u00bb que se adaptan a las necesidades espec\u00edficas de cada marca.<\/p><p>Todos los paquetes est\u00e1n disponibles en forma simultanea para Pc, Tablet, Laptop y M\u00f3vil.<\/p>\t\t\t\t\t\t\t\t<\/div>\n\t\t\t\t<\/div>\n\t\t\t\t\t<\/div>\n\t\t\t\t<\/div>\n\t\t<div class=\"elementor-element elementor-element-35651c7 e-flex e-con-boxed e-con e-parent\" data-id=\"35651c7\" data-element_type=\"container\" data-e-type=\"container\">\r\n\t\t\t\t\t<div class=\"e-con-inner\">\r\n\t\t\t\t<div class=\"elementor-element elementor-element-9df05d6 elementor-widget elementor-widget-heading\" data-id=\"9df05d6\" data-element_type=\"widget\" data-e-type=\"widget\" data-widget_type=\"heading.default\">\n\t\t\t\t<div class=\"elementor-widget-container\">\n\t\t\t\t\t<h1 class=\"elementor-heading-title elementor-size-default\">Tr\u00e1fico del sitio web<\/h1>\t\t\t\t<\/div>\n\t\t\t\t<\/div>\n\t\t\t\t\t<\/div>\n\t\t\t\t<\/div>\n\t\t<div class=\"elementor-element elementor-element-2dfff9b e-flex e-con-boxed e-con e-parent\" data-id=\"2dfff9b\" data-element_type=\"container\" data-e-type=\"container\">\r\n\t\t\t\t\t<div class=\"e-con-inner\">\r\n\t\t\t\t<div class=\"elementor-element elementor-element-10d300d elementor-widget elementor-widget-text-editor\" data-id=\"10d300d\" data-element_type=\"widget\" data-e-type=\"widget\" data-widget_type=\"text-editor.default\">\n\t\t\t\t<div class=\"elementor-widget-container\">\n\t\t\t\t\t\t\t\t\t<p>Promedio de b\u00fasqueda en <strong>Google<\/strong> durante el <strong>a\u00f1o<\/strong>.<\/p><ul><li>Todos los visitantes <strong>44,000<\/strong><\/li><li>Impresiones totales <strong>560,000<\/strong><\/li><li>Total de clics <strong>7,200<\/strong><\/li><li>Visitantes \u00fanicos de la b\u00fasqueda <strong>11,600<\/strong><\/li><\/ul><p>Actualizaci\u00f3n al: <strong>13 de abril del 2026<\/strong><\/p>\t\t\t\t\t\t\t\t<\/div>\n\t\t\t\t<\/div>\n\t\t\t\t\t<\/div>\n\t\t\t\t<\/div>\n\t\t<div class=\"elementor-element elementor-element-c1ce7b6 e-flex e-con-boxed e-con e-parent\" data-id=\"c1ce7b6\" data-element_type=\"container\" data-e-type=\"container\">\r\n\t\t\t\t\t<div class=\"e-con-inner\">\r\n\t\t\t\t<div class=\"elementor-element elementor-element-4723a0b elementor-widget elementor-widget-text-editor\" data-id=\"4723a0b\" data-element_type=\"widget\" data-e-type=\"widget\" data-widget_type=\"text-editor.default\">\n\t\t\t\t<div class=\"elementor-widget-container\">\n\t\t\t\t\t\t\t\t\t<p>Consultas al: <a href=\"tel:51941203813\">(+51) 941203813<\/a><\/p>\t\t\t\t\t\t\t\t<\/div>\n\t\t\t\t<\/div>\n\t\t\t\t\t<\/div>\n\t\t\t\t<\/div>\n\t\t<div class=\"elementor-element elementor-element-6e29242 e-flex e-con-boxed e-con e-parent\" data-id=\"6e29242\" data-element_type=\"container\" data-e-type=\"container\">\r\n\t\t\t\t\t<div class=\"e-con-inner\">\r\n\t\t\t\t<div class=\"elementor-element elementor-element-3f4be38 elementor-widget elementor-widget-text-editor\" data-id=\"3f4be38\" data-element_type=\"widget\" data-e-type=\"widget\" data-widget_type=\"text-editor.default\">\n\t\t\t\t<div class=\"elementor-widget-container\">\n\t\t\t\t\t\t\t\t\t<p><div class=\"nta_wa_button\" data-id=\"13293\" data-info=\"{&quot;name&quot;:&quot;Orlando (Per\\u00fa)&quot;,&quot;info&quot;:{&quot;number&quot;:&quot;+51941203813&quot;,&quot;title&quot;:&quot;Orlando&quot;,&quot;predefinedText&quot;:&quot;Hola Orlando, solicito informaci\\u00f3n de [njwa_page_title] Enlace: [njwa_page_url]&quot;,&quot;willBeBackText&quot;:&quot;I will be back in [njwa_time_work]&quot;,&quot;dayOffsText&quot;:&quot;I will be back soon&quot;,&quot;isAlwaysAvailable&quot;:&quot;ON&quot;,&quot;daysOfWeekWorking&quot;:{&quot;sunday&quot;:{&quot;isWorkingOnDay&quot;:&quot;OFF&quot;,&quot;workHours&quot;:[{&quot;startTime&quot;:&quot;08:00&quot;,&quot;endTime&quot;:&quot;17:30&quot;}]},&quot;monday&quot;:{&quot;isWorkingOnDay&quot;:&quot;OFF&quot;,&quot;workHours&quot;:[{&quot;startTime&quot;:&quot;08:00&quot;,&quot;endTime&quot;:&quot;17:30&quot;}]},&quot;tuesday&quot;:{&quot;isWorkingOnDay&quot;:&quot;OFF&quot;,&quot;workHours&quot;:[{&quot;startTime&quot;:&quot;08:00&quot;,&quot;endTime&quot;:&quot;17:30&quot;}]},&quot;wednesday&quot;:{&quot;isWorkingOnDay&quot;:&quot;OFF&quot;,&quot;workHours&quot;:[{&quot;startTime&quot;:&quot;08:00&quot;,&quot;endTime&quot;:&quot;17:30&quot;}]},&quot;thursday&quot;:{&quot;isWorkingOnDay&quot;:&quot;OFF&quot;,&quot;workHours&quot;:[{&quot;startTime&quot;:&quot;08:00&quot;,&quot;endTime&quot;:&quot;17:30&quot;}]},&quot;friday&quot;:{&quot;isWorkingOnDay&quot;:&quot;OFF&quot;,&quot;workHours&quot;:[{&quot;startTime&quot;:&quot;08:00&quot;,&quot;endTime&quot;:&quot;17:30&quot;}]},&quot;saturday&quot;:{&quot;isWorkingOnDay&quot;:&quot;OFF&quot;,&quot;workHours&quot;:[{&quot;startTime&quot;:&quot;08:00&quot;,&quot;endTime&quot;:&quot;17:30&quot;}]}}},&quot;styles&quot;:{&quot;type&quot;:&quot;round&quot;,&quot;backgroundColor&quot;:&quot;#2DB742&quot;,&quot;textColor&quot;:&quot;#fff&quot;,&quot;label&quot;:&quot;Necesitas ayuda? Hablemos \\\/ Do you need help? Let&#039;s talk&quot;,&quot;width&quot;:300,&quot;height&quot;:64},&quot;avatar&quot;:&quot;https:\\\/\\\/nonamepublicidad.com\\\/wp-content\\\/uploads\\\/2020\\\/07\\\/noname-icon_152x152.png&quot;,&quot;options&quot;:{&quot;display&quot;:{&quot;displayCondition&quot;:&quot;showAllPage&quot;,&quot;includePages&quot;:[],&quot;excludePages&quot;:[],&quot;includePosts&quot;:[],&quot;showOnDesktop&quot;:&quot;ON&quot;,&quot;showOnMobile&quot;:&quot;ON&quot;,&quot;time_symbols&quot;:&quot;h:m&quot;},&quot;styles&quot;:{&quot;title&quot;:&quot;Start a Conversation&quot;,&quot;responseText&quot;:&quot;The team typically replies in a few minutes.&quot;,&quot;description&quot;:&quot;Hi! Click one of our member below to chat on &lt;strong&gt;WhatsApp&lt;\\\/strong&gt;&quot;,&quot;backgroundColor&quot;:&quot;#2db742&quot;,&quot;textColor&quot;:&quot;#fff&quot;,&quot;scrollHeight&quot;:500,&quot;isShowScroll&quot;:&quot;OFF&quot;,&quot;isShowResponseText&quot;:&quot;ON&quot;,&quot;isShowPoweredBy&quot;:&quot;ON&quot;,&quot;btnLabel&quot;:&quot;Need Help? &lt;strong&gt;Chat with us&lt;\\\/strong&gt;&quot;,&quot;btnLabelWidth&quot;:156,&quot;btnPosition&quot;:&quot;right&quot;,&quot;btnLeftDistance&quot;:30,&quot;btnRightDistance&quot;:30,&quot;btnBottomDistance&quot;:30,&quot;isShowBtnLabel&quot;:&quot;ON&quot;,&quot;isShowGDPR&quot;:&quot;OFF&quot;,&quot;gdprContent&quot;:&quot;Please accept our &lt;a href=\\&quot;https:\\\/\\\/ninjateam.org\\\/privacy-policy\\\/\\&quot;&gt;privacy policy&lt;\\\/a&gt; first to start a conversation.&quot;,&quot;widgetType&quot;:&quot;expandable&quot;},&quot;analytics&quot;:{&quot;enabledGoogle&quot;:&quot;OFF&quot;,&quot;enabledFacebook&quot;:&quot;OFF&quot;,&quot;enabledGoogleGA4&quot;:&quot;OFF&quot;}},&quot;gdprStatus&quot;:false,&quot;defaultAvatar&quot;:&quot;https:\\\/\\\/nonamepublicidad.com\\\/wp-content\\\/plugins\\\/whatsapp-for-wordpress\\\/assets\\\/img\\\/whatsapp_logo.svg&quot;}\"><\/div><\/p>\t\t\t\t\t\t\t\t<\/div>\n\t\t\t\t<\/div>\n\t\t\t\t\t<\/div>\n\t\t\t\t<\/div>\n\t\t\t\t<\/div>\n\t\t","protected":false},"excerpt":{"rendered":"<p>\u00bfPor qu\u00e9 anunciar tus productos en Noname Publicidad? Llega a una amplia audiencia: Noname Publicidad cuenta con una gran cantidad de visitantes que buscan productos y servicios diversos, desde ropa y accesorios hasta alimentos y bebidas. Al anunciar en la plataforma, tus productos estar\u00e1n expuestos a un p\u00fablico objetivo amplio y receptivo. Aumenta las ventas: [&hellip;]<\/p>\n","protected":false},"author":2,"featured_media":20062,"parent":0,"menu_order":0,"comment_status":"closed","ping_status":"closed","template":"","meta":{"footnotes":""},"class_list":["post-17994","page","type-page","status-publish","has-post-thumbnail","hentry"],"_links":{"self":[{"href":"https:\/\/nonamepublicidad.com\/en\/wp-json\/wp\/v2\/pages\/17994","targetHints":{"allow":["GET"]}}],"collection":[{"href":"https:\/\/nonamepublicidad.com\/en\/wp-json\/wp\/v2\/pages"}],"about":[{"href":"https:\/\/nonamepublicidad.com\/en\/wp-json\/wp\/v2\/types\/page"}],"author":[{"embeddable":true,"href":"https:\/\/nonamepublicidad.com\/en\/wp-json\/wp\/v2\/users\/2"}],"replies":[{"embeddable":true,"href":"https:\/\/nonamepublicidad.com\/en\/wp-json\/wp\/v2\/comments?post=17994"}],"version-history":[{"count":0,"href":"https:\/\/nonamepublicidad.com\/en\/wp-json\/wp\/v2\/pages\/17994\/revisions"}],"wp:featuredmedia":[{"embeddable":true,"href":"https:\/\/nonamepublicidad.com\/en\/wp-json\/wp\/v2\/media\/20062"}],"wp:attachment":[{"href":"https:\/\/nonamepublicidad.com\/en\/wp-json\/wp\/v2\/media?parent=17994"}],"curies":[{"name":"wp","href":"https:\/\/api.w.org\/{rel}","templated":true}]}}