{"id":4865,"date":"2020-08-11T16:55:58","date_gmt":"2020-08-11T21:55:58","guid":{"rendered":"http:\/\/nonamepublicidad.com\/?page_id=4865"},"modified":"2022-10-09T03:46:06","modified_gmt":"2022-10-09T08:46:06","slug":"politica-de-privacidad","status":"publish","type":"page","link":"https:\/\/nonamepublicidad.com\/en\/politica-de-privacidad\/","title":{"rendered":"Pol\u00edtica de Privacidad"},"content":{"rendered":"<h1>Pol\u00edtica de Privacidad<\/h1>\n<p>NONAME<\/p>\n<p>\u00daltima fecha de actualizaci\u00f3n: 11 de agosto de 2020<\/p>\n<p>Sobre uso de mis datos personales.<\/p>\n<p>De conformidad con la Ley N\u00b029733 \u2013 Ley de Protecci\u00f3n de Datos Personales, y el Reglamento del mismo, Decreto Supremo N\u00ba003-2013-JUS, desde el momento de su ingreso o uso de nuestros sitios web, el titular de datos otorga su total consentimiento para el tratamiento de los datos personales que consigna al dar check en la opci\u00f3n \u201cAcepto los t\u00e9rminos y condiciones\u201d y dar clic en el bot\u00f3n de env\u00edo de formulario como tambi\u00e9n dar clic en \u201cRegistrarse\u201d. Los datos obtenidos ser\u00e1n almacenados en la Base de Datos de Noname Publicidad\u00ae, durante el tiempo que sean \u00fatiles para cumplir con fines de gesti\u00f3n administrativa y de mercadeo de los productos y\/o servicios exclusivamente de Noname Publicidad\u00ae, entre estos: Env\u00edo de publicidad, boletines informativos, comunicados, y contacto telef\u00f3nico para la oferta de productos y servicios \u00fanicamente de su inter\u00e9s y en donde nos haya expresado su consentimiento para poderlo contactar. Toda la informaci\u00f3n proporcionada por el titular de datos ser\u00e1 guardada bajo estricta confidencialidad. El titular de los datos tiene el derecho de acceder, rectificar, actualizar, oponerse y suprimir los datos personales enviando un mensaje de correo electr\u00f3nico a ventas@nonamepublicidad.com o hacer clic en los enlaces de darse de baja correspondientes. Este proceso demorar\u00e1 como m\u00ednimo 48 horas desde recibida la solicitud.<\/p>\n<p>En NONAME nos tomamos tu privacidad extremadamente en serio y nunca vendemos listas o direcciones de correo electr\u00f3nico ni haremos ning\u00fan uso de tu informaci\u00f3n sin informarte previamente y requerirte tu consentimiento libre, expreso e informado.<\/p>\n<p>ALGUNAS DEFINICIONES PARA ENTENDERNOS MEJOR<\/p>\n<p>Cuando decimos \u201cNosotros\u201d, \u201cnos\u201d, \u201cnuestro\u201d y \u201cNONAME\u201d nos referimos a Noname Publicidad\u00ae, un negocio, fundado el 28 de Setiembre del a\u00f1o 1992 en Lima Per\u00fa.<\/p>\n<p>Proporcionamos plataformas en l\u00ednea a trav\u00e9s de los cuales ofrecemos productos, de networking, de investigaci\u00f3n e informaci\u00f3n, de consultor\u00eda y servicios de publicidad, incluida la creaci\u00f3n, env\u00edo y administraci\u00f3n de correos electr\u00f3nicos y newsletters. (los \u201cServicios\u201d)<\/p>\n<p>Un \u201cUsuario\u201d, es una persona o entidad que est\u00e1 registrada con nosotros para usar los Servicios.<\/p>\n<p>Un \u201cSuscriptor\u201d es una persona con la que se contacta a trav\u00e9s de nuestros Servicios, o una persona con la que puede contactar en alg\u00fan momento en el futuro mediante el uso de nuestros Servicios. En otras palabras, un Suscriptor es cualquier persona en tu Lista de distribuci\u00f3n o acerca de qui\u00e9n nos has dado informaci\u00f3n.<\/p>\n<p>\u201cDatos personales\u201d se refiere a cualquier informaci\u00f3n que identifique o pueda usarse para identificarte a ti o a un Suscriptor, directa o indirectamente, incluidos, entre otros, nombre y apellido, fecha de nacimiento, direcci\u00f3n de correo electr\u00f3nico, sexo, ocupaci\u00f3n u otra informaci\u00f3n demogr\u00e1fica.<\/p>\n<p>Una \u201cLista de distribuci\u00f3n\u201d es una lista de suscriptores y toda la informaci\u00f3n asociada relacionada con esos suscriptores (por ejemplo, direcciones de correo electr\u00f3nico).<\/p>\n<p>Ofrecemos nuestros Servicios a trav\u00e9s del siguiente sitio:<\/p>\n<p>www.nonamepublicidad.com<\/p>\n<p>(en adelante \u201cSitios web\u201d o \u201cSitio web\u201d).<\/p>\n<p>\u00bfC\u00f3mo obtenemos datos sobre Ud.?<\/p>\n<p>Obtenemos datos sobre Ud. cuando:<\/p>\n<p>Son suministradas directamente por Ud. (por ejemplo, cuando Ud. opta por llenar voluntariamente uno de nuestros formularios de contacto o suscripci\u00f3n);<\/p>\n<p>Recolectamos datos de forma autom\u00e1tica a trav\u00e9s de nuestras campa\u00f1as de remarketing o retargeting (por ejemplo, Ud. Visita nuestra Web y se interesa en alguno de nuestros servicios, un pixel de campa\u00f1a nos avisar\u00e1 de su comportamiento e inter\u00e9s, y se le mostrar\u00e1 de forma autom\u00e1tica mayor informaci\u00f3n al respecto mientras navega en Internet).<\/p>\n<p>Cuando intentamos entender m\u00e1s sobre Ud. con base en las informaciones que Ud. nos provey\u00f3 (por ejemplo, cuando usamos su direcci\u00f3n IP para personalizar la informaci\u00f3n que le pudi\u00e9semos mostrar en redes sociales, a trav\u00e9s de alguna campa\u00f1a de publicidad digital desarrollada en Facebook, Instagram, Linkedin, etc).<\/p>\n<p>\u00bfQu\u00e9 hacemos con sus datos cuando est\u00e1n en nuestro poder?<\/p>\n<p>Cuando Ud. nos suministra datos personales, son utilizadas para las finalidades permitidas por Ud. Generalmente, utilizamos tales informaciones para proveer y mejorar los productos y servicios destinados a Ud; asi como su propia experiencia de navegaci\u00f3n dentro de nuestro sitio Web.<\/p>\n<p>\u00bfEn qu\u00e9 situaciones compartimos sus datos con terceros?<\/p>\n<p>Cuando tenemos su consentimiento para ello.<\/p>\n<p>Para procesar o suministrarle productos y servicios a Ud.; sin embargo, solamente si las entidades receptoras de sus informaciones est\u00e1n contractualmente obligadas a tratar los datos conforme a lo previsto por Noname Publicidad.<\/p>\n<p>Cuando es exigido por ley. Seguimos la ley siempre que recibimos solicitaciones sobre Ud. por parte de un gobierno o relacionadas a alguna acci\u00f3n judicial. Vamos a notificarlo cuando sus informaciones personales sean solicitadas de esta forma, a menos que estemos legalmente prohibidos de hacerlo. Cuando recibimos solicitaciones como esa, s\u00f3lo liberamos las informaciones personales del usuario cuando creemos de buena fe que la ley nos obliga a hacerlo. Ning\u00fan aspecto de esta pol\u00edtica se destina a limitar ninguna defensa legal u objeci\u00f3n que Ud. pueda tener con el pedido de terceros para la divulgaci\u00f3n de sus datos.<\/p>\n<p>Si hay cambios en nuestra estructura organizacional o status (en el caso de una reestructuraci\u00f3n, adquisici\u00f3n del portal NONAME), sus informaciones pueden ser transmitidas a un sucesor o empresa afiliada.<\/p>\n<p>\u00bfC\u00f3mo almacenamos y protegemos sus datos personales?<\/p>\n<p>Tenemos como compromiso la protecci\u00f3n de sus datos personales en nuestro poder. Implementamos medidas de seguridad t\u00e9cnica, f\u00edsica y comercial. A pesar de nuestros esfuerzos, si sabemos de una violaci\u00f3n de seguridad, vamos a notificarlo para que las debidas medidas de protecci\u00f3n puedan ser implementadas.<\/p>\n<p>Tampoco es nuestra voluntad mantener sus datos personales por m\u00e1s tiempo del necesario; por eso, tales datos son almacenadas apenas durante el tiempo necesario para atender su finalidad. Una vez que no precisamos m\u00e1s de ellas, las destruimos, excepto cuando somos obligados por ley.<\/p>\n<p>\u00bfQu\u00e9 m\u00e1s queremos que Ud. sepa?<\/p>\n<p>Somos un negocio que opera en Internet y nuestros computadores est\u00e1n en varios lugares diferentes, alrededor del mundo. Tambi\u00e9n usamos prestadores de servicios cuyos computadores tambi\u00e9n pueden estar en varios pa\u00edses. Esto significa que sus datos pueden acabar en uno de esos computadores situados en otros pa\u00edses, y esos pa\u00edses pueden tener diferentes reglamentaciones para protecci\u00f3n de datos. Al transmitirnos sus datos, Ud. concuerda con ese tipo de transferencia realizada con sus datos. No importa en qu\u00e9 pa\u00eds sus datos est\u00e9n, cumpliremos la legislaci\u00f3n aplicable y tambi\u00e9n honraremos los compromisos previstos en esta pol\u00edtica de privacidad.<\/p>\n<p>Si Ud. es menor de 18 a\u00f1os, no queremos sus datos personales y Ud. no debe prove\u00e9rnoslas. Si Ud. es un padre y cree que su hijo menor de 18 a\u00f1os nos suministr\u00f3 datos personales, p\u00f3ngase en contacto con nosotros escribi\u00e9ndonos a ventas@nonamepublicidad.com, para que los datos de su hijo sean excluidos.<\/p>\n<p>\u00bfY si estas pol\u00edticas son alteradas?<\/p>\n<p>Es posible que haya alteraciones en esta pol\u00edtica y nuestros avisos. Las actualizaciones se publicar\u00e1n en la web. Si los cambios son significativos, notificaremos las actualizaciones a trav\u00e9s de los canales habituales de Noname Publicidad\u00ae para informaci\u00f3n de este tipo como los blogs y los foros. Su uso continuo del producto o servicio despu\u00e9s de la fecha de entrada en vigor de los cambios confirman su aceptaci\u00f3n de dichos cambios. Para facilitar la comprobaci\u00f3n, publicaremos la fecha de entrada en vigor en la parte superior de la p\u00e1gina.<\/p>\n<p>Contacta con NONAME<\/p>\n<p>Si deseas realizar alguna correcci\u00f3n en tu informaci\u00f3n o tienes alguna pregunta sobre nuestras pol\u00edticas de privacidad, ponte en contacto con:<\/p>\n<p>Noname Publicidad\u00ae<\/p>\n<p>Calle Mar\u00eda Parado de Bellido N\u00b0 235 Pueblo Libre<\/p>\n<p>Tel\u00e9fono: (+511) 463-5766<\/p>\n<p>ventas@nonamepublicidad.com<\/p>\n<p>DEJO CONSTANCIA DE HABER LEIDO TODO EL PRESENTE DOCUMENTO Y ESTAR CONFORME Y DE ACUERDO CON LO EXPUESTO ANTERIORMENTE AL ACTIVAR EL CHECK PARA PODER ENVIAR MI SOLICITUD DE INFORMES O SUSCRIPCI\u00d3N AL BOLET\u00cdN ECOMMERCENEWS Y COMPRAS DE PRODUCTOS O SERVICIOS VARIOS.<\/p>","protected":false},"excerpt":{"rendered":"<p>Pol\u00edtica de Privacidad NONAME \u00daltima fecha de actualizaci\u00f3n: 11 de agosto de 2020 Sobre uso de mis datos personales. De conformidad con la Ley N\u00b029733 \u2013 Ley de Protecci\u00f3n de Datos Personales, y el Reglamento del mismo, Decreto Supremo N\u00ba003-2013-JUS, desde el momento de su ingreso o uso de nuestros sitios web, el titular de [&hellip;]<\/p>\n","protected":false},"author":2,"featured_media":0,"parent":0,"menu_order":0,"comment_status":"closed","ping_status":"closed","template":"","meta":{"footnotes":""},"class_list":["post-4865","page","type-page","status-publish","hentry"],"_links":{"self":[{"href":"https:\/\/nonamepublicidad.com\/en\/wp-json\/wp\/v2\/pages\/4865","targetHints":{"allow":["GET"]}}],"collection":[{"href":"https:\/\/nonamepublicidad.com\/en\/wp-json\/wp\/v2\/pages"}],"about":[{"href":"https:\/\/nonamepublicidad.com\/en\/wp-json\/wp\/v2\/types\/page"}],"author":[{"embeddable":true,"href":"https:\/\/nonamepublicidad.com\/en\/wp-json\/wp\/v2\/users\/2"}],"replies":[{"embeddable":true,"href":"https:\/\/nonamepublicidad.com\/en\/wp-json\/wp\/v2\/comments?post=4865"}],"version-history":[{"count":0,"href":"https:\/\/nonamepublicidad.com\/en\/wp-json\/wp\/v2\/pages\/4865\/revisions"}],"wp:attachment":[{"href":"https:\/\/nonamepublicidad.com\/en\/wp-json\/wp\/v2\/media?parent=4865"}],"curies":[{"name":"wp","href":"https:\/\/api.w.org\/{rel}","templated":true}]}}