{"id":10246,"date":"2022-01-03T01:26:15","date_gmt":"2022-01-03T06:26:15","guid":{"rendered":"http:\/\/nonamepublicidad.com\/?post_type=product&#038;p=10246"},"modified":"2024-12-02T08:49:26","modified_gmt":"2024-12-02T13:49:26","slug":"velero-rojo-escultura-de-hojalata","status":"publish","type":"product","link":"https:\/\/nonamepublicidad.com\/en\/product\/velero-rojo-escultura-de-hojalata\/","title":{"rendered":"Velero Rojo Escultura de Hojalata"},"content":{"rendered":"<p><img fetchpriority=\"high\" decoding=\"async\" class=\"aligncenter wp-image-10150 size-full\" src=\"http:\/\/nonamepublicidad.com\/wp-content\/uploads\/2021\/12\/taller_sumaq_urpi_araujo_02.webp\" alt=\"Taller Sumaq Urpi Araujo\" width=\"645\" height=\"430\" srcset=\"https:\/\/nonamepublicidad.com\/wp-content\/uploads\/2021\/12\/taller_sumaq_urpi_araujo_02.webp 645w, https:\/\/nonamepublicidad.com\/wp-content\/uploads\/2021\/12\/taller_sumaq_urpi_araujo_02-600x400.webp 600w, https:\/\/nonamepublicidad.com\/wp-content\/uploads\/2021\/12\/taller_sumaq_urpi_araujo_02-640x427.webp 640w, https:\/\/nonamepublicidad.com\/wp-content\/uploads\/2021\/12\/taller_sumaq_urpi_araujo_02-400x267.webp 400w, https:\/\/nonamepublicidad.com\/wp-content\/uploads\/2021\/12\/taller_sumaq_urpi_araujo_02-500x333.webp 500w\" sizes=\"(max-width: 645px) 100vw, 645px\" \/><\/p>\n<p>&nbsp;<\/p>\n<p>Taller Sumaq Urpi Araujo<\/p>\n<p>Lucy Araujo Ayala es una de las pocas mujeres hojalateras ayacuchanas. Mantiene la tradici\u00f3n aprendida de su padre, marcando su propio estilo inspirado en el legado familiar. Su trabajo est\u00e1 enriquecido con colores y detalles que embellecen las tradicionales cruces ayacuchanas, candelabros, espejos y veleros. Preservando una tradici\u00f3n artesanal que ha estado en peligro de perderse.<\/p>\n<p>&nbsp;<\/p>\n<p><img decoding=\"async\" class=\"aligncenter wp-image-10151 size-full\" src=\"http:\/\/nonamepublicidad.com\/wp-content\/uploads\/2021\/12\/taller_sumaq_urpi_araujo_03.webp\" alt=\"Taller Sumaq Urpi Araujo\" width=\"645\" height=\"406\" srcset=\"https:\/\/nonamepublicidad.com\/wp-content\/uploads\/2021\/12\/taller_sumaq_urpi_araujo_03.webp 645w, https:\/\/nonamepublicidad.com\/wp-content\/uploads\/2021\/12\/taller_sumaq_urpi_araujo_03-600x378.webp 600w, https:\/\/nonamepublicidad.com\/wp-content\/uploads\/2021\/12\/taller_sumaq_urpi_araujo_03-640x403.webp 640w, https:\/\/nonamepublicidad.com\/wp-content\/uploads\/2021\/12\/taller_sumaq_urpi_araujo_03-400x252.webp 400w, https:\/\/nonamepublicidad.com\/wp-content\/uploads\/2021\/12\/taller_sumaq_urpi_araujo_03-500x315.webp 500w\" sizes=\"(max-width: 645px) 100vw, 645px\" \/><\/p>\n<p>&nbsp;<\/p>\n<p>Desde ni\u00f1a, participa en el taller familiar marcando, doblando y cortando la hojalata. Su padre, el gran maestro Te\u00f3filo Araujo Choque, transmiti\u00f3 con dedicaci\u00f3n y esmero a sus hijos la pasi\u00f3n por la hojalater\u00eda. Con los a\u00f1os, Lucy, empieza a producir mecheros en cantidad, los que vend\u00eda en ferias rurales.<\/p>\n<p>A finales de los a\u00f1os 90 se enfoca en producir piezas ornamentales y accesorios como aretes, collares, prendedores, adornos navide\u00f1os y juguetes. Posteriormente, al tener mayor destreza en las t\u00e9cnicas del doblado, repujado, cincelado y soldadura de calamina galvanizada y hojalata, decide formar su propio taller, produciendo piezas m\u00e1s grandes como candelabros, veleros, cruces y espejos que forman parte del legado art\u00edstico de la familia Araujo de Ayacucho. Desde entonces, ha venido participando en eventos y ferias regionales y nacionales, siendo reconocida como una destacada exponente de la hojalater\u00eda ayacuchana. Lucy Araujo es una de las pocas mujeres que, en la actualidad, se dedica a difundir una pr\u00e1ctica artesanal que, desde la segunda mitad del siglo XX por la presencia del pl\u00e1stico y aluminio, estuvo a punto de desaparecer.<\/p>\n<p>&nbsp;<\/p>\n<p><img decoding=\"async\" class=\"aligncenter wp-image-10152 size-full\" src=\"http:\/\/nonamepublicidad.com\/wp-content\/uploads\/2021\/12\/taller_sumaq_urpi_araujo_04.webp\" alt=\"Taller Sumaq Urpi Araujo\" width=\"645\" height=\"418\" srcset=\"https:\/\/nonamepublicidad.com\/wp-content\/uploads\/2021\/12\/taller_sumaq_urpi_araujo_04.webp 645w, https:\/\/nonamepublicidad.com\/wp-content\/uploads\/2021\/12\/taller_sumaq_urpi_araujo_04-600x389.webp 600w, https:\/\/nonamepublicidad.com\/wp-content\/uploads\/2021\/12\/taller_sumaq_urpi_araujo_04-640x415.webp 640w, https:\/\/nonamepublicidad.com\/wp-content\/uploads\/2021\/12\/taller_sumaq_urpi_araujo_04-400x259.webp 400w, https:\/\/nonamepublicidad.com\/wp-content\/uploads\/2021\/12\/taller_sumaq_urpi_araujo_04-500x324.webp 500w\" sizes=\"(max-width: 645px) 100vw, 645px\" \/><\/p>\n<p>&nbsp;<\/p>\n<p>El taller se ubica en el distrito de San Juan Bautista. Este distrito, es lugar de asiento de diversos artistas tradicionales ayacuchanos y se encuentra a 20 minutos de la ciudad de Huamanga. Lucy Araujo da continuidad a la tradici\u00f3n de la hojalater\u00eda, destacando los tradicionales candelabros, veleros y cruces que junto a un nuevo formato de espejos y accesorios conforman su producci\u00f3n.<\/p>\n<p>&nbsp;<\/p>\n<p><img loading=\"lazy\" decoding=\"async\" class=\"aligncenter wp-image-10153 size-full\" src=\"http:\/\/nonamepublicidad.com\/wp-content\/uploads\/2021\/12\/taller_sumaq_urpi_araujo_05.webp\" alt=\"Taller Sumaq Urpi Araujo\" width=\"645\" height=\"430\" srcset=\"https:\/\/nonamepublicidad.com\/wp-content\/uploads\/2021\/12\/taller_sumaq_urpi_araujo_05.webp 645w, https:\/\/nonamepublicidad.com\/wp-content\/uploads\/2021\/12\/taller_sumaq_urpi_araujo_05-600x400.webp 600w, https:\/\/nonamepublicidad.com\/wp-content\/uploads\/2021\/12\/taller_sumaq_urpi_araujo_05-640x427.webp 640w, https:\/\/nonamepublicidad.com\/wp-content\/uploads\/2021\/12\/taller_sumaq_urpi_araujo_05-400x267.webp 400w, https:\/\/nonamepublicidad.com\/wp-content\/uploads\/2021\/12\/taller_sumaq_urpi_araujo_05-500x333.webp 500w\" sizes=\"(max-width: 645px) 100vw, 645px\" \/><\/p>\n<p>&nbsp;<\/p>\n<p>El taller Sumaq Urpi Araujo tiene gran relevancia dentro de la hojalater\u00eda tradicional, ya que esta joven maestra es, actualmente, una de las pocas mujeres que se dedica a la producci\u00f3n en esta l\u00ednea artesanal. Hoy, gracias al apoyo de UNESCO Per\u00fa, esta artista muestra su trabajo al mundo e inserta su producci\u00f3n en el comercio virtual.<\/p>\n<p>&nbsp;<\/p>\n<p style=\"text-align: center;\"><iframe style=\"border: 0;\" src=\"https:\/\/www.google.com\/maps\/embed?pb=!1m14!1m8!1m3!1d3884.7123173888604!2d-74.200572!3d-13.18053!3m2!1i1024!2i768!4f13.1!3m3!1m2!1s0x0%3A0x2a8f06d2d42661ef!2sHojalateria%20Familia%20Araujo!5e0!3m2!1ses-419!2sus!4v1640879863104!5m2!1ses-419!2sus\" width=\"600\" height=\"450\" allowfullscreen=\"allowfullscreen\"><\/iframe><\/p>","protected":false},"excerpt":{"rendered":"<p>Velero adornado con una flor y hojas. Pieza manufacturada con las t\u00e9cnicas del repujado y doblado en hojalata, soldada con esta\u00f1o y pintada con pintura anticorrosiva y esmalte.<\/p>\n<p>La hojalater\u00eda es una pr\u00e1ctica artesanal que nace en el siglo XVI en Europa y que llega a Am\u00e9rica con los espa\u00f1oles. Las ciudades contaban con hojalateros que fabricaban piezas de uso dom\u00e9stico y religioso como baldes, tinas, canaletas, veleros, mecheros y sahumadores. En el Per\u00fa, esta tradici\u00f3n artesanal se asienta en ciudades del centro y sur, tomando relevancia en Ayacucho, Jun\u00edn, Huancavelica, Cusco y Puno. Actualmente, Ayacucho es el referente de la hojalater\u00eda peruana.<\/p>\n<p>Direcci\u00f3n: <a href=\"https:\/\/goo.gl\/maps\/rjb62xHEjRtJ8VQP6\" target=\"_blank\" rel=\"noopener\">Jr. Las Orqu\u00eddeas 3ra Etapa S\/N San Juan Bautista, Huamanga, Ayacucho, Per\u00fa<\/a><\/p>\n<p>Contacto: Lucy Araujo\u00a0 |\u00a0 Te\u00f3filo Araujo Choque<\/p>\n<p>Facebook: <a href=\"https:\/\/www.facebook.com\/lucero.araujo.129\" target=\"_blank\" rel=\"noopener\">Sumaq Urpi Araujo<\/a> | <a href=\"https:\/\/www.facebook.com\/hojalateria.araujo\" target=\"_blank\" rel=\"noopener\">Hojalater\u00eda Araujo<\/a><\/p>\n<p>Instagram: <a href=\"https:\/\/www.instagram.com\/sumaqaraujo\/\" target=\"_blank\" rel=\"noopener\">sumaqaraujo<\/a><\/p>\n<p>Correos: <a href=\"mailto:araujoesarte@gmail.com\">araujoesarte@gmail.com<\/a><\/p>\n<ul>\n<li>Material: hojalata<\/li>\n<li>Hecho a mano<\/li>\n<li>Medidas 16 x 7 cm<\/li>\n<li>Se hacen trabajos a pedido<\/li>\n<li>Imagen referencial<\/li>\n<\/ul>\n<p>Consultas: <a href=\"tel:51986991007\">(+51) 986991007<\/a><\/p>\n<div class=\"nta_wa_button\" data-id=\"14097\" data-info=\"{&quot;name&quot;:&quot;Hojalater\\u00eda Araujo&quot;,&quot;info&quot;:{&quot;number&quot;:&quot;+51986991007&quot;,&quot;title&quot;:&quot;Hojalater\\u00eda Araujo | Tienda&quot;,&quot;predefinedText&quot;:&quot;Hola Lucy. Me gustar\\u00eda m\\u00e1s informaci\\u00f3n de [njwa_page_title] Este es el link [njwa_page_url]&quot;,&quot;willBeBackText&quot;:&quot;I will be back in [njwa_time_work]&quot;,&quot;dayOffsText&quot;:&quot;I will be back soon&quot;,&quot;isAlwaysAvailable&quot;:&quot;ON&quot;,&quot;daysOfWeekWorking&quot;:{&quot;sunday&quot;:{&quot;isWorkingOnDay&quot;:&quot;OFF&quot;,&quot;workHours&quot;:[{&quot;startTime&quot;:&quot;08:00&quot;,&quot;endTime&quot;:&quot;17:30&quot;}]},&quot;monday&quot;:{&quot;isWorkingOnDay&quot;:&quot;OFF&quot;,&quot;workHours&quot;:[{&quot;startTime&quot;:&quot;08:00&quot;,&quot;endTime&quot;:&quot;17:30&quot;}]},&quot;tuesday&quot;:{&quot;isWorkingOnDay&quot;:&quot;OFF&quot;,&quot;workHours&quot;:[{&quot;startTime&quot;:&quot;08:00&quot;,&quot;endTime&quot;:&quot;17:30&quot;}]},&quot;wednesday&quot;:{&quot;isWorkingOnDay&quot;:&quot;OFF&quot;,&quot;workHours&quot;:[{&quot;startTime&quot;:&quot;08:00&quot;,&quot;endTime&quot;:&quot;17:30&quot;}]},&quot;thursday&quot;:{&quot;isWorkingOnDay&quot;:&quot;OFF&quot;,&quot;workHours&quot;:[{&quot;startTime&quot;:&quot;08:00&quot;,&quot;endTime&quot;:&quot;17:30&quot;}]},&quot;friday&quot;:{&quot;isWorkingOnDay&quot;:&quot;OFF&quot;,&quot;workHours&quot;:[{&quot;startTime&quot;:&quot;08:00&quot;,&quot;endTime&quot;:&quot;17:30&quot;}]},&quot;saturday&quot;:{&quot;isWorkingOnDay&quot;:&quot;OFF&quot;,&quot;workHours&quot;:[{&quot;startTime&quot;:&quot;08:00&quot;,&quot;endTime&quot;:&quot;17:30&quot;}]}}},&quot;styles&quot;:{&quot;type&quot;:&quot;round&quot;,&quot;backgroundColor&quot;:&quot;#2DB742&quot;,&quot;textColor&quot;:&quot;#fff&quot;,&quot;label&quot;:&quot;Necesitas ayuda? Hablemos&quot;,&quot;width&quot;:300,&quot;height&quot;:64},&quot;avatar&quot;:&quot;https:\\\/\\\/nonamepublicidad.com\\\/wp-content\\\/uploads\\\/2021\\\/12\\\/taller_sumaq_urpi_araujo_01.webp&quot;,&quot;options&quot;:{&quot;display&quot;:{&quot;displayCondition&quot;:&quot;showAllPage&quot;,&quot;includePages&quot;:[],&quot;excludePages&quot;:[],&quot;includePosts&quot;:[],&quot;showOnDesktop&quot;:&quot;ON&quot;,&quot;showOnMobile&quot;:&quot;ON&quot;,&quot;time_symbols&quot;:&quot;h:m&quot;},&quot;styles&quot;:{&quot;title&quot;:&quot;Start a Conversation&quot;,&quot;responseText&quot;:&quot;The team typically replies in a few minutes.&quot;,&quot;description&quot;:&quot;Hi! Click one of our member below to chat on &lt;strong&gt;WhatsApp&lt;\\\/strong&gt;&quot;,&quot;backgroundColor&quot;:&quot;#2db742&quot;,&quot;textColor&quot;:&quot;#fff&quot;,&quot;scrollHeight&quot;:500,&quot;isShowScroll&quot;:&quot;OFF&quot;,&quot;isShowResponseText&quot;:&quot;ON&quot;,&quot;isShowPoweredBy&quot;:&quot;ON&quot;,&quot;btnLabel&quot;:&quot;Need Help? &lt;strong&gt;Chat with us&lt;\\\/strong&gt;&quot;,&quot;btnLabelWidth&quot;:156,&quot;btnPosition&quot;:&quot;right&quot;,&quot;btnLeftDistance&quot;:30,&quot;btnRightDistance&quot;:30,&quot;btnBottomDistance&quot;:30,&quot;isShowBtnLabel&quot;:&quot;ON&quot;,&quot;isShowGDPR&quot;:&quot;OFF&quot;,&quot;gdprContent&quot;:&quot;Please accept our &lt;a href=\\&quot;https:\\\/\\\/ninjateam.org\\\/privacy-policy\\\/\\&quot;&gt;privacy policy&lt;\\\/a&gt; first to start a conversation.&quot;,&quot;widgetType&quot;:&quot;expandable&quot;},&quot;analytics&quot;:{&quot;enabledGoogle&quot;:&quot;OFF&quot;,&quot;enabledFacebook&quot;:&quot;OFF&quot;,&quot;enabledGoogleGA4&quot;:&quot;OFF&quot;}},&quot;gdprStatus&quot;:false,&quot;defaultAvatar&quot;:&quot;https:\\\/\\\/nonamepublicidad.com\\\/wp-content\\\/plugins\\\/whatsapp-for-wordpress\\\/assets\\\/img\\\/whatsapp_logo.svg&quot;}\"><\/div>\n<div style=\"visibility: hidden;\">galer\u00eda de arte, trabajos en hojalata, artes visuales, taller, artesan\u00eda peruana, esculturas de hojalata, esculturas de metal, esculturas de hierro, para coleccionistas de arte, arte fusi\u00f3n, herrero, maestro herrero, taller de arte tradicional, artesan\u00eda tradicional, artesan\u00eda ayacucho, artesanos ayacucho, cite artesan\u00eda ayacuchana, arte ayacucho, arte ayacuchano, ayacucho arte andino, arte popular ayacuchano, escuela de arte ayacucho, artista ayacuchano, artista ayacucho, ayacucho<\/div>\n","protected":false},"featured_media":10245,"comment_status":"open","ping_status":"closed","template":"","meta":[],"product_brand":[],"product_cat":[241,246],"product_tag":[1893,1892,1846,1895,1837,1889,1616,1850,1890,1897,1898,1899,1894,1891,1896,1839,1842,1888,1840,1841,1835,1847,1848,1845,707,1849,1836],"class_list":{"0":"post-10246","1":"product","2":"type-product","3":"status-publish","4":"has-post-thumbnail","6":"product_cat-arte-y-antiguedades","7":"product_cat-esculturas","8":"product_tag-arte-ayacuchano","9":"product_tag-arte-ayacucho","10":"product_tag-arte-fusion","11":"product_tag-arte-popular-ayacuchano","12":"product_tag-artes-visuales","13":"product_tag-artesania-ayacucho","14":"product_tag-artesania-peruana","15":"product_tag-artesania-tradicional","16":"product_tag-artesanos-ayacucho","17":"product_tag-artista-ayacuchano","18":"product_tag-artista-ayacucho","19":"product_tag-ayacucho","20":"product_tag-ayacucho-arte-andino","21":"product_tag-cite-artesania-ayacuchana","22":"product_tag-escuela-de-arte-ayacucho","23":"product_tag-escultura","24":"product_tag-escultura-de-hierro","25":"product_tag-esculturas-de-hierro","26":"product_tag-esculturas-de-hojalata","27":"product_tag-esculturas-de-metal","28":"product_tag-galeria-de-arte","29":"product_tag-herrero","30":"product_tag-maestro-herrero","31":"product_tag-para-coleccionistas-de-arte","32":"product_tag-taller","33":"product_tag-taller-de-arte-tradicional","34":"product_tag-trabajos-en-hojalata","36":"first","37":"instock","38":"virtual","39":"taxable","40":"purchasable","41":"product-type-simple"},"_links":{"self":[{"href":"https:\/\/nonamepublicidad.com\/en\/wp-json\/wp\/v2\/product\/10246","targetHints":{"allow":["GET"]}}],"collection":[{"href":"https:\/\/nonamepublicidad.com\/en\/wp-json\/wp\/v2\/product"}],"about":[{"href":"https:\/\/nonamepublicidad.com\/en\/wp-json\/wp\/v2\/types\/product"}],"replies":[{"embeddable":true,"href":"https:\/\/nonamepublicidad.com\/en\/wp-json\/wp\/v2\/comments?post=10246"}],"version-history":[{"count":0,"href":"https:\/\/nonamepublicidad.com\/en\/wp-json\/wp\/v2\/product\/10246\/revisions"}],"wp:featuredmedia":[{"embeddable":true,"href":"https:\/\/nonamepublicidad.com\/en\/wp-json\/wp\/v2\/media\/10245"}],"wp:attachment":[{"href":"https:\/\/nonamepublicidad.com\/en\/wp-json\/wp\/v2\/media?parent=10246"}],"wp:term":[{"taxonomy":"product_brand","embeddable":true,"href":"https:\/\/nonamepublicidad.com\/en\/wp-json\/wp\/v2\/product_brand?post=10246"},{"taxonomy":"product_cat","embeddable":true,"href":"https:\/\/nonamepublicidad.com\/en\/wp-json\/wp\/v2\/product_cat?post=10246"},{"taxonomy":"product_tag","embeddable":true,"href":"https:\/\/nonamepublicidad.com\/en\/wp-json\/wp\/v2\/product_tag?post=10246"}],"curies":[{"name":"wp","href":"https:\/\/api.w.org\/{rel}","templated":true}]}}