{"id":10330,"date":"2022-01-07T11:44:58","date_gmt":"2022-01-07T16:44:58","guid":{"rendered":"http:\/\/nonamepublicidad.com\/?post_type=product&#038;p=10330"},"modified":"2024-12-02T08:49:27","modified_gmt":"2024-12-02T13:49:27","slug":"etiquetas-estampadas-personalizadas-06","status":"publish","type":"product","link":"https:\/\/nonamepublicidad.com\/en\/product\/etiquetas-estampadas-personalizadas-06\/","title":{"rendered":"Etiquetas Estampadas Personalizadas"},"content":{"rendered":"<p><strong>Una soluci\u00f3n para cada necesidad<\/strong><\/p>\n<p>Fabricamos etiquetas estampadas sobre cualquier tejido:<\/p>\n<p>-Etiquetas estampadas sobre poli\u00e9ster.<\/p>\n<p>-Etiqueta estampada sobre sat\u00e9n.<\/p>\n<p>-Etiquetas estampadas sobre lino.<\/p>\n<p>-Etiquetas estampadas sobre poliamidas.<\/p>\n<p>-Etiquetas estampadas sobre cintas de algod\u00f3n.<\/p>\n<p>&nbsp;<\/p>\n<p><strong>Nuestra especialidad<\/strong><\/p>\n<p>Etiquetas de algod\u00f3n en cinta:<\/p>\n<p>Una modalidad de etiqueta muy importante, dentro de este grupo, es la etiqueta de algod\u00f3n en cinta y materias puramente ecol\u00f3gicas.<\/p>\n<p>Dentro de lo que se define etiqueta estampada en rollo, tambi\u00e9n podemos ofrecer la cinter\u00eda para publicidad, destinada a art\u00edculos de regalo y embalajes especiales para tiendas.<\/p>","protected":false},"excerpt":{"rendered":"<p>Servicio de estampado personalizado para etiquetas de todo tipo.<br \/>\nEtiquetas para el textil, sanidad, alimentaci\u00f3n, tapizados y m\u00e1s.<\/p>\n<p>Toda nuestra producci\u00f3n de etiquetas estampadas, se puede presentar:<\/p>\n<ul>\n<li>En rollos<\/li>\n<li>Cortada<\/li>\n<li>Cortada y doblada por los laterales<\/li>\n<li>Cortada y doblada por la mitad<\/li>\n<li>Personalizada<\/li>\n<\/ul>\n<p>Nuestra capacidad de fabricaci\u00f3n de etiquetas estampadas va desde unidades de muestra hasta un volumen de 100.000 etiquetas en un d\u00eda (seg\u00fan temporada o cola de producci\u00f3n).<\/p>\n<p>Pedidos al: <a href=\"tel:51941203813\">(+51) 941203813<\/a><\/p>\n<div class=\"nta_wa_button\" data-id=\"13293\" data-info=\"{&quot;name&quot;:&quot;Orlando (Per\\u00fa)&quot;,&quot;info&quot;:{&quot;number&quot;:&quot;+51941203813&quot;,&quot;title&quot;:&quot;Orlando&quot;,&quot;predefinedText&quot;:&quot;Hola Orlando, solicito informaci\\u00f3n de [njwa_page_title] Enlace: [njwa_page_url]&quot;,&quot;willBeBackText&quot;:&quot;I will be back in [njwa_time_work]&quot;,&quot;dayOffsText&quot;:&quot;I will be back soon&quot;,&quot;isAlwaysAvailable&quot;:&quot;ON&quot;,&quot;daysOfWeekWorking&quot;:{&quot;sunday&quot;:{&quot;isWorkingOnDay&quot;:&quot;OFF&quot;,&quot;workHours&quot;:[{&quot;startTime&quot;:&quot;08:00&quot;,&quot;endTime&quot;:&quot;17:30&quot;}]},&quot;monday&quot;:{&quot;isWorkingOnDay&quot;:&quot;OFF&quot;,&quot;workHours&quot;:[{&quot;startTime&quot;:&quot;08:00&quot;,&quot;endTime&quot;:&quot;17:30&quot;}]},&quot;tuesday&quot;:{&quot;isWorkingOnDay&quot;:&quot;OFF&quot;,&quot;workHours&quot;:[{&quot;startTime&quot;:&quot;08:00&quot;,&quot;endTime&quot;:&quot;17:30&quot;}]},&quot;wednesday&quot;:{&quot;isWorkingOnDay&quot;:&quot;OFF&quot;,&quot;workHours&quot;:[{&quot;startTime&quot;:&quot;08:00&quot;,&quot;endTime&quot;:&quot;17:30&quot;}]},&quot;thursday&quot;:{&quot;isWorkingOnDay&quot;:&quot;OFF&quot;,&quot;workHours&quot;:[{&quot;startTime&quot;:&quot;08:00&quot;,&quot;endTime&quot;:&quot;17:30&quot;}]},&quot;friday&quot;:{&quot;isWorkingOnDay&quot;:&quot;OFF&quot;,&quot;workHours&quot;:[{&quot;startTime&quot;:&quot;08:00&quot;,&quot;endTime&quot;:&quot;17:30&quot;}]},&quot;saturday&quot;:{&quot;isWorkingOnDay&quot;:&quot;OFF&quot;,&quot;workHours&quot;:[{&quot;startTime&quot;:&quot;08:00&quot;,&quot;endTime&quot;:&quot;17:30&quot;}]}}},&quot;styles&quot;:{&quot;type&quot;:&quot;round&quot;,&quot;backgroundColor&quot;:&quot;#2DB742&quot;,&quot;textColor&quot;:&quot;#fff&quot;,&quot;label&quot;:&quot;Necesitas ayuda? Hablemos \\\/ Do you need help? Let&#039;s talk&quot;,&quot;width&quot;:300,&quot;height&quot;:64},&quot;avatar&quot;:&quot;https:\\\/\\\/nonamepublicidad.com\\\/wp-content\\\/uploads\\\/2020\\\/07\\\/noname-icon_152x152.png&quot;,&quot;options&quot;:{&quot;display&quot;:{&quot;displayCondition&quot;:&quot;showAllPage&quot;,&quot;includePages&quot;:[],&quot;excludePages&quot;:[],&quot;includePosts&quot;:[],&quot;showOnDesktop&quot;:&quot;ON&quot;,&quot;showOnMobile&quot;:&quot;ON&quot;,&quot;time_symbols&quot;:&quot;h:m&quot;},&quot;styles&quot;:{&quot;title&quot;:&quot;Start a Conversation&quot;,&quot;responseText&quot;:&quot;The team typically replies in a few minutes.&quot;,&quot;description&quot;:&quot;Hi! Click one of our member below to chat on &lt;strong&gt;WhatsApp&lt;\\\/strong&gt;&quot;,&quot;backgroundColor&quot;:&quot;#2db742&quot;,&quot;textColor&quot;:&quot;#fff&quot;,&quot;scrollHeight&quot;:500,&quot;isShowScroll&quot;:&quot;OFF&quot;,&quot;isShowResponseText&quot;:&quot;ON&quot;,&quot;isShowPoweredBy&quot;:&quot;ON&quot;,&quot;btnLabel&quot;:&quot;Need Help? &lt;strong&gt;Chat with us&lt;\\\/strong&gt;&quot;,&quot;btnLabelWidth&quot;:156,&quot;btnPosition&quot;:&quot;right&quot;,&quot;btnLeftDistance&quot;:30,&quot;btnRightDistance&quot;:30,&quot;btnBottomDistance&quot;:30,&quot;isShowBtnLabel&quot;:&quot;ON&quot;,&quot;isShowGDPR&quot;:&quot;OFF&quot;,&quot;gdprContent&quot;:&quot;Please accept our &lt;a href=\\&quot;https:\\\/\\\/ninjateam.org\\\/privacy-policy\\\/\\&quot;&gt;privacy policy&lt;\\\/a&gt; first to start a conversation.&quot;,&quot;widgetType&quot;:&quot;expandable&quot;},&quot;analytics&quot;:{&quot;enabledGoogle&quot;:&quot;OFF&quot;,&quot;enabledFacebook&quot;:&quot;OFF&quot;,&quot;enabledGoogleGA4&quot;:&quot;OFF&quot;}},&quot;gdprStatus&quot;:false,&quot;defaultAvatar&quot;:&quot;https:\\\/\\\/nonamepublicidad.com\\\/wp-content\\\/plugins\\\/whatsapp-for-wordpress\\\/assets\\\/img\\\/whatsapp_logo.svg&quot;}\"><\/div>\n<div style=\"visibility: hidden;\">etiquetas para ropa, etiquetas para textiles, etiquetas estampadas, etiquetas personalizadas, etiquetas, label, labels, hang tags, hang tag, hangtag, hangtags, etiqueta colgante, etiquetas colgantes, etiqueta hecha a mano, etiquetas hechas a mano, etiquetas impresas, etiquetas textiles, etiquetas de cart\u00f3n, servicio de estampado, estampado de todo tipo de etiquetas, serigraf\u00eda<\/div>\n","protected":false},"featured_media":10311,"comment_status":"open","ping_status":"closed","template":"","meta":[],"product_brand":[],"product_cat":[160,153],"product_tag":[1919,701,1911,1913,1904,1912,1917,1902,1914,1915,1900,1901,1903,1916,1908,1907,1909,1910,705,702,711,1905,1906,712,1920,700,1918,707,708],"class_list":{"0":"post-10330","1":"product","2":"type-product","3":"status-publish","4":"has-post-thumbnail","6":"product_cat-industria-grafica-e-impresion","7":"product_cat-industrias-y-oficinas","8":"product_tag-estampado-de-todo-tipo-de-etiquetas","9":"product_tag-estampado-textil","10":"product_tag-etiqueta-colgante","11":"product_tag-etiqueta-hecha-a-mano","12":"product_tag-etiquetas","13":"product_tag-etiquetas-colgantes","14":"product_tag-etiquetas-de-carton","15":"product_tag-etiquetas-estampadas","16":"product_tag-etiquetas-hechas-a-mano","17":"product_tag-etiquetas-impresas","18":"product_tag-etiquetas-para-ropa","19":"product_tag-etiquetas-para-textiles","20":"product_tag-etiquetas-personalizadas","21":"product_tag-etiquetas-textiles","22":"product_tag-hang-tag","23":"product_tag-hang-tags","24":"product_tag-hangtag","25":"product_tag-hangtags","26":"product_tag-hecho-a-mano","27":"product_tag-impresion","28":"product_tag-impresion-directa","29":"product_tag-label","30":"product_tag-labels","31":"product_tag-productos-textiles","32":"product_tag-serigrafia","33":"product_tag-serigrafia-textil","34":"product_tag-servicio-de-estampado","35":"product_tag-taller","36":"product_tag-textiles","38":"first","39":"instock","40":"virtual","41":"taxable","42":"product-type-simple"},"_links":{"self":[{"href":"https:\/\/nonamepublicidad.com\/en\/wp-json\/wp\/v2\/product\/10330","targetHints":{"allow":["GET"]}}],"collection":[{"href":"https:\/\/nonamepublicidad.com\/en\/wp-json\/wp\/v2\/product"}],"about":[{"href":"https:\/\/nonamepublicidad.com\/en\/wp-json\/wp\/v2\/types\/product"}],"replies":[{"embeddable":true,"href":"https:\/\/nonamepublicidad.com\/en\/wp-json\/wp\/v2\/comments?post=10330"}],"version-history":[{"count":0,"href":"https:\/\/nonamepublicidad.com\/en\/wp-json\/wp\/v2\/product\/10330\/revisions"}],"wp:featuredmedia":[{"embeddable":true,"href":"https:\/\/nonamepublicidad.com\/en\/wp-json\/wp\/v2\/media\/10311"}],"wp:attachment":[{"href":"https:\/\/nonamepublicidad.com\/en\/wp-json\/wp\/v2\/media?parent=10330"}],"wp:term":[{"taxonomy":"product_brand","embeddable":true,"href":"https:\/\/nonamepublicidad.com\/en\/wp-json\/wp\/v2\/product_brand?post=10330"},{"taxonomy":"product_cat","embeddable":true,"href":"https:\/\/nonamepublicidad.com\/en\/wp-json\/wp\/v2\/product_cat?post=10330"},{"taxonomy":"product_tag","embeddable":true,"href":"https:\/\/nonamepublicidad.com\/en\/wp-json\/wp\/v2\/product_tag?post=10330"}],"curies":[{"name":"wp","href":"https:\/\/api.w.org\/{rel}","templated":true}]}}