{"id":10622,"date":"2022-01-31T09:46:26","date_gmt":"2022-01-31T14:46:26","guid":{"rendered":"http:\/\/nonamepublicidad.com\/?post_type=product&#038;p=10622"},"modified":"2024-12-02T08:49:29","modified_gmt":"2024-12-02T13:49:29","slug":"cofre-de-semillas-de-nogal","status":"publish","type":"product","link":"https:\/\/nonamepublicidad.com\/en\/product\/cofre-de-semillas-de-nogal\/","title":{"rendered":"Cofre de Semillas de Nogal"},"content":{"rendered":"<p style=\"text-align: center;\"><iframe title=\"YouTube video player\" src=\"https:\/\/www.youtube.com\/embed\/vLco7XKByqM\" width=\"560\" height=\"315\" frameborder=\"0\" allowfullscreen=\"allowfullscreen\"><\/iframe><\/p>\n<p>&nbsp;<\/p>\n<p style=\"text-align: left;\"><strong>Gerald Vald\u00e9z &#8211; Arte En Nogal<\/strong><\/p>\n<p>Procedente de la provincia de Luya, en el departamento de Amazonas, Gerald Vald\u00e9z est\u00e1 especializado en la confecci\u00f3n de singulares piezas utilitarias a partir de cortes transversales de semillas del \u00e1rbol de nogal. Su producci\u00f3n abarca cofres, marcos, fuentes, muebles, l\u00e1mparas, entre otros.<\/p>\n<p>Desde 1997, el artista experimenta con las formas que adquiere la semilla del nogal y le da un nuevo uso, convirti\u00e9ndose en precursor de la manufactura de objetos para el hogar con este insumo. Sus creaciones se ofrecen en su tienda de la ciudad de Chachapoyas, en Amazonas; as\u00ed como ahora a trav\u00e9s del comercio electr\u00f3nico, todo lo que permite promover la conservaci\u00f3n del \u00e1rbol de nogal.<\/p>\n<p>&nbsp;<\/p>\n<p style=\"text-align: center;\"><iframe style=\"border: 0;\" src=\"https:\/\/www.google.com\/maps\/embed?pb=!1m18!1m12!1m3!1d1179.1745998288275!2d-77.86742190952454!3d-6.230104825489709!2m3!1f0!2f0!3f0!3m2!1i1024!2i768!4f13.1!3m3!1m2!1s0x91b6ab0ecebf4b27%3A0x5f955be010a34b6c!2sJiron%20Amazonas%20371%2C%20Chachapoyas%2001001!5e0!3m2!1ses-419!2spe!4v1643211077444!5m2!1ses-419!2spe\" width=\"600\" height=\"450\" allowfullscreen=\"allowfullscreen\"><\/iframe><\/p>","protected":false},"excerpt":{"rendered":"<p>Cofre hecho a base de semillas de nogal con bisagra de madera. El corte vertical de la semilla del nogal ofrece un calado natural.<\/p>\n<p>Gerald Vald\u00e9z &#8211; Arte en Nogal<\/p>\n<p>Don Gerald es un creativo artesano natural del distrito de Tingo, en la provincia de Luya, que aprovecha la semilla del nogal, cortada de manera transversal, para producir una artesan\u00eda muy singular. A partir de esta semilla, produce diversos objetos utilitarios como fuentes, cofres, l\u00e1mparas y mobiliario peque\u00f1o. Por su originalidad, su obra recibe mucha acogida en el mercado nacional y, gracias a esta aceptaci\u00f3n y a su talento, su repertorio se ha ido diversificando.<\/p>\n<p>Direcci\u00f3n: <a href=\"https:\/\/goo.gl\/maps\/CLrnuxzFVfSMLUNaA\" target=\"_blank\" rel=\"noopener\">Jir\u00f3n Amazonas 371, Chachapoyas, Amazonas, Per\u00fa<\/a><\/p>\n<p>Contacto: Gerald Marxk Vald\u00e9z Villanueva<\/p>\n<p>Facebook: <a href=\"https:\/\/www.facebook.com\/geraldvaldezoficial\/\" target=\"_blank\" rel=\"noopener\">geraldvaldezoficial<\/a><\/p>\n<p>Instagram: <a href=\"https:\/\/www.instagram.com\/geraldvaldezarteennogal\/\" target=\"_blank\" rel=\"noopener\">geraldvaldezarteennogal<\/a><\/p>\n<p>Correo: <a href=\"mailto:geraldvaldezvi@gmail.com\" target=\"_blank\" rel=\"noopener\">geraldvaldezvi@gmail.com<\/a><\/p>\n<ul>\n<li>Colores: naturales<\/li>\n<li>Material: semillas de nogal<\/li>\n<li>Hecho a mano<\/li>\n<li>Dimensiones: 8.5 cm alto x 13 cm largo x 8.5 cm ancho<\/li>\n<li>Imagen referencial<\/li>\n<\/ul>\n<p>Consultas al: <a href=\"tel:51952920478\">(+51) 952920478<\/a><\/p>\n<div class=\"nta_wa_button\" data-id=\"14030\" data-info=\"{&quot;name&quot;:&quot;Arte en Nogal de Gerald Vald\\u00e9z&quot;,&quot;info&quot;:{&quot;number&quot;:&quot;+51952920478&quot;,&quot;title&quot;:&quot;Arte en Nogal de Gerald Vald\\u00e9z | Tienda&quot;,&quot;predefinedText&quot;:&quot;Hola Gerald. Me gustar\\u00eda m\\u00e1s informaci\\u00f3n de [njwa_page_title] Este es el link [njwa_page_url]&quot;,&quot;willBeBackText&quot;:&quot;I will be back in [njwa_time_work]&quot;,&quot;dayOffsText&quot;:&quot;I will be back soon&quot;,&quot;isAlwaysAvailable&quot;:&quot;ON&quot;,&quot;daysOfWeekWorking&quot;:{&quot;sunday&quot;:{&quot;isWorkingOnDay&quot;:&quot;OFF&quot;,&quot;workHours&quot;:[{&quot;startTime&quot;:&quot;08:00&quot;,&quot;endTime&quot;:&quot;17:30&quot;}]},&quot;monday&quot;:{&quot;isWorkingOnDay&quot;:&quot;OFF&quot;,&quot;workHours&quot;:[{&quot;startTime&quot;:&quot;08:00&quot;,&quot;endTime&quot;:&quot;17:30&quot;}]},&quot;tuesday&quot;:{&quot;isWorkingOnDay&quot;:&quot;OFF&quot;,&quot;workHours&quot;:[{&quot;startTime&quot;:&quot;08:00&quot;,&quot;endTime&quot;:&quot;17:30&quot;}]},&quot;wednesday&quot;:{&quot;isWorkingOnDay&quot;:&quot;OFF&quot;,&quot;workHours&quot;:[{&quot;startTime&quot;:&quot;08:00&quot;,&quot;endTime&quot;:&quot;17:30&quot;}]},&quot;thursday&quot;:{&quot;isWorkingOnDay&quot;:&quot;OFF&quot;,&quot;workHours&quot;:[{&quot;startTime&quot;:&quot;08:00&quot;,&quot;endTime&quot;:&quot;17:30&quot;}]},&quot;friday&quot;:{&quot;isWorkingOnDay&quot;:&quot;OFF&quot;,&quot;workHours&quot;:[{&quot;startTime&quot;:&quot;08:00&quot;,&quot;endTime&quot;:&quot;17:30&quot;}]},&quot;saturday&quot;:{&quot;isWorkingOnDay&quot;:&quot;OFF&quot;,&quot;workHours&quot;:[{&quot;startTime&quot;:&quot;08:00&quot;,&quot;endTime&quot;:&quot;17:30&quot;}]}}},&quot;styles&quot;:{&quot;type&quot;:&quot;round&quot;,&quot;backgroundColor&quot;:&quot;#2DB742&quot;,&quot;textColor&quot;:&quot;#fff&quot;,&quot;label&quot;:&quot;Necesitas ayuda? Hablemos&quot;,&quot;width&quot;:300,&quot;height&quot;:64},&quot;avatar&quot;:&quot;https:\\\/\\\/nonamepublicidad.com\\\/wp-content\\\/uploads\\\/2022\\\/02\\\/cofre_de_semillas_de_nogal_en_colores_01_a.webp&quot;,&quot;options&quot;:{&quot;display&quot;:{&quot;displayCondition&quot;:&quot;showAllPage&quot;,&quot;includePages&quot;:[],&quot;excludePages&quot;:[],&quot;includePosts&quot;:[],&quot;showOnDesktop&quot;:&quot;ON&quot;,&quot;showOnMobile&quot;:&quot;ON&quot;,&quot;time_symbols&quot;:&quot;h:m&quot;},&quot;styles&quot;:{&quot;title&quot;:&quot;Start a Conversation&quot;,&quot;responseText&quot;:&quot;The team typically replies in a few minutes.&quot;,&quot;description&quot;:&quot;Hi! Click one of our member below to chat on &lt;strong&gt;WhatsApp&lt;\\\/strong&gt;&quot;,&quot;backgroundColor&quot;:&quot;#2db742&quot;,&quot;textColor&quot;:&quot;#fff&quot;,&quot;scrollHeight&quot;:500,&quot;isShowScroll&quot;:&quot;OFF&quot;,&quot;isShowResponseText&quot;:&quot;ON&quot;,&quot;isShowPoweredBy&quot;:&quot;ON&quot;,&quot;btnLabel&quot;:&quot;Need Help? &lt;strong&gt;Chat with us&lt;\\\/strong&gt;&quot;,&quot;btnLabelWidth&quot;:156,&quot;btnPosition&quot;:&quot;right&quot;,&quot;btnLeftDistance&quot;:30,&quot;btnRightDistance&quot;:30,&quot;btnBottomDistance&quot;:30,&quot;isShowBtnLabel&quot;:&quot;ON&quot;,&quot;isShowGDPR&quot;:&quot;OFF&quot;,&quot;gdprContent&quot;:&quot;Please accept our &lt;a href=\\&quot;https:\\\/\\\/ninjateam.org\\\/privacy-policy\\\/\\&quot;&gt;privacy policy&lt;\\\/a&gt; first to start a conversation.&quot;,&quot;widgetType&quot;:&quot;expandable&quot;},&quot;analytics&quot;:{&quot;enabledGoogle&quot;:&quot;OFF&quot;,&quot;enabledFacebook&quot;:&quot;OFF&quot;,&quot;enabledGoogleGA4&quot;:&quot;OFF&quot;}},&quot;gdprStatus&quot;:false,&quot;defaultAvatar&quot;:&quot;https:\\\/\\\/nonamepublicidad.com\\\/wp-content\\\/plugins\\\/whatsapp-for-wordpress\\\/assets\\\/img\\\/whatsapp_logo.svg&quot;}\"><\/div>\n<div style=\"visibility: hidden;\">hecho a mano, artesan\u00eda, artesan\u00eda peruana, artesan\u00eda de amazonas, arte tradicional, ecol\u00f3gico, artesan\u00eda amazonas, amazonas artesan\u00eda, artesan\u00eda de amazonas per\u00fa, artesan\u00eda amazonas, chachapoyas, chachapoyas artesan\u00eda, cofre, cofres de madera, cofre hecho a mano, cofre de madera hecho a mano, cofre artesanal, cofres artesanales, cofres artesanales madera, cofres para joyas, cofres para ni\u00f1as<\/div>\n","protected":false},"featured_media":10604,"comment_status":"open","ping_status":"closed","template":"","meta":[],"product_brand":[],"product_cat":[413,412],"product_tag":[2020,1929,1607,2019,1927,2021,1616,2028,2029,2041,2045,2044,2043,2046,2047,2042,2048,2049,1606],"class_list":{"0":"post-10622","1":"product","2":"type-product","3":"status-publish","4":"has-post-thumbnail","6":"product_cat-adornos-y-decoracion-del-hogar","7":"product_cat-hogar-muebles-y-jardin","8":"product_tag-amazonas-artesania","9":"product_tag-arte-tradicional","10":"product_tag-artesania","11":"product_tag-artesania-amazonas","12":"product_tag-artesania-de-amazonas","13":"product_tag-artesania-de-amazonas-peru","14":"product_tag-artesania-peruana","15":"product_tag-chachapoyas","16":"product_tag-chachapoyas-artesania","17":"product_tag-cofre","18":"product_tag-cofre-artesanal","19":"product_tag-cofre-de-madera-hecho-a-mano","20":"product_tag-cofre-hecho-a-mano","21":"product_tag-cofres-artesanales","22":"product_tag-cofres-artesanales-madera","23":"product_tag-cofres-de-madera","24":"product_tag-cofres-para-joyas","25":"product_tag-cofres-para-ninas","26":"product_tag-ecologico","28":"first","29":"instock","30":"virtual","31":"taxable","32":"purchasable","33":"product-type-simple"},"_links":{"self":[{"href":"https:\/\/nonamepublicidad.com\/en\/wp-json\/wp\/v2\/product\/10622","targetHints":{"allow":["GET"]}}],"collection":[{"href":"https:\/\/nonamepublicidad.com\/en\/wp-json\/wp\/v2\/product"}],"about":[{"href":"https:\/\/nonamepublicidad.com\/en\/wp-json\/wp\/v2\/types\/product"}],"replies":[{"embeddable":true,"href":"https:\/\/nonamepublicidad.com\/en\/wp-json\/wp\/v2\/comments?post=10622"}],"version-history":[{"count":0,"href":"https:\/\/nonamepublicidad.com\/en\/wp-json\/wp\/v2\/product\/10622\/revisions"}],"wp:featuredmedia":[{"embeddable":true,"href":"https:\/\/nonamepublicidad.com\/en\/wp-json\/wp\/v2\/media\/10604"}],"wp:attachment":[{"href":"https:\/\/nonamepublicidad.com\/en\/wp-json\/wp\/v2\/media?parent=10622"}],"wp:term":[{"taxonomy":"product_brand","embeddable":true,"href":"https:\/\/nonamepublicidad.com\/en\/wp-json\/wp\/v2\/product_brand?post=10622"},{"taxonomy":"product_cat","embeddable":true,"href":"https:\/\/nonamepublicidad.com\/en\/wp-json\/wp\/v2\/product_cat?post=10622"},{"taxonomy":"product_tag","embeddable":true,"href":"https:\/\/nonamepublicidad.com\/en\/wp-json\/wp\/v2\/product_tag?post=10622"}],"curies":[{"name":"wp","href":"https:\/\/api.w.org\/{rel}","templated":true}]}}