{"id":10661,"date":"2022-02-02T02:24:42","date_gmt":"2022-02-02T07:24:42","guid":{"rendered":"http:\/\/nonamepublicidad.com\/?post_type=product&#038;p=10661"},"modified":"2024-12-02T08:49:29","modified_gmt":"2024-12-02T13:49:29","slug":"cocoa-salon","status":"publish","type":"product","link":"https:\/\/nonamepublicidad.com\/en\/product\/cocoa-salon\/","title":{"rendered":"Cocoa Sal\u00f3n"},"content":{"rendered":"<p>Esta es nuestra carta de servicios que tenemos para ofrecerte<\/p>\n<ul>\n<li>Corte caballero<\/li>\n<li>Corte dama<\/li>\n<li>Tinte<\/li>\n<li>Peinado<\/li>\n<li>Cepillado<\/li>\n<li>Mechas con dise\u00f1o<\/li>\n<li>Tratamiento botox<\/li>\n<li>Laceado japon\u00e9s<\/li>\n<li>Alisado brasilero<\/li>\n<li>Tratamiento de hidrataci\u00f3n<\/li>\n<\/ul>","protected":false},"excerpt":{"rendered":"<p>Somos un sal\u00f3n de belleza profesional, con las \u00faltimas t\u00e9cnicas y tendencias. Siempre a la vanguardia.<\/p>\n<p>Hace m\u00e1s de 15 a\u00f1os que venimos atendiendo en este mismo local, con amor hacia lo que hacemos y con el compromiso de brindar un servicio y atenci\u00f3n de calidad.<\/p>\n<p>Trabajamos \u00fanicamente con productos profesionales para brindarle el mejor cuidado a tu cabello.<\/p>\n<p>Direcci\u00f3n: <a href=\"https:\/\/goo.gl\/maps\/riHucHvBoEyFvVrA8\" target=\"_blank\" rel=\"noopener\">Calle Grimaldo del Solar 408 &#8211; Miraflores Lima Lima, Per\u00fa<\/a><\/p>\n<p>Contacto: Eberd Alejandro Gonzales<\/p>\n<p>Facebook: <a href=\"https:\/\/www.facebook.com\/cocoaofiacial2000\" target=\"_blank\" rel=\"noopener\">cocoaofiacial2000<\/a><\/p>\n<p>Instagram: <a href=\"https:\/\/www.instagram.com\/cocoasalon2000\/\" target=\"_blank\" rel=\"noopener\">cocoasalon2000<\/a><\/p>\n<p>Correos: <a href=\"mailto:cocoa.salon.03@gmail.com\">cocoa.salon.03@gmail.com<\/a><\/p>\n<p>Solicitar cita al:\u00a0<a href=\"tel:51936610658\"> (+51) 936610658<\/a> | <a href=\"tel:014454913\">(+51) (01)4454913<\/a><\/p>\n<div class=\"nta_wa_button\" data-id=\"14057\" data-info=\"{&quot;name&quot;:&quot;Cocoa Sal\\u00f3n&quot;,&quot;info&quot;:{&quot;number&quot;:&quot;+51936610658&quot;,&quot;title&quot;:&quot;Cocoa Sal\\u00f3n | Tienda&quot;,&quot;predefinedText&quot;:&quot;Hola Eberd. Me gustar\\u00eda m\\u00e1s informaci\\u00f3n de [njwa_page_title] Este es el link [njwa_page_url]&quot;,&quot;willBeBackText&quot;:&quot;I will be back in [njwa_time_work]&quot;,&quot;dayOffsText&quot;:&quot;I will be back soon&quot;,&quot;isAlwaysAvailable&quot;:&quot;ON&quot;,&quot;daysOfWeekWorking&quot;:{&quot;sunday&quot;:{&quot;isWorkingOnDay&quot;:&quot;OFF&quot;,&quot;workHours&quot;:[{&quot;startTime&quot;:&quot;08:00&quot;,&quot;endTime&quot;:&quot;17:30&quot;}]},&quot;monday&quot;:{&quot;isWorkingOnDay&quot;:&quot;OFF&quot;,&quot;workHours&quot;:[{&quot;startTime&quot;:&quot;08:00&quot;,&quot;endTime&quot;:&quot;17:30&quot;}]},&quot;tuesday&quot;:{&quot;isWorkingOnDay&quot;:&quot;OFF&quot;,&quot;workHours&quot;:[{&quot;startTime&quot;:&quot;08:00&quot;,&quot;endTime&quot;:&quot;17:30&quot;}]},&quot;wednesday&quot;:{&quot;isWorkingOnDay&quot;:&quot;OFF&quot;,&quot;workHours&quot;:[{&quot;startTime&quot;:&quot;08:00&quot;,&quot;endTime&quot;:&quot;17:30&quot;}]},&quot;thursday&quot;:{&quot;isWorkingOnDay&quot;:&quot;OFF&quot;,&quot;workHours&quot;:[{&quot;startTime&quot;:&quot;08:00&quot;,&quot;endTime&quot;:&quot;17:30&quot;}]},&quot;friday&quot;:{&quot;isWorkingOnDay&quot;:&quot;OFF&quot;,&quot;workHours&quot;:[{&quot;startTime&quot;:&quot;08:00&quot;,&quot;endTime&quot;:&quot;17:30&quot;}]},&quot;saturday&quot;:{&quot;isWorkingOnDay&quot;:&quot;OFF&quot;,&quot;workHours&quot;:[{&quot;startTime&quot;:&quot;08:00&quot;,&quot;endTime&quot;:&quot;17:30&quot;}]}}},&quot;styles&quot;:{&quot;type&quot;:&quot;round&quot;,&quot;backgroundColor&quot;:&quot;#2DB742&quot;,&quot;textColor&quot;:&quot;#fff&quot;,&quot;label&quot;:&quot;Necesitas ayuda? Hablemos&quot;,&quot;width&quot;:300,&quot;height&quot;:64},&quot;avatar&quot;:&quot;https:\\\/\\\/nonamepublicidad.com\\\/wp-content\\\/uploads\\\/2022\\\/02\\\/cocoa_salon_05.webp&quot;,&quot;options&quot;:{&quot;display&quot;:{&quot;displayCondition&quot;:&quot;showAllPage&quot;,&quot;includePages&quot;:[],&quot;excludePages&quot;:[],&quot;includePosts&quot;:[],&quot;showOnDesktop&quot;:&quot;ON&quot;,&quot;showOnMobile&quot;:&quot;ON&quot;,&quot;time_symbols&quot;:&quot;h:m&quot;},&quot;styles&quot;:{&quot;title&quot;:&quot;Start a Conversation&quot;,&quot;responseText&quot;:&quot;The team typically replies in a few minutes.&quot;,&quot;description&quot;:&quot;Hi! Click one of our member below to chat on &lt;strong&gt;WhatsApp&lt;\\\/strong&gt;&quot;,&quot;backgroundColor&quot;:&quot;#2db742&quot;,&quot;textColor&quot;:&quot;#fff&quot;,&quot;scrollHeight&quot;:500,&quot;isShowScroll&quot;:&quot;OFF&quot;,&quot;isShowResponseText&quot;:&quot;ON&quot;,&quot;isShowPoweredBy&quot;:&quot;ON&quot;,&quot;btnLabel&quot;:&quot;Need Help? &lt;strong&gt;Chat with us&lt;\\\/strong&gt;&quot;,&quot;btnLabelWidth&quot;:156,&quot;btnPosition&quot;:&quot;right&quot;,&quot;btnLeftDistance&quot;:30,&quot;btnRightDistance&quot;:30,&quot;btnBottomDistance&quot;:30,&quot;isShowBtnLabel&quot;:&quot;ON&quot;,&quot;isShowGDPR&quot;:&quot;OFF&quot;,&quot;gdprContent&quot;:&quot;Please accept our &lt;a href=\\&quot;https:\\\/\\\/ninjateam.org\\\/privacy-policy\\\/\\&quot;&gt;privacy policy&lt;\\\/a&gt; first to start a conversation.&quot;,&quot;widgetType&quot;:&quot;expandable&quot;},&quot;analytics&quot;:{&quot;enabledGoogle&quot;:&quot;OFF&quot;,&quot;enabledFacebook&quot;:&quot;OFF&quot;,&quot;enabledGoogleGA4&quot;:&quot;OFF&quot;}},&quot;gdprStatus&quot;:false,&quot;defaultAvatar&quot;:&quot;https:\\\/\\\/nonamepublicidad.com\\\/wp-content\\\/plugins\\\/whatsapp-for-wordpress\\\/assets\\\/img\\\/whatsapp_logo.svg&quot;}\"><\/div>\n<div style=\"visibility: hidden;\">peluquer\u00eda, sal\u00f3n de belleza, corte de cabello, peinado, alisado, balayage, tintes, tinte, cambio de look, corte dama, corte caballero, peinado dama, rubios, planchado, laceados, cepillado, laceado, mechas, botox, botox capilar, miraflores, lima, peru, per\u00fa, ballayage, peluquer\u00edas en lima, peluquer\u00eda cerca de mi, peluquer\u00eda cerca<\/div>\n","protected":false},"featured_media":10654,"comment_status":"open","ping_status":"closed","template":"","meta":[],"product_brand":[],"product_cat":[187,186],"product_tag":[2088,2089,2104,2102,2103,2092,2099,2094,2093,2086,2100,2098,1697,2101,1688,2087,2095,2084,2107,2106,2105,1593,2097,2096,2085,2091,2090],"class_list":{"0":"post-10661","1":"product","2":"type-product","3":"status-publish","4":"has-post-thumbnail","6":"product_cat-articulos-de-peluqueria","7":"product_cat-salud-y-belleza","8":"product_tag-alisado","9":"product_tag-balayage","10":"product_tag-ballayage","11":"product_tag-botox","12":"product_tag-botox-capilar","13":"product_tag-cambio-de-look","14":"product_tag-cepillado","15":"product_tag-corte-caballero","16":"product_tag-corte-dama","17":"product_tag-corte-de-cabello","18":"product_tag-laceado","19":"product_tag-laceados","20":"product_tag-lima","21":"product_tag-mechas","22":"product_tag-miraflores","23":"product_tag-peinado","24":"product_tag-peinado-dama","25":"product_tag-peluqueria","26":"product_tag-peluqueria-cerca","27":"product_tag-peluqueria-cerca-de-mi","28":"product_tag-peluquerias-en-lima","29":"product_tag-peru","30":"product_tag-planchado","31":"product_tag-rubios","32":"product_tag-salon-de-belleza","33":"product_tag-tinte","34":"product_tag-tintes","36":"first","37":"instock","38":"virtual","39":"taxable","40":"product-type-simple"},"_links":{"self":[{"href":"https:\/\/nonamepublicidad.com\/en\/wp-json\/wp\/v2\/product\/10661","targetHints":{"allow":["GET"]}}],"collection":[{"href":"https:\/\/nonamepublicidad.com\/en\/wp-json\/wp\/v2\/product"}],"about":[{"href":"https:\/\/nonamepublicidad.com\/en\/wp-json\/wp\/v2\/types\/product"}],"replies":[{"embeddable":true,"href":"https:\/\/nonamepublicidad.com\/en\/wp-json\/wp\/v2\/comments?post=10661"}],"version-history":[{"count":0,"href":"https:\/\/nonamepublicidad.com\/en\/wp-json\/wp\/v2\/product\/10661\/revisions"}],"wp:featuredmedia":[{"embeddable":true,"href":"https:\/\/nonamepublicidad.com\/en\/wp-json\/wp\/v2\/media\/10654"}],"wp:attachment":[{"href":"https:\/\/nonamepublicidad.com\/en\/wp-json\/wp\/v2\/media?parent=10661"}],"wp:term":[{"taxonomy":"product_brand","embeddable":true,"href":"https:\/\/nonamepublicidad.com\/en\/wp-json\/wp\/v2\/product_brand?post=10661"},{"taxonomy":"product_cat","embeddable":true,"href":"https:\/\/nonamepublicidad.com\/en\/wp-json\/wp\/v2\/product_cat?post=10661"},{"taxonomy":"product_tag","embeddable":true,"href":"https:\/\/nonamepublicidad.com\/en\/wp-json\/wp\/v2\/product_tag?post=10661"}],"curies":[{"name":"wp","href":"https:\/\/api.w.org\/{rel}","templated":true}]}}