{"id":10766,"date":"2022-02-06T03:40:35","date_gmt":"2022-02-06T08:40:35","guid":{"rendered":"http:\/\/nonamepublicidad.com\/?post_type=product&#038;p=10766"},"modified":"2024-12-02T08:49:29","modified_gmt":"2024-12-02T13:49:29","slug":"tatuajes-el-tigre-peru","status":"publish","type":"product","link":"https:\/\/nonamepublicidad.com\/en\/product\/tatuajes-el-tigre-peru\/","title":{"rendered":"Tatuajes El Tigre Per\u00fa"},"content":{"rendered":"<p style=\"text-align: center;\"><iframe title=\"YouTube video player\" src=\"https:\/\/www.youtube.com\/embed\/13WtEGd6FIg\" width=\"560\" height=\"315\" frameborder=\"0\" allowfullscreen=\"allowfullscreen\"><\/iframe><\/p>\n<p>&nbsp;<\/p>\n<p style=\"text-align: left;\"><strong>Para hacer un tatuaje<\/strong><\/p>\n<p>Trabajo con los siguientes materiales:<\/p>\n<ul>\n<li>Pigmento vegetal americano<\/li>\n<li>Un esterilizador cl\u00ednico<\/li>\n<li>Agujas selladas<\/li>\n<li>Maquina profesional<\/li>\n<li>Materiales esterilizados<\/li>\n<\/ul>\n<p style=\"text-align: left;\">De regalo:<\/p>\n<ul>\n<li style=\"text-align: left;\">Indicaciones impresas<\/li>\n<li style=\"text-align: left;\">Crema para tu tatuaje<\/li>\n<li style=\"text-align: left;\">Pastillas para el dolor y la infecci\u00f3n<\/li>\n<\/ul>\n<p style=\"text-align: left;\">Tatuajes profesionales:<\/p>\n<ul>\n<li style=\"text-align: left;\">Trabajo con garant\u00eda<\/li>\n<li style=\"text-align: left;\">Seguridad e higiene<\/li>\n<li style=\"text-align: left;\">Sin dolor<\/li>\n<\/ul>\n<p>&nbsp;<\/p>\n<p style=\"text-align: center;\"><iframe title=\"YouTube video player\" src=\"https:\/\/www.youtube.com\/embed\/BTPeuTTKgdo\" width=\"560\" height=\"315\" frameborder=\"0\" allowfullscreen=\"allowfullscreen\"><\/iframe><\/p>\n<p>&nbsp;<\/p>\n<p><strong>Para la colocaci\u00f3n de un piercing<\/strong><\/p>\n<p>Trabajo con los siguientes materiales:<\/p>\n<ul>\n<li>Esterilizador ultravioleta cl\u00ednico<\/li>\n<li>Pinzas esterilizadas<\/li>\n<li>Tijeras esterilizadas<\/li>\n<li>Materiales descartables<\/li>\n<li>Guantes descartables<\/li>\n<li>Aguja descartable<\/li>\n<\/ul>\n<p>De regalo:<\/p>\n<ul>\n<li>Pastillas<\/li>\n<li>Crema<\/li>\n<li>Recomendaciones de c\u00f3mo cuidar la perforaci\u00f3n<\/li>\n<\/ul>\n<p>Perforaciones profesionales:<\/p>\n<ul>\n<li>Trabajo con garant\u00eda<\/li>\n<li>Seguridad e higiene<\/li>\n<li>Sin dolor<\/li>\n<\/ul>\n<p>&nbsp;<\/p>\n<p style=\"text-align: center;\"><iframe style=\"border: 0;\" src=\"https:\/\/www.google.com\/maps\/embed?pb=!1m18!1m12!1m3!1d3901.680799289036!2d-77.01540368518727!3d-12.065469591454828!2m3!1f0!2f0!3f0!3m2!1i1024!2i768!4f13.1!3m3!1m2!1s0x9105c89eff1ea987%3A0x3983227426192a70!2sTatuajes%20el%20Tigre%20Peru!5e0!3m2!1ses-419!2spe!4v1644136250853!5m2!1ses-419!2spe\" width=\"600\" height=\"450\" allowfullscreen=\"allowfullscreen\"><\/iframe><\/p>\n<p>&nbsp;<\/p>\n<p>Este anuncio fue autorizado por el artista \u2013 George Mendoza. La informaci\u00f3n e im\u00e1genes mostradas son manejadas responsablemente. Muchas gracias por confiar en Noname.<\/p>","protected":false},"excerpt":{"rendered":"<p>Tatuajes El Tigre m\u00e1s de 20 a\u00f1os atendiendo en Gamarra.<\/p>\n<p>Direcci\u00f3n: <a href=\"https:\/\/g.page\/TatuajeselTigrePeru?share\" target=\"_blank\" rel=\"noopener\">Jr. Gamarra 705 &#8211; Galer\u00eda Salom\u00f3n tienda 449 &#8211; 4to piso \u2013 La Victoria \u2013 Lima<\/a><\/p>\n<p>Contacto: George Mendoza<\/p>\n<p>Facebook: <a href=\"https:\/\/www.facebook.com\/TatuajeselTigrePeru\/\" target=\"_blank\" rel=\"noopener\">TatuajeselTigrePeru<\/a><\/p>\n<p>Instagram: <a href=\"https:\/\/www.instagram.com\/tatuajeseltigreperu\/\" target=\"_blank\" rel=\"noopener\">tatuajeseltigreperu<\/a><\/p>\n<p>Horario:<\/p>\n<p>Lunes a S\u00e1bado 12:00 p.m. &#8211; 7.30 p.m.<\/p>\n<ul>\n<li>Tatuajes<\/li>\n<li>Maquillaje permanente<\/li>\n<li>Piercing ombligo<\/li>\n<li>Microblading cejas<\/li>\n<\/ul>\n<p>Solicitar cita al: <a href=\"tel:51997290655\">(+51) 997290655<\/a><\/p>\n<div style=\"visibility: hidden;\">tatuaje, tatuajes, tatuajes para mujeres, tatuajes para hombres, tatuajes para parejas, tatuajes peque\u00f1os, tatuajes en el brazo, tatuajes peque\u00f1os para mujeres, tatuajes en el cuello, tatuajes en la mano, tatuajes peque\u00f1os para hombres, tattoo, tattoo en el brazo, tattoo para mujeres, tattoo de parejas, tattoos hombre, tattoo letra, tattoo en el cuello, tattoo para hombres, tattoo en la pierna, tattoos, tattoos para parejas, tattoos peque\u00f1os, tatuajes para mujer, tattoos brazo, tattoos hombre peque\u00f1os, piercing, piercing en la nariz, piercing en la oreja, piercing en la lengua, piercing en el ombligo, piercing en la ceja, piercing en el pezon, piercing en la boca, piercings, piercings en la oreja, piercings en la nariz, piercings en la lengua, piercings en el ombligo, piercings tipos, piercings en la oreja nombres, piercings en el labio, piercings para hombres, maquillaje permanente, maquillaje permanente de cejas, maquillaje permanente de ojos, maquillaje permanente de labios, maquillaje permanente en lima, maquillaje permanente precios, maquillaje permanente de parpados<\/div>","protected":false},"featured_media":10758,"comment_status":"open","ping_status":"closed","template":"","meta":[],"product_brand":[],"product_cat":[200,186],"product_tag":[2178,2179,2181,2180,2184,2182,2183,2161,2165,2167,2168,2166,2164,2162,2163,2169,2176,2173,2172,2171,2170,2175,2177,2174,2146,2149,2147,2152,2154,2151,2153,2148,2155,2159,2150,2160,2156,2157,2135,2136,2141,2143,2144,2138,2158,2137,2139,2140,2145,2142],"class_list":{"0":"post-10766","1":"product","2":"type-product","3":"status-publish","4":"has-post-thumbnail","6":"product_cat-otros-salud-y-belleza","7":"product_cat-salud-y-belleza","8":"product_tag-maquillaje-permanente","9":"product_tag-maquillaje-permanente-de-cejas","10":"product_tag-maquillaje-permanente-de-labios","11":"product_tag-maquillaje-permanente-de-ojos","12":"product_tag-maquillaje-permanente-de-parpados","13":"product_tag-maquillaje-permanente-en-lima","14":"product_tag-maquillaje-permanente-precios","15":"product_tag-piercing","16":"product_tag-piercing-en-el-ombligo","17":"product_tag-piercing-en-el-pezon","18":"product_tag-piercing-en-la-boca","19":"product_tag-piercing-en-la-ceja","20":"product_tag-piercing-en-la-lengua","21":"product_tag-piercing-en-la-nariz","22":"product_tag-piercing-en-la-oreja","23":"product_tag-piercings","24":"product_tag-piercings-en-el-labio","25":"product_tag-piercings-en-el-ombligo","26":"product_tag-piercings-en-la-lengua","27":"product_tag-piercings-en-la-nariz","28":"product_tag-piercings-en-la-oreja","29":"product_tag-piercings-en-la-oreja-nombres","30":"product_tag-piercings-para-hombres","31":"product_tag-piercings-tipos","32":"product_tag-tattoo","33":"product_tag-tattoo-de-parejas","34":"product_tag-tattoo-en-el-brazo","35":"product_tag-tattoo-en-el-cuello","36":"product_tag-tattoo-en-la-pierna","37":"product_tag-tattoo-letra","38":"product_tag-tattoo-para-hombres","39":"product_tag-tattoo-para-mujeres","40":"product_tag-tattoos","41":"product_tag-tattoos-brazo","42":"product_tag-tattoos-hombre","43":"product_tag-tattoos-hombre-pequenos","44":"product_tag-tattoos-para-parejas","45":"product_tag-tattoos-pequenos","46":"product_tag-tatuaje","47":"product_tag-tatuajes","48":"product_tag-tatuajes-en-el-brazo","49":"product_tag-tatuajes-en-el-cuello","50":"product_tag-tatuajes-en-la-mano","51":"product_tag-tatuajes-para-hombres","52":"product_tag-tatuajes-para-mujer","53":"product_tag-tatuajes-para-mujeres","54":"product_tag-tatuajes-para-parejas","55":"product_tag-tatuajes-pequenos","56":"product_tag-tatuajes-pequenos-para-hombres","57":"product_tag-tatuajes-pequenos-para-mujeres","59":"first","60":"instock","61":"virtual","62":"taxable","63":"product-type-simple"},"_links":{"self":[{"href":"https:\/\/nonamepublicidad.com\/en\/wp-json\/wp\/v2\/product\/10766","targetHints":{"allow":["GET"]}}],"collection":[{"href":"https:\/\/nonamepublicidad.com\/en\/wp-json\/wp\/v2\/product"}],"about":[{"href":"https:\/\/nonamepublicidad.com\/en\/wp-json\/wp\/v2\/types\/product"}],"replies":[{"embeddable":true,"href":"https:\/\/nonamepublicidad.com\/en\/wp-json\/wp\/v2\/comments?post=10766"}],"version-history":[{"count":0,"href":"https:\/\/nonamepublicidad.com\/en\/wp-json\/wp\/v2\/product\/10766\/revisions"}],"wp:featuredmedia":[{"embeddable":true,"href":"https:\/\/nonamepublicidad.com\/en\/wp-json\/wp\/v2\/media\/10758"}],"wp:attachment":[{"href":"https:\/\/nonamepublicidad.com\/en\/wp-json\/wp\/v2\/media?parent=10766"}],"wp:term":[{"taxonomy":"product_brand","embeddable":true,"href":"https:\/\/nonamepublicidad.com\/en\/wp-json\/wp\/v2\/product_brand?post=10766"},{"taxonomy":"product_cat","embeddable":true,"href":"https:\/\/nonamepublicidad.com\/en\/wp-json\/wp\/v2\/product_cat?post=10766"},{"taxonomy":"product_tag","embeddable":true,"href":"https:\/\/nonamepublicidad.com\/en\/wp-json\/wp\/v2\/product_tag?post=10766"}],"curies":[{"name":"wp","href":"https:\/\/api.w.org\/{rel}","templated":true}]}}