{"id":10828,"date":"2022-02-10T14:58:23","date_gmt":"2022-02-10T19:58:23","guid":{"rendered":"http:\/\/nonamepublicidad.com\/?post_type=product&#038;p=10828"},"modified":"2024-12-02T08:49:30","modified_gmt":"2024-12-02T13:49:30","slug":"sable-de-luz-redemption","status":"publish","type":"product","link":"https:\/\/nonamepublicidad.com\/en\/product\/sable-de-luz-redemption\/","title":{"rendered":"Sable de Luz Redemption"},"content":{"rendered":"","protected":false},"excerpt":{"rendered":"<p>\u00bfEres fan\u00e1tico de la saga Star Wars? \u00bfQuisieras contar con un sable de luz de alta resistencia y en diferentes modelos y precios? \u00a1Este producto es para ti!<\/p>\n<p>Somos fabricantes de los m\u00e1s potentes y resistentes sables de luz.<\/p>\n<ul>\n<li>Los sables se fabrican a pedido, consultar tiempos de entrega<\/li>\n<li>No incluye el cargador<\/li>\n<li>Env\u00edos a todo el Per\u00fa<\/li>\n<li>Imagen referencial<\/li>\n<\/ul>\n<p>P\u00e1gina web: <a href=\"https:\/\/www.sablesdeluzperu.com\/\" target=\"_blank\" rel=\"noopener\">www.sablesdeluzperu.com<\/a><\/p>\n<p>Facebook: <a href=\"https:\/\/www.facebook.com\/Sablesdeluzperu\/\" target=\"_blank\" rel=\"noopener\">Sables de Luz Per\u00fa<\/a><\/p>\n<p>Instagram: <a href=\"https:\/\/www.instagram.com\/sablesdeluzperu\/\" target=\"_blank\" rel=\"noopener\">@sablesdeluzperu<\/a><\/p>\n<p>YouTube: <a href=\"https:\/\/www.youtube.com\/channel\/UCsKJwHJ7TH0VLZJHzTFpTKQ\/videos\" target=\"_blank\" rel=\"noopener\">Sables de Luz Per\u00fa<\/a><\/p>\n<p>Pedidos al: <a href=\"tel:51997346617\">(+51) 997346617<\/a><\/p>\n<p>Contacto: Miguel Bretoneche<\/p>\n<div class=\"nta_wa_button\" data-id=\"14149\" data-info=\"{&quot;name&quot;:&quot;Sables de Luz Per\\u00fa&quot;,&quot;info&quot;:{&quot;number&quot;:&quot;+51997346617&quot;,&quot;title&quot;:&quot;Sables de Luz Per\\u00fa | Tienda&quot;,&quot;predefinedText&quot;:&quot;Hola Miguel. Me gustar\\u00eda m\\u00e1s informaci\\u00f3n de [njwa_page_title] Este es el link [njwa_page_url]&quot;,&quot;willBeBackText&quot;:&quot;I will be back in [njwa_time_work]&quot;,&quot;dayOffsText&quot;:&quot;I will be back soon&quot;,&quot;isAlwaysAvailable&quot;:&quot;ON&quot;,&quot;daysOfWeekWorking&quot;:{&quot;sunday&quot;:{&quot;isWorkingOnDay&quot;:&quot;OFF&quot;,&quot;workHours&quot;:[{&quot;startTime&quot;:&quot;08:00&quot;,&quot;endTime&quot;:&quot;17:30&quot;}]},&quot;monday&quot;:{&quot;isWorkingOnDay&quot;:&quot;OFF&quot;,&quot;workHours&quot;:[{&quot;startTime&quot;:&quot;08:00&quot;,&quot;endTime&quot;:&quot;17:30&quot;}]},&quot;tuesday&quot;:{&quot;isWorkingOnDay&quot;:&quot;OFF&quot;,&quot;workHours&quot;:[{&quot;startTime&quot;:&quot;08:00&quot;,&quot;endTime&quot;:&quot;17:30&quot;}]},&quot;wednesday&quot;:{&quot;isWorkingOnDay&quot;:&quot;OFF&quot;,&quot;workHours&quot;:[{&quot;startTime&quot;:&quot;08:00&quot;,&quot;endTime&quot;:&quot;17:30&quot;}]},&quot;thursday&quot;:{&quot;isWorkingOnDay&quot;:&quot;OFF&quot;,&quot;workHours&quot;:[{&quot;startTime&quot;:&quot;08:00&quot;,&quot;endTime&quot;:&quot;17:30&quot;}]},&quot;friday&quot;:{&quot;isWorkingOnDay&quot;:&quot;OFF&quot;,&quot;workHours&quot;:[{&quot;startTime&quot;:&quot;08:00&quot;,&quot;endTime&quot;:&quot;17:30&quot;}]},&quot;saturday&quot;:{&quot;isWorkingOnDay&quot;:&quot;OFF&quot;,&quot;workHours&quot;:[{&quot;startTime&quot;:&quot;08:00&quot;,&quot;endTime&quot;:&quot;17:30&quot;}]}}},&quot;styles&quot;:{&quot;type&quot;:&quot;round&quot;,&quot;backgroundColor&quot;:&quot;#2DB742&quot;,&quot;textColor&quot;:&quot;#fff&quot;,&quot;label&quot;:&quot;Necesitas ayuda? Hablemos&quot;,&quot;width&quot;:300,&quot;height&quot;:64},&quot;avatar&quot;:&quot;https:\\\/\\\/nonamepublicidad.com\\\/wp-content\\\/uploads\\\/2021\\\/04\\\/sables_de_luz_peru_modelo_redemption_3.0_multicolor_02.jpg&quot;,&quot;options&quot;:{&quot;display&quot;:{&quot;displayCondition&quot;:&quot;showAllPage&quot;,&quot;includePages&quot;:[],&quot;excludePages&quot;:[],&quot;includePosts&quot;:[],&quot;showOnDesktop&quot;:&quot;ON&quot;,&quot;showOnMobile&quot;:&quot;ON&quot;,&quot;time_symbols&quot;:&quot;h:m&quot;},&quot;styles&quot;:{&quot;title&quot;:&quot;Start a Conversation&quot;,&quot;responseText&quot;:&quot;The team typically replies in a few minutes.&quot;,&quot;description&quot;:&quot;Hi! Click one of our member below to chat on &lt;strong&gt;WhatsApp&lt;\\\/strong&gt;&quot;,&quot;backgroundColor&quot;:&quot;#2db742&quot;,&quot;textColor&quot;:&quot;#fff&quot;,&quot;scrollHeight&quot;:500,&quot;isShowScroll&quot;:&quot;OFF&quot;,&quot;isShowResponseText&quot;:&quot;ON&quot;,&quot;isShowPoweredBy&quot;:&quot;ON&quot;,&quot;btnLabel&quot;:&quot;Need Help? &lt;strong&gt;Chat with us&lt;\\\/strong&gt;&quot;,&quot;btnLabelWidth&quot;:156,&quot;btnPosition&quot;:&quot;right&quot;,&quot;btnLeftDistance&quot;:30,&quot;btnRightDistance&quot;:30,&quot;btnBottomDistance&quot;:30,&quot;isShowBtnLabel&quot;:&quot;ON&quot;,&quot;isShowGDPR&quot;:&quot;OFF&quot;,&quot;gdprContent&quot;:&quot;Please accept our &lt;a href=\\&quot;https:\\\/\\\/ninjateam.org\\\/privacy-policy\\\/\\&quot;&gt;privacy policy&lt;\\\/a&gt; first to start a conversation.&quot;,&quot;widgetType&quot;:&quot;expandable&quot;},&quot;analytics&quot;:{&quot;enabledGoogle&quot;:&quot;OFF&quot;,&quot;enabledFacebook&quot;:&quot;OFF&quot;,&quot;enabledGoogleGA4&quot;:&quot;OFF&quot;}},&quot;gdprStatus&quot;:false,&quot;defaultAvatar&quot;:&quot;https:\\\/\\\/nonamepublicidad.com\\\/wp-content\\\/plugins\\\/whatsapp-for-wordpress\\\/assets\\\/img\\\/whatsapp_logo.svg&quot;}\"><\/div>\n<div style=\"visibility: hidden;\">sable, sables de luz, espada l\u00e1ser, espada de luz, sable recargable, fabricaci\u00f3n de sables, sables resistentes, sables de policarbonato, lightsaber, sable jedi, figuras de colecci\u00f3n, sable de colecci\u00f3n, arma de star wars, sable sith, light saber, cosplay, sable de luz, sable de luz star wars, sable de luz peru, sable de luz negro, sable de luz real, sable de luz precio, sable de luz de anakin skywalker, lightsaber peru, lightsaber neopixel, lightsaber star wars, lightsaber colors, lightsabers, lightsabers neopixel, lightsabers colors, lightsaber toys, sable oscuro, sable oscuro comprar, sable oscuro mando, sable oscuro boba fett, sable oscuro de mandalorian, darksaber, darksaber clone wars, darksaber neopixel, dark saber vs lightsaber<\/div>\n","protected":false},"featured_media":10819,"comment_status":"open","ping_status":"closed","template":"","meta":[],"product_brand":[],"product_cat":[1224,439],"product_tag":[2196,1227,2221,2218,2219,2220,2188,2187,2190,2194,2198,1225,2208,2206,2205,2207,2212,2209,2211,2210,2185,2195,1226,2204,2201,2200,2203,2202,2199,2193,2213,2216,2214,2217,2215,2189,2197,2186,2192,2191,1046],"class_list":{"0":"post-10828","1":"product","2":"type-product","3":"status-publish","4":"has-post-thumbnail","6":"product_cat-articulos-coleccionables","7":"product_cat-juegos-y-juguetes","8":"product_tag-arma-de-star-wars","9":"product_tag-cosplay","10":"product_tag-dark-saber-vs-lightsaber","11":"product_tag-darksaber","12":"product_tag-darksaber-clone-wars","13":"product_tag-darksaber-neopixel","14":"product_tag-espada-de-luz","15":"product_tag-espada-laser","16":"product_tag-fabricacion-de-sables","17":"product_tag-figuras-de-coleccion","18":"product_tag-light-saber","19":"product_tag-lightsaber","20":"product_tag-lightsaber-colors","21":"product_tag-lightsaber-neopixel","22":"product_tag-lightsaber-peru","23":"product_tag-lightsaber-star-wars","24":"product_tag-lightsaber-toys","25":"product_tag-lightsabers","26":"product_tag-lightsabers-colors","27":"product_tag-lightsabers-neopixel","28":"product_tag-sable","29":"product_tag-sable-de-coleccion","30":"product_tag-sable-de-luz","31":"product_tag-sable-de-luz-de-anakin-skywalker","32":"product_tag-sable-de-luz-negro","33":"product_tag-sable-de-luz-peru","34":"product_tag-sable-de-luz-precio","35":"product_tag-sable-de-luz-real","36":"product_tag-sable-de-luz-star-wars","37":"product_tag-sable-jedi","38":"product_tag-sable-oscuro","39":"product_tag-sable-oscuro-boba-fett","40":"product_tag-sable-oscuro-comprar","41":"product_tag-sable-oscuro-de-mandalorian","42":"product_tag-sable-oscuro-mando","43":"product_tag-sable-recargable","44":"product_tag-sable-sith","45":"product_tag-sables-de-luz","46":"product_tag-sables-de-policarbonato","47":"product_tag-sables-resistentes","48":"product_tag-star-wars","50":"first","51":"instock","52":"virtual","53":"taxable","54":"purchasable","55":"product-type-simple"},"_links":{"self":[{"href":"https:\/\/nonamepublicidad.com\/en\/wp-json\/wp\/v2\/product\/10828","targetHints":{"allow":["GET"]}}],"collection":[{"href":"https:\/\/nonamepublicidad.com\/en\/wp-json\/wp\/v2\/product"}],"about":[{"href":"https:\/\/nonamepublicidad.com\/en\/wp-json\/wp\/v2\/types\/product"}],"replies":[{"embeddable":true,"href":"https:\/\/nonamepublicidad.com\/en\/wp-json\/wp\/v2\/comments?post=10828"}],"version-history":[{"count":0,"href":"https:\/\/nonamepublicidad.com\/en\/wp-json\/wp\/v2\/product\/10828\/revisions"}],"wp:featuredmedia":[{"embeddable":true,"href":"https:\/\/nonamepublicidad.com\/en\/wp-json\/wp\/v2\/media\/10819"}],"wp:attachment":[{"href":"https:\/\/nonamepublicidad.com\/en\/wp-json\/wp\/v2\/media?parent=10828"}],"wp:term":[{"taxonomy":"product_brand","embeddable":true,"href":"https:\/\/nonamepublicidad.com\/en\/wp-json\/wp\/v2\/product_brand?post=10828"},{"taxonomy":"product_cat","embeddable":true,"href":"https:\/\/nonamepublicidad.com\/en\/wp-json\/wp\/v2\/product_cat?post=10828"},{"taxonomy":"product_tag","embeddable":true,"href":"https:\/\/nonamepublicidad.com\/en\/wp-json\/wp\/v2\/product_tag?post=10828"}],"curies":[{"name":"wp","href":"https:\/\/api.w.org\/{rel}","templated":true}]}}