{"id":10841,"date":"2022-02-11T22:11:16","date_gmt":"2022-02-12T03:11:16","guid":{"rendered":"http:\/\/nonamepublicidad.com\/?post_type=product&#038;p=10841"},"modified":"2024-12-02T08:49:30","modified_gmt":"2024-12-02T13:49:30","slug":"cintas-estampadas-personalizadas","status":"publish","type":"product","link":"https:\/\/nonamepublicidad.com\/en\/product\/cintas-estampadas-personalizadas\/","title":{"rendered":"Cintas Estampadas Personalizadas"},"content":{"rendered":"<p><strong>Una soluci\u00f3n para cada necesidad<\/strong><\/p>\n<p>Le asesoramos del tipo de cinta que precisa para su producto, puede variar en funci\u00f3n del tipo de tejido o del estampado de la cinta.<\/p>\n<p>&nbsp;<\/p>\n<p><strong>Nuestra especialidad<\/strong><\/p>\n<p>Cintas estampadas de algod\u00f3n.<\/p>","protected":false},"excerpt":{"rendered":"<p>Servicio de estampado personalizado para cintas de todo tipo.<br \/>\nCintas para el sector textil, comercial, publicidad y m\u00e1s.<\/p>\n<p>Toda nuestra producci\u00f3n de cintas estampadas, se puede presentar:<\/p>\n<ul>\n<li>En rollos<\/li>\n<li>Cortadas<\/li>\n<\/ul>\n<p>Nuestra capacidad de fabricaci\u00f3n de cintas estampadas va desde unidades de muestra hasta un volumen de 3.000 metros al d\u00eda (seg\u00fan temporada o cola de producci\u00f3n).<\/p>\n<p>Importante:<\/p>\n<ol>\n<li>Nuestro servicio es de solo estampado por tanto los clientes son quienes suministran las cintas.<\/li>\n<li>Solo estampamos a un color.<\/li>\n<\/ol>\n<p>Consultas al: <a href=\"tel:51941203813\">(+51) 941203813<\/a><\/p>\n<div class=\"nta_wa_button\" data-id=\"13293\" data-info=\"{&quot;name&quot;:&quot;Orlando (Per\\u00fa)&quot;,&quot;info&quot;:{&quot;number&quot;:&quot;+51941203813&quot;,&quot;title&quot;:&quot;Orlando&quot;,&quot;predefinedText&quot;:&quot;Hola Orlando, solicito informaci\\u00f3n de [njwa_page_title] Enlace: [njwa_page_url]&quot;,&quot;willBeBackText&quot;:&quot;I will be back in [njwa_time_work]&quot;,&quot;dayOffsText&quot;:&quot;I will be back soon&quot;,&quot;isAlwaysAvailable&quot;:&quot;ON&quot;,&quot;daysOfWeekWorking&quot;:{&quot;sunday&quot;:{&quot;isWorkingOnDay&quot;:&quot;OFF&quot;,&quot;workHours&quot;:[{&quot;startTime&quot;:&quot;08:00&quot;,&quot;endTime&quot;:&quot;17:30&quot;}]},&quot;monday&quot;:{&quot;isWorkingOnDay&quot;:&quot;OFF&quot;,&quot;workHours&quot;:[{&quot;startTime&quot;:&quot;08:00&quot;,&quot;endTime&quot;:&quot;17:30&quot;}]},&quot;tuesday&quot;:{&quot;isWorkingOnDay&quot;:&quot;OFF&quot;,&quot;workHours&quot;:[{&quot;startTime&quot;:&quot;08:00&quot;,&quot;endTime&quot;:&quot;17:30&quot;}]},&quot;wednesday&quot;:{&quot;isWorkingOnDay&quot;:&quot;OFF&quot;,&quot;workHours&quot;:[{&quot;startTime&quot;:&quot;08:00&quot;,&quot;endTime&quot;:&quot;17:30&quot;}]},&quot;thursday&quot;:{&quot;isWorkingOnDay&quot;:&quot;OFF&quot;,&quot;workHours&quot;:[{&quot;startTime&quot;:&quot;08:00&quot;,&quot;endTime&quot;:&quot;17:30&quot;}]},&quot;friday&quot;:{&quot;isWorkingOnDay&quot;:&quot;OFF&quot;,&quot;workHours&quot;:[{&quot;startTime&quot;:&quot;08:00&quot;,&quot;endTime&quot;:&quot;17:30&quot;}]},&quot;saturday&quot;:{&quot;isWorkingOnDay&quot;:&quot;OFF&quot;,&quot;workHours&quot;:[{&quot;startTime&quot;:&quot;08:00&quot;,&quot;endTime&quot;:&quot;17:30&quot;}]}}},&quot;styles&quot;:{&quot;type&quot;:&quot;round&quot;,&quot;backgroundColor&quot;:&quot;#2DB742&quot;,&quot;textColor&quot;:&quot;#fff&quot;,&quot;label&quot;:&quot;Necesitas ayuda? Hablemos \\\/ Do you need help? Let&#039;s talk&quot;,&quot;width&quot;:300,&quot;height&quot;:64},&quot;avatar&quot;:&quot;https:\\\/\\\/nonamepublicidad.com\\\/wp-content\\\/uploads\\\/2020\\\/07\\\/noname-icon_152x152.png&quot;,&quot;options&quot;:{&quot;display&quot;:{&quot;displayCondition&quot;:&quot;showAllPage&quot;,&quot;includePages&quot;:[],&quot;excludePages&quot;:[],&quot;includePosts&quot;:[],&quot;showOnDesktop&quot;:&quot;ON&quot;,&quot;showOnMobile&quot;:&quot;ON&quot;,&quot;time_symbols&quot;:&quot;h:m&quot;},&quot;styles&quot;:{&quot;title&quot;:&quot;Start a Conversation&quot;,&quot;responseText&quot;:&quot;The team typically replies in a few minutes.&quot;,&quot;description&quot;:&quot;Hi! Click one of our member below to chat on &lt;strong&gt;WhatsApp&lt;\\\/strong&gt;&quot;,&quot;backgroundColor&quot;:&quot;#2db742&quot;,&quot;textColor&quot;:&quot;#fff&quot;,&quot;scrollHeight&quot;:500,&quot;isShowScroll&quot;:&quot;OFF&quot;,&quot;isShowResponseText&quot;:&quot;ON&quot;,&quot;isShowPoweredBy&quot;:&quot;ON&quot;,&quot;btnLabel&quot;:&quot;Need Help? &lt;strong&gt;Chat with us&lt;\\\/strong&gt;&quot;,&quot;btnLabelWidth&quot;:156,&quot;btnPosition&quot;:&quot;right&quot;,&quot;btnLeftDistance&quot;:30,&quot;btnRightDistance&quot;:30,&quot;btnBottomDistance&quot;:30,&quot;isShowBtnLabel&quot;:&quot;ON&quot;,&quot;isShowGDPR&quot;:&quot;OFF&quot;,&quot;gdprContent&quot;:&quot;Please accept our &lt;a href=\\&quot;https:\\\/\\\/ninjateam.org\\\/privacy-policy\\\/\\&quot;&gt;privacy policy&lt;\\\/a&gt; first to start a conversation.&quot;,&quot;widgetType&quot;:&quot;expandable&quot;},&quot;analytics&quot;:{&quot;enabledGoogle&quot;:&quot;OFF&quot;,&quot;enabledFacebook&quot;:&quot;OFF&quot;,&quot;enabledGoogleGA4&quot;:&quot;OFF&quot;}},&quot;gdprStatus&quot;:false,&quot;defaultAvatar&quot;:&quot;https:\\\/\\\/nonamepublicidad.com\\\/wp-content\\\/plugins\\\/whatsapp-for-wordpress\\\/assets\\\/img\\\/whatsapp_logo.svg&quot;}\"><\/div>\n<div style=\"visibility: hidden;\">art\u00edculos publicitarios, industria gr\u00e1fica e impresi\u00f3n, industria textil, industrias y oficinas, material de promoci\u00f3n, otras categor\u00edas, otros, arte, artesanal, dise\u00f1o, dise\u00f1o gr\u00e1fico, estampado con papel transfer, estampado con vinilo textil, estampado textil, hecho a mano, impresi\u00f3n, impresi\u00f3n directa, moda, productos textiles, serigraf\u00eda textil, taller, textiles, servicio de estampado textil serigraf\u00eda hecha a mano, servicio de estampado textil, servicio de estampado, servicio de estampado de telas, servicio de estampado transfer, servicio de estampados en gamarra, servicio de estampados en lima, estampados, estampado plastisol, estampado sublimado, estampado transfer, estampado textil, estampado textil artesanal, estampado textil Per\u00fa, estampado textil serigraf\u00eda, servicio de serigraf\u00eda, servicio de serigraf\u00eda textil en lima, servicio de serigraf\u00eda en lima, servicio de serigraf\u00eda textil, serigraf\u00eda, serigraf\u00eda textil, serigraf\u00eda casera, estampado hecho a mano, estampados hecho a mano, servicio de estampado hecho a mano, estampado por mayor, estampado por mayoreo, estampado por mayor en gamarra, estampado de cintas, estampado de cintas satinadas, estampado de cintas borl\u00f3n<\/div>\n","protected":false},"featured_media":10837,"comment_status":"open","ping_status":"closed","template":"","meta":[],"product_brand":[],"product_cat":[155,153],"product_tag":[961,704,676,701,705,702,711,581,712,700,707,708],"class_list":{"0":"post-10841","1":"product","2":"type-product","3":"status-publish","4":"has-post-thumbnail","6":"product_cat-embalajes","7":"product_cat-industrias-y-oficinas","8":"product_tag-cintas","9":"product_tag-diseno","10":"product_tag-diseno-grafico","11":"product_tag-estampado-textil","12":"product_tag-hecho-a-mano","13":"product_tag-impresion","14":"product_tag-impresion-directa","15":"product_tag-moda","16":"product_tag-productos-textiles","17":"product_tag-serigrafia-textil","18":"product_tag-taller","19":"product_tag-textiles","21":"first","22":"instock","23":"virtual","24":"taxable","25":"product-type-simple"},"_links":{"self":[{"href":"https:\/\/nonamepublicidad.com\/en\/wp-json\/wp\/v2\/product\/10841","targetHints":{"allow":["GET"]}}],"collection":[{"href":"https:\/\/nonamepublicidad.com\/en\/wp-json\/wp\/v2\/product"}],"about":[{"href":"https:\/\/nonamepublicidad.com\/en\/wp-json\/wp\/v2\/types\/product"}],"replies":[{"embeddable":true,"href":"https:\/\/nonamepublicidad.com\/en\/wp-json\/wp\/v2\/comments?post=10841"}],"version-history":[{"count":0,"href":"https:\/\/nonamepublicidad.com\/en\/wp-json\/wp\/v2\/product\/10841\/revisions"}],"wp:featuredmedia":[{"embeddable":true,"href":"https:\/\/nonamepublicidad.com\/en\/wp-json\/wp\/v2\/media\/10837"}],"wp:attachment":[{"href":"https:\/\/nonamepublicidad.com\/en\/wp-json\/wp\/v2\/media?parent=10841"}],"wp:term":[{"taxonomy":"product_brand","embeddable":true,"href":"https:\/\/nonamepublicidad.com\/en\/wp-json\/wp\/v2\/product_brand?post=10841"},{"taxonomy":"product_cat","embeddable":true,"href":"https:\/\/nonamepublicidad.com\/en\/wp-json\/wp\/v2\/product_cat?post=10841"},{"taxonomy":"product_tag","embeddable":true,"href":"https:\/\/nonamepublicidad.com\/en\/wp-json\/wp\/v2\/product_tag?post=10841"}],"curies":[{"name":"wp","href":"https:\/\/api.w.org\/{rel}","templated":true}]}}