{"id":10861,"date":"2022-02-13T03:38:56","date_gmt":"2022-02-13T08:38:56","guid":{"rendered":"http:\/\/nonamepublicidad.com\/?post_type=product&#038;p=10861"},"modified":"2024-12-02T08:49:30","modified_gmt":"2024-12-02T13:49:30","slug":"bicicleta-bmx-zprinter-supreme","status":"publish","type":"product","link":"https:\/\/nonamepublicidad.com\/en\/product\/bicicleta-bmx-zprinter-supreme\/","title":{"rendered":"Bicicleta BMX Zprinter Supreme"},"content":{"rendered":"","protected":false},"excerpt":{"rendered":"<p>La BMX Supreme Zprinter se suma a las bikes con un manillar especial para mayor comodidad y agarre. Esta BMX cuenta con un disc 44T para m\u00e1s poder de pedaleo mono-blocke para recorridos largos, adem\u00e1s con piezas claves para empezar en el street. Su geometr\u00eda se acopla al biotipo del rider. Disfruta de paseos en grupo con esta s\u00faper bike, una caracter\u00edstica m\u00e1s es su ligereza, s\u00faper liviana.<\/p>\n<ul>\n<li>Precio por unidad<\/li>\n<li>Cuadro: hi ten<\/li>\n<li>Pintura: mate electrost\u00e1tico<\/li>\n<li>Fork: hi ten 1-1\/8<\/li>\n<li>Aro: 20<\/li>\n<li>Headset: sealed aheadset Taiw\u00e1n<\/li>\n<li>Top tube length: 20.5\u2033<\/li>\n<li>Pedales: platform aluminio<\/li>\n<li>Neum\u00e1ticos: wk 20 \u00d7 2.50<\/li>\n<li>Frenos: double v- brake aluminio<\/li>\n<li>Manillar: bmx 1 (mayor agarre y comodidad)<\/li>\n<li>Catalina: sellado 44T mono-blocke<\/li>\n<li>Juego direcci\u00f3n: 1-1\/8 integrado Taiw\u00e1n<\/li>\n<li>Asiento: anat\u00f3mico BMX<\/li>\n<li>Radios: 68 H<\/li>\n<li>Grips: goma anat\u00f3micos<\/li>\n<li>Colores: rojo &#8211; azul &#8211; verde &#8211; naranja<\/li>\n<li>Imagen referencial<\/li>\n<\/ul>\n<p>Accesorios:<br \/>\n-Incluye 4 pegs<\/p>\n<p>Nota: todas nuestras bicicletas tienen 1 a\u00f1o de garant\u00eda por el cuadro y 12 meses de mantenimiento, revisar condiciones en el certificado de garant\u00eda.<\/p>\n<p>Pedidos al: <a href=\"tel:51948854076\">(+51) 948854076<\/a><\/p>\n<div class=\"nta_wa_button\" data-id=\"13554\" data-info=\"{&quot;name&quot;:&quot;Zprinter&quot;,&quot;info&quot;:{&quot;number&quot;:&quot;+51948854076&quot;,&quot;title&quot;:&quot;Zprinter | Tienda&quot;,&quot;predefinedText&quot;:&quot;Hola Zprinter. Me gustar\\u00eda m\\u00e1s informaci\\u00f3n de [njwa_page_title] Este es el link [njwa_page_url]&quot;,&quot;willBeBackText&quot;:&quot;I will be back in [njwa_time_work]&quot;,&quot;dayOffsText&quot;:&quot;I will be back soon&quot;,&quot;isAlwaysAvailable&quot;:&quot;ON&quot;,&quot;daysOfWeekWorking&quot;:{&quot;sunday&quot;:{&quot;isWorkingOnDay&quot;:&quot;OFF&quot;,&quot;workHours&quot;:[{&quot;startTime&quot;:&quot;08:00&quot;,&quot;endTime&quot;:&quot;17:30&quot;}]},&quot;monday&quot;:{&quot;isWorkingOnDay&quot;:&quot;OFF&quot;,&quot;workHours&quot;:[{&quot;startTime&quot;:&quot;08:00&quot;,&quot;endTime&quot;:&quot;17:30&quot;}]},&quot;tuesday&quot;:{&quot;isWorkingOnDay&quot;:&quot;OFF&quot;,&quot;workHours&quot;:[{&quot;startTime&quot;:&quot;08:00&quot;,&quot;endTime&quot;:&quot;17:30&quot;}]},&quot;wednesday&quot;:{&quot;isWorkingOnDay&quot;:&quot;OFF&quot;,&quot;workHours&quot;:[{&quot;startTime&quot;:&quot;08:00&quot;,&quot;endTime&quot;:&quot;17:30&quot;}]},&quot;thursday&quot;:{&quot;isWorkingOnDay&quot;:&quot;OFF&quot;,&quot;workHours&quot;:[{&quot;startTime&quot;:&quot;08:00&quot;,&quot;endTime&quot;:&quot;17:30&quot;}]},&quot;friday&quot;:{&quot;isWorkingOnDay&quot;:&quot;OFF&quot;,&quot;workHours&quot;:[{&quot;startTime&quot;:&quot;08:00&quot;,&quot;endTime&quot;:&quot;17:30&quot;}]},&quot;saturday&quot;:{&quot;isWorkingOnDay&quot;:&quot;OFF&quot;,&quot;workHours&quot;:[{&quot;startTime&quot;:&quot;08:00&quot;,&quot;endTime&quot;:&quot;17:30&quot;}]}}},&quot;styles&quot;:{&quot;type&quot;:&quot;round&quot;,&quot;backgroundColor&quot;:&quot;#2DB742&quot;,&quot;textColor&quot;:&quot;#fff&quot;,&quot;label&quot;:&quot;Necesitas ayuda? Hablemos&quot;,&quot;width&quot;:300,&quot;height&quot;:64},&quot;avatar&quot;:&quot;https:\\\/\\\/nonamepublicidad.com\\\/wp-content\\\/uploads\\\/2023\\\/02\\\/logo_zprinter.webp&quot;,&quot;options&quot;:{&quot;display&quot;:{&quot;displayCondition&quot;:&quot;showAllPage&quot;,&quot;includePages&quot;:[],&quot;excludePages&quot;:[],&quot;includePosts&quot;:[],&quot;showOnDesktop&quot;:&quot;ON&quot;,&quot;showOnMobile&quot;:&quot;ON&quot;,&quot;time_symbols&quot;:&quot;h:m&quot;},&quot;styles&quot;:{&quot;title&quot;:&quot;Start a Conversation&quot;,&quot;responseText&quot;:&quot;The team typically replies in a few minutes.&quot;,&quot;description&quot;:&quot;Hi! Click one of our member below to chat on &lt;strong&gt;WhatsApp&lt;\\\/strong&gt;&quot;,&quot;backgroundColor&quot;:&quot;#2db742&quot;,&quot;textColor&quot;:&quot;#fff&quot;,&quot;scrollHeight&quot;:500,&quot;isShowScroll&quot;:&quot;OFF&quot;,&quot;isShowResponseText&quot;:&quot;ON&quot;,&quot;isShowPoweredBy&quot;:&quot;ON&quot;,&quot;btnLabel&quot;:&quot;Need Help? &lt;strong&gt;Chat with us&lt;\\\/strong&gt;&quot;,&quot;btnLabelWidth&quot;:156,&quot;btnPosition&quot;:&quot;right&quot;,&quot;btnLeftDistance&quot;:30,&quot;btnRightDistance&quot;:30,&quot;btnBottomDistance&quot;:30,&quot;isShowBtnLabel&quot;:&quot;ON&quot;,&quot;isShowGDPR&quot;:&quot;OFF&quot;,&quot;gdprContent&quot;:&quot;Please accept our &lt;a href=\\&quot;https:\\\/\\\/ninjateam.org\\\/privacy-policy\\\/\\&quot;&gt;privacy policy&lt;\\\/a&gt; first to start a conversation.&quot;,&quot;widgetType&quot;:&quot;expandable&quot;},&quot;analytics&quot;:{&quot;enabledGoogle&quot;:&quot;OFF&quot;,&quot;enabledFacebook&quot;:&quot;OFF&quot;,&quot;enabledGoogleGA4&quot;:&quot;OFF&quot;}},&quot;gdprStatus&quot;:false,&quot;defaultAvatar&quot;:&quot;https:\\\/\\\/nonamepublicidad.com\\\/wp-content\\\/plugins\\\/whatsapp-for-wordpress\\\/assets\\\/img\\\/whatsapp_logo.svg&quot;}\"><\/div>\n<div style=\"visibility: hidden;\">Bicicleta BMX, Bicicletas, Bicicleta Aro 20, Aros de Bicicleta, Llantas para Bicicleta, Partes para la Bicicleta, Bicicletas Peru, Ciclismo BMX, Deporte, Deportes, BMX, Freestyle, Bike, Flat, Flatland<\/div>\n","protected":false},"featured_media":10859,"comment_status":"open","ping_status":"closed","template":"","meta":[],"product_brand":[],"product_cat":[341,333],"product_tag":[970,969,967,968,973,978,966,974,975,976,977,971,972],"class_list":{"0":"post-10861","1":"product","2":"type-product","3":"status-publish","4":"has-post-thumbnail","6":"product_cat-ciclismo","7":"product_cat-deportes-y-fitness","8":"product_tag-aros-de-bicicleta","9":"product_tag-bicicleta-aro-20","10":"product_tag-bicicleta-bmx","11":"product_tag-bicicletas","12":"product_tag-bicicletas-peru","13":"product_tag-bike","14":"product_tag-bmx","15":"product_tag-ciclismo-bmx","16":"product_tag-deporte","17":"product_tag-deportes","18":"product_tag-freestyle","19":"product_tag-llantas-para-bicicleta","20":"product_tag-partes-para-la-bicicleta","22":"first","23":"instock","24":"virtual","25":"taxable","26":"product-type-simple"},"_links":{"self":[{"href":"https:\/\/nonamepublicidad.com\/en\/wp-json\/wp\/v2\/product\/10861","targetHints":{"allow":["GET"]}}],"collection":[{"href":"https:\/\/nonamepublicidad.com\/en\/wp-json\/wp\/v2\/product"}],"about":[{"href":"https:\/\/nonamepublicidad.com\/en\/wp-json\/wp\/v2\/types\/product"}],"replies":[{"embeddable":true,"href":"https:\/\/nonamepublicidad.com\/en\/wp-json\/wp\/v2\/comments?post=10861"}],"version-history":[{"count":0,"href":"https:\/\/nonamepublicidad.com\/en\/wp-json\/wp\/v2\/product\/10861\/revisions"}],"wp:featuredmedia":[{"embeddable":true,"href":"https:\/\/nonamepublicidad.com\/en\/wp-json\/wp\/v2\/media\/10859"}],"wp:attachment":[{"href":"https:\/\/nonamepublicidad.com\/en\/wp-json\/wp\/v2\/media?parent=10861"}],"wp:term":[{"taxonomy":"product_brand","embeddable":true,"href":"https:\/\/nonamepublicidad.com\/en\/wp-json\/wp\/v2\/product_brand?post=10861"},{"taxonomy":"product_cat","embeddable":true,"href":"https:\/\/nonamepublicidad.com\/en\/wp-json\/wp\/v2\/product_cat?post=10861"},{"taxonomy":"product_tag","embeddable":true,"href":"https:\/\/nonamepublicidad.com\/en\/wp-json\/wp\/v2\/product_tag?post=10861"}],"curies":[{"name":"wp","href":"https:\/\/api.w.org\/{rel}","templated":true}]}}