{"id":10937,"date":"2022-02-19T19:57:04","date_gmt":"2022-02-20T00:57:04","guid":{"rendered":"http:\/\/nonamepublicidad.com\/?post_type=product&#038;p=10937"},"modified":"2024-12-02T08:49:30","modified_gmt":"2024-12-02T13:49:30","slug":"quinoa-mag-efervescente-magnesio-zinc","status":"publish","type":"product","link":"https:\/\/nonamepublicidad.com\/en\/product\/quinoa-mag-efervescente-magnesio-zinc\/","title":{"rendered":"Quinoa Mag Efervescente Magnesio Zinc"},"content":{"rendered":"","protected":false},"excerpt":{"rendered":"<p>Quieres sentirte m\u00e1s relajado y dormir mejor por las noches.<\/p>\n<p>Quinoa Mag es una mezcla instant\u00e1nea enriquecida con Magnesio, Harina de Quinua y Zinc.<\/p>\n<p>Combate el estr\u00e9s, ayuda a relajar los m\u00fasculos y nervios manteniendo un apropiado funcionamiento de los mismos adem\u00e1s de regular la presi\u00f3n arterial.<\/p>\n<ul>\n<li>Caja de 30 sachet\u00b4s en polvo<\/li>\n<li>Peso 5 gramos<\/li>\n<li>Agradable sabor a naranja<\/li>\n<li>Apto para diab\u00e9ticos y celiacos<\/li>\n<li>Env\u00edos a todo el Per\u00fa<\/li>\n<li>Imagen referencial<\/li>\n<\/ul>\n<p>Facebook: <a href=\"https:\/\/www.facebook.com\/mndglobal\" target=\"_blank\" rel=\"noopener\">MND-Global<\/a><\/p>\n<p>Instagram: <a href=\"https:\/\/www.instagram.com\/mndminutriciondiaria\/\" target=\"_blank\" rel=\"noopener\">MND-Mi-Nutrici\u00f3n-Diaria<\/a><\/p>\n<p>Pedidos al: <a href=\"tel:51998006992\">(+51) 998006992<\/a><\/p>\n<p>Contacto: Alon Melamed<\/p>\n<div class=\"nta_wa_button\" data-id=\"14145\" data-info=\"{&quot;name&quot;:&quot;MND&quot;,&quot;info&quot;:{&quot;number&quot;:&quot;+51998006992&quot;,&quot;title&quot;:&quot;MND | Tienda&quot;,&quot;predefinedText&quot;:&quot;Hola MND. Me gustar\\u00eda m\\u00e1s informaci\\u00f3n de [njwa_page_title] Este es el link [njwa_page_url]&quot;,&quot;willBeBackText&quot;:&quot;I will be back in [njwa_time_work]&quot;,&quot;dayOffsText&quot;:&quot;I will be back soon&quot;,&quot;isAlwaysAvailable&quot;:&quot;ON&quot;,&quot;daysOfWeekWorking&quot;:{&quot;sunday&quot;:{&quot;isWorkingOnDay&quot;:&quot;OFF&quot;,&quot;workHours&quot;:[{&quot;startTime&quot;:&quot;08:00&quot;,&quot;endTime&quot;:&quot;17:30&quot;}]},&quot;monday&quot;:{&quot;isWorkingOnDay&quot;:&quot;OFF&quot;,&quot;workHours&quot;:[{&quot;startTime&quot;:&quot;08:00&quot;,&quot;endTime&quot;:&quot;17:30&quot;}]},&quot;tuesday&quot;:{&quot;isWorkingOnDay&quot;:&quot;OFF&quot;,&quot;workHours&quot;:[{&quot;startTime&quot;:&quot;08:00&quot;,&quot;endTime&quot;:&quot;17:30&quot;}]},&quot;wednesday&quot;:{&quot;isWorkingOnDay&quot;:&quot;OFF&quot;,&quot;workHours&quot;:[{&quot;startTime&quot;:&quot;08:00&quot;,&quot;endTime&quot;:&quot;17:30&quot;}]},&quot;thursday&quot;:{&quot;isWorkingOnDay&quot;:&quot;OFF&quot;,&quot;workHours&quot;:[{&quot;startTime&quot;:&quot;08:00&quot;,&quot;endTime&quot;:&quot;17:30&quot;}]},&quot;friday&quot;:{&quot;isWorkingOnDay&quot;:&quot;OFF&quot;,&quot;workHours&quot;:[{&quot;startTime&quot;:&quot;08:00&quot;,&quot;endTime&quot;:&quot;17:30&quot;}]},&quot;saturday&quot;:{&quot;isWorkingOnDay&quot;:&quot;OFF&quot;,&quot;workHours&quot;:[{&quot;startTime&quot;:&quot;08:00&quot;,&quot;endTime&quot;:&quot;17:30&quot;}]}}},&quot;styles&quot;:{&quot;type&quot;:&quot;round&quot;,&quot;backgroundColor&quot;:&quot;#2DB742&quot;,&quot;textColor&quot;:&quot;#fff&quot;,&quot;label&quot;:&quot;Necesitas ayuda? Hablemos&quot;,&quot;width&quot;:300,&quot;height&quot;:64},&quot;avatar&quot;:&quot;https:\\\/\\\/nonamepublicidad.com\\\/wp-content\\\/uploads\\\/2022\\\/02\\\/logo_mnd_mi_nutricion_diaria.webp&quot;,&quot;options&quot;:{&quot;display&quot;:{&quot;displayCondition&quot;:&quot;showAllPage&quot;,&quot;includePages&quot;:[],&quot;excludePages&quot;:[],&quot;includePosts&quot;:[],&quot;showOnDesktop&quot;:&quot;ON&quot;,&quot;showOnMobile&quot;:&quot;ON&quot;,&quot;time_symbols&quot;:&quot;h:m&quot;},&quot;styles&quot;:{&quot;title&quot;:&quot;Start a Conversation&quot;,&quot;responseText&quot;:&quot;The team typically replies in a few minutes.&quot;,&quot;description&quot;:&quot;Hi! Click one of our member below to chat on &lt;strong&gt;WhatsApp&lt;\\\/strong&gt;&quot;,&quot;backgroundColor&quot;:&quot;#2db742&quot;,&quot;textColor&quot;:&quot;#fff&quot;,&quot;scrollHeight&quot;:500,&quot;isShowScroll&quot;:&quot;OFF&quot;,&quot;isShowResponseText&quot;:&quot;ON&quot;,&quot;isShowPoweredBy&quot;:&quot;ON&quot;,&quot;btnLabel&quot;:&quot;Need Help? &lt;strong&gt;Chat with us&lt;\\\/strong&gt;&quot;,&quot;btnLabelWidth&quot;:156,&quot;btnPosition&quot;:&quot;right&quot;,&quot;btnLeftDistance&quot;:30,&quot;btnRightDistance&quot;:30,&quot;btnBottomDistance&quot;:30,&quot;isShowBtnLabel&quot;:&quot;ON&quot;,&quot;isShowGDPR&quot;:&quot;OFF&quot;,&quot;gdprContent&quot;:&quot;Please accept our &lt;a href=\\&quot;https:\\\/\\\/ninjateam.org\\\/privacy-policy\\\/\\&quot;&gt;privacy policy&lt;\\\/a&gt; first to start a conversation.&quot;,&quot;widgetType&quot;:&quot;expandable&quot;},&quot;analytics&quot;:{&quot;enabledGoogle&quot;:&quot;OFF&quot;,&quot;enabledFacebook&quot;:&quot;OFF&quot;,&quot;enabledGoogleGA4&quot;:&quot;OFF&quot;}},&quot;gdprStatus&quot;:false,&quot;defaultAvatar&quot;:&quot;https:\\\/\\\/nonamepublicidad.com\\\/wp-content\\\/plugins\\\/whatsapp-for-wordpress\\\/assets\\\/img\\\/whatsapp_logo.svg&quot;}\"><\/div>\n<div style=\"visibility: hidden;\">efervescente, sue\u00f1o profundo, dormir bien, cero estr\u00e9s, relajaci\u00f3n, bebida efervescente, sabor a naranja, quinoa mag, quinua, magnesio, zinc, vitamina, vitaminas, mi nutrici\u00f3n diaria, mnd, salud, bienestar, nutrici\u00f3n, suplementos vitam\u00ednicos, suplemento vitam\u00ednico, sistema inmunol\u00f3gico fuerte, cuerpo sano, antioxidantes<\/div>\n","protected":false},"featured_media":10934,"comment_status":"open","ping_status":"closed","template":"","meta":[],"product_brand":[],"product_cat":[193,186],"product_tag":[2246,2229,2238,2227,2245,2226,2224,2233,2236,2237,2239,2231,2232,2228,2230,1063,2244,2225,2241,2240,2235,2242,2234],"class_list":{"0":"post-10937","1":"product","2":"type-product","3":"status-publish","4":"has-post-thumbnail","6":"product_cat-farmacia","7":"product_cat-salud-y-belleza","8":"product_tag-antioxidantes","9":"product_tag-bebida-efervescente","10":"product_tag-bienestar","11":"product_tag-cero-estres","12":"product_tag-cuerpo-sano","13":"product_tag-dormir-bien","14":"product_tag-efervescente","15":"product_tag-magnesio","16":"product_tag-mi-nutricion-diaria","17":"product_tag-mnd","18":"product_tag-nutricion","19":"product_tag-quinoa-mag","20":"product_tag-quinua","21":"product_tag-relajacion","22":"product_tag-sabor-a-naranja","23":"product_tag-salud","24":"product_tag-sistema-inmunologico-fuerte","25":"product_tag-sueno-profundo","26":"product_tag-suplemento-vitaminico","27":"product_tag-suplementos-vitaminicos","28":"product_tag-vitamina","29":"product_tag-vitaminas","30":"product_tag-zinc","32":"first","33":"outofstock","34":"virtual","35":"taxable","36":"purchasable","37":"product-type-simple"},"_links":{"self":[{"href":"https:\/\/nonamepublicidad.com\/en\/wp-json\/wp\/v2\/product\/10937","targetHints":{"allow":["GET"]}}],"collection":[{"href":"https:\/\/nonamepublicidad.com\/en\/wp-json\/wp\/v2\/product"}],"about":[{"href":"https:\/\/nonamepublicidad.com\/en\/wp-json\/wp\/v2\/types\/product"}],"replies":[{"embeddable":true,"href":"https:\/\/nonamepublicidad.com\/en\/wp-json\/wp\/v2\/comments?post=10937"}],"version-history":[{"count":0,"href":"https:\/\/nonamepublicidad.com\/en\/wp-json\/wp\/v2\/product\/10937\/revisions"}],"wp:featuredmedia":[{"embeddable":true,"href":"https:\/\/nonamepublicidad.com\/en\/wp-json\/wp\/v2\/media\/10934"}],"wp:attachment":[{"href":"https:\/\/nonamepublicidad.com\/en\/wp-json\/wp\/v2\/media?parent=10937"}],"wp:term":[{"taxonomy":"product_brand","embeddable":true,"href":"https:\/\/nonamepublicidad.com\/en\/wp-json\/wp\/v2\/product_brand?post=10937"},{"taxonomy":"product_cat","embeddable":true,"href":"https:\/\/nonamepublicidad.com\/en\/wp-json\/wp\/v2\/product_cat?post=10937"},{"taxonomy":"product_tag","embeddable":true,"href":"https:\/\/nonamepublicidad.com\/en\/wp-json\/wp\/v2\/product_tag?post=10937"}],"curies":[{"name":"wp","href":"https:\/\/api.w.org\/{rel}","templated":true}]}}