{"id":11006,"date":"2022-03-12T14:26:16","date_gmt":"2022-03-12T19:26:16","guid":{"rendered":"http:\/\/nonamepublicidad.com\/?post_type=product&#038;p=11006"},"modified":"2024-12-02T08:49:31","modified_gmt":"2024-12-02T13:49:31","slug":"spa-monica-cabrera","status":"publish","type":"product","link":"https:\/\/nonamepublicidad.com\/en\/product\/spa-monica-cabrera\/","title":{"rendered":"Spa M\u00f3nica Cabrera"},"content":{"rendered":"<p style=\"text-align: center;\"><iframe style=\"border: 0;\" src=\"https:\/\/www.google.com\/maps\/embed?pb=!1m18!1m12!1m3!1d3900.7334542421954!2d-76.99470524936368!3d-12.130381046722755!2m3!1f0!2f0!3f0!3m2!1i1024!2i768!4f13.1!3m3!1m2!1s0x9105c8192ddd530d%3A0xbe867f9e3e438dc7!2sMassage%20Spa%20M%C3%B3nica%20Cabrera!5e0!3m2!1ses-419!2spe!4v1647329125502!5m2!1ses-419!2spe\" width=\"600\" height=\"450\" allowfullscreen=\"allowfullscreen\"><\/iframe><\/p>\n<p>&nbsp;<\/p>\n<p><strong>Masajes<\/strong><\/p>\n<p>&nbsp;<\/p>\n<p><strong>Masaje Relajante<\/strong><\/p>\n<p>El Masaje Relajante del Spa M\u00f3nica Cabrera es el resultado de a\u00f1os de evaluaci\u00f3n y conversaci\u00f3n con los clientes, las caracter\u00edsticas de este masaje en cuanto a su lentitud, profundidad y t\u00e9cnica lo hacen un masaje \u00fanico capaz de lograr transmitir paz y tranquilidad emocional y f\u00edsica, una experiencia imperdible.<\/p>\n<p>Duraci\u00f3n \/ Time Costo \/ Cost<\/p>\n<p>60 minutos: S\/ 90<\/p>\n<p>GIFT CARD 90 minutos: S\/ 135<\/p>\n<p>120 minutos: S\/ 200<\/p>\n<p>&nbsp;<\/p>\n<p style=\"text-align: center;\"><iframe title=\"YouTube video player\" src=\"https:\/\/www.youtube.com\/embed\/nW6h9sy1gUQ\" width=\"560\" height=\"315\" frameborder=\"0\" allowfullscreen=\"allowfullscreen\"><\/iframe><\/p>\n<p>&nbsp;<\/p>\n<p><strong>Masaje Terap\u00e9utico<\/strong><\/p>\n<p>El Masaje Terap\u00e9utico est\u00e1 indicado para personas que presentan fuertes dolores musculares en alguna parte de su cuerpo acompa\u00f1ado de rigidez, dolor y limitaci\u00f3n muscular. Este tratamiento es una combinaci\u00f3n de t\u00e9cnicas de la fisioterapia, del Masaje Tailand\u00e9s y de Piedras Calientes, obteniendo como resultado la mejora inmediata del cliente. Caracter\u00edsticas: Es un masaje r\u00e1pido suave localizado donde vamos a usar agentes f\u00edsicos y combinaci\u00f3n de diferentes estilos.<\/p>\n<p>Duraci\u00f3n \/ Time Costo \/ Cost<\/p>\n<p>60 minutos: S\/ 90 soles<\/p>\n<p>90 minutos: S\/ 135 soles<\/p>\n<p>120 minutos: No se brinda en este estilo de masaje<\/p>\n<p>&nbsp;<\/p>\n<p style=\"text-align: center;\"><iframe title=\"YouTube video player\" src=\"https:\/\/www.youtube.com\/embed\/ZxCcrudcXAQ\" width=\"560\" height=\"315\" frameborder=\"0\" allowfullscreen=\"allowfullscreen\"><\/iframe><\/p>\n<p>&nbsp;<\/p>\n<p><strong>Masaje a los Pies<\/strong><\/p>\n<p>Es una t\u00e9cnica de masaje que consiste en aplicar t\u00e9cnicas de acupresi\u00f3n para aliviar los dolores de los pies. El pie los \u00f3rganos internos del cuerpo, es por eso que esta t\u00e9cnica de masaje tambi\u00e9n se llama reflexolog\u00eda podal, ya que al trabajar el pie indirectamente los \u00f3rganos internos del cuerpo generando un efecto de anestesia que alivia dolores.<\/p>\n<p>Duraci\u00f3n \/ Time Costo \/ Cost<\/p>\n<p>1 Hora S\/ 90 (Es el tiempo m\u00e1ximo de esta terapia)<\/p>\n<p>&nbsp;<\/p>\n<p style=\"text-align: center;\"><iframe title=\"YouTube video player\" src=\"https:\/\/www.youtube.com\/embed\/t0Q9hbBIHSo\" width=\"560\" height=\"315\" frameborder=\"0\" allowfullscreen=\"allowfullscreen\"><\/iframe><\/p>\n<p>&nbsp;<\/p>\n<p><strong>Masaje Ashiatsu<\/strong><\/p>\n<p>Este es un tratamiento en el cual en lugar de usar las manos se usan los pies. Es un masaje de mayor presi\u00f3n, pero no duele, se sueltan m\u00e1s r\u00e1pidamente las contracturas musculares y disminuye el estr\u00e9s.<\/p>\n<p>Es un masaje que logra enderezar la columna vertebral por lo cual ayuda a las personas que sufren de mala postura, es de resultado r\u00e1pido, es una experiencia que no se puede dejar de vivir.<\/p>\n<p>Duraci\u00f3n \/ Time Costo \/ Cost<\/p>\n<p>60 minutos: S\/ 90 soles<\/p>\n<p>90 minutos: S\/ 135 soles<\/p>\n<p>120 minutos: S\/ 200 soles<\/p>\n<p>&nbsp;<\/p>\n<p style=\"text-align: center;\"><iframe title=\"YouTube video player\" src=\"https:\/\/www.youtube.com\/embed\/GYCwFzPCQE8\" width=\"560\" height=\"315\" frameborder=\"0\" allowfullscreen=\"allowfullscreen\"><\/iframe><\/p>\n<p>&nbsp;<\/p>\n<p><strong>Masaje Tailand\u00e9s<\/strong><\/p>\n<p>El masaje tailand\u00e9s es una combinaci\u00f3n de Shiatsu y Yoga. Shiatsu es digito presi\u00f3n, se realiza con los dedos las palmas de la mano, codos, rodillas y pies, esta presi\u00f3n se hace en un punto fijo, ya que no se aplica aceite, este tratamiento se puede realizar encima de la ropa del cliente es mejor directamente al cuerpo.<\/p>\n<p>Y el yoga asistido son estiramientos donde el cliente no va a hacer ning\u00fan esfuerzo, el \u00fanico esfuerzo lo hace la terapista, estos estiramientos buscan relajar los m\u00fasculos y los tendones que tambi\u00e9n se ponen r\u00edgidos. El objetivo de este masaje es relajar y hacer que el cuerpo del cliente sea m\u00e1s flexible de lo que llego.<\/p>\n<p>Duraci\u00f3n \/Time Costo \/ Cost<\/p>\n<p>60 minutos: S\/ 90 soles<\/p>\n<p>90 minutos: S\/ 135 soles<\/p>\n<p>120 minutos: S\/ 200 soles<\/p>\n<p>&nbsp;<\/p>\n<p><strong>Masaje con Piedras Calientes<\/strong><\/p>\n<p>Este masaje es el perfecto tratamiento para tiempos de frio, se usa para soltar la tensi\u00f3n muscular, relaja la mente de manera inmediata adem\u00e1s genera en el cuerpo del cliente la activaci\u00f3n de la circulaci\u00f3n sangu\u00ednea.<\/p>\n<p>Duraci\u00f3n \/ Time Costo \/ Cost<\/p>\n<p>60 minutos: S\/ 90 soles<\/p>\n<p>90 minutos: S\/ 135 soles<\/p>\n<p>120 minutos: S\/ 200 soles<\/p>\n<p>&nbsp;<\/p>\n<p style=\"text-align: center;\"><iframe title=\"YouTube video player\" src=\"https:\/\/www.youtube.com\/embed\/WfYcc-Zk9vE\" width=\"560\" height=\"315\" frameborder=\"0\" allowfullscreen=\"allowfullscreen\"><\/iframe><\/p>\n<p>&nbsp;<\/p>\n<p><strong>Masaje con Ventosas<\/strong><\/p>\n<p>Es un masaje donde se aplica sobre el cuerpo aceite y luego las ventosas, estas se movilizan despegando la piel del m\u00fasculo, generan relajaci\u00f3n y disminuci\u00f3n del dolor este masaje es una agradable experiencia.<\/p>\n<p>Duraci\u00f3n \/ Time Costo \/ Cost<\/p>\n<p>60 minutos: S\/ 90 soles<\/p>\n<p>90 minutos: S\/ 135 soles<\/p>\n<p>120 minutos: S\/ 200 soles<\/p>\n<p>&nbsp;<\/p>\n<p style=\"text-align: center;\"><iframe title=\"YouTube video player\" src=\"https:\/\/www.youtube.com\/embed\/lovozXwXeEk\" width=\"560\" height=\"315\" frameborder=\"0\" allowfullscreen=\"allowfullscreen\"><\/iframe><\/p>\n<p>&nbsp;<\/p>\n<p><strong>Masaje con Cuenco Tibetano<\/strong><\/p>\n<p>Este masaje combina las cualidades de un masaje relajante con los sonidos del Cuenco Tibetano, Cuando el masajista hace vibrar el Cuenco Tibetano cerca del cuerpo del cliente, las vibraciones generan relajaci\u00f3n, paz y tranquilidad de una manera sorprendente, al final del masaje el cliente sentir\u00e1 una tranquilidad inimaginable.<\/p>\n<p>Duraci\u00f3n \/ Time Costo \/ Cost<\/p>\n<p>60 minutos: S\/ 90 soles<\/p>\n<p>90 minutos: S\/ 135 soles<\/p>\n<p>120 minutos: S\/ 200 soles<\/p>\n<p>&nbsp;<\/p>\n<p><strong>Masaje Mix<\/strong><\/p>\n<p>El masaje mix es un masaje donde se mezclan diferentes t\u00e9cnicas de masajes y se aplican seg\u00fan las necesidades del cuerpo, por ejemplo, si hay dolor, masaje terap\u00e9utico, si hay rigidez masaje tailand\u00e9s, si hay doler de pies reflexolog\u00eda podal, las combinaciones se hacen para que el resultado del masaje sea m\u00e1s efectivo, esta es una excelente experiencia.<\/p>\n<p>Duraci\u00f3n \/ Time Costo \/ Cost<\/p>\n<p>60 minutos: S\/ 90<\/p>\n<p>GIFT CARD 90 minutos: S\/ 135<\/p>\n<p>120 minutos: S\/ 200<\/p>\n<p>&nbsp;<\/p>\n<p><strong>Masaje para Parejas<\/strong><\/p>\n<p>El estr\u00e9s diario afecta de igual forma a hombres y mujeres, el estr\u00e9s de la vida diaria genera cortisol en el cuerpo que puede durar hasta 6 horas, esto es da\u00f1ino para la salud. Una manera ideal de eliminar el estr\u00e9s en la forma natural es tomar sesiones de masajes y si es en pareja mucho mejor.<\/p>\n<p>Duraci\u00f3n \/ Time Costo \/ Cost<\/p>\n<p>Costo: S\/ 180 Soles<\/p>\n<p>Duraci\u00f3n: 1 hora<\/p>\n<p>&nbsp;<\/p>\n<p><strong>Paquete Eucalipto 10 Horas de Masajes<\/strong><\/p>\n<p>Este paquete de masajes de 10 horas es una de las formas de las que puedes disfrutar de sesiones de masajes cuando t\u00fa lo decidas, escogiendo el d\u00eda y la hora de tu sesi\u00f3n.<\/p>\n<p>Costo: S\/ 900 Soles<\/p>\n<p>&nbsp;<\/p>\n<p><strong>Modalidades de Pago<\/strong><\/p>\n<p>BCP Banco de Cr\u00e9dito:<\/p>\n<p>19406025992059<\/p>\n<p>Interbancaria<\/p>\n<p>00219410602599205996<\/p>\n<p>A nombre de:<\/p>\n<p>M\u00f3nica Evelyn Cabrera Moreno<\/p>\n<p>&nbsp;<\/p>\n<p>Interbank:<\/p>\n<p>Cuenta Simple Soles en Interbank<\/p>\n<p>1073168688087<\/p>\n<p>Interbancario<\/p>\n<p>00310701316868808706<\/p>\n<p>A nombre de:<\/p>\n<p>M\u00f3nica Evelyn Cabrera Morena<\/p>\n<p>&nbsp;<\/p>\n<p><strong>Nota Importante:<\/strong> Toda compra de Gift Card en Per\u00fa se realizar\u00e1 \u00fanicamente a la cuenta de M\u00f3nica Cabrera v\u00eda transferencia bancaria.<\/p>","protected":false},"excerpt":{"rendered":"<p>M\u00f3nica Cabrera Spa es la mejor empresa de Masaje de todo el Per\u00fa, nuestra particular selecci\u00f3n de personal, nuestra exigencia en capacitaci\u00f3n y constante perfeccionamiento en los procesos de trabajo, hacen que podamos brindar un masaje y tratamientos faciales de alta calidad, un trato muy personalizado y de primer nivel a todos nuestros clientes es siempre nuestro objetivo.<\/p>\n<p>El rol que cumplimos es muy importante para combatir el estr\u00e9s y mejorar la salud. Nuestro compromiso es de servicio.<\/p>\n<p>Direcci\u00f3n: <a href=\"https:\/\/g.page\/Spamonicacabrera?share\" target=\"_blank\" rel=\"noopener\">Jr. Enrique Salazar Barreto 261 Urb. Vista Alegre &#8211; Santiago de Surco, Per\u00fa<\/a><\/p>\n<p>Horarios de atenci\u00f3n de Lunes a S\u00e1bados de 11 a.m. a 8 p.m.<\/p>\n<p>Domingos y Feriados cerrado<\/p>\n<p>Correo: <a href=\"mailto:contraestres@yahoo.com\">contraestres@yahoo.com<\/a><\/p>\n<p>Facebook: <a href=\"https:\/\/www.facebook.com\/spa.monicacabrera\/\" target=\"_blank\" rel=\"noopener\">spa.monicacabrera<\/a><\/p>\n<p>Instagram: <a href=\"https:\/\/www.instagram.com\/spamonicacabrera\/\" target=\"_blank\" rel=\"noopener\">spamonicacabrera<\/a><\/p>\n<p>YouTube: <a href=\"https:\/\/www.youtube.com\/channel\/UCj-_avkurCDSRu9G-LaC-4w\" target=\"_blank\" rel=\"noopener\">spa.monicacabrera<\/a><\/p>\n<p>Website: <a href=\"https:\/\/spamonicacabrera.com\/\" target=\"_blank\" rel=\"noopener\">Spa Monica Cabrera<\/a><\/p>\n<p>Solicitar cita al: <a href=\"tel:51970582768\">(+51) 970582768<\/a><\/p>\n<div class=\"nta_wa_button\" data-id=\"14141\" data-info=\"{&quot;name&quot;:&quot;Spa M\\u00f3nica Cabrera&quot;,&quot;info&quot;:{&quot;number&quot;:&quot;+51970582768&quot;,&quot;title&quot;:&quot;Spa M\\u00f3nica Cabrera | Tienda&quot;,&quot;predefinedText&quot;:&quot;Hola M\\u00f3nica Cabrera. Me gustar\\u00eda m\\u00e1s informaci\\u00f3n de [njwa_page_title] Este es el link [njwa_page_url]&quot;,&quot;willBeBackText&quot;:&quot;I will be back in [njwa_time_work]&quot;,&quot;dayOffsText&quot;:&quot;I will be back soon&quot;,&quot;isAlwaysAvailable&quot;:&quot;ON&quot;,&quot;daysOfWeekWorking&quot;:{&quot;sunday&quot;:{&quot;isWorkingOnDay&quot;:&quot;OFF&quot;,&quot;workHours&quot;:[{&quot;startTime&quot;:&quot;08:00&quot;,&quot;endTime&quot;:&quot;17:30&quot;}]},&quot;monday&quot;:{&quot;isWorkingOnDay&quot;:&quot;OFF&quot;,&quot;workHours&quot;:[{&quot;startTime&quot;:&quot;08:00&quot;,&quot;endTime&quot;:&quot;17:30&quot;}]},&quot;tuesday&quot;:{&quot;isWorkingOnDay&quot;:&quot;OFF&quot;,&quot;workHours&quot;:[{&quot;startTime&quot;:&quot;08:00&quot;,&quot;endTime&quot;:&quot;17:30&quot;}]},&quot;wednesday&quot;:{&quot;isWorkingOnDay&quot;:&quot;OFF&quot;,&quot;workHours&quot;:[{&quot;startTime&quot;:&quot;08:00&quot;,&quot;endTime&quot;:&quot;17:30&quot;}]},&quot;thursday&quot;:{&quot;isWorkingOnDay&quot;:&quot;OFF&quot;,&quot;workHours&quot;:[{&quot;startTime&quot;:&quot;08:00&quot;,&quot;endTime&quot;:&quot;17:30&quot;}]},&quot;friday&quot;:{&quot;isWorkingOnDay&quot;:&quot;OFF&quot;,&quot;workHours&quot;:[{&quot;startTime&quot;:&quot;08:00&quot;,&quot;endTime&quot;:&quot;17:30&quot;}]},&quot;saturday&quot;:{&quot;isWorkingOnDay&quot;:&quot;OFF&quot;,&quot;workHours&quot;:[{&quot;startTime&quot;:&quot;08:00&quot;,&quot;endTime&quot;:&quot;17:30&quot;}]}}},&quot;styles&quot;:{&quot;type&quot;:&quot;round&quot;,&quot;backgroundColor&quot;:&quot;#2DB742&quot;,&quot;textColor&quot;:&quot;#fff&quot;,&quot;label&quot;:&quot;Necesitas ayuda? Hablemos&quot;,&quot;width&quot;:300,&quot;height&quot;:64},&quot;avatar&quot;:&quot;https:\\\/\\\/nonamepublicidad.com\\\/wp-content\\\/uploads\\\/2022\\\/03\\\/spa_monica_cabrera_01.webp&quot;,&quot;options&quot;:{&quot;display&quot;:{&quot;displayCondition&quot;:&quot;showAllPage&quot;,&quot;includePages&quot;:[],&quot;excludePages&quot;:[],&quot;includePosts&quot;:[],&quot;showOnDesktop&quot;:&quot;ON&quot;,&quot;showOnMobile&quot;:&quot;ON&quot;,&quot;time_symbols&quot;:&quot;h:m&quot;},&quot;styles&quot;:{&quot;title&quot;:&quot;Start a Conversation&quot;,&quot;responseText&quot;:&quot;The team typically replies in a few minutes.&quot;,&quot;description&quot;:&quot;Hi! Click one of our member below to chat on &lt;strong&gt;WhatsApp&lt;\\\/strong&gt;&quot;,&quot;backgroundColor&quot;:&quot;#2db742&quot;,&quot;textColor&quot;:&quot;#fff&quot;,&quot;scrollHeight&quot;:500,&quot;isShowScroll&quot;:&quot;OFF&quot;,&quot;isShowResponseText&quot;:&quot;ON&quot;,&quot;isShowPoweredBy&quot;:&quot;ON&quot;,&quot;btnLabel&quot;:&quot;Need Help? &lt;strong&gt;Chat with us&lt;\\\/strong&gt;&quot;,&quot;btnLabelWidth&quot;:156,&quot;btnPosition&quot;:&quot;right&quot;,&quot;btnLeftDistance&quot;:30,&quot;btnRightDistance&quot;:30,&quot;btnBottomDistance&quot;:30,&quot;isShowBtnLabel&quot;:&quot;ON&quot;,&quot;isShowGDPR&quot;:&quot;OFF&quot;,&quot;gdprContent&quot;:&quot;Please accept our &lt;a href=\\&quot;https:\\\/\\\/ninjateam.org\\\/privacy-policy\\\/\\&quot;&gt;privacy policy&lt;\\\/a&gt; first to start a conversation.&quot;,&quot;widgetType&quot;:&quot;expandable&quot;},&quot;analytics&quot;:{&quot;enabledGoogle&quot;:&quot;OFF&quot;,&quot;enabledFacebook&quot;:&quot;OFF&quot;,&quot;enabledGoogleGA4&quot;:&quot;OFF&quot;}},&quot;gdprStatus&quot;:false,&quot;defaultAvatar&quot;:&quot;https:\\\/\\\/nonamepublicidad.com\\\/wp-content\\\/plugins\\\/whatsapp-for-wordpress\\\/assets\\\/img\\\/whatsapp_logo.svg&quot;}\"><\/div>\n<div style=\"visibility: hidden;\">masajes, masajes relajantes, masajes miraflores, masajes reductores, masajes lima, masajes terap\u00e9uticos, masajes relajantes lima, masajes descontracturantes lima, masajes en los pies, masajes a domicilio lima, servicio de masajes, servicio de masajes en lima, servicio de masajes descontracturantes, servicio de masajes terap\u00e9uticos, servicio de masajes cerca de mi<\/div>\n","protected":false},"featured_media":11005,"comment_status":"open","ping_status":"closed","template":"","meta":[],"product_brand":[],"product_cat":[2275,186],"product_tag":[2276,2285,2283,2284,2280,2278,2279,2277,2282,2281,2286,2290,2288,2287,2289],"class_list":{"0":"post-11006","1":"product","2":"type-product","3":"status-publish","4":"has-post-thumbnail","6":"product_cat-masajes","7":"product_cat-salud-y-belleza","8":"product_tag-masajes","9":"product_tag-masajes-a-domicilio-lima","10":"product_tag-masajes-descontracturantes-lima","11":"product_tag-masajes-en-los-pies","12":"product_tag-masajes-lima","13":"product_tag-masajes-miraflores","14":"product_tag-masajes-reductores","15":"product_tag-masajes-relajantes","16":"product_tag-masajes-relajantes-lima","17":"product_tag-masajes-terapeuticos","18":"product_tag-servicio-de-masajes","19":"product_tag-servicio-de-masajes-cerca-de-mi","20":"product_tag-servicio-de-masajes-descontracturantes","21":"product_tag-servicio-de-masajes-en-lima","22":"product_tag-servicio-de-masajes-terapeuticos","24":"first","25":"instock","26":"virtual","27":"taxable","28":"product-type-simple"},"_links":{"self":[{"href":"https:\/\/nonamepublicidad.com\/en\/wp-json\/wp\/v2\/product\/11006","targetHints":{"allow":["GET"]}}],"collection":[{"href":"https:\/\/nonamepublicidad.com\/en\/wp-json\/wp\/v2\/product"}],"about":[{"href":"https:\/\/nonamepublicidad.com\/en\/wp-json\/wp\/v2\/types\/product"}],"replies":[{"embeddable":true,"href":"https:\/\/nonamepublicidad.com\/en\/wp-json\/wp\/v2\/comments?post=11006"}],"version-history":[{"count":0,"href":"https:\/\/nonamepublicidad.com\/en\/wp-json\/wp\/v2\/product\/11006\/revisions"}],"wp:featuredmedia":[{"embeddable":true,"href":"https:\/\/nonamepublicidad.com\/en\/wp-json\/wp\/v2\/media\/11005"}],"wp:attachment":[{"href":"https:\/\/nonamepublicidad.com\/en\/wp-json\/wp\/v2\/media?parent=11006"}],"wp:term":[{"taxonomy":"product_brand","embeddable":true,"href":"https:\/\/nonamepublicidad.com\/en\/wp-json\/wp\/v2\/product_brand?post=11006"},{"taxonomy":"product_cat","embeddable":true,"href":"https:\/\/nonamepublicidad.com\/en\/wp-json\/wp\/v2\/product_cat?post=11006"},{"taxonomy":"product_tag","embeddable":true,"href":"https:\/\/nonamepublicidad.com\/en\/wp-json\/wp\/v2\/product_tag?post=11006"}],"curies":[{"name":"wp","href":"https:\/\/api.w.org\/{rel}","templated":true}]}}