{"id":11036,"date":"2022-03-16T09:01:43","date_gmt":"2022-03-16T14:01:43","guid":{"rendered":"http:\/\/nonamepublicidad.com\/?post_type=product&#038;p=11036"},"modified":"2024-12-02T08:49:31","modified_gmt":"2024-12-02T13:49:31","slug":"hostal-huacachina-sunset","status":"publish","type":"product","link":"https:\/\/nonamepublicidad.com\/en\/product\/hostal-huacachina-sunset\/","title":{"rendered":"Hostal Huacachina Sunset"},"content":{"rendered":"<p style=\"text-align: center;\"><iframe title=\"YouTube video player\" src=\"https:\/\/www.youtube.com\/embed\/6Qpvg9Euytc\" width=\"560\" height=\"315\" frameborder=\"0\" allowfullscreen=\"allowfullscreen\"><\/iframe><\/p>\n<p>&nbsp;<\/p>\n<p style=\"text-align: center;\"><iframe style=\"border: 0;\" src=\"https:\/\/www.google.com\/maps\/embed?pb=!1m18!1m12!1m3!1d2235.581855081429!2d-75.76170709675837!3d-14.089759331160794!2m3!1f0!2f0!3f0!3m2!1i1024!2i768!4f13.1!3m3!1m2!1s0x9110e300ff31a041%3A0xf0921de97bddabee!2sHostal%20Huacachina%20Sunset!5e0!3m2!1ses-419!2spe!4v1647393523378!5m2!1ses-419!2spe\" width=\"600\" height=\"450\" allowfullscreen=\"allowfullscreen\"><\/iframe><\/p>","protected":false},"excerpt":{"rendered":"<p>Hostal Huacachina Sunset ofrece la ubicaci\u00f3n ideal para descubrir y disfrutar de la magia y la belleza de Huacachina.<\/p>\n<p>Este peque\u00f1o hostal con un ambiente acogedor ofrece a sus hu\u00e9spedes una experiencia inolvidable, desde su ubicaci\u00f3n conveniente alrededor de la hermosa laguna y las dunas de Huacachina hasta su restaurante y servicio de bar con comidas y bebidas peruanas.<\/p>\n<p>Desde la tierra del sol eterno en Huacachina Sunset siempre estamos atentos a cumplir con todas sus necesidades y a darles la mejor atenci\u00f3n.<\/p>\n<ul>\n<li>Habitaciones con ba\u00f1o privado<\/li>\n<li>Terraza con vista al oasis<\/li>\n<li>Piscina<\/li>\n<li>Bar &#8211; Restaurante<\/li>\n<li>Sal\u00f3n con vista a las dunas<\/li>\n<li>TV sal\u00f3n<\/li>\n<li>Wifi<\/li>\n<li>Lavander\u00eda<\/li>\n<li>Agua caliente<\/li>\n<li>Informaci\u00f3n tur\u00edstica<\/li>\n<li>Imagen referencial<\/li>\n<\/ul>\n<p>Direcci\u00f3n: <a href=\"https:\/\/goo.gl\/maps\/aJXtL2j3EptZ9MHm7\" target=\"_blank\" rel=\"noopener\">Balneario De Huacachina 11000 Ica, Per\u00fa.<\/a><\/p>\n<p>Facebook: <a href=\"https:\/\/www.facebook.com\/HuacachinaSunsetHostal\/\" target=\"_blank\" rel=\"noopener\">HuacachinaSunsetHostal<\/a><\/p>\n<p>Instagram: <a href=\"https:\/\/www.instagram.com\/hostalhuacachinasunset\/\" target=\"_blank\" rel=\"noopener\">hostalhuacachinasunset<\/a><\/p>\n<p>YouTube: <a href=\"https:\/\/www.youtube.com\/channel\/UC6bwPxBGnOfwTSy3v1zS5-w\/featured\" target=\"_blank\" rel=\"noopener\">Huacachina Sunset EIRL<\/a><\/p>\n<p>Web: <a href=\"http:\/\/www.hostalhuacachinasunset.com\/\" target=\"_blank\" rel=\"noopener\">hostalhuacachinasunset.com<\/a><\/p>\n<p>Correo: <a href=\"mailto:info@hostalhuacachinasunset.com\" target=\"_blank\" rel=\"noopener\">info@hostalhuacachinasunset.com<\/a><\/p>\n<p>Contacto: Dora Mar\u00eda Simeon Espinoza<\/p>\n<p>Reservas al: <a href=\"tel:51966663929\">(+51) 966663929<\/a> | <a href=\"tel:056214870\">(+51) (056)214870<\/a><\/p>\n<div class=\"nta_wa_button\" data-id=\"14139\" data-info=\"{&quot;name&quot;:&quot;Hostal Huacachina Sunset&quot;,&quot;info&quot;:{&quot;number&quot;:&quot;+51966663929&quot;,&quot;title&quot;:&quot;Hostal Huacachina Sunset | Tienda&quot;,&quot;predefinedText&quot;:&quot;Hola Hostal Huacachina Sunset. Me gustar\\u00eda m\\u00e1s informaci\\u00f3n de [njwa_page_title] Este es el link [njwa_page_url]&quot;,&quot;willBeBackText&quot;:&quot;I will be back in [njwa_time_work]&quot;,&quot;dayOffsText&quot;:&quot;I will be back soon&quot;,&quot;isAlwaysAvailable&quot;:&quot;ON&quot;,&quot;daysOfWeekWorking&quot;:{&quot;sunday&quot;:{&quot;isWorkingOnDay&quot;:&quot;OFF&quot;,&quot;workHours&quot;:[{&quot;startTime&quot;:&quot;08:00&quot;,&quot;endTime&quot;:&quot;17:30&quot;}]},&quot;monday&quot;:{&quot;isWorkingOnDay&quot;:&quot;OFF&quot;,&quot;workHours&quot;:[{&quot;startTime&quot;:&quot;08:00&quot;,&quot;endTime&quot;:&quot;17:30&quot;}]},&quot;tuesday&quot;:{&quot;isWorkingOnDay&quot;:&quot;OFF&quot;,&quot;workHours&quot;:[{&quot;startTime&quot;:&quot;08:00&quot;,&quot;endTime&quot;:&quot;17:30&quot;}]},&quot;wednesday&quot;:{&quot;isWorkingOnDay&quot;:&quot;OFF&quot;,&quot;workHours&quot;:[{&quot;startTime&quot;:&quot;08:00&quot;,&quot;endTime&quot;:&quot;17:30&quot;}]},&quot;thursday&quot;:{&quot;isWorkingOnDay&quot;:&quot;OFF&quot;,&quot;workHours&quot;:[{&quot;startTime&quot;:&quot;08:00&quot;,&quot;endTime&quot;:&quot;17:30&quot;}]},&quot;friday&quot;:{&quot;isWorkingOnDay&quot;:&quot;OFF&quot;,&quot;workHours&quot;:[{&quot;startTime&quot;:&quot;08:00&quot;,&quot;endTime&quot;:&quot;17:30&quot;}]},&quot;saturday&quot;:{&quot;isWorkingOnDay&quot;:&quot;OFF&quot;,&quot;workHours&quot;:[{&quot;startTime&quot;:&quot;08:00&quot;,&quot;endTime&quot;:&quot;17:30&quot;}]}}},&quot;styles&quot;:{&quot;type&quot;:&quot;round&quot;,&quot;backgroundColor&quot;:&quot;#2DB742&quot;,&quot;textColor&quot;:&quot;#fff&quot;,&quot;label&quot;:&quot;Necesitas ayuda? Hablemos&quot;,&quot;width&quot;:300,&quot;height&quot;:64},&quot;avatar&quot;:&quot;https:\\\/\\\/nonamepublicidad.com\\\/wp-content\\\/uploads\\\/2022\\\/03\\\/hostal_huacachina_sunset_ica_peru_01.webp&quot;,&quot;options&quot;:{&quot;display&quot;:{&quot;displayCondition&quot;:&quot;showAllPage&quot;,&quot;includePages&quot;:[],&quot;excludePages&quot;:[],&quot;includePosts&quot;:[],&quot;showOnDesktop&quot;:&quot;ON&quot;,&quot;showOnMobile&quot;:&quot;ON&quot;,&quot;time_symbols&quot;:&quot;h:m&quot;},&quot;styles&quot;:{&quot;title&quot;:&quot;Start a Conversation&quot;,&quot;responseText&quot;:&quot;The team typically replies in a few minutes.&quot;,&quot;description&quot;:&quot;Hi! Click one of our member below to chat on &lt;strong&gt;WhatsApp&lt;\\\/strong&gt;&quot;,&quot;backgroundColor&quot;:&quot;#2db742&quot;,&quot;textColor&quot;:&quot;#fff&quot;,&quot;scrollHeight&quot;:500,&quot;isShowScroll&quot;:&quot;OFF&quot;,&quot;isShowResponseText&quot;:&quot;ON&quot;,&quot;isShowPoweredBy&quot;:&quot;ON&quot;,&quot;btnLabel&quot;:&quot;Need Help? &lt;strong&gt;Chat with us&lt;\\\/strong&gt;&quot;,&quot;btnLabelWidth&quot;:156,&quot;btnPosition&quot;:&quot;right&quot;,&quot;btnLeftDistance&quot;:30,&quot;btnRightDistance&quot;:30,&quot;btnBottomDistance&quot;:30,&quot;isShowBtnLabel&quot;:&quot;ON&quot;,&quot;isShowGDPR&quot;:&quot;OFF&quot;,&quot;gdprContent&quot;:&quot;Please accept our &lt;a href=\\&quot;https:\\\/\\\/ninjateam.org\\\/privacy-policy\\\/\\&quot;&gt;privacy policy&lt;\\\/a&gt; first to start a conversation.&quot;,&quot;widgetType&quot;:&quot;expandable&quot;},&quot;analytics&quot;:{&quot;enabledGoogle&quot;:&quot;OFF&quot;,&quot;enabledFacebook&quot;:&quot;OFF&quot;,&quot;enabledGoogleGA4&quot;:&quot;OFF&quot;}},&quot;gdprStatus&quot;:false,&quot;defaultAvatar&quot;:&quot;https:\\\/\\\/nonamepublicidad.com\\\/wp-content\\\/plugins\\\/whatsapp-for-wordpress\\\/assets\\\/img\\\/whatsapp_logo.svg&quot;}\"><\/div>\n<div style=\"visibility: hidden;\">complejo hotelero, restaurante, hotel, ica, huacachina, turismo, aventura, per\u00fa, diversi\u00f3n, vacaciones, hostal, piscina, dunas, hospedaje, turismo en per\u00fa, recreo, huacachina ica, huacachina hoteles, huacachina tours, huacachina peru, turismo de aventura, turismo de aventura en el peru<\/div>\n","protected":false},"featured_media":11025,"comment_status":"open","ping_status":"closed","template":"","meta":[],"product_brand":[],"product_cat":[166,177],"product_tag":[2295,2291,2296,2300,1675,2298,2292,2294,2302,2301,2304,2303,2293,1593,2299,1673,882,1587,2305,2306,1676,2297],"class_list":{"0":"post-11036","1":"product","2":"type-product","3":"status-publish","4":"has-post-thumbnail","6":"product_cat-servicios","7":"product_cat-viajes-y-turismo","8":"product_tag-aventura","9":"product_tag-complejo-hotelero","10":"product_tag-diversion","11":"product_tag-dunas","12":"product_tag-hospedaje","13":"product_tag-hostal","14":"product_tag-hotel","15":"product_tag-huacachina","16":"product_tag-huacachina-hoteles","17":"product_tag-huacachina-ica","18":"product_tag-huacachina-peru","19":"product_tag-huacachina-tours","20":"product_tag-ica","21":"product_tag-peru","22":"product_tag-piscina","23":"product_tag-recreo","24":"product_tag-restaurante","25":"product_tag-turismo","26":"product_tag-turismo-de-aventura","27":"product_tag-turismo-de-aventura-en-el-peru","28":"product_tag-turismo-en-peru","29":"product_tag-vacaciones","31":"first","32":"instock","33":"virtual","34":"taxable","35":"product-type-simple"},"_links":{"self":[{"href":"https:\/\/nonamepublicidad.com\/en\/wp-json\/wp\/v2\/product\/11036","targetHints":{"allow":["GET"]}}],"collection":[{"href":"https:\/\/nonamepublicidad.com\/en\/wp-json\/wp\/v2\/product"}],"about":[{"href":"https:\/\/nonamepublicidad.com\/en\/wp-json\/wp\/v2\/types\/product"}],"replies":[{"embeddable":true,"href":"https:\/\/nonamepublicidad.com\/en\/wp-json\/wp\/v2\/comments?post=11036"}],"version-history":[{"count":0,"href":"https:\/\/nonamepublicidad.com\/en\/wp-json\/wp\/v2\/product\/11036\/revisions"}],"wp:featuredmedia":[{"embeddable":true,"href":"https:\/\/nonamepublicidad.com\/en\/wp-json\/wp\/v2\/media\/11025"}],"wp:attachment":[{"href":"https:\/\/nonamepublicidad.com\/en\/wp-json\/wp\/v2\/media?parent=11036"}],"wp:term":[{"taxonomy":"product_brand","embeddable":true,"href":"https:\/\/nonamepublicidad.com\/en\/wp-json\/wp\/v2\/product_brand?post=11036"},{"taxonomy":"product_cat","embeddable":true,"href":"https:\/\/nonamepublicidad.com\/en\/wp-json\/wp\/v2\/product_cat?post=11036"},{"taxonomy":"product_tag","embeddable":true,"href":"https:\/\/nonamepublicidad.com\/en\/wp-json\/wp\/v2\/product_tag?post=11036"}],"curies":[{"name":"wp","href":"https:\/\/api.w.org\/{rel}","templated":true}]}}