{"id":11113,"date":"2022-03-23T11:10:51","date_gmt":"2022-03-23T16:10:51","guid":{"rendered":"http:\/\/nonamepublicidad.com\/?post_type=product&#038;p=11113"},"modified":"2024-12-02T08:49:31","modified_gmt":"2024-12-02T13:49:31","slug":"guia-pasos-selva-central-peru","status":"publish","type":"product","link":"https:\/\/nonamepublicidad.com\/en\/product\/guia-pasos-selva-central-peru\/","title":{"rendered":"Gu\u00eda Pasos Selva Central Per\u00fa"},"content":{"rendered":"<p><strong>Turismo Convencional<\/strong><\/p>\n<p>Oxapampa<\/p>\n<p>Catarata R\u00edo Tigre<\/p>\n<p>Chontabamba<\/p>\n<p>Villa Rica<\/p>\n<p>Pozuzo<\/p>\n<p>Chanchamayo<\/p>\n<p>Valle del Perene<\/p>\n<p>&nbsp;<\/p>\n<p><strong>Turismo de Aventura<\/strong><\/p>\n<p>Oxapampa<\/p>\n<p>Campamento en Pozuzo<\/p>\n<p>Campamento en Huampal Parque Nacional Yanachaga Chemillen<\/p>\n<p>Trekking en San Alberto Parque Nacional Yanachaga Chemillen<\/p>\n<p>R\u00edo Tigre Rappel 35m<\/p>\n<p>Chanchamayo<\/p>\n<p>Catarata Las Reinas Rappel 35m<\/p>\n<p>&nbsp;<\/p>\n<p><img fetchpriority=\"high\" decoding=\"async\" class=\"aligncenter wp-image-11112 size-full\" src=\"http:\/\/nonamepublicidad.com\/wp-content\/uploads\/2022\/03\/parque_nacional_yanachaga.webp\" alt=\"Parque Nacional Yanachaga\" width=\"500\" height=\"500\" srcset=\"https:\/\/nonamepublicidad.com\/wp-content\/uploads\/2022\/03\/parque_nacional_yanachaga.webp 500w, https:\/\/nonamepublicidad.com\/wp-content\/uploads\/2022\/03\/parque_nacional_yanachaga-400x400.webp 400w\" sizes=\"(max-width: 500px) 100vw, 500px\" \/><\/p>\n<p><img decoding=\"async\" class=\"aligncenter wp-image-11111 size-full\" src=\"http:\/\/nonamepublicidad.com\/wp-content\/uploads\/2022\/03\/canyoning_la_merced_chanchamayo.webp\" alt=\"Canyoning La Merced Chanchamayo\" width=\"500\" height=\"500\" srcset=\"https:\/\/nonamepublicidad.com\/wp-content\/uploads\/2022\/03\/canyoning_la_merced_chanchamayo.webp 500w, https:\/\/nonamepublicidad.com\/wp-content\/uploads\/2022\/03\/canyoning_la_merced_chanchamayo-400x400.webp 400w\" sizes=\"(max-width: 500px) 100vw, 500px\" \/><\/p>\n<p><img decoding=\"async\" class=\"aligncenter wp-image-11110 size-full\" src=\"http:\/\/nonamepublicidad.com\/wp-content\/uploads\/2022\/03\/reserva_de_biosfera_oxapampa.webp\" alt=\"Reserva de Biosfera Oxapampa\" width=\"500\" height=\"500\" srcset=\"https:\/\/nonamepublicidad.com\/wp-content\/uploads\/2022\/03\/reserva_de_biosfera_oxapampa.webp 500w, https:\/\/nonamepublicidad.com\/wp-content\/uploads\/2022\/03\/reserva_de_biosfera_oxapampa-400x400.webp 400w\" sizes=\"(max-width: 500px) 100vw, 500px\" \/><\/p>\n<p><img loading=\"lazy\" decoding=\"async\" class=\"aligncenter wp-image-11109 size-full\" src=\"http:\/\/nonamepublicidad.com\/wp-content\/uploads\/2022\/03\/cultura_cafetera_villa_rica.webp\" alt=\"Cultura Cafetera Villa Rica\" width=\"500\" height=\"500\" srcset=\"https:\/\/nonamepublicidad.com\/wp-content\/uploads\/2022\/03\/cultura_cafetera_villa_rica.webp 500w, https:\/\/nonamepublicidad.com\/wp-content\/uploads\/2022\/03\/cultura_cafetera_villa_rica-400x400.webp 400w\" sizes=\"(max-width: 500px) 100vw, 500px\" \/><\/p>\n<p><img loading=\"lazy\" decoding=\"async\" class=\"aligncenter wp-image-11108 size-full\" src=\"http:\/\/nonamepublicidad.com\/wp-content\/uploads\/2022\/03\/colonia_austro_alemana_pozuzo.webp\" alt=\"Colonia Austro Alemana Pozuzo\" width=\"500\" height=\"500\" srcset=\"https:\/\/nonamepublicidad.com\/wp-content\/uploads\/2022\/03\/colonia_austro_alemana_pozuzo.webp 500w, https:\/\/nonamepublicidad.com\/wp-content\/uploads\/2022\/03\/colonia_austro_alemana_pozuzo-400x400.webp 400w\" sizes=\"(max-width: 500px) 100vw, 500px\" \/><\/p>\n<p><img loading=\"lazy\" decoding=\"async\" class=\"aligncenter wp-image-11107 size-full\" src=\"http:\/\/nonamepublicidad.com\/wp-content\/uploads\/2022\/03\/valle_del_perene.webp\" alt=\"Valle del Perene\" width=\"500\" height=\"500\" srcset=\"https:\/\/nonamepublicidad.com\/wp-content\/uploads\/2022\/03\/valle_del_perene.webp 500w, https:\/\/nonamepublicidad.com\/wp-content\/uploads\/2022\/03\/valle_del_perene-400x400.webp 400w\" sizes=\"(max-width: 500px) 100vw, 500px\" \/><\/p>","protected":false},"excerpt":{"rendered":"<p>Somos operadores de tur\u00edsticos en la selva central del Per\u00fa, con m\u00e1s de 7 a\u00f1os de experiencia en la Regi\u00f3n Pasco y Regi\u00f3n Jun\u00edn, junto a profesionales de la zona hemos organizado las rutas de aventuras, visitas y turismo de Oxapampa, Chanchamayo, Satipo, Huancayo, Tarma, entre otros.<\/p>\n<p>Priorizando su tiempo y creando experiencias \u00fanicas en sus viajes.<\/p>\n<p>Nos respaldan: Tunki Lodge, Caba\u00f1as Hassinger Ranch, Posada Edelweiss, Treff Lodge Hotel, Hospedaje Alva, Casa de Campo San Francisco.<\/p>\n<p>Direcci\u00f3n: Av. Tomas Schaus S\/N. 5ta. cuadra a la espalda de EsSalud &#8211; Oxapampa<\/p>\n<p>Facebook: <a href=\"https:\/\/www.facebook.com\/CaminataSelvaViajesAventuraOxapampaChanchamayo\" target=\"_blank\" rel=\"noopener\">Gu\u00eda Pasos<\/a><\/p>\n<p>Correo: <a href=\"mailto:pasosguia@gmail.com\" target=\"_blank\" rel=\"noopener\">pasosguia@gmail.com<\/a><\/p>\n<p>Imagen referencial<\/p>\n<p>Contacto: D. Wilmer Ochoa Atalaya<\/p>\n<p>Consultas al: <a href=\"tel:+51987872181\">(+51) 987872181<\/a><\/p>\n<div class=\"nta_wa_button\" data-id=\"14028\" data-info=\"{&quot;name&quot;:&quot;Gu\\u00eda Pasos Selva Central Per\\u00fa&quot;,&quot;info&quot;:{&quot;number&quot;:&quot;+51987872181&quot;,&quot;title&quot;:&quot;Gu\\u00eda Pasos Selva Central Per\\u00fa | Tienda&quot;,&quot;predefinedText&quot;:&quot;Hola Wilmer. Me gustar\\u00eda m\\u00e1s informaci\\u00f3n de [njwa_page_title] Este es el link [njwa_page_url]&quot;,&quot;willBeBackText&quot;:&quot;I will be back in [njwa_time_work]&quot;,&quot;dayOffsText&quot;:&quot;I will be back soon&quot;,&quot;isAlwaysAvailable&quot;:&quot;ON&quot;,&quot;daysOfWeekWorking&quot;:{&quot;sunday&quot;:{&quot;isWorkingOnDay&quot;:&quot;OFF&quot;,&quot;workHours&quot;:[{&quot;startTime&quot;:&quot;08:00&quot;,&quot;endTime&quot;:&quot;17:30&quot;}]},&quot;monday&quot;:{&quot;isWorkingOnDay&quot;:&quot;OFF&quot;,&quot;workHours&quot;:[{&quot;startTime&quot;:&quot;08:00&quot;,&quot;endTime&quot;:&quot;17:30&quot;}]},&quot;tuesday&quot;:{&quot;isWorkingOnDay&quot;:&quot;OFF&quot;,&quot;workHours&quot;:[{&quot;startTime&quot;:&quot;08:00&quot;,&quot;endTime&quot;:&quot;17:30&quot;}]},&quot;wednesday&quot;:{&quot;isWorkingOnDay&quot;:&quot;OFF&quot;,&quot;workHours&quot;:[{&quot;startTime&quot;:&quot;08:00&quot;,&quot;endTime&quot;:&quot;17:30&quot;}]},&quot;thursday&quot;:{&quot;isWorkingOnDay&quot;:&quot;OFF&quot;,&quot;workHours&quot;:[{&quot;startTime&quot;:&quot;08:00&quot;,&quot;endTime&quot;:&quot;17:30&quot;}]},&quot;friday&quot;:{&quot;isWorkingOnDay&quot;:&quot;OFF&quot;,&quot;workHours&quot;:[{&quot;startTime&quot;:&quot;08:00&quot;,&quot;endTime&quot;:&quot;17:30&quot;}]},&quot;saturday&quot;:{&quot;isWorkingOnDay&quot;:&quot;OFF&quot;,&quot;workHours&quot;:[{&quot;startTime&quot;:&quot;08:00&quot;,&quot;endTime&quot;:&quot;17:30&quot;}]}}},&quot;styles&quot;:{&quot;type&quot;:&quot;round&quot;,&quot;backgroundColor&quot;:&quot;#2DB742&quot;,&quot;textColor&quot;:&quot;#fff&quot;,&quot;label&quot;:&quot;Necesitas ayuda? Hablemos&quot;,&quot;width&quot;:300,&quot;height&quot;:64},&quot;avatar&quot;:&quot;https:\\\/\\\/nonamepublicidad.com\\\/wp-content\\\/uploads\\\/2022\\\/03\\\/guia_pasos_selva_central_peru_01.webp&quot;,&quot;options&quot;:{&quot;display&quot;:{&quot;displayCondition&quot;:&quot;showAllPage&quot;,&quot;includePages&quot;:[],&quot;excludePages&quot;:[],&quot;includePosts&quot;:[],&quot;showOnDesktop&quot;:&quot;ON&quot;,&quot;showOnMobile&quot;:&quot;ON&quot;,&quot;time_symbols&quot;:&quot;h:m&quot;},&quot;styles&quot;:{&quot;title&quot;:&quot;Start a Conversation&quot;,&quot;responseText&quot;:&quot;The team typically replies in a few minutes.&quot;,&quot;description&quot;:&quot;Hi! Click one of our member below to chat on &lt;strong&gt;WhatsApp&lt;\\\/strong&gt;&quot;,&quot;backgroundColor&quot;:&quot;#2db742&quot;,&quot;textColor&quot;:&quot;#fff&quot;,&quot;scrollHeight&quot;:500,&quot;isShowScroll&quot;:&quot;OFF&quot;,&quot;isShowResponseText&quot;:&quot;ON&quot;,&quot;isShowPoweredBy&quot;:&quot;ON&quot;,&quot;btnLabel&quot;:&quot;Need Help? &lt;strong&gt;Chat with us&lt;\\\/strong&gt;&quot;,&quot;btnLabelWidth&quot;:156,&quot;btnPosition&quot;:&quot;right&quot;,&quot;btnLeftDistance&quot;:30,&quot;btnRightDistance&quot;:30,&quot;btnBottomDistance&quot;:30,&quot;isShowBtnLabel&quot;:&quot;ON&quot;,&quot;isShowGDPR&quot;:&quot;OFF&quot;,&quot;gdprContent&quot;:&quot;Please accept our &lt;a href=\\&quot;https:\\\/\\\/ninjateam.org\\\/privacy-policy\\\/\\&quot;&gt;privacy policy&lt;\\\/a&gt; first to start a conversation.&quot;,&quot;widgetType&quot;:&quot;expandable&quot;},&quot;analytics&quot;:{&quot;enabledGoogle&quot;:&quot;OFF&quot;,&quot;enabledFacebook&quot;:&quot;OFF&quot;,&quot;enabledGoogleGA4&quot;:&quot;OFF&quot;}},&quot;gdprStatus&quot;:false,&quot;defaultAvatar&quot;:&quot;https:\\\/\\\/nonamepublicidad.com\\\/wp-content\\\/plugins\\\/whatsapp-for-wordpress\\\/assets\\\/img\\\/whatsapp_logo.svg&quot;}\"><\/div>\n<div style=\"visibility: hidden;\">operador tur\u00edstico, agencia de ecoturismo, gu\u00eda de turismo, caminata, trekking, selva, selva central del per\u00fa, viajes, aventura, oxapampa, chanchamayo, reserva de biosfera oxapampa, canyoning la merced chanchamayo, parque nacional yanachaga, restaurant t\u00edpico prusia, gu\u00eda pasos selva central per\u00fa, valle del perene, tour selva central per\u00fa, oxa, satipo, huancayo, tarma, parque nacional yanachaga chemillen, pozuzo, villa rica, chontabamba, region pasco y region junin, agencia de turismo, agencia de viajes, centro de informaci\u00f3n tur\u00edstica, circuito tur\u00edstico, lugares tur\u00edsticos, tour, tours, turismo<\/div>\n","protected":false},"featured_media":11101,"comment_status":"open","ping_status":"closed","template":"","meta":[],"product_brand":[],"product_cat":[166,177],"product_tag":[2328,1586,2319,2295,2330,2333,2320,1018,1596,1595,2329,2336,2341,2345,2327,2339,1594,2334,2343,1598,2344,2332,2335,2340,1591,1019,2342,1588,2338,1589,2331,1587,2337,1590,1599],"class_list":{"0":"post-11113","1":"product","2":"type-product","3":"status-publish","4":"has-post-thumbnail","6":"product_cat-servicios","7":"product_cat-viajes-y-turismo","8":"product_tag-agencia-de-ecoturismo","9":"product_tag-agencia-de-turismo","10":"product_tag-agencia-de-viajes","11":"product_tag-aventura","12":"product_tag-caminata","13":"product_tag-canyoning-la-merced-chanchamayo","14":"product_tag-centro-de-informacion-turistica","15":"product_tag-chanchamayo","16":"product_tag-chontabamba","17":"product_tag-circuito-turistico","18":"product_tag-guia-de-turismo","19":"product_tag-guia-pasos-selva-central-peru","20":"product_tag-huancayo","21":"product_tag-lugares-turisticos","22":"product_tag-operador-turistico","23":"product_tag-oxa","24":"product_tag-oxapampa","25":"product_tag-parque-nacional-yanachaga","26":"product_tag-parque-nacional-yanachaga-chemillen","27":"product_tag-pozuzo","28":"product_tag-region-pasco-y-region-junin","29":"product_tag-reserva-de-biosfera-oxapampa","30":"product_tag-restaurant-tipico-prusia","31":"product_tag-satipo","32":"product_tag-selva","33":"product_tag-selva-central-del-peru","34":"product_tag-tarma","35":"product_tag-tour","36":"product_tag-tour-selva-central-peru","37":"product_tag-tours","38":"product_tag-trekking","39":"product_tag-turismo","40":"product_tag-valle-del-perene","41":"product_tag-viajes","42":"product_tag-villa-rica","44":"first","45":"instock","46":"virtual","47":"taxable","48":"product-type-simple"},"_links":{"self":[{"href":"https:\/\/nonamepublicidad.com\/en\/wp-json\/wp\/v2\/product\/11113","targetHints":{"allow":["GET"]}}],"collection":[{"href":"https:\/\/nonamepublicidad.com\/en\/wp-json\/wp\/v2\/product"}],"about":[{"href":"https:\/\/nonamepublicidad.com\/en\/wp-json\/wp\/v2\/types\/product"}],"replies":[{"embeddable":true,"href":"https:\/\/nonamepublicidad.com\/en\/wp-json\/wp\/v2\/comments?post=11113"}],"version-history":[{"count":0,"href":"https:\/\/nonamepublicidad.com\/en\/wp-json\/wp\/v2\/product\/11113\/revisions"}],"wp:featuredmedia":[{"embeddable":true,"href":"https:\/\/nonamepublicidad.com\/en\/wp-json\/wp\/v2\/media\/11101"}],"wp:attachment":[{"href":"https:\/\/nonamepublicidad.com\/en\/wp-json\/wp\/v2\/media?parent=11113"}],"wp:term":[{"taxonomy":"product_brand","embeddable":true,"href":"https:\/\/nonamepublicidad.com\/en\/wp-json\/wp\/v2\/product_brand?post=11113"},{"taxonomy":"product_cat","embeddable":true,"href":"https:\/\/nonamepublicidad.com\/en\/wp-json\/wp\/v2\/product_cat?post=11113"},{"taxonomy":"product_tag","embeddable":true,"href":"https:\/\/nonamepublicidad.com\/en\/wp-json\/wp\/v2\/product_tag?post=11113"}],"curies":[{"name":"wp","href":"https:\/\/api.w.org\/{rel}","templated":true}]}}