{"id":11126,"date":"2022-03-24T13:03:24","date_gmt":"2022-03-24T18:03:24","guid":{"rendered":"http:\/\/nonamepublicidad.com\/?post_type=product&#038;p=11126"},"modified":"2024-12-02T08:49:31","modified_gmt":"2024-12-02T13:49:31","slug":"el-royal-warique-restobar","status":"publish","type":"product","link":"https:\/\/nonamepublicidad.com\/en\/product\/el-royal-warique-restobar\/","title":{"rendered":"El Royal Warique Restobar"},"content":{"rendered":"<p>El Royal Warique Restobar tiene una gran variedad de platillos y un amplio local a su servicio.<\/p>\n<p>&nbsp;<\/p>\n<p><img fetchpriority=\"high\" decoding=\"async\" class=\"aligncenter wp-image-11124 size-full\" src=\"http:\/\/nonamepublicidad.com\/wp-content\/uploads\/2022\/03\/el_royal_warique_restobar_05.webp\" alt=\"El Royal Warique Restobar\" width=\"500\" height=\"500\" srcset=\"https:\/\/nonamepublicidad.com\/wp-content\/uploads\/2022\/03\/el_royal_warique_restobar_05.webp 500w, https:\/\/nonamepublicidad.com\/wp-content\/uploads\/2022\/03\/el_royal_warique_restobar_05-400x400.webp 400w\" sizes=\"(max-width: 500px) 100vw, 500px\" \/><\/p>\n<p>&nbsp;<\/p>\n<p><img decoding=\"async\" class=\"aligncenter wp-image-11125 size-full\" src=\"http:\/\/nonamepublicidad.com\/wp-content\/uploads\/2022\/03\/el_royal_warique_restobar_06.webp\" alt=\"El Royal Warique Restobar\" width=\"500\" height=\"500\" srcset=\"https:\/\/nonamepublicidad.com\/wp-content\/uploads\/2022\/03\/el_royal_warique_restobar_06.webp 500w, https:\/\/nonamepublicidad.com\/wp-content\/uploads\/2022\/03\/el_royal_warique_restobar_06-400x400.webp 400w\" sizes=\"(max-width: 500px) 100vw, 500px\" \/><\/p>\n<p>&nbsp;<\/p>\n<p style=\"text-align: center;\"><iframe style=\"border: 0;\" src=\"https:\/\/www.google.com\/maps\/embed?pb=!1m18!1m12!1m3!1d1659.5789095721352!2d-74.56636497243534!3d-8.385318734094422!2m3!1f0!2f0!3f0!3m2!1i1024!2i768!4f13.1!3m3!1m2!1s0x0%3A0x9ad01bf06d1b372f!2sEl%20Royal%20Warique!5e0!3m2!1ses-419!2spe!4v1648143770186!5m2!1ses-419!2spe\" width=\"600\" height=\"450\" allowfullscreen=\"allowfullscreen\"><\/iframe><\/p>","protected":false},"excerpt":{"rendered":"<p>Los esperamos desde las 11 am en un lugar amplio y acogedor donde podr\u00e1s degustar de deliciosos platos a la carta, men\u00fa del d\u00eda, bebidas heladas y postres regionales.<\/p>\n<p>Brindamos el mejor men\u00fa variado.<\/p>\n<p>Direcci\u00f3n: <a href=\"https:\/\/goo.gl\/maps\/LKZpMxrWa4E6HRJV6\" target=\"_blank\" rel=\"noopener\">Av. Universitaria Mz D Lt 10 Pucallpa (Referencia Senati)<\/a><\/p>\n<p>Facebook: <a href=\"https:\/\/www.facebook.com\/elroyalwarique\/\" target=\"_blank\" rel=\"noopener\">El Royal Warique<\/a><\/p>\n<p>Instagram: <a href=\"https:\/\/www.instagram.com\/elroyalwarique.restobar\/\" target=\"_blank\" rel=\"noopener\">elroyalwarique.restobar<\/a><\/p>\n<p>Imagen referencial<\/p>\n<p>Contacto: Theo Leiva<\/p>\n<p>Pedidos al: <a href=\"tel:+51961698587\">(+51) 961698587<\/a><\/p>\n<div class=\"nta_wa_button\" data-id=\"14025\" data-info=\"{&quot;name&quot;:&quot;El Royal Warique Restobar&quot;,&quot;info&quot;:{&quot;number&quot;:&quot;+51961698587&quot;,&quot;title&quot;:&quot;El Royal Warique Restobar | Tienda&quot;,&quot;predefinedText&quot;:&quot;Hola Theo. Me gustar\\u00eda m\\u00e1s informaci\\u00f3n de [njwa_page_title] Este es el link [njwa_page_url]&quot;,&quot;willBeBackText&quot;:&quot;I will be back in [njwa_time_work]&quot;,&quot;dayOffsText&quot;:&quot;I will be back soon&quot;,&quot;isAlwaysAvailable&quot;:&quot;ON&quot;,&quot;daysOfWeekWorking&quot;:{&quot;sunday&quot;:{&quot;isWorkingOnDay&quot;:&quot;OFF&quot;,&quot;workHours&quot;:[{&quot;startTime&quot;:&quot;08:00&quot;,&quot;endTime&quot;:&quot;17:30&quot;}]},&quot;monday&quot;:{&quot;isWorkingOnDay&quot;:&quot;OFF&quot;,&quot;workHours&quot;:[{&quot;startTime&quot;:&quot;08:00&quot;,&quot;endTime&quot;:&quot;17:30&quot;}]},&quot;tuesday&quot;:{&quot;isWorkingOnDay&quot;:&quot;OFF&quot;,&quot;workHours&quot;:[{&quot;startTime&quot;:&quot;08:00&quot;,&quot;endTime&quot;:&quot;17:30&quot;}]},&quot;wednesday&quot;:{&quot;isWorkingOnDay&quot;:&quot;OFF&quot;,&quot;workHours&quot;:[{&quot;startTime&quot;:&quot;08:00&quot;,&quot;endTime&quot;:&quot;17:30&quot;}]},&quot;thursday&quot;:{&quot;isWorkingOnDay&quot;:&quot;OFF&quot;,&quot;workHours&quot;:[{&quot;startTime&quot;:&quot;08:00&quot;,&quot;endTime&quot;:&quot;17:30&quot;}]},&quot;friday&quot;:{&quot;isWorkingOnDay&quot;:&quot;OFF&quot;,&quot;workHours&quot;:[{&quot;startTime&quot;:&quot;08:00&quot;,&quot;endTime&quot;:&quot;17:30&quot;}]},&quot;saturday&quot;:{&quot;isWorkingOnDay&quot;:&quot;OFF&quot;,&quot;workHours&quot;:[{&quot;startTime&quot;:&quot;08:00&quot;,&quot;endTime&quot;:&quot;17:30&quot;}]}}},&quot;styles&quot;:{&quot;type&quot;:&quot;round&quot;,&quot;backgroundColor&quot;:&quot;#2DB742&quot;,&quot;textColor&quot;:&quot;#fff&quot;,&quot;label&quot;:&quot;Necesitas ayuda? Hablemos&quot;,&quot;width&quot;:300,&quot;height&quot;:64},&quot;avatar&quot;:&quot;https:\\\/\\\/nonamepublicidad.com\\\/wp-content\\\/uploads\\\/2022\\\/03\\\/el_royal_warique_restobar_01.webp&quot;,&quot;options&quot;:{&quot;display&quot;:{&quot;displayCondition&quot;:&quot;showAllPage&quot;,&quot;includePages&quot;:[],&quot;excludePages&quot;:[],&quot;includePosts&quot;:[],&quot;showOnDesktop&quot;:&quot;ON&quot;,&quot;showOnMobile&quot;:&quot;ON&quot;,&quot;time_symbols&quot;:&quot;h:m&quot;},&quot;styles&quot;:{&quot;title&quot;:&quot;Start a Conversation&quot;,&quot;responseText&quot;:&quot;The team typically replies in a few minutes.&quot;,&quot;description&quot;:&quot;Hi! Click one of our member below to chat on &lt;strong&gt;WhatsApp&lt;\\\/strong&gt;&quot;,&quot;backgroundColor&quot;:&quot;#2db742&quot;,&quot;textColor&quot;:&quot;#fff&quot;,&quot;scrollHeight&quot;:500,&quot;isShowScroll&quot;:&quot;OFF&quot;,&quot;isShowResponseText&quot;:&quot;ON&quot;,&quot;isShowPoweredBy&quot;:&quot;ON&quot;,&quot;btnLabel&quot;:&quot;Need Help? &lt;strong&gt;Chat with us&lt;\\\/strong&gt;&quot;,&quot;btnLabelWidth&quot;:156,&quot;btnPosition&quot;:&quot;right&quot;,&quot;btnLeftDistance&quot;:30,&quot;btnRightDistance&quot;:30,&quot;btnBottomDistance&quot;:30,&quot;isShowBtnLabel&quot;:&quot;ON&quot;,&quot;isShowGDPR&quot;:&quot;OFF&quot;,&quot;gdprContent&quot;:&quot;Please accept our &lt;a href=\\&quot;https:\\\/\\\/ninjateam.org\\\/privacy-policy\\\/\\&quot;&gt;privacy policy&lt;\\\/a&gt; first to start a conversation.&quot;,&quot;widgetType&quot;:&quot;expandable&quot;},&quot;analytics&quot;:{&quot;enabledGoogle&quot;:&quot;OFF&quot;,&quot;enabledFacebook&quot;:&quot;OFF&quot;,&quot;enabledGoogleGA4&quot;:&quot;OFF&quot;}},&quot;gdprStatus&quot;:false,&quot;defaultAvatar&quot;:&quot;https:\\\/\\\/nonamepublicidad.com\\\/wp-content\\\/plugins\\\/whatsapp-for-wordpress\\\/assets\\\/img\\\/whatsapp_logo.svg&quot;}\"><\/div>\n<div style=\"visibility: hidden;\">restaurante, cocina peruana, igerspucallpa, restaurant peruano, laguna yarinacocha, ucayali, gastronomia peruana, selva peruana, warique, guarique, huarique, restobar, comida de la selva, comida de pucallpa, peru, pucallpa<\/div>\n","protected":false},"featured_media":11120,"comment_status":"open","ping_status":"closed","template":"","meta":[],"product_brand":[],"product_cat":[174,166],"product_tag":[2346,2357,2358,2351,2354,2355,2347,2349,1593,2359,2348,882,2356,2352,2350,2353],"class_list":{"0":"post-11126","1":"product","2":"type-product","3":"status-publish","4":"has-post-thumbnail","6":"product_cat-restaurantes","7":"product_cat-servicios","8":"product_tag-cocina-peruana","9":"product_tag-comida-de-la-selva","10":"product_tag-comida-de-pucallpa","11":"product_tag-gastronomia-peruana","12":"product_tag-guarique","13":"product_tag-huarique","14":"product_tag-igerspucallpa","15":"product_tag-laguna-yarinacocha","16":"product_tag-peru","17":"product_tag-pucallpa","18":"product_tag-restaurant-peruano","19":"product_tag-restaurante","20":"product_tag-restobar","21":"product_tag-selva-peruana","22":"product_tag-ucayali","23":"product_tag-warique","25":"first","26":"instock","27":"virtual","28":"taxable","29":"product-type-simple"},"_links":{"self":[{"href":"https:\/\/nonamepublicidad.com\/en\/wp-json\/wp\/v2\/product\/11126","targetHints":{"allow":["GET"]}}],"collection":[{"href":"https:\/\/nonamepublicidad.com\/en\/wp-json\/wp\/v2\/product"}],"about":[{"href":"https:\/\/nonamepublicidad.com\/en\/wp-json\/wp\/v2\/types\/product"}],"replies":[{"embeddable":true,"href":"https:\/\/nonamepublicidad.com\/en\/wp-json\/wp\/v2\/comments?post=11126"}],"version-history":[{"count":0,"href":"https:\/\/nonamepublicidad.com\/en\/wp-json\/wp\/v2\/product\/11126\/revisions"}],"wp:featuredmedia":[{"embeddable":true,"href":"https:\/\/nonamepublicidad.com\/en\/wp-json\/wp\/v2\/media\/11120"}],"wp:attachment":[{"href":"https:\/\/nonamepublicidad.com\/en\/wp-json\/wp\/v2\/media?parent=11126"}],"wp:term":[{"taxonomy":"product_brand","embeddable":true,"href":"https:\/\/nonamepublicidad.com\/en\/wp-json\/wp\/v2\/product_brand?post=11126"},{"taxonomy":"product_cat","embeddable":true,"href":"https:\/\/nonamepublicidad.com\/en\/wp-json\/wp\/v2\/product_cat?post=11126"},{"taxonomy":"product_tag","embeddable":true,"href":"https:\/\/nonamepublicidad.com\/en\/wp-json\/wp\/v2\/product_tag?post=11126"}],"curies":[{"name":"wp","href":"https:\/\/api.w.org\/{rel}","templated":true}]}}