{"id":11131,"date":"2022-03-25T13:15:36","date_gmt":"2022-03-25T18:15:36","guid":{"rendered":"http:\/\/nonamepublicidad.com\/?post_type=product&#038;p=11131"},"modified":"2024-12-02T08:49:31","modified_gmt":"2024-12-02T13:49:31","slug":"monica-cabrera-cursos-de-masajes","status":"publish","type":"product","link":"https:\/\/nonamepublicidad.com\/en\/product\/monica-cabrera-cursos-de-masajes\/","title":{"rendered":"M\u00f3nica Cabrera Cursos de Masajes"},"content":{"rendered":"<p style=\"text-align: center;\"><iframe style=\"border: 0;\" src=\"https:\/\/www.google.com\/maps\/embed?pb=!1m18!1m12!1m3!1d3900.7334542421954!2d-76.99470524936368!3d-12.130381046722755!2m3!1f0!2f0!3f0!3m2!1i1024!2i768!4f13.1!3m3!1m2!1s0x9105c8192ddd530d%3A0xbe867f9e3e438dc7!2sMassage%20Spa%20M%C3%B3nica%20Cabrera!5e0!3m2!1ses-419!2spe!4v1647329125502!5m2!1ses-419!2spe\" width=\"600\" height=\"450\" allowfullscreen=\"allowfullscreen\"><\/iframe><\/p>\n<p>&nbsp;<\/p>\n<p><strong>CURSO DE MASAJE RELAJANTE<\/strong><\/p>\n<p><strong>Acerca del curso<\/strong><\/p>\n<p>El curso est\u00e1 orientado a formar profesionales en la T\u00e9cnica de Masaje Relajante, pero con los secretos de trabajo de M\u00f3nica Cabrera, estudiaremos los pasos uno a uno, analizaremos la correcta posici\u00f3n del cuerpo para trabajar sin lesionarse, estudiaremos las diversas situaciones que se te pueden presentar. A lo largo de las sesiones previstas revisaremos, contraindicaciones, efectos positivos, perspectivas econ\u00f3micas del masajista, el mercado.<\/p>\n<p><strong>\u00bfA qui\u00e9n est\u00e1 dirigido?<\/strong><\/p>\n<p>Dirigido a j\u00f3venes y adultos, mayores de 18 a\u00f1os, que deseen formarse en esta carrera profesional y que de vocaci\u00f3n les guste servir y ayudar a los seres humanos, as\u00ed como estudiantes y egresados de las carreras del \u00c1rea de Salud.<\/p>\n<p><strong>Objetivo del curso<\/strong><\/p>\n<p>Conocer a trav\u00e9s del estudio y el an\u00e1lisis el proceso de una de las t\u00e9cnicas de masajes relajantes con mejores resultados en el cuerpo humano.<\/p>\n<p><strong>Modalidad del curso<\/strong><\/p>\n<p>Presencial \/ Distancia (V\u00eda Zoom)<\/p>\n<p><strong>Horarios<\/strong><\/p>\n<p>De 10 am a 11:30 am, lunes, mi\u00e9rcoles y jueves.<\/p>\n<p>De 7 pm a 8:30 pm, lunes, mi\u00e9rcoles y jueves.<\/p>\n<p>S\u00e1bados de 10 am a 2 pm.<\/p>\n<p>Los horarios pueden ser modificados por la administraci\u00f3n.<\/p>\n<p>Los que no puedan asistir a estas clases podr\u00e1n acceder a ellas a trav\u00e9s de nuestra p\u00e1gina en la zona de afiliados.<\/p>\n<p>Las clases quedar\u00e1n grabadas en nuestra plataforma para alumnos matriculados y podr\u00e1s ver las clases cuando tengas tiempo libre.<\/p>\n<p>Los que se encuentren en provincia o el extranjero, tendr\u00e1n el apoyo personalizado v\u00eda zoom.<\/p>\n<p>Los alumnos que lleven la modalidad v\u00eda Zoom tomar\u00e1n 3 clases presenciales para corregir mano en un horario coordinado.<\/p>\n<p><strong>Certificaci\u00f3n<\/strong><\/p>\n<p>Tipo de certificaci\u00f3n: \u201cConstancia de Participaci\u00f3n Digital\u201d Ser\u00e1 emitida y notificada v\u00eda correo electr\u00f3nico en un plazo de quince d\u00edas calendarios contados a partir del d\u00eda siguiente de culminada la actividad.<\/p>\n<p>Requisito: El participante deber\u00e1 registrar una asistencia m\u00ednima del 80% del total de las sesiones previstas.<\/p>\n<p><strong>Sobre la profesora<\/strong><\/p>\n<p>M\u00f3nica Cabrera<\/p>\n<p>Licenciada en Administraci\u00f3n de Empresas de la Universidad Ricardo Palma, con estudios en Programas de Especializaci\u00f3n de Recursos Humanos ESAN, con estudios maestr\u00eda en direcci\u00f3n y gesti\u00f3n de peque\u00f1as y mediana empresas en la Universidad San Ignacio de Loyola. Creadora del Spa M\u00f3nica Cabrera y creadora de la t\u00e9cnica de Masaje que ha llevado a Spa M\u00f3nica Cabrera a tener una de las mejores calificaciones en Google y a estar posicionada en el Primer puesto en la lista de Tripadvisor 2019 y Segundo Puesto en la Lista de Tripadvisor 2021.<\/p>\n<p>&nbsp;<\/p>\n<p><strong>SILABUS DEL CURSO<\/strong><\/p>\n<p><strong>Sesi\u00f3n 1: La piel<\/strong><\/p>\n<ol>\n<li>A) \u00bfQu\u00e9 es el masaje?<\/li>\n<li>B) El dolor<\/li>\n<li>C) Beneficios del masaje profesional<\/li>\n<li>D) Indicaciones del masaje<\/li>\n<li>E) Contraindicaciones del masaje<\/li>\n<li>F) Orientaciones del masaje<\/li>\n<li>G) Principales patolog\u00edas del cuerpo humano y enfermedades degenerativas<\/li>\n<li>H) Teor\u00eda de la P.E.R.P.<\/li>\n<li>I) Pr\u00e1ctica de masaje en pies y piernas boca arriba<\/li>\n<\/ol>\n<p><strong>Sesi\u00f3n 2:<\/strong><\/p>\n<ol>\n<li>A) Entrenamiento f\u00edsico del masajista<\/li>\n<li>B) Calentamiento f\u00edsico del masajista<\/li>\n<li>C) Higiene personal e imagen<\/li>\n<li>D) Protocolo Covid, riesgo y seguridad<\/li>\n<li>E) Las manos y pies de una terapista<\/li>\n<li>F) Herramientas en nuestro cuerpo para hacer masaje<\/li>\n<li>G) Pr\u00e1ctica de masaje abdomen, pectoral y brazos<\/li>\n<\/ol>\n<p><strong>Sesi\u00f3n 3:<\/strong><\/p>\n<ol>\n<li>A) Postura para el masaje<\/li>\n<li>B) Niveles de presi\u00f3n<\/li>\n<li>C) Zonas sensibles<\/li>\n<li>D) Zonas muy resistentes<\/li>\n<li>E) Nivel de presi\u00f3n m\u00e1ximo para no lesionarnos<\/li>\n<li>F) Factores que generan dolor<\/li>\n<li>G) Reglas del masaje<\/li>\n<li>H) Normas de trabajo para la interacci\u00f3n con el paciente<\/li>\n<li>I) Desarrollo de la autoestima. Reafirmaci\u00f3n del car\u00e1cter. Empoderamiento en sala<\/li>\n<li>J) Normas de trabajo para la interacci\u00f3n con los compa\u00f1eros de trabajo<\/li>\n<li>K) \u00bfQu\u00e9 pasa si te botan de la sala?<\/li>\n<li>L) Garant\u00eda del servicio<\/li>\n<li>M) Pr\u00e1ctica de masaje cuello, cara y cabeza<\/li>\n<\/ol>\n<p><strong>Sesi\u00f3n 4:<\/strong><\/p>\n<ol>\n<li>A) Ingl\u00e9s para el masaje<\/li>\n<li>B) Reglas del masaje<\/li>\n<li>C) Pr\u00e1ctica de masaje en pies y piernas boca abajo<\/li>\n<\/ol>\n<p><strong>Sesi\u00f3n 5:<\/strong><\/p>\n<ol>\n<li>A) Protocolo de seguridad<\/li>\n<li>B) Pr\u00e1ctica de masaje gl\u00fateos<\/li>\n<\/ol>\n<p><strong>Sesi\u00f3n 6:<\/strong><\/p>\n<ol>\n<li>A) Actitudes dentro de la sala<\/li>\n<li>B) La voz<\/li>\n<li>C) Ejercicio \u201cVoltea la tortilla\u201d<\/li>\n<li>D) Reglas del masaje<\/li>\n<li>E) Pr\u00e1ctica de masaje cintura, gl\u00fateos y estiramiento<\/li>\n<\/ol>\n<p><strong>Sesi\u00f3n 7:<\/strong><\/p>\n<ol>\n<li>A) Protocolo para voltear al paciente boca arriba<\/li>\n<li>B) Protocolo para terminar un masaje<\/li>\n<li>C) Reglas del masaje<\/li>\n<li>D) Pr\u00e1ctica de masaje trapecios y hombros<\/li>\n<\/ol>\n<p><strong>Sesi\u00f3n 8:<\/strong><\/p>\n<ol>\n<li>A) \u00bfQu\u00e9 debemos informar al paciente al terminar un masaje?<\/li>\n<li>B) Garant\u00eda del servicio<\/li>\n<li>C) Reglas del masaje<\/li>\n<li>D) Pr\u00e1ctica de masaje cuello boca abajo<\/li>\n<\/ol>\n<p><strong>Sesi\u00f3n 9:<\/strong><\/p>\n<ol>\n<li>A) C\u00f3mo trabajar en invierno y verano para prevenir contagio Covid<\/li>\n<li>B) Ejercicios del s\u00ed puedo<\/li>\n<li>C) Pr\u00e1ctica de masaje cabeza boca abajo<\/li>\n<\/ol>\n<p><strong>Sesi\u00f3n 10:<\/strong><\/p>\n<ol>\n<li>A) Recomendaciones para la terapeuta<\/li>\n<li>B) Cualidades de la terapeuta<\/li>\n<li>C) Pr\u00e1ctica de masaje C.O.N.E.C.<\/li>\n<\/ol>\n<p><strong>Sesi\u00f3n 11:<\/strong><\/p>\n<ol>\n<li>A) Analfabeto nuevamente<\/li>\n<li>B) Leer con las manos<\/li>\n<li>C) Pr\u00e1ctica de masaje T.S.U.B.<\/li>\n<\/ol>\n<p><strong>Sesi\u00f3n 12:<\/strong><\/p>\n<ol>\n<li>A) Crecer o no crecer<\/li>\n<li>B) Pago de impuestos y uso de POS<\/li>\n<li>C) Por qu\u00e9 usar las redes sociales<\/li>\n<li>D) Pin Pon de preguntas y respuestas<\/li>\n<\/ol>\n<p>&nbsp;<\/p>\n<p><strong>HORARIO<\/strong><\/p>\n<p>El curso en la modalidad de ense\u00f1anza ser\u00e1: Presencial \/ Distancia (V\u00eda Zoom) Son 12 clases en total, 3 clases semanales de 90 minutos.<\/p>\n<p>De 10 am a 11:30 am, lunes, mi\u00e9rcoles y jueves<\/p>\n<p>De 7 pm a 8:30 pm, lunes, mi\u00e9rcoles y jueves<\/p>\n<p>S\u00e1bados de 10 am a 2 pm<\/p>\n<p>O los que no puedan asistir a estas clases podr\u00e1n acceder a ellas a trav\u00e9s de nuestra plataforma. Las clases quedar\u00e1n grabadas en nuestra plataforma para alumnos afiliados y podr\u00e1s ver las clases cuando tengas tiempo libre.<\/p>\n<p>Los alumnos de la modalidad Zoom tendr\u00e1n 3 clases presenciales de 90 minutos, clases personalizadas para corregir tu mano en d\u00edas y horas que coordines con la profesora. Los d\u00edas feriados no trabajamos.<\/p>\n<p>Los que se encuentren en provincia tendr\u00e1n el apoyo personalizado v\u00eda Zoom.<\/p>\n<p>&nbsp;<\/p>\n<p><strong>PREGUNTAS FRECUENTES<\/strong><\/p>\n<p><strong>\u00bfD\u00f3nde se dictan las clases?<\/strong><\/p>\n<p>Si te encuentras en provincia, de manera no presencial, a trav\u00e9s de la plataforma ZOOM.<\/p>\n<p>Si te encuentras en Lima y lo deseas es presencial en nuestro local de Surco.<\/p>\n<p>Si eres de Lima tambi\u00e9n puedes acceder a trav\u00e9s del no Presencial.<\/p>\n<p>La matr\u00edcula se realiza de manera 100% no presencial.<\/p>\n<p><strong>\u00bfSe puede realizar el pago con tarjeta?<\/strong><\/p>\n<p>S\u00ed, puedes pagar directamente con cargo a tu tarjeta de d\u00e9bito o cr\u00e9dito a trav\u00e9s de nuestra p\u00e1gina web, modalidades de pago con Visa, MasterCard, Amex o elegir la opci\u00f3n Pay Pal, incluso recomendamos este sistema para alumnos del extranjero.<\/p>\n<p><strong>\u00bfMe entregan alguna informaci\u00f3n impresa o en l\u00ednea?<\/strong><\/p>\n<p>La Escuela de M\u00f3nica Cabrera entregar\u00e1 formatos para completar en las clases y toda la informaci\u00f3n te\u00f3rica y de PPT se te enviar\u00e1 a tu correo.<\/p>\n<p><strong>\u00bfEs un solo pago?<\/strong><\/p>\n<p>S\u00ed, es un solo pago y el monto comprende la totalidad de la actividad, por lo cual no aplica pagos parciales.<\/p>\n<p><strong>\u00bfEntregan alguna certificaci\u00f3n?<\/strong><\/p>\n<p>S\u00ed, se entrega una constancia de participaci\u00f3n digital emitida por Spa M\u00f3nica Cabrera a quienes asistan el 80% del n\u00famero de sesiones previstas.<\/p>\n<p><strong>\u00bfHay descuentos o beneficios?<\/strong><\/p>\n<p>Si, existe un per\u00edodo de preventa con un descuento de S\/ 100 soles en el valor de la matr\u00edcula.<\/p>\n<p>Los descuentos no son acumulativos.<\/p>\n<p>Adem\u00e1s, como alumno de nuestros cursos o talleres acceder\u00e1 al precio especial a los pr\u00f3ximos eventos y cursos.<\/p>\n<p>Los alumnos de provincias obtendr\u00e1n el 10 % de descuento en el curso presencial que se organice en su provincia, fechas a\u00fan no establecidas.<\/p>\n<p><strong>\u00bfTienen tarifas grupales?<\/strong><\/p>\n<p>S\u00ed. Luego del per\u00edodo de pre venta, desean matricular a tres (3) o cuatro (4) personas tienen 10% de descuento. Si desean matricular a cinco (5) o m\u00e1s personas tienen 15% de descuento, recordar que las clases presenciales tienen un m\u00e1ximo de 4 alumnos. Solo emitimos boletas de venta. No factura.<\/p>\n<p><strong>\u00bfQu\u00e9 pasa si el curso o taller no se abre?<\/strong><\/p>\n<p>La Escuela de M\u00f3nica Cabrera se reserva el derecho de cerrar aquellas actividades acad\u00e9micas que no cuenten con el n\u00famero m\u00ednimo de alumnos requeridos (2) presencial. En ese sentido, podr\u00e1 trasladar su matr\u00edcula a otra actividad acad\u00e9mica programada durante el a\u00f1o en curso o solicitar la devoluci\u00f3n del monto pagado. El plazo de reembolso ser\u00e1 de cinco d\u00edas h\u00e1biles a partir de la fecha en que env\u00ede la informaci\u00f3n completa solicitada por el \u00e1rea de matr\u00edcula de la escuela.<\/p>\n<p>&nbsp;<\/p>\n<p><strong>M\u00c9TODOS DE PAGO<\/strong><\/p>\n<p>Pago con tarjetas electr\u00f3nicas de cr\u00e9dito o d\u00e9bito, online o en bancos.<\/p>\n<p><strong>BCP (Banco de Cr\u00e9dito)<\/strong><\/p>\n<p>Cuenta BCP Soles 19406025992059<\/p>\n<p>Cuenta interbancaria 00219410602599205996<\/p>\n<p>A nombre de: M\u00f3nica Evelyn Cabrera Moreno<\/p>\n<p><strong>Interbank<\/strong><\/p>\n<p>Cuenta simple soles en Interbank 1073168688087<\/p>\n<p>Cuenta interbancaria en Interbank 00310701316868808706<\/p>\n<p>A nombre de: M\u00f3nica Evelyn Cabrera Moreno<\/p>\n<p>Consultas sobre matr\u00edculas al: <a href=\"tel:51950388981\">(+51) 950388981<\/a><\/p>","protected":false},"excerpt":{"rendered":"<p>\u00bfBuscas aumentar tus ingresos abriendo tu propia empresa o conseguir tu trabajo so\u00f1ado?\u2026<\/p>\n<p>S\u00edguenos en nuestros \u201cCursos de Masajes Profesionales\u201d con los secretos de M\u00f3nica Cabrera.<\/p>\n<p>Direcci\u00f3n: <a href=\"https:\/\/g.page\/Spamonicacabrera?share\" target=\"_blank\" rel=\"noopener\">Jr. Enrique Salazar Barreto 261 Urb. Vista Alegre &#8211; Santiago de Surco, Per\u00fa<\/a><\/p>\n<p>Horarios de atenci\u00f3n de Lunes a S\u00e1bados de 11 a.m. a 8 p.m.<\/p>\n<p>Domingos y Feriados cerrado<\/p>\n<p>Correo: <a href=\"mailto:contraestres@yahoo.com\">contraestres@yahoo.com<\/a><\/p>\n<p>Facebook: <a href=\"https:\/\/www.facebook.com\/spa.monicacabrera\/\" target=\"_blank\" rel=\"noopener\">spa.monicacabrera<\/a><\/p>\n<p>Instagram: <a href=\"https:\/\/www.instagram.com\/spamonicacabrera\/\" target=\"_blank\" rel=\"noopener\">spamonicacabrera<\/a><\/p>\n<p>YouTube: <a href=\"https:\/\/www.youtube.com\/channel\/UCj-_avkurCDSRu9G-LaC-4w\" target=\"_blank\" rel=\"noopener\">spa.monicacabrera<\/a><\/p>\n<p>Website: <a href=\"https:\/\/spamonicacabrera.com\/\" target=\"_blank\" rel=\"noopener\">Spa Monica Cabrera<\/a><\/p>\n<p>Consultas al: <a href=\"tel:51950388981\">(+51) 950388981<\/a><\/p>\n<div class=\"nta_wa_button\" data-id=\"14023\" data-info=\"{&quot;name&quot;:&quot;Spa Monica Cabrera&quot;,&quot;info&quot;:{&quot;number&quot;:&quot;+51950388981&quot;,&quot;title&quot;:&quot;Spa Monica Cabrera | Tienda&quot;,&quot;predefinedText&quot;:&quot;Hola Monica. Me gustar\\u00eda m\\u00e1s informaci\\u00f3n de [njwa_page_title] Este es el link [njwa_page_url]&quot;,&quot;willBeBackText&quot;:&quot;I will be back in [njwa_time_work]&quot;,&quot;dayOffsText&quot;:&quot;I will be back soon&quot;,&quot;isAlwaysAvailable&quot;:&quot;ON&quot;,&quot;daysOfWeekWorking&quot;:{&quot;sunday&quot;:{&quot;isWorkingOnDay&quot;:&quot;OFF&quot;,&quot;workHours&quot;:[{&quot;startTime&quot;:&quot;08:00&quot;,&quot;endTime&quot;:&quot;17:30&quot;}]},&quot;monday&quot;:{&quot;isWorkingOnDay&quot;:&quot;OFF&quot;,&quot;workHours&quot;:[{&quot;startTime&quot;:&quot;08:00&quot;,&quot;endTime&quot;:&quot;17:30&quot;}]},&quot;tuesday&quot;:{&quot;isWorkingOnDay&quot;:&quot;OFF&quot;,&quot;workHours&quot;:[{&quot;startTime&quot;:&quot;08:00&quot;,&quot;endTime&quot;:&quot;17:30&quot;}]},&quot;wednesday&quot;:{&quot;isWorkingOnDay&quot;:&quot;OFF&quot;,&quot;workHours&quot;:[{&quot;startTime&quot;:&quot;08:00&quot;,&quot;endTime&quot;:&quot;17:30&quot;}]},&quot;thursday&quot;:{&quot;isWorkingOnDay&quot;:&quot;OFF&quot;,&quot;workHours&quot;:[{&quot;startTime&quot;:&quot;08:00&quot;,&quot;endTime&quot;:&quot;17:30&quot;}]},&quot;friday&quot;:{&quot;isWorkingOnDay&quot;:&quot;OFF&quot;,&quot;workHours&quot;:[{&quot;startTime&quot;:&quot;08:00&quot;,&quot;endTime&quot;:&quot;17:30&quot;}]},&quot;saturday&quot;:{&quot;isWorkingOnDay&quot;:&quot;OFF&quot;,&quot;workHours&quot;:[{&quot;startTime&quot;:&quot;08:00&quot;,&quot;endTime&quot;:&quot;17:30&quot;}]}}},&quot;styles&quot;:{&quot;type&quot;:&quot;round&quot;,&quot;backgroundColor&quot;:&quot;#2DB742&quot;,&quot;textColor&quot;:&quot;#fff&quot;,&quot;label&quot;:&quot;Necesitas ayuda? Hablemos&quot;,&quot;width&quot;:300,&quot;height&quot;:64},&quot;avatar&quot;:&quot;https:\\\/\\\/nonamepublicidad.com\\\/wp-content\\\/uploads\\\/2022\\\/03\\\/monica_cabrera_cursos_de_masajes_01.webp&quot;,&quot;options&quot;:{&quot;display&quot;:{&quot;displayCondition&quot;:&quot;showAllPage&quot;,&quot;includePages&quot;:[],&quot;excludePages&quot;:[],&quot;includePosts&quot;:[],&quot;showOnDesktop&quot;:&quot;ON&quot;,&quot;showOnMobile&quot;:&quot;ON&quot;,&quot;time_symbols&quot;:&quot;h:m&quot;},&quot;styles&quot;:{&quot;title&quot;:&quot;Start a Conversation&quot;,&quot;responseText&quot;:&quot;The team typically replies in a few minutes.&quot;,&quot;description&quot;:&quot;Hi! Click one of our member below to chat on &lt;strong&gt;WhatsApp&lt;\\\/strong&gt;&quot;,&quot;backgroundColor&quot;:&quot;#2db742&quot;,&quot;textColor&quot;:&quot;#fff&quot;,&quot;scrollHeight&quot;:500,&quot;isShowScroll&quot;:&quot;OFF&quot;,&quot;isShowResponseText&quot;:&quot;ON&quot;,&quot;isShowPoweredBy&quot;:&quot;ON&quot;,&quot;btnLabel&quot;:&quot;Need Help? &lt;strong&gt;Chat with us&lt;\\\/strong&gt;&quot;,&quot;btnLabelWidth&quot;:156,&quot;btnPosition&quot;:&quot;right&quot;,&quot;btnLeftDistance&quot;:30,&quot;btnRightDistance&quot;:30,&quot;btnBottomDistance&quot;:30,&quot;isShowBtnLabel&quot;:&quot;ON&quot;,&quot;isShowGDPR&quot;:&quot;OFF&quot;,&quot;gdprContent&quot;:&quot;Please accept our &lt;a href=\\&quot;https:\\\/\\\/ninjateam.org\\\/privacy-policy\\\/\\&quot;&gt;privacy policy&lt;\\\/a&gt; first to start a conversation.&quot;,&quot;widgetType&quot;:&quot;expandable&quot;},&quot;analytics&quot;:{&quot;enabledGoogle&quot;:&quot;OFF&quot;,&quot;enabledFacebook&quot;:&quot;OFF&quot;,&quot;enabledGoogleGA4&quot;:&quot;OFF&quot;}},&quot;gdprStatus&quot;:false,&quot;defaultAvatar&quot;:&quot;https:\\\/\\\/nonamepublicidad.com\\\/wp-content\\\/plugins\\\/whatsapp-for-wordpress\\\/assets\\\/img\\\/whatsapp_logo.svg&quot;}\"><\/div>\n<div style=\"visibility: hidden;\">masajes, masajes relajantes, masajes miraflores, masajes reductores, masajes lima, masajes terap\u00e9uticos, masajes relajantes lima, masajes descontracturantes lima, masajes en los pies, masajes a domicilio lima, servicio de masajes, servicio de masajes en lima, servicio de masajes descontracturantes, servicio de masajes terap\u00e9uticos, servicio de masajes cerca de mi, cursos de masajes profesionales, cursos de masajes, cursos de masajes en lima, cursos de masajes precios, cursos de masajes relajantes en lima, cursos de masajes lima peru, cursos de masajes relajantes<\/div>\n","protected":false},"featured_media":11129,"comment_status":"open","ping_status":"closed","template":"","meta":[],"product_brand":[],"product_cat":[2275,186],"product_tag":[2361,2362,2365,2363,2360,2366,2364,2276,2285,2283,2284,2280,2278,2279,2277,2282,2281,2286,2290,2288,2287,2289],"class_list":{"0":"post-11131","1":"product","2":"type-product","3":"status-publish","4":"has-post-thumbnail","6":"product_cat-masajes","7":"product_cat-salud-y-belleza","8":"product_tag-cursos-de-masajes","9":"product_tag-cursos-de-masajes-en-lima","10":"product_tag-cursos-de-masajes-lima-peru","11":"product_tag-cursos-de-masajes-precios","12":"product_tag-cursos-de-masajes-profesionales","13":"product_tag-cursos-de-masajes-relajantes","14":"product_tag-cursos-de-masajes-relajantes-en-lima","15":"product_tag-masajes","16":"product_tag-masajes-a-domicilio-lima","17":"product_tag-masajes-descontracturantes-lima","18":"product_tag-masajes-en-los-pies","19":"product_tag-masajes-lima","20":"product_tag-masajes-miraflores","21":"product_tag-masajes-reductores","22":"product_tag-masajes-relajantes","23":"product_tag-masajes-relajantes-lima","24":"product_tag-masajes-terapeuticos","25":"product_tag-servicio-de-masajes","26":"product_tag-servicio-de-masajes-cerca-de-mi","27":"product_tag-servicio-de-masajes-descontracturantes","28":"product_tag-servicio-de-masajes-en-lima","29":"product_tag-servicio-de-masajes-terapeuticos","31":"first","32":"instock","33":"virtual","34":"taxable","35":"product-type-simple"},"_links":{"self":[{"href":"https:\/\/nonamepublicidad.com\/en\/wp-json\/wp\/v2\/product\/11131","targetHints":{"allow":["GET"]}}],"collection":[{"href":"https:\/\/nonamepublicidad.com\/en\/wp-json\/wp\/v2\/product"}],"about":[{"href":"https:\/\/nonamepublicidad.com\/en\/wp-json\/wp\/v2\/types\/product"}],"replies":[{"embeddable":true,"href":"https:\/\/nonamepublicidad.com\/en\/wp-json\/wp\/v2\/comments?post=11131"}],"version-history":[{"count":0,"href":"https:\/\/nonamepublicidad.com\/en\/wp-json\/wp\/v2\/product\/11131\/revisions"}],"wp:featuredmedia":[{"embeddable":true,"href":"https:\/\/nonamepublicidad.com\/en\/wp-json\/wp\/v2\/media\/11129"}],"wp:attachment":[{"href":"https:\/\/nonamepublicidad.com\/en\/wp-json\/wp\/v2\/media?parent=11131"}],"wp:term":[{"taxonomy":"product_brand","embeddable":true,"href":"https:\/\/nonamepublicidad.com\/en\/wp-json\/wp\/v2\/product_brand?post=11131"},{"taxonomy":"product_cat","embeddable":true,"href":"https:\/\/nonamepublicidad.com\/en\/wp-json\/wp\/v2\/product_cat?post=11131"},{"taxonomy":"product_tag","embeddable":true,"href":"https:\/\/nonamepublicidad.com\/en\/wp-json\/wp\/v2\/product_tag?post=11131"}],"curies":[{"name":"wp","href":"https:\/\/api.w.org\/{rel}","templated":true}]}}