{"id":11145,"date":"2022-03-27T01:56:01","date_gmt":"2022-03-27T06:56:01","guid":{"rendered":"http:\/\/nonamepublicidad.com\/?post_type=product&#038;p=11145"},"modified":"2024-12-02T08:49:31","modified_gmt":"2024-12-02T13:49:31","slug":"soluciones-tecnologicas","status":"publish","type":"product","link":"https:\/\/nonamepublicidad.com\/en\/product\/soluciones-tecnologicas\/","title":{"rendered":"Soluciones Tecnol\u00f3gicas"},"content":{"rendered":"<p><strong>Sus l\u00edneas de negocio son:<\/strong><\/p>\n<p>&nbsp;<\/p>\n<p><img fetchpriority=\"high\" decoding=\"async\" class=\"aligncenter wp-image-11140 size-full\" src=\"http:\/\/nonamepublicidad.com\/wp-content\/uploads\/2022\/03\/seguridad_electronica_01.webp\" alt=\"Seguridad Electr\u00f3nica\" width=\"600\" height=\"340\" srcset=\"https:\/\/nonamepublicidad.com\/wp-content\/uploads\/2022\/03\/seguridad_electronica_01.webp 600w, https:\/\/nonamepublicidad.com\/wp-content\/uploads\/2022\/03\/seguridad_electronica_01-400x227.webp 400w, https:\/\/nonamepublicidad.com\/wp-content\/uploads\/2022\/03\/seguridad_electronica_01-500x283.webp 500w\" sizes=\"(max-width: 600px) 100vw, 600px\" \/><\/p>\n<p>&nbsp;<\/p>\n<p><strong>Seguridad Electr\u00f3nica<\/strong><\/p>\n<p>Somos especialistas en la implementaci\u00f3n del uso de soluciones combinando hardware y software como:<\/p>\n<ul>\n<li>Control de acceso<\/li>\n<li>Control de asistencia<\/li>\n<li>Control vehicular<\/li>\n<li>Control de Vistas<\/li>\n<li>Seguridad y salud ocupacional<\/li>\n<li>Control de comedores<\/li>\n<li>Control de activos<\/li>\n<li>Circuito Cerrado de televisi\u00f3n an\u00e1logo e IP<\/li>\n<\/ul>\n<p>&nbsp;<\/p>\n<p><img decoding=\"async\" class=\"aligncenter wp-image-11141 size-full\" src=\"http:\/\/nonamepublicidad.com\/wp-content\/uploads\/2022\/03\/seguridad_retail_01.webp\" alt=\"Seguridad Retail\" width=\"600\" height=\"340\" srcset=\"https:\/\/nonamepublicidad.com\/wp-content\/uploads\/2022\/03\/seguridad_retail_01.webp 600w, https:\/\/nonamepublicidad.com\/wp-content\/uploads\/2022\/03\/seguridad_retail_01-400x227.webp 400w, https:\/\/nonamepublicidad.com\/wp-content\/uploads\/2022\/03\/seguridad_retail_01-500x283.webp 500w\" sizes=\"(max-width: 600px) 100vw, 600px\" \/><\/p>\n<p>&nbsp;<\/p>\n<p><strong>Seguridad Retail<\/strong><\/p>\n<p>Contamos con una plataforma especializada para cubrir todas las \u00e1reas de los Retailers ya sean mayores o menores desde el punto de vista del consumidor como de la tienda sacando KPI\u2019S de Gesti\u00f3n.<\/p>\n<ul>\n<li>CCTV<\/li>\n<li>Tags de seguridad.<\/li>\n<li>Antenas de radiofrecuencia<\/li>\n<li>Software de Control de acceso<\/li>\n<li>Software de control de visitas.<\/li>\n<li>Software de control de asistencia de personal<\/li>\n<li>Contador de personas<\/li>\n<li>Dispositivos de seguridad para laptops y tablets<\/li>\n<\/ul>\n<p>&nbsp;<\/p>\n<p><img decoding=\"async\" class=\"aligncenter wp-image-11142 size-full\" src=\"http:\/\/nonamepublicidad.com\/wp-content\/uploads\/2022\/03\/seguridad_de_la_informacion_01.webp\" alt=\"Seguridad de la Informaci\u00f3n\" width=\"600\" height=\"340\" srcset=\"https:\/\/nonamepublicidad.com\/wp-content\/uploads\/2022\/03\/seguridad_de_la_informacion_01.webp 600w, https:\/\/nonamepublicidad.com\/wp-content\/uploads\/2022\/03\/seguridad_de_la_informacion_01-400x227.webp 400w, https:\/\/nonamepublicidad.com\/wp-content\/uploads\/2022\/03\/seguridad_de_la_informacion_01-500x283.webp 500w\" sizes=\"(max-width: 600px) 100vw, 600px\" \/><\/p>\n<p>&nbsp;<\/p>\n<p><strong>Seguridad de la Informaci\u00f3n<\/strong><\/p>\n<p>En esta l\u00ednea brindamos consultor\u00edas en el desarrollo de los procesos para la obtenci\u00f3n del ISO 27001 as\u00ed mismo como la protecci\u00f3n debida de la informaci\u00f3n relevante de la empresa. Es por ello que la gesti\u00f3n de los flujos informativos que se producen dentro de una empresa es un factor determinante para el desarrollo de la misma. Es el elemento que permite saber hasta d\u00f3nde se conocen las organizaciones a s\u00ed mismas y c\u00f3mo pueden aplicar dicho conocimiento para mejorar sus procesos internos gracias a la norma ISO 27001.<\/p>\n<p>&nbsp;<\/p>\n<p><img loading=\"lazy\" decoding=\"async\" class=\"aligncenter wp-image-11143 size-full\" src=\"http:\/\/nonamepublicidad.com\/wp-content\/uploads\/2022\/03\/eventos_corporativos_01.webp\" alt=\"Eventos Corporativos\" width=\"600\" height=\"340\" srcset=\"https:\/\/nonamepublicidad.com\/wp-content\/uploads\/2022\/03\/eventos_corporativos_01.webp 600w, https:\/\/nonamepublicidad.com\/wp-content\/uploads\/2022\/03\/eventos_corporativos_01-400x227.webp 400w, https:\/\/nonamepublicidad.com\/wp-content\/uploads\/2022\/03\/eventos_corporativos_01-500x283.webp 500w\" sizes=\"(max-width: 600px) 100vw, 600px\" \/><\/p>\n<p>&nbsp;<\/p>\n<p><strong>Eventos Corporativos<\/strong><\/p>\n<p>Contamos con una divisi\u00f3n integral de eventos de control de accesos, CCTV, credencializaci\u00f3n, etc. Con experiencia en eventos de m\u00e1s de 150,000 participantes.<\/p>\n<p><strong>S3 Peru Promotor de Perumin 2013.<\/strong> Nos encargamos del Mayor evento realizado en el Per\u00fa en los \u00e1mbitos de Control de acceso de 150 000 visitantes, del control de CCTV del evento y la credencializaci\u00f3n<\/p>\n<p><strong>Xi Conferencia de Ministros de Defensa de Las Am\u00e9ricas.<\/strong> S3 PERU brindo la seguridad de control de acceso a todos los ministros asistentes a la conferencia.<\/p>\n<p>&nbsp;<\/p>\n<p style=\"text-align: center;\"><iframe style=\"border: 0;\" src=\"https:\/\/www.google.com\/maps\/embed?pb=!1m18!1m12!1m3!1d3901.2920991841356!2d-77.06151058518694!3d-12.09214459143707!2m3!1f0!2f0!3f0!3m2!1i1024!2i768!4f13.1!3m3!1m2!1s0x9105c9ab7f58054f%3A0x349109dac6c9b61!2zUzMgUGVyw7o!5e0!3m2!1ses-419!2spe!4v1648352418063!5m2!1ses-419!2spe\" width=\"600\" height=\"450\" allowfullscreen=\"allowfullscreen\"><\/iframe><\/p>","protected":false},"excerpt":{"rendered":"<p>S3 PER\u00da como parte de sus servicios cuenta una f\u00e1brica de software que interact\u00faa con diferentes tipos de hardware en todas las l\u00edneas de negocio de las compa\u00f1\u00edas. Actualmente cuenta con un ERP, lo cual evidencia la experiencia y capacidad para implementar, mantener y soportar una operaci\u00f3n de gran magnitud que requiere el compromiso y el constante mejoramiento de sus procesos.<\/p>\n<p>Ubicaci\u00f3n: <a href=\"https:\/\/g.page\/S3Peru?share\" target=\"_blank\" rel=\"noopener\">Calle, Tomas Ramsey 890, Magdalena del Mar 15076<\/a><\/p>\n<p>Correo: <a href=\"mailto:ventas@s3peru.com\">ventas@s3peru.com<\/a><\/p>\n<p>Web: <a href=\"https:\/\/s3peru.com\/\" target=\"_blank\" rel=\"noopener\">www.s3peru.com<\/a><\/p>\n<p>Facebook: <a href=\"https:\/\/www.facebook.com\/S3PeruSac\/\" target=\"_blank\" rel=\"noopener\">S3PeruSac<\/a><\/p>\n<p>Horario:<\/p>\n<p>Lunes a Viernes 8:30 a.m. &#8211; 19:00 p.m.<\/p>\n<p>S\u00e1bado y Domingo CERRADO<\/p>\n<p>Consultas al: <a href=\"tel:016372786\">(+51) 6372786<\/a> | <a href=\"tel:016372787\">(+51) 6372787<\/a> | <a href=\"tel:51986617392\">(+51) 986617392<\/a><\/p>\n<div class=\"nta_wa_button\" data-id=\"13954\" data-info=\"{&quot;name&quot;:&quot;S3 Per\\u00fa&quot;,&quot;info&quot;:{&quot;number&quot;:&quot;+51986617392&quot;,&quot;title&quot;:&quot;S3 Per\\u00fa | Tienda&quot;,&quot;predefinedText&quot;:&quot;Hola S3 Per\\u00fa. Me gustar\\u00eda m\\u00e1s informaci\\u00f3n de [njwa_page_title] Este es el link [njwa_page_url]&quot;,&quot;willBeBackText&quot;:&quot;I will be back in [njwa_time_work]&quot;,&quot;dayOffsText&quot;:&quot;I will be back soon&quot;,&quot;isAlwaysAvailable&quot;:&quot;ON&quot;,&quot;daysOfWeekWorking&quot;:{&quot;sunday&quot;:{&quot;isWorkingOnDay&quot;:&quot;OFF&quot;,&quot;workHours&quot;:[{&quot;startTime&quot;:&quot;08:00&quot;,&quot;endTime&quot;:&quot;17:30&quot;}]},&quot;monday&quot;:{&quot;isWorkingOnDay&quot;:&quot;OFF&quot;,&quot;workHours&quot;:[{&quot;startTime&quot;:&quot;08:00&quot;,&quot;endTime&quot;:&quot;17:30&quot;}]},&quot;tuesday&quot;:{&quot;isWorkingOnDay&quot;:&quot;OFF&quot;,&quot;workHours&quot;:[{&quot;startTime&quot;:&quot;08:00&quot;,&quot;endTime&quot;:&quot;17:30&quot;}]},&quot;wednesday&quot;:{&quot;isWorkingOnDay&quot;:&quot;OFF&quot;,&quot;workHours&quot;:[{&quot;startTime&quot;:&quot;08:00&quot;,&quot;endTime&quot;:&quot;17:30&quot;}]},&quot;thursday&quot;:{&quot;isWorkingOnDay&quot;:&quot;OFF&quot;,&quot;workHours&quot;:[{&quot;startTime&quot;:&quot;08:00&quot;,&quot;endTime&quot;:&quot;17:30&quot;}]},&quot;friday&quot;:{&quot;isWorkingOnDay&quot;:&quot;OFF&quot;,&quot;workHours&quot;:[{&quot;startTime&quot;:&quot;08:00&quot;,&quot;endTime&quot;:&quot;17:30&quot;}]},&quot;saturday&quot;:{&quot;isWorkingOnDay&quot;:&quot;OFF&quot;,&quot;workHours&quot;:[{&quot;startTime&quot;:&quot;08:00&quot;,&quot;endTime&quot;:&quot;17:30&quot;}]}}},&quot;styles&quot;:{&quot;type&quot;:&quot;round&quot;,&quot;backgroundColor&quot;:&quot;#2DB742&quot;,&quot;textColor&quot;:&quot;#fff&quot;,&quot;label&quot;:&quot;Necesitas ayuda? Hablemos&quot;,&quot;width&quot;:300,&quot;height&quot;:64},&quot;avatar&quot;:&quot;https:\\\/\\\/nonamepublicidad.com\\\/wp-content\\\/uploads\\\/2021\\\/06\\\/s3_peru_logo.webp&quot;,&quot;options&quot;:{&quot;display&quot;:{&quot;displayCondition&quot;:&quot;showAllPage&quot;,&quot;includePages&quot;:[],&quot;excludePages&quot;:[],&quot;includePosts&quot;:[],&quot;showOnDesktop&quot;:&quot;ON&quot;,&quot;showOnMobile&quot;:&quot;ON&quot;,&quot;time_symbols&quot;:&quot;h:m&quot;},&quot;styles&quot;:{&quot;title&quot;:&quot;Start a Conversation&quot;,&quot;responseText&quot;:&quot;The team typically replies in a few minutes.&quot;,&quot;description&quot;:&quot;Hi! Click one of our member below to chat on &lt;strong&gt;WhatsApp&lt;\\\/strong&gt;&quot;,&quot;backgroundColor&quot;:&quot;#2db742&quot;,&quot;textColor&quot;:&quot;#fff&quot;,&quot;scrollHeight&quot;:500,&quot;isShowScroll&quot;:&quot;OFF&quot;,&quot;isShowResponseText&quot;:&quot;ON&quot;,&quot;isShowPoweredBy&quot;:&quot;ON&quot;,&quot;btnLabel&quot;:&quot;Need Help? &lt;strong&gt;Chat with us&lt;\\\/strong&gt;&quot;,&quot;btnLabelWidth&quot;:156,&quot;btnPosition&quot;:&quot;right&quot;,&quot;btnLeftDistance&quot;:30,&quot;btnRightDistance&quot;:30,&quot;btnBottomDistance&quot;:30,&quot;isShowBtnLabel&quot;:&quot;ON&quot;,&quot;isShowGDPR&quot;:&quot;OFF&quot;,&quot;gdprContent&quot;:&quot;Please accept our &lt;a href=\\&quot;https:\\\/\\\/ninjateam.org\\\/privacy-policy\\\/\\&quot;&gt;privacy policy&lt;\\\/a&gt; first to start a conversation.&quot;,&quot;widgetType&quot;:&quot;expandable&quot;},&quot;analytics&quot;:{&quot;enabledGoogle&quot;:&quot;OFF&quot;,&quot;enabledFacebook&quot;:&quot;OFF&quot;,&quot;enabledGoogleGA4&quot;:&quot;OFF&quot;}},&quot;gdprStatus&quot;:false,&quot;defaultAvatar&quot;:&quot;https:\\\/\\\/nonamepublicidad.com\\\/wp-content\\\/plugins\\\/whatsapp-for-wordpress\\\/assets\\\/img\\\/whatsapp_logo.svg&quot;}\"><\/div>\n<div style=\"visibility: hidden;\">soluciones de negocios, soluciones tecnologicas, tecnologias de la informaci\u00f3n, transformacion digital, conectividad, innovacion, desarrollo de soluciones, desarrollo de sistemas, especialistas en tecnologia, tecnologia de la Informacion, s3 peru, seguridad, seguridad industrial, seguridad para el hogar, tecnologia, tecnologia para seguridad<\/div>\n","protected":false},"featured_media":11138,"comment_status":"open","ping_status":"closed","template":"","meta":[],"product_brand":[],"product_cat":[157,153],"product_tag":[2371,2374,2373,2375,2372,2377,1346,1335,1334,2367,2368,1347,2376,1348,2369,2370],"class_list":{"0":"post-11145","1":"product","2":"type-product","3":"status-publish","4":"has-post-thumbnail","6":"product_cat-equipamiento-para-industrias","7":"product_cat-industrias-y-oficinas","8":"product_tag-conectividad","9":"product_tag-desarrollo-de-sistemas","10":"product_tag-desarrollo-de-soluciones","11":"product_tag-especialistas-en-tecnologia","12":"product_tag-innovacion","13":"product_tag-s3-peru","14":"product_tag-seguridad","15":"product_tag-seguridad-industrial","16":"product_tag-seguridad-para-el-hogar","17":"product_tag-soluciones-de-negocios","18":"product_tag-soluciones-tecnologicas","19":"product_tag-tecnologia","20":"product_tag-tecnologia-de-la-informacion","21":"product_tag-tecnologia-para-seguridad","22":"product_tag-tecnologias-de-la-informacion","23":"product_tag-transformacion-digital","25":"first","26":"instock","27":"virtual","28":"taxable","29":"product-type-simple"},"_links":{"self":[{"href":"https:\/\/nonamepublicidad.com\/en\/wp-json\/wp\/v2\/product\/11145","targetHints":{"allow":["GET"]}}],"collection":[{"href":"https:\/\/nonamepublicidad.com\/en\/wp-json\/wp\/v2\/product"}],"about":[{"href":"https:\/\/nonamepublicidad.com\/en\/wp-json\/wp\/v2\/types\/product"}],"replies":[{"embeddable":true,"href":"https:\/\/nonamepublicidad.com\/en\/wp-json\/wp\/v2\/comments?post=11145"}],"version-history":[{"count":0,"href":"https:\/\/nonamepublicidad.com\/en\/wp-json\/wp\/v2\/product\/11145\/revisions"}],"wp:featuredmedia":[{"embeddable":true,"href":"https:\/\/nonamepublicidad.com\/en\/wp-json\/wp\/v2\/media\/11138"}],"wp:attachment":[{"href":"https:\/\/nonamepublicidad.com\/en\/wp-json\/wp\/v2\/media?parent=11145"}],"wp:term":[{"taxonomy":"product_brand","embeddable":true,"href":"https:\/\/nonamepublicidad.com\/en\/wp-json\/wp\/v2\/product_brand?post=11145"},{"taxonomy":"product_cat","embeddable":true,"href":"https:\/\/nonamepublicidad.com\/en\/wp-json\/wp\/v2\/product_cat?post=11145"},{"taxonomy":"product_tag","embeddable":true,"href":"https:\/\/nonamepublicidad.com\/en\/wp-json\/wp\/v2\/product_tag?post=11145"}],"curies":[{"name":"wp","href":"https:\/\/api.w.org\/{rel}","templated":true}]}}