{"id":11150,"date":"2022-03-27T11:12:07","date_gmt":"2022-03-27T16:12:07","guid":{"rendered":"http:\/\/nonamepublicidad.com\/?post_type=product&#038;p=11150"},"modified":"2024-12-02T08:49:31","modified_gmt":"2024-12-02T13:49:31","slug":"software-s3rp","status":"publish","type":"product","link":"https:\/\/nonamepublicidad.com\/en\/product\/software-s3rp\/","title":{"rendered":"Software S3RP"},"content":{"rendered":"<p><strong>Seguridad<\/strong><\/p>\n<p>Compuesto por diferentes softwares que le permitir\u00e1 a su empresa tener un control de todos los accesos del personal, de los visitantes. As\u00ed como de todos los veh\u00edculos que ingresen o salgan de sus instalaciones. Lo cual le brindar\u00e1 mayor informaci\u00f3n de los tiempos del personal a nivel de ingresos y salidas, cantidad de horas perdidas por visitas innecesarias o ingresos de veh\u00edculos no autorizados.<\/p>\n<p>&nbsp;<\/p>\n<p><strong>Recursos Humanos<\/strong><\/p>\n<p>Compuesto por diferentes softwares que le permitir\u00e1 a su empresa tener un control de todos los accesos del personal, de los visitantes. As\u00ed como de todos los veh\u00edculos que ingresen o salgan de sus instalaciones. Lo cual le brindar\u00e1 mayor informaci\u00f3n de los tiempos del personal a nivel de ingresos y salidas, cantidad de horas perdidas por visitas innecesarias o ingresos de veh\u00edculos no autorizados.<\/p>\n<p>&nbsp;<\/p>\n<p><strong>Producci\u00f3n<\/strong><\/p>\n<p>El m\u00f3dulo de producci\u00f3n ha sido desarrollado para controlar todo el proceso productivo de una empresa. Desde las \u00f3rdenes de servicio del material solicitado a almac\u00e9n, pasando por la gesti\u00f3n de \u00f3rdenes de trabajo producci\u00f3n y el proceso productivo, este se complementa con el m\u00f3dulo de almac\u00e9n.<\/p>\n<p>&nbsp;<\/p>\n<p><strong>Comercial<\/strong><\/p>\n<p>El modulo comercial del ERP ha sido dise\u00f1ado para cubrir toda el \u00e1rea de ventas de la empresa, desde el software de punto de venta, pasando por balance score card, visual merchandising, hasta terminar en facturaci\u00f3n electr\u00f3nica. Los que nos permitir\u00e1 contar con KPI\u00b4s de gesti\u00f3n para el monitoreo del proceso.<\/p>\n<p>&nbsp;<\/p>\n<p><strong>Finanzas<\/strong><\/p>\n<p>Este m\u00f3dulo ha sido desarrollado para tener el control del proceso financiero, desde la generaci\u00f3n de presupuestos por \u00e1reas, el control del flujo de dinero en el \u00e1rea de Tesorer\u00eda, as\u00ed como la contabilidad de la empresa y el control de activos de esta.<\/p>\n<p>&nbsp;<\/p>\n<p><strong>Log\u00edstica<\/strong><\/p>\n<p>Este m\u00f3dulo ha sido desarrollado para tener el control de todo el proceso de ingreso y salida de mercader\u00eda desde un software de WMS, pasando por la cadena de suministro, control de almac\u00e9n, control de inventarios y se complementa con el modulo comercial.<\/p>\n<p>&nbsp;<\/p>\n<p style=\"text-align: center;\"><iframe style=\"border: 0;\" src=\"https:\/\/www.google.com\/maps\/embed?pb=!1m18!1m12!1m3!1d3901.2920991841356!2d-77.06151058518694!3d-12.09214459143707!2m3!1f0!2f0!3f0!3m2!1i1024!2i768!4f13.1!3m3!1m2!1s0x9105c9ab7f58054f%3A0x349109dac6c9b61!2zUzMgUGVyw7o!5e0!3m2!1ses-419!2spe!4v1648352418063!5m2!1ses-419!2spe\" width=\"600\" height=\"450\" allowfullscreen=\"allowfullscreen\"><\/iframe><\/p>","protected":false},"excerpt":{"rendered":"<p>Nuestro ERP que cubre todas las l\u00edneas de negocio de su compa\u00f1\u00eda sobre una base de datos centralizada, lo que optimiza el trabajar con diferentes proveedores para cada uno de los procesos, este le permite contar con reportes de informaci\u00f3n cruzada de las diferentes \u00e1reas.<\/p>\n<p>Ubicaci\u00f3n: <a href=\"https:\/\/g.page\/S3Peru?share\" target=\"_blank\" rel=\"noopener\">Calle, Tomas Ramsey 890, Magdalena del Mar 15076<\/a><\/p>\n<p>Correo: <a href=\"mailto:ventas@s3peru.com\">ventas@s3peru.com<\/a><\/p>\n<p>Web: <a href=\"https:\/\/s3peru.com\/\" target=\"_blank\" rel=\"noopener\">www.s3peru.com<\/a><\/p>\n<p>Facebook: <a href=\"https:\/\/www.facebook.com\/S3PeruSac\/\" target=\"_blank\" rel=\"noopener\">S3PeruSac<\/a><\/p>\n<p>Horario:<\/p>\n<p>Lunes a Viernes 8:30 a.m. &#8211; 19:00 p.m.<\/p>\n<p>S\u00e1bado y Domingo CERRADO<\/p>\n<p>Consultas al: <a href=\"tel:016372786\">(+51) 6372786<\/a> | <a href=\"tel:016372787\">(+51) 6372787<\/a> | <a href=\"tel:51986617392\">(+51) 986617392<\/a><\/p>\n<div class=\"nta_wa_button\" data-id=\"13954\" data-info=\"{&quot;name&quot;:&quot;S3 Per\\u00fa&quot;,&quot;info&quot;:{&quot;number&quot;:&quot;+51986617392&quot;,&quot;title&quot;:&quot;S3 Per\\u00fa | Tienda&quot;,&quot;predefinedText&quot;:&quot;Hola S3 Per\\u00fa. Me gustar\\u00eda m\\u00e1s informaci\\u00f3n de [njwa_page_title] Este es el link [njwa_page_url]&quot;,&quot;willBeBackText&quot;:&quot;I will be back in [njwa_time_work]&quot;,&quot;dayOffsText&quot;:&quot;I will be back soon&quot;,&quot;isAlwaysAvailable&quot;:&quot;ON&quot;,&quot;daysOfWeekWorking&quot;:{&quot;sunday&quot;:{&quot;isWorkingOnDay&quot;:&quot;OFF&quot;,&quot;workHours&quot;:[{&quot;startTime&quot;:&quot;08:00&quot;,&quot;endTime&quot;:&quot;17:30&quot;}]},&quot;monday&quot;:{&quot;isWorkingOnDay&quot;:&quot;OFF&quot;,&quot;workHours&quot;:[{&quot;startTime&quot;:&quot;08:00&quot;,&quot;endTime&quot;:&quot;17:30&quot;}]},&quot;tuesday&quot;:{&quot;isWorkingOnDay&quot;:&quot;OFF&quot;,&quot;workHours&quot;:[{&quot;startTime&quot;:&quot;08:00&quot;,&quot;endTime&quot;:&quot;17:30&quot;}]},&quot;wednesday&quot;:{&quot;isWorkingOnDay&quot;:&quot;OFF&quot;,&quot;workHours&quot;:[{&quot;startTime&quot;:&quot;08:00&quot;,&quot;endTime&quot;:&quot;17:30&quot;}]},&quot;thursday&quot;:{&quot;isWorkingOnDay&quot;:&quot;OFF&quot;,&quot;workHours&quot;:[{&quot;startTime&quot;:&quot;08:00&quot;,&quot;endTime&quot;:&quot;17:30&quot;}]},&quot;friday&quot;:{&quot;isWorkingOnDay&quot;:&quot;OFF&quot;,&quot;workHours&quot;:[{&quot;startTime&quot;:&quot;08:00&quot;,&quot;endTime&quot;:&quot;17:30&quot;}]},&quot;saturday&quot;:{&quot;isWorkingOnDay&quot;:&quot;OFF&quot;,&quot;workHours&quot;:[{&quot;startTime&quot;:&quot;08:00&quot;,&quot;endTime&quot;:&quot;17:30&quot;}]}}},&quot;styles&quot;:{&quot;type&quot;:&quot;round&quot;,&quot;backgroundColor&quot;:&quot;#2DB742&quot;,&quot;textColor&quot;:&quot;#fff&quot;,&quot;label&quot;:&quot;Necesitas ayuda? Hablemos&quot;,&quot;width&quot;:300,&quot;height&quot;:64},&quot;avatar&quot;:&quot;https:\\\/\\\/nonamepublicidad.com\\\/wp-content\\\/uploads\\\/2021\\\/06\\\/s3_peru_logo.webp&quot;,&quot;options&quot;:{&quot;display&quot;:{&quot;displayCondition&quot;:&quot;showAllPage&quot;,&quot;includePages&quot;:[],&quot;excludePages&quot;:[],&quot;includePosts&quot;:[],&quot;showOnDesktop&quot;:&quot;ON&quot;,&quot;showOnMobile&quot;:&quot;ON&quot;,&quot;time_symbols&quot;:&quot;h:m&quot;},&quot;styles&quot;:{&quot;title&quot;:&quot;Start a Conversation&quot;,&quot;responseText&quot;:&quot;The team typically replies in a few minutes.&quot;,&quot;description&quot;:&quot;Hi! Click one of our member below to chat on &lt;strong&gt;WhatsApp&lt;\\\/strong&gt;&quot;,&quot;backgroundColor&quot;:&quot;#2db742&quot;,&quot;textColor&quot;:&quot;#fff&quot;,&quot;scrollHeight&quot;:500,&quot;isShowScroll&quot;:&quot;OFF&quot;,&quot;isShowResponseText&quot;:&quot;ON&quot;,&quot;isShowPoweredBy&quot;:&quot;ON&quot;,&quot;btnLabel&quot;:&quot;Need Help? &lt;strong&gt;Chat with us&lt;\\\/strong&gt;&quot;,&quot;btnLabelWidth&quot;:156,&quot;btnPosition&quot;:&quot;right&quot;,&quot;btnLeftDistance&quot;:30,&quot;btnRightDistance&quot;:30,&quot;btnBottomDistance&quot;:30,&quot;isShowBtnLabel&quot;:&quot;ON&quot;,&quot;isShowGDPR&quot;:&quot;OFF&quot;,&quot;gdprContent&quot;:&quot;Please accept our &lt;a href=\\&quot;https:\\\/\\\/ninjateam.org\\\/privacy-policy\\\/\\&quot;&gt;privacy policy&lt;\\\/a&gt; first to start a conversation.&quot;,&quot;widgetType&quot;:&quot;expandable&quot;},&quot;analytics&quot;:{&quot;enabledGoogle&quot;:&quot;OFF&quot;,&quot;enabledFacebook&quot;:&quot;OFF&quot;,&quot;enabledGoogleGA4&quot;:&quot;OFF&quot;}},&quot;gdprStatus&quot;:false,&quot;defaultAvatar&quot;:&quot;https:\\\/\\\/nonamepublicidad.com\\\/wp-content\\\/plugins\\\/whatsapp-for-wordpress\\\/assets\\\/img\\\/whatsapp_logo.svg&quot;}\"><\/div>\n<div style=\"visibility: hidden;\">soluciones de negocios, soluciones tecnologicas, tecnologias de la informaci\u00f3n, transformacion digital, conectividad, innovacion, desarrollo de soluciones, desarrollo de sistemas, especialistas en tecnologia, tecnologia de la Informacion, s3 peru, seguridad, seguridad industrial, seguridad para el hogar, tecnologia, tecnologia para seguridad, erp, enterprise resource planning, planificaci\u00f3n de recursos empresariales, software<\/div>\n","protected":false},"featured_media":11149,"comment_status":"open","ping_status":"closed","template":"","meta":[],"product_brand":[],"product_cat":[157,153],"product_tag":[2371,2374,2373,2379,2378,2375,2372,2380,2377,1346,1335,1334,2381,2367,2368,1347,2376,1348,2369,2370],"class_list":{"0":"post-11150","1":"product","2":"type-product","3":"status-publish","4":"has-post-thumbnail","6":"product_cat-equipamiento-para-industrias","7":"product_cat-industrias-y-oficinas","8":"product_tag-conectividad","9":"product_tag-desarrollo-de-sistemas","10":"product_tag-desarrollo-de-soluciones","11":"product_tag-enterprise-resource-planning","12":"product_tag-erp","13":"product_tag-especialistas-en-tecnologia","14":"product_tag-innovacion","15":"product_tag-planificacion-de-recursos-empresariales","16":"product_tag-s3-peru","17":"product_tag-seguridad","18":"product_tag-seguridad-industrial","19":"product_tag-seguridad-para-el-hogar","20":"product_tag-software","21":"product_tag-soluciones-de-negocios","22":"product_tag-soluciones-tecnologicas","23":"product_tag-tecnologia","24":"product_tag-tecnologia-de-la-informacion","25":"product_tag-tecnologia-para-seguridad","26":"product_tag-tecnologias-de-la-informacion","27":"product_tag-transformacion-digital","29":"first","30":"instock","31":"virtual","32":"taxable","33":"product-type-simple"},"_links":{"self":[{"href":"https:\/\/nonamepublicidad.com\/en\/wp-json\/wp\/v2\/product\/11150","targetHints":{"allow":["GET"]}}],"collection":[{"href":"https:\/\/nonamepublicidad.com\/en\/wp-json\/wp\/v2\/product"}],"about":[{"href":"https:\/\/nonamepublicidad.com\/en\/wp-json\/wp\/v2\/types\/product"}],"replies":[{"embeddable":true,"href":"https:\/\/nonamepublicidad.com\/en\/wp-json\/wp\/v2\/comments?post=11150"}],"version-history":[{"count":0,"href":"https:\/\/nonamepublicidad.com\/en\/wp-json\/wp\/v2\/product\/11150\/revisions"}],"wp:featuredmedia":[{"embeddable":true,"href":"https:\/\/nonamepublicidad.com\/en\/wp-json\/wp\/v2\/media\/11149"}],"wp:attachment":[{"href":"https:\/\/nonamepublicidad.com\/en\/wp-json\/wp\/v2\/media?parent=11150"}],"wp:term":[{"taxonomy":"product_brand","embeddable":true,"href":"https:\/\/nonamepublicidad.com\/en\/wp-json\/wp\/v2\/product_brand?post=11150"},{"taxonomy":"product_cat","embeddable":true,"href":"https:\/\/nonamepublicidad.com\/en\/wp-json\/wp\/v2\/product_cat?post=11150"},{"taxonomy":"product_tag","embeddable":true,"href":"https:\/\/nonamepublicidad.com\/en\/wp-json\/wp\/v2\/product_tag?post=11150"}],"curies":[{"name":"wp","href":"https:\/\/api.w.org\/{rel}","templated":true}]}}