{"id":11236,"date":"2022-04-01T00:53:21","date_gmt":"2022-04-01T05:53:21","guid":{"rendered":"http:\/\/nonamepublicidad.com\/?post_type=product&#038;p=11236"},"modified":"2024-12-02T08:49:32","modified_gmt":"2024-12-02T13:49:32","slug":"suprema-biostar-2","status":"publish","type":"product","link":"https:\/\/nonamepublicidad.com\/en\/product\/suprema-biostar-2\/","title":{"rendered":"Suprema BioStar 2"},"content":{"rendered":"<p style=\"text-align: center;\"><iframe title=\"YouTube video player\" src=\"https:\/\/www.youtube.com\/embed\/D-jblBgA_Xg\" width=\"560\" height=\"315\" frameborder=\"0\" allowfullscreen=\"allowfullscreen\"><\/iframe><\/p>\n<p>&nbsp;<\/p>\n<p><strong>M\u00f3dulo de plataforma<\/strong><\/p>\n<p><strong>\u00a0<\/strong><\/p>\n<p><strong>Sistema centralizado<\/strong><\/p>\n<p>Con CoreStation y los lectores de Suprema, puede crear un sistema centralizado que est\u00e9 basado en las unidades de control de acceso (ACU). El sistema centralizado de Suprema no solo brinda los beneficios de la biom\u00e9trica, sino que tambi\u00e9n proporciona una seguridad mejorada y una excelente adaptabilidad. Adem\u00e1s, el sistema centralizado tambi\u00e9n le permite actualizar los sistemas existentes a un costo de instalaci\u00f3n inferior. Integrado con BioStar 2, este sistema almacena de forma segura, en un solo dispositivo, toda la informaci\u00f3n de cada usuario, incluido el nombre, el ID, el PIN, los derechos de acceso y la informaci\u00f3n de la huella dactilar. El controlador biom\u00e9trico inteligente de Suprema, CoreStation, es capaz de identificar huellas dactilares y tarjetas RFID. Proporciona caracter\u00edsticas y rendimientos diferenciados basados en un m\u00f3dulo de 4 canales que cuenta con un hardware superior de rendimiento y adaptabilidad.<\/p>\n<p><strong>\u00a0<\/strong><\/p>\n<p><strong>Sistemas distribuidos<\/strong><\/p>\n<p>En los sistemas distribuidos, la terminal IP y los lectores realizan la funci\u00f3n de un controlador y un lector simult\u00e1neamente. Por lo tanto, puede realizar funciones como administrar las biom\u00e9tricas, los usuarios y el control del acceso con una sola terminal. Las terminales IP y los lectores de Suprema mejoran la confiabilidad del sistema con una f\u00e1cil configuraci\u00f3n del mismo y una administraci\u00f3n distribuida. Adem\u00e1s, proporciona los beneficios de un cableado simple y bajos costos de instalaci\u00f3n y mantenimiento.<\/p>\n<p><strong>\u00a0<\/strong><\/p>\n<p><strong>Tiempo &amp; Asistencia<\/strong><\/p>\n<p>BioStar 2 TA es un m\u00f3dulo de horario y asistencia que funciona como complemento de la plataforma BioStar 2. El m\u00f3dulo de BioStar 2 TA proporciona funciones completas de horario y asistencia a BioStar 2. Ya que se combina con funciones adecuadas para el usuario, como varios tipos de turnos y reglas de horas extra, BioStar 2 TA ofrece flexibilidad para diversas aplicaciones a fin de simplificar la administraci\u00f3n complicada de horario y asistencia.<\/p>\n<p>Caracter\u00edsticas<\/p>\n<ul>\n<li>El sistema de horario y asistencia m\u00e1s preciso seg\u00fan la biometr\u00eda<\/li>\n<li>Administraci\u00f3n de trabajo m\u00e1s flexible<\/li>\n<li>Administraci\u00f3n sencilla de la programaci\u00f3n de trabajo<\/li>\n<li>Diversos tipos de configuraci\u00f3n de turnos<\/li>\n<li>Informes de horario y asistencia individuales, y vista de calendario<\/li>\n<li>F\u00e1cil integraci\u00f3n al sistema de RR. HH.\/planificaci\u00f3n de recursos empresariales (ERP, por sus siglas en ingl\u00e9s)<\/li>\n<\/ul>\n<p>&nbsp;<\/p>\n<p><img fetchpriority=\"high\" decoding=\"async\" class=\"aligncenter wp-image-11238 size-full\" src=\"http:\/\/nonamepublicidad.com\/wp-content\/uploads\/2022\/04\/suprema_biostar_2_mobile.webp\" alt=\"Suprema BioStar 2 Mobile\" width=\"500\" height=\"500\" srcset=\"https:\/\/nonamepublicidad.com\/wp-content\/uploads\/2022\/04\/suprema_biostar_2_mobile.webp 500w, https:\/\/nonamepublicidad.com\/wp-content\/uploads\/2022\/04\/suprema_biostar_2_mobile-400x400.webp 400w\" sizes=\"(max-width: 500px) 100vw, 500px\" \/><\/p>\n<p>&nbsp;<\/p>\n<p><strong>BioStar 2 Mobile<\/strong><\/p>\n<p>BioStar 2 Mobile le permite controlar libremente BioStar 2 desde cualquier lugar y en cualquier momento en su dispositivo inteligente. Desarrollada con base en la web de la interfaz de programaci\u00f3n de aplicaciones (API) de BioStar 2, BioStar 2 Mobile ofrece servicios apropiados para la era m\u00f3vil, incluido el registro de la informaci\u00f3n del usuario y de la huella dactilar basado en BioMini, el control de puertas, la notificaci\u00f3n en tiempo real del estado de la puerta y la zona y el monitoreo del acceso del control de eventos. Adem\u00e1s, las tarjetas m\u00f3viles, que se pueden emitir a trav\u00e9s de BioStar 2, son un medio de autenticaci\u00f3n capaz de sustituir completamente las tarjetas de pl\u00e1stico existentes y lo ayudan a crear soluciones de control de acceso m\u00f3vil m\u00e1s convenientes e innovadoras.<\/p>\n<p>Caracter\u00edsticas<\/p>\n<ul>\n<li>Administraci\u00f3n de usuarios sencilla<\/li>\n<li>Notificaciones en tiempo real<\/li>\n<li>Control remoto de las puertas<\/li>\n<li>Monitoreo en tiempo real<\/li>\n<\/ul>\n<p>&nbsp;<\/p>\n<p>SUPREMA<\/p>\n<p>L\u00ednea de productos de Suprema. Somos distribuidores autorizados para Per\u00fa, Bolivia y Chile.<\/p>\n<p>Suprema es un proveedor global, l\u00edder en seguridad y biometr\u00eda. Combinando algoritmos de biometr\u00eda mundialmente renombrados, con nuestra ingenier\u00eda superior, Suprema ha introducido un n\u00famero de iniciativas de tecnolog\u00eda e innovaciones a la seguridad industrial en las \u00faltimas dos d\u00e9cadas.\u00a0 Suprema tiene el primer lugar en el mercado de Control de Acceso Biom\u00e9trico en la regi\u00f3n EMEA (Europa, Medio Oriente y \u00c1frica), y nombrado dentro de los primeros 50 fabricantes de seguridad a nivel mundial.<\/p>\n<p>Tecnolog\u00eda potente, eficiente y confiable probada en sitio. Evoluci\u00f3n y desarrollo continuos de sistemas y aplicaciones. Fabricaci\u00f3n de alta calidad por medio de estrictos sistemas de control. Fabricaci\u00f3n realizada con materiales y componentes de calidad.<\/p>\n<p>&nbsp;<\/p>\n<p style=\"text-align: center;\"><iframe style=\"border: 0;\" src=\"https:\/\/www.google.com\/maps\/embed?pb=!1m18!1m12!1m3!1d3901.2920991841356!2d-77.06151058518694!3d-12.09214459143707!2m3!1f0!2f0!3f0!3m2!1i1024!2i768!4f13.1!3m3!1m2!1s0x9105c9ab7f58054f%3A0x349109dac6c9b61!2zUzMgUGVyw7o!5e0!3m2!1ses-419!2spe!4v1648352418063!5m2!1ses-419!2spe\" width=\"600\" height=\"450\" allowfullscreen=\"allowfullscreen\"><\/iframe><\/p>","protected":false},"excerpt":{"rendered":"<p>Plataforma de seguridad integrada, basada en la web.<\/p>\n<p>BioStar 2 es una plataforma de seguridad basada en la web, abierta e integrada que proporciona una funcionalidad completa para el control del acceso, los horarios y la asistencia. Debido a su estructura modular y flexible, la plataforma es compatible con el SDK BioStar 2 del dispositivo, que se utiliza para integrar las terminales de Suprema a sistemas de terceros, y con las API de la Web, que se usan para integrar la funcionalidad de la plataforma BioStar 2 en sistemas de terceros. Adem\u00e1s, en consonancia con la era m\u00f3vil, la aplicaci\u00f3n m\u00f3vil de BioStar 2 se dise\u00f1\u00f3 para permitirle controlar de forma remota la plataforma BioStar 2, pero tambi\u00e9n para que obtenga una tarjeta m\u00f3vil que pueda utilizar.<\/p>\n<p>Caracter\u00edsticas<\/p>\n<ul>\n<li>Gesti\u00f3n de visitantes<\/li>\n<li>Arquitectura del Sistema Flexible<\/li>\n<li>Soluci\u00f3n \u00f3ptima de control de acceso<\/li>\n<li>Soluci\u00f3n flexible para el control de horarios y asistencia<\/li>\n<li>Control remoto y tarjetas m\u00f3viles<\/li>\n<li>La mejor soluci\u00f3n para controlar el acceso<\/li>\n<li>Compatibilidad de la integraci\u00f3n del sistema<\/li>\n<\/ul>\n<p>Ubicaci\u00f3n: <a href=\"https:\/\/g.page\/S3Peru?share\" target=\"_blank\" rel=\"noopener\">Calle, Tomas Ramsey 890, Magdalena del Mar 15076<\/a><\/p>\n<p>Correo: <a href=\"mailto:ventas@s3peru.com\">ventas@s3peru.com<\/a><\/p>\n<p>Web: <a href=\"https:\/\/s3peru.com\/\" target=\"_blank\" rel=\"noopener\">www.s3peru.com<\/a><\/p>\n<p>Facebook: <a href=\"https:\/\/www.facebook.com\/S3PeruSac\/\" target=\"_blank\" rel=\"noopener\">S3PeruSac<\/a><\/p>\n<p>Horario:<\/p>\n<p>Lunes a Viernes 8:30 a.m. &#8211; 19:00 p.m.<\/p>\n<p>S\u00e1bado y Domingo CERRADO<\/p>\n<p>Consultas al: <a href=\"tel:016372786\">(+51) 6372786<\/a> | <a href=\"tel:016372787\">(+51) 6372787<\/a> | <a href=\"tel:51986617392\">(+51) 986617392<\/a><\/p>\n<div class=\"nta_wa_button\" data-id=\"13954\" data-info=\"{&quot;name&quot;:&quot;S3 Per\\u00fa&quot;,&quot;info&quot;:{&quot;number&quot;:&quot;+51986617392&quot;,&quot;title&quot;:&quot;S3 Per\\u00fa | Tienda&quot;,&quot;predefinedText&quot;:&quot;Hola S3 Per\\u00fa. Me gustar\\u00eda m\\u00e1s informaci\\u00f3n de [njwa_page_title] Este es el link [njwa_page_url]&quot;,&quot;willBeBackText&quot;:&quot;I will be back in [njwa_time_work]&quot;,&quot;dayOffsText&quot;:&quot;I will be back soon&quot;,&quot;isAlwaysAvailable&quot;:&quot;ON&quot;,&quot;daysOfWeekWorking&quot;:{&quot;sunday&quot;:{&quot;isWorkingOnDay&quot;:&quot;OFF&quot;,&quot;workHours&quot;:[{&quot;startTime&quot;:&quot;08:00&quot;,&quot;endTime&quot;:&quot;17:30&quot;}]},&quot;monday&quot;:{&quot;isWorkingOnDay&quot;:&quot;OFF&quot;,&quot;workHours&quot;:[{&quot;startTime&quot;:&quot;08:00&quot;,&quot;endTime&quot;:&quot;17:30&quot;}]},&quot;tuesday&quot;:{&quot;isWorkingOnDay&quot;:&quot;OFF&quot;,&quot;workHours&quot;:[{&quot;startTime&quot;:&quot;08:00&quot;,&quot;endTime&quot;:&quot;17:30&quot;}]},&quot;wednesday&quot;:{&quot;isWorkingOnDay&quot;:&quot;OFF&quot;,&quot;workHours&quot;:[{&quot;startTime&quot;:&quot;08:00&quot;,&quot;endTime&quot;:&quot;17:30&quot;}]},&quot;thursday&quot;:{&quot;isWorkingOnDay&quot;:&quot;OFF&quot;,&quot;workHours&quot;:[{&quot;startTime&quot;:&quot;08:00&quot;,&quot;endTime&quot;:&quot;17:30&quot;}]},&quot;friday&quot;:{&quot;isWorkingOnDay&quot;:&quot;OFF&quot;,&quot;workHours&quot;:[{&quot;startTime&quot;:&quot;08:00&quot;,&quot;endTime&quot;:&quot;17:30&quot;}]},&quot;saturday&quot;:{&quot;isWorkingOnDay&quot;:&quot;OFF&quot;,&quot;workHours&quot;:[{&quot;startTime&quot;:&quot;08:00&quot;,&quot;endTime&quot;:&quot;17:30&quot;}]}}},&quot;styles&quot;:{&quot;type&quot;:&quot;round&quot;,&quot;backgroundColor&quot;:&quot;#2DB742&quot;,&quot;textColor&quot;:&quot;#fff&quot;,&quot;label&quot;:&quot;Necesitas ayuda? Hablemos&quot;,&quot;width&quot;:300,&quot;height&quot;:64},&quot;avatar&quot;:&quot;https:\\\/\\\/nonamepublicidad.com\\\/wp-content\\\/uploads\\\/2021\\\/06\\\/s3_peru_logo.webp&quot;,&quot;options&quot;:{&quot;display&quot;:{&quot;displayCondition&quot;:&quot;showAllPage&quot;,&quot;includePages&quot;:[],&quot;excludePages&quot;:[],&quot;includePosts&quot;:[],&quot;showOnDesktop&quot;:&quot;ON&quot;,&quot;showOnMobile&quot;:&quot;ON&quot;,&quot;time_symbols&quot;:&quot;h:m&quot;},&quot;styles&quot;:{&quot;title&quot;:&quot;Start a Conversation&quot;,&quot;responseText&quot;:&quot;The team typically replies in a few minutes.&quot;,&quot;description&quot;:&quot;Hi! Click one of our member below to chat on &lt;strong&gt;WhatsApp&lt;\\\/strong&gt;&quot;,&quot;backgroundColor&quot;:&quot;#2db742&quot;,&quot;textColor&quot;:&quot;#fff&quot;,&quot;scrollHeight&quot;:500,&quot;isShowScroll&quot;:&quot;OFF&quot;,&quot;isShowResponseText&quot;:&quot;ON&quot;,&quot;isShowPoweredBy&quot;:&quot;ON&quot;,&quot;btnLabel&quot;:&quot;Need Help? &lt;strong&gt;Chat with us&lt;\\\/strong&gt;&quot;,&quot;btnLabelWidth&quot;:156,&quot;btnPosition&quot;:&quot;right&quot;,&quot;btnLeftDistance&quot;:30,&quot;btnRightDistance&quot;:30,&quot;btnBottomDistance&quot;:30,&quot;isShowBtnLabel&quot;:&quot;ON&quot;,&quot;isShowGDPR&quot;:&quot;OFF&quot;,&quot;gdprContent&quot;:&quot;Please accept our &lt;a href=\\&quot;https:\\\/\\\/ninjateam.org\\\/privacy-policy\\\/\\&quot;&gt;privacy policy&lt;\\\/a&gt; first to start a conversation.&quot;,&quot;widgetType&quot;:&quot;expandable&quot;},&quot;analytics&quot;:{&quot;enabledGoogle&quot;:&quot;OFF&quot;,&quot;enabledFacebook&quot;:&quot;OFF&quot;,&quot;enabledGoogleGA4&quot;:&quot;OFF&quot;}},&quot;gdprStatus&quot;:false,&quot;defaultAvatar&quot;:&quot;https:\\\/\\\/nonamepublicidad.com\\\/wp-content\\\/plugins\\\/whatsapp-for-wordpress\\\/assets\\\/img\\\/whatsapp_logo.svg&quot;}\"><\/div>\n<div style=\"visibility: hidden;\">soluciones de negocios, soluciones tecnologicas, tecnologias de la informaci\u00f3n, transformacion digital, conectividad, innovacion, desarrollo de soluciones, desarrollo de sistemas, especialistas en tecnologia, tecnologia de la Informacion, s3 peru, seguridad, seguridad industrial, seguridad para el hogar, tecnologia, tecnologia para seguridad, software, terminal inteligente, tarjetas RFID<\/div>\n","protected":false},"featured_media":11237,"comment_status":"open","ping_status":"closed","template":"","meta":[],"product_brand":[],"product_cat":[157,153],"product_tag":[2371,2374,2373,2375,2372,2377,1346,1335,1334,2381,2367,2368,2384,1347,2376,1348,2369,2383,2370],"class_list":{"0":"post-11236","1":"product","2":"type-product","3":"status-publish","4":"has-post-thumbnail","6":"product_cat-equipamiento-para-industrias","7":"product_cat-industrias-y-oficinas","8":"product_tag-conectividad","9":"product_tag-desarrollo-de-sistemas","10":"product_tag-desarrollo-de-soluciones","11":"product_tag-especialistas-en-tecnologia","12":"product_tag-innovacion","13":"product_tag-s3-peru","14":"product_tag-seguridad","15":"product_tag-seguridad-industrial","16":"product_tag-seguridad-para-el-hogar","17":"product_tag-software","18":"product_tag-soluciones-de-negocios","19":"product_tag-soluciones-tecnologicas","20":"product_tag-tarjetas-rfid","21":"product_tag-tecnologia","22":"product_tag-tecnologia-de-la-informacion","23":"product_tag-tecnologia-para-seguridad","24":"product_tag-tecnologias-de-la-informacion","25":"product_tag-terminal-inteligente","26":"product_tag-transformacion-digital","28":"first","29":"instock","30":"virtual","31":"taxable","32":"product-type-simple"},"_links":{"self":[{"href":"https:\/\/nonamepublicidad.com\/en\/wp-json\/wp\/v2\/product\/11236","targetHints":{"allow":["GET"]}}],"collection":[{"href":"https:\/\/nonamepublicidad.com\/en\/wp-json\/wp\/v2\/product"}],"about":[{"href":"https:\/\/nonamepublicidad.com\/en\/wp-json\/wp\/v2\/types\/product"}],"replies":[{"embeddable":true,"href":"https:\/\/nonamepublicidad.com\/en\/wp-json\/wp\/v2\/comments?post=11236"}],"version-history":[{"count":0,"href":"https:\/\/nonamepublicidad.com\/en\/wp-json\/wp\/v2\/product\/11236\/revisions"}],"wp:featuredmedia":[{"embeddable":true,"href":"https:\/\/nonamepublicidad.com\/en\/wp-json\/wp\/v2\/media\/11237"}],"wp:attachment":[{"href":"https:\/\/nonamepublicidad.com\/en\/wp-json\/wp\/v2\/media?parent=11236"}],"wp:term":[{"taxonomy":"product_brand","embeddable":true,"href":"https:\/\/nonamepublicidad.com\/en\/wp-json\/wp\/v2\/product_brand?post=11236"},{"taxonomy":"product_cat","embeddable":true,"href":"https:\/\/nonamepublicidad.com\/en\/wp-json\/wp\/v2\/product_cat?post=11236"},{"taxonomy":"product_tag","embeddable":true,"href":"https:\/\/nonamepublicidad.com\/en\/wp-json\/wp\/v2\/product_tag?post=11236"}],"curies":[{"name":"wp","href":"https:\/\/api.w.org\/{rel}","templated":true}]}}