{"id":11251,"date":"2022-04-01T23:23:02","date_gmt":"2022-04-02T04:23:02","guid":{"rendered":"http:\/\/nonamepublicidad.com\/?post_type=product&#038;p=11251"},"modified":"2024-12-02T08:49:32","modified_gmt":"2024-12-02T13:49:32","slug":"acido-sacasarro-clorina-botella-1kg","status":"publish","type":"product","link":"https:\/\/nonamepublicidad.com\/en\/product\/acido-sacasarro-clorina-botella-1kg\/","title":{"rendered":"\u00c1cido Sacasarro Clorina Botella 1Kg"},"content":{"rendered":"<p style=\"text-align: center;\"><iframe style=\"border: 0;\" src=\"https:\/\/www.google.com\/maps\/embed?pb=!1m18!1m12!1m3!1d690.3042355003282!2d-77.106175757484!3d-11.838742495622796!2m3!1f0!2f0!3f0!3m2!1i1024!2i768!4f13.1!3m3!1m2!1s0x9105d5f8dba0cabf%3A0x8bf038ffe99cedc5!2sClorina!5e0!3m2!1ses-419!2spe!4v1648873262239!5m2!1ses-419!2spe\" width=\"600\" height=\"450\" allowfullscreen=\"allowfullscreen\"><\/iframe><\/p>\n<p>&nbsp;<\/p>\n<p>En 1966 inicio Clorina, una de las primeras industrias de lej\u00edas en Per\u00fa. Desde su aparici\u00f3n, Clorina ha formado parte del hogar de millones de peruanos ayudando a la desinfecci\u00f3n y limpieza, siempre con la mayor calidad.<\/p>\n<p>Hoy, Clorina sigue siendo tu mejor aliada para combatir y luchar de manera efectiva contra virus y bacterias, defendiendo a los que m\u00e1s quieres, y al mejor precio.<\/p>\n<p>As\u00ed que, frente a cualquier problema de limpieza y desinfecci\u00f3n, no dudes en buscarla en tu tienda o mercado m\u00e1s cercano\u2026<\/p>","protected":false},"excerpt":{"rendered":"<ul>\n<li>Precio por unidad<\/li>\n<\/ul>\n<p>Clorina es una l\u00ednea de productos de limpieza del hogar, que facilita la limpieza y desinfecci\u00f3n desde 1966.<\/p>\n<p>Ubicaci\u00f3n: <a href=\"https:\/\/goo.gl\/maps\/wULbomH9d4Dmi35C6\" target=\"_blank\" rel=\"noopener\">Sta. Catalina 158, Puente Piedra 15122<\/a><\/p>\n<p>Correo: <a href=\"mailto:ventas.clorina@gmail.com\">ventas.clorina@gmail.com<\/a><\/p>\n<p>Facebook: <a href=\"https:\/\/www.facebook.com\/Clorina-208621972507706\/\" target=\"_blank\" rel=\"noopener\">Clorina<\/a><\/p>\n<p>Pedidos al: <a href=\"tel:51978112358\">(+51) 978112358<\/a> | <a href=\"tel:51983277545\">(+51) 983277545<\/a><\/p>\n<div class=\"nta_wa_button\" data-id=\"13980\" data-info=\"{&quot;name&quot;:&quot;Vendedor Clorina 1&quot;,&quot;info&quot;:{&quot;number&quot;:&quot;+51978112358&quot;,&quot;title&quot;:&quot;Clorina | Tienda&quot;,&quot;predefinedText&quot;:&quot;Hola Clorina. Me gustar\\u00eda m\\u00e1s informaci\\u00f3n de [njwa_page_title] Este es el link [njwa_page_url]&quot;,&quot;willBeBackText&quot;:&quot;I will be back in [njwa_time_work]&quot;,&quot;dayOffsText&quot;:&quot;I will be back soon&quot;,&quot;isAlwaysAvailable&quot;:&quot;ON&quot;,&quot;daysOfWeekWorking&quot;:{&quot;sunday&quot;:{&quot;isWorkingOnDay&quot;:&quot;OFF&quot;,&quot;workHours&quot;:[{&quot;startTime&quot;:&quot;08:00&quot;,&quot;endTime&quot;:&quot;17:30&quot;}]},&quot;monday&quot;:{&quot;isWorkingOnDay&quot;:&quot;OFF&quot;,&quot;workHours&quot;:[{&quot;startTime&quot;:&quot;08:00&quot;,&quot;endTime&quot;:&quot;17:30&quot;}]},&quot;tuesday&quot;:{&quot;isWorkingOnDay&quot;:&quot;OFF&quot;,&quot;workHours&quot;:[{&quot;startTime&quot;:&quot;08:00&quot;,&quot;endTime&quot;:&quot;17:30&quot;}]},&quot;wednesday&quot;:{&quot;isWorkingOnDay&quot;:&quot;OFF&quot;,&quot;workHours&quot;:[{&quot;startTime&quot;:&quot;08:00&quot;,&quot;endTime&quot;:&quot;17:30&quot;}]},&quot;thursday&quot;:{&quot;isWorkingOnDay&quot;:&quot;OFF&quot;,&quot;workHours&quot;:[{&quot;startTime&quot;:&quot;08:00&quot;,&quot;endTime&quot;:&quot;17:30&quot;}]},&quot;friday&quot;:{&quot;isWorkingOnDay&quot;:&quot;OFF&quot;,&quot;workHours&quot;:[{&quot;startTime&quot;:&quot;08:00&quot;,&quot;endTime&quot;:&quot;17:30&quot;}]},&quot;saturday&quot;:{&quot;isWorkingOnDay&quot;:&quot;OFF&quot;,&quot;workHours&quot;:[{&quot;startTime&quot;:&quot;08:00&quot;,&quot;endTime&quot;:&quot;17:30&quot;}]}}},&quot;styles&quot;:{&quot;type&quot;:&quot;round&quot;,&quot;backgroundColor&quot;:&quot;#2DB742&quot;,&quot;textColor&quot;:&quot;#fff&quot;,&quot;label&quot;:&quot;Necesitas ayuda? Hablemos&quot;,&quot;width&quot;:300,&quot;height&quot;:64},&quot;avatar&quot;:&quot;https:\\\/\\\/nonamepublicidad.com\\\/wp-content\\\/uploads\\\/2022\\\/04\\\/clorina_logo.webp&quot;,&quot;options&quot;:{&quot;display&quot;:{&quot;displayCondition&quot;:&quot;showAllPage&quot;,&quot;includePages&quot;:[],&quot;excludePages&quot;:[],&quot;includePosts&quot;:[],&quot;showOnDesktop&quot;:&quot;ON&quot;,&quot;showOnMobile&quot;:&quot;ON&quot;,&quot;time_symbols&quot;:&quot;h:m&quot;},&quot;styles&quot;:{&quot;title&quot;:&quot;Start a Conversation&quot;,&quot;responseText&quot;:&quot;The team typically replies in a few minutes.&quot;,&quot;description&quot;:&quot;Hi! Click one of our member below to chat on &lt;strong&gt;WhatsApp&lt;\\\/strong&gt;&quot;,&quot;backgroundColor&quot;:&quot;#2db742&quot;,&quot;textColor&quot;:&quot;#fff&quot;,&quot;scrollHeight&quot;:500,&quot;isShowScroll&quot;:&quot;OFF&quot;,&quot;isShowResponseText&quot;:&quot;ON&quot;,&quot;isShowPoweredBy&quot;:&quot;ON&quot;,&quot;btnLabel&quot;:&quot;Need Help? &lt;strong&gt;Chat with us&lt;\\\/strong&gt;&quot;,&quot;btnLabelWidth&quot;:156,&quot;btnPosition&quot;:&quot;right&quot;,&quot;btnLeftDistance&quot;:30,&quot;btnRightDistance&quot;:30,&quot;btnBottomDistance&quot;:30,&quot;isShowBtnLabel&quot;:&quot;ON&quot;,&quot;isShowGDPR&quot;:&quot;OFF&quot;,&quot;gdprContent&quot;:&quot;Please accept our &lt;a href=\\&quot;https:\\\/\\\/ninjateam.org\\\/privacy-policy\\\/\\&quot;&gt;privacy policy&lt;\\\/a&gt; first to start a conversation.&quot;,&quot;widgetType&quot;:&quot;expandable&quot;},&quot;analytics&quot;:{&quot;enabledGoogle&quot;:&quot;OFF&quot;,&quot;enabledFacebook&quot;:&quot;OFF&quot;,&quot;enabledGoogleGA4&quot;:&quot;OFF&quot;}},&quot;gdprStatus&quot;:false,&quot;defaultAvatar&quot;:&quot;https:\\\/\\\/nonamepublicidad.com\\\/wp-content\\\/plugins\\\/whatsapp-for-wordpress\\\/assets\\\/img\\\/whatsapp_logo.svg&quot;}\"><\/div>\n<div class=\"nta_wa_button\" data-id=\"13981\" data-info=\"{&quot;name&quot;:&quot;Vendedor Clorina 2&quot;,&quot;info&quot;:{&quot;number&quot;:&quot;+51983277545&quot;,&quot;title&quot;:&quot;Clorina | Tienda&quot;,&quot;predefinedText&quot;:&quot;Hola Clorina. Me gustar\\u00eda m\\u00e1s informaci\\u00f3n de [njwa_page_title] Este es el link [njwa_page_url]&quot;,&quot;willBeBackText&quot;:&quot;I will be back in [njwa_time_work]&quot;,&quot;dayOffsText&quot;:&quot;I will be back soon&quot;,&quot;isAlwaysAvailable&quot;:&quot;ON&quot;,&quot;daysOfWeekWorking&quot;:{&quot;sunday&quot;:{&quot;isWorkingOnDay&quot;:&quot;OFF&quot;,&quot;workHours&quot;:[{&quot;startTime&quot;:&quot;08:00&quot;,&quot;endTime&quot;:&quot;17:30&quot;}]},&quot;monday&quot;:{&quot;isWorkingOnDay&quot;:&quot;OFF&quot;,&quot;workHours&quot;:[{&quot;startTime&quot;:&quot;08:00&quot;,&quot;endTime&quot;:&quot;17:30&quot;}]},&quot;tuesday&quot;:{&quot;isWorkingOnDay&quot;:&quot;OFF&quot;,&quot;workHours&quot;:[{&quot;startTime&quot;:&quot;08:00&quot;,&quot;endTime&quot;:&quot;17:30&quot;}]},&quot;wednesday&quot;:{&quot;isWorkingOnDay&quot;:&quot;OFF&quot;,&quot;workHours&quot;:[{&quot;startTime&quot;:&quot;08:00&quot;,&quot;endTime&quot;:&quot;17:30&quot;}]},&quot;thursday&quot;:{&quot;isWorkingOnDay&quot;:&quot;OFF&quot;,&quot;workHours&quot;:[{&quot;startTime&quot;:&quot;08:00&quot;,&quot;endTime&quot;:&quot;17:30&quot;}]},&quot;friday&quot;:{&quot;isWorkingOnDay&quot;:&quot;OFF&quot;,&quot;workHours&quot;:[{&quot;startTime&quot;:&quot;08:00&quot;,&quot;endTime&quot;:&quot;17:30&quot;}]},&quot;saturday&quot;:{&quot;isWorkingOnDay&quot;:&quot;OFF&quot;,&quot;workHours&quot;:[{&quot;startTime&quot;:&quot;08:00&quot;,&quot;endTime&quot;:&quot;17:30&quot;}]}}},&quot;styles&quot;:{&quot;type&quot;:&quot;round&quot;,&quot;backgroundColor&quot;:&quot;#2DB742&quot;,&quot;textColor&quot;:&quot;#fff&quot;,&quot;label&quot;:&quot;Necesitas ayuda? Hablemos&quot;,&quot;width&quot;:300,&quot;height&quot;:64},&quot;avatar&quot;:&quot;https:\\\/\\\/nonamepublicidad.com\\\/wp-content\\\/uploads\\\/2022\\\/04\\\/clorina_logo.webp&quot;,&quot;options&quot;:{&quot;display&quot;:{&quot;displayCondition&quot;:&quot;showAllPage&quot;,&quot;includePages&quot;:[],&quot;excludePages&quot;:[],&quot;includePosts&quot;:[],&quot;showOnDesktop&quot;:&quot;ON&quot;,&quot;showOnMobile&quot;:&quot;ON&quot;,&quot;time_symbols&quot;:&quot;h:m&quot;},&quot;styles&quot;:{&quot;title&quot;:&quot;Start a Conversation&quot;,&quot;responseText&quot;:&quot;The team typically replies in a few minutes.&quot;,&quot;description&quot;:&quot;Hi! Click one of our member below to chat on &lt;strong&gt;WhatsApp&lt;\\\/strong&gt;&quot;,&quot;backgroundColor&quot;:&quot;#2db742&quot;,&quot;textColor&quot;:&quot;#fff&quot;,&quot;scrollHeight&quot;:500,&quot;isShowScroll&quot;:&quot;OFF&quot;,&quot;isShowResponseText&quot;:&quot;ON&quot;,&quot;isShowPoweredBy&quot;:&quot;ON&quot;,&quot;btnLabel&quot;:&quot;Need Help? &lt;strong&gt;Chat with us&lt;\\\/strong&gt;&quot;,&quot;btnLabelWidth&quot;:156,&quot;btnPosition&quot;:&quot;right&quot;,&quot;btnLeftDistance&quot;:30,&quot;btnRightDistance&quot;:30,&quot;btnBottomDistance&quot;:30,&quot;isShowBtnLabel&quot;:&quot;ON&quot;,&quot;isShowGDPR&quot;:&quot;OFF&quot;,&quot;gdprContent&quot;:&quot;Please accept our &lt;a href=\\&quot;https:\\\/\\\/ninjateam.org\\\/privacy-policy\\\/\\&quot;&gt;privacy policy&lt;\\\/a&gt; first to start a conversation.&quot;,&quot;widgetType&quot;:&quot;expandable&quot;},&quot;analytics&quot;:{&quot;enabledGoogle&quot;:&quot;OFF&quot;,&quot;enabledFacebook&quot;:&quot;OFF&quot;,&quot;enabledGoogleGA4&quot;:&quot;OFF&quot;}},&quot;gdprStatus&quot;:false,&quot;defaultAvatar&quot;:&quot;https:\\\/\\\/nonamepublicidad.com\\\/wp-content\\\/plugins\\\/whatsapp-for-wordpress\\\/assets\\\/img\\\/whatsapp_logo.svg&quot;}\"><\/div>\n<div style=\"visibility: hidden;\">art\u00edculos para el hogar, \u00e1cido sacasarro, \u00e1cido saca sarro, lavavajilla, lej\u00eda, quitamanchas, desinfectar e higienizar, limpieza del ba\u00f1o, limpieza de superficies, limpieza de exteriores, lavado de ropa, manchas de fluidos corporales, clorina, ba\u00f1o, cocina, pisos, limpieza y desinfecci\u00f3n, telas, exteriores, blanqueador, desodorizar, eliminar moho, higienizar, desinfectar, quita mancha, lavar, espacio exterior, ropa, cloro, producto de limpieza, uso dom\u00e9stico, limpieza, cuidado y limpieza del hogar<\/div>\n","protected":false},"featured_media":11250,"comment_status":"open","ping_status":"closed","template":"","meta":[],"product_brand":[],"product_cat":[418,412],"product_tag":[2390,2389,2388,2401,2406,2400,2414,1460,2418,2410,2394,2407,2408,2413,2405,2409,2398,2412,2391,2392,2417,2397,2396,2395,2403,2399,2402,2415,2411,2393,792,2404,2416],"class_list":{"0":"post-11251","1":"product","2":"type-product","3":"status-publish","4":"has-post-thumbnail","6":"product_cat-cuidado-del-hogar-y-lavanderia","7":"product_cat-hogar-muebles-y-jardin","8":"product_tag-acido-saca-sarro","9":"product_tag-acido-sacasarro","10":"product_tag-articulos-para-el-hogar","11":"product_tag-bano","12":"product_tag-blanqueador","13":"product_tag-clorina","14":"product_tag-cloro","15":"product_tag-cocina","16":"product_tag-cuidado-y-limpieza-del-hogar","17":"product_tag-desinfectar","18":"product_tag-desinfectar-e-higienizar","19":"product_tag-desodorizar","20":"product_tag-eliminar-moho","21":"product_tag-espacio-exterior","22":"product_tag-exteriores","23":"product_tag-higienizar","24":"product_tag-lavado-de-ropa","25":"product_tag-lavar","26":"product_tag-lavavajilla","27":"product_tag-lejia","28":"product_tag-limpieza","29":"product_tag-limpieza-de-exteriores","30":"product_tag-limpieza-de-superficies","31":"product_tag-limpieza-del-bano","32":"product_tag-limpieza-y-desinfeccion","33":"product_tag-manchas-de-fluidos-corporales","34":"product_tag-pisos","35":"product_tag-producto-de-limpieza","36":"product_tag-quita-mancha","37":"product_tag-quitamanchas","38":"product_tag-ropa","39":"product_tag-telas","40":"product_tag-uso-domestico","42":"first","43":"instock","44":"virtual","45":"taxable","46":"purchasable","47":"product-type-simple"},"_links":{"self":[{"href":"https:\/\/nonamepublicidad.com\/en\/wp-json\/wp\/v2\/product\/11251","targetHints":{"allow":["GET"]}}],"collection":[{"href":"https:\/\/nonamepublicidad.com\/en\/wp-json\/wp\/v2\/product"}],"about":[{"href":"https:\/\/nonamepublicidad.com\/en\/wp-json\/wp\/v2\/types\/product"}],"replies":[{"embeddable":true,"href":"https:\/\/nonamepublicidad.com\/en\/wp-json\/wp\/v2\/comments?post=11251"}],"version-history":[{"count":0,"href":"https:\/\/nonamepublicidad.com\/en\/wp-json\/wp\/v2\/product\/11251\/revisions"}],"wp:featuredmedia":[{"embeddable":true,"href":"https:\/\/nonamepublicidad.com\/en\/wp-json\/wp\/v2\/media\/11250"}],"wp:attachment":[{"href":"https:\/\/nonamepublicidad.com\/en\/wp-json\/wp\/v2\/media?parent=11251"}],"wp:term":[{"taxonomy":"product_brand","embeddable":true,"href":"https:\/\/nonamepublicidad.com\/en\/wp-json\/wp\/v2\/product_brand?post=11251"},{"taxonomy":"product_cat","embeddable":true,"href":"https:\/\/nonamepublicidad.com\/en\/wp-json\/wp\/v2\/product_cat?post=11251"},{"taxonomy":"product_tag","embeddable":true,"href":"https:\/\/nonamepublicidad.com\/en\/wp-json\/wp\/v2\/product_tag?post=11251"}],"curies":[{"name":"wp","href":"https:\/\/api.w.org\/{rel}","templated":true}]}}