{"id":11301,"date":"2022-04-03T20:15:06","date_gmt":"2022-04-04T01:15:06","guid":{"rendered":"http:\/\/nonamepublicidad.com\/?post_type=product&#038;p=11301"},"modified":"2024-12-02T08:49:33","modified_gmt":"2024-12-02T13:49:33","slug":"anviz-ultramatch-s2000","status":"publish","type":"product","link":"https:\/\/nonamepublicidad.com\/en\/product\/anviz-ultramatch-s2000\/","title":{"rendered":"Anviz UltraMatch S2000"},"content":{"rendered":"<p style=\"text-align: center;\"><iframe title=\"YouTube video player\" src=\"https:\/\/www.youtube.com\/embed\/oAlVRJ55lvo\" width=\"560\" height=\"315\" frameborder=\"0\" allowfullscreen=\"allowfullscreen\"><\/iframe><\/p>\n<p>&nbsp;<\/p>\n<p>ANVIZ<\/p>\n<p>L\u00ednea de productos de Anviz. Somos distribuidores autorizados para Per\u00fa.<\/p>\n<p>Anviz es l\u00edder mundial en seguridad inteligente. Nuestra emocionante l\u00ednea de productos cuenta con funciones de seguridad biom\u00e9trica, como huellas dactilares, iris y reconocimiento facial. Pr\u00f3ximamente lanzaremos nuestra l\u00ednea de vigilancia IP para brindar soluciones verdaderamente integradas.<\/p>\n<p>Las ventajas de Anviz<\/p>\n<p>Tecnolog\u00eda potente, eficiente y confiable probada en sitio. Evoluci\u00f3n y desarrollo continuos de sistemas y aplicaciones. Fabricaci\u00f3n de alta calidad por medio de estrictos sistemas de control. Fabricaci\u00f3n realizada con materiales y componentes de calidad.<\/p>\n<p>&nbsp;<\/p>\n<p style=\"text-align: center;\"><iframe style=\"border: 0;\" src=\"https:\/\/www.google.com\/maps\/embed?pb=!1m18!1m12!1m3!1d3901.2920991841356!2d-77.06151058518694!3d-12.09214459143707!2m3!1f0!2f0!3f0!3m2!1i1024!2i768!4f13.1!3m3!1m2!1s0x9105c9ab7f58054f%3A0x349109dac6c9b61!2zUzMgUGVyw7o!5e0!3m2!1ses-419!2spe!4v1648352418063!5m2!1ses-419!2spe\" width=\"600\" height=\"450\" allowfullscreen=\"allowfullscreen\"><\/iframe><\/p>","protected":false},"excerpt":{"rendered":"<p>Sistema de reconocimiento de iris sin contacto.<\/p>\n<p>Los productos de la serie UltraMatch tienen un dise\u00f1o elegante y un rendimiento confiable. Al adoptar el algoritmo BioNANO, el sistema proporciona el reconocimiento de iris m\u00e1s preciso, estable y r\u00e1pido al mismo tiempo que brinda seguridad de alto nivel en el registro biom\u00e9trico, la identificaci\u00f3n individual y el control de acceso.<\/p>\n<p>Ubicaci\u00f3n: <a href=\"https:\/\/g.page\/S3Peru?share\" target=\"_blank\" rel=\"noopener\">Calle, Tomas Ramsey 890, Magdalena del Mar 15076<\/a><\/p>\n<p>Correo: <a href=\"mailto:ventas@s3peru.com\">ventas@s3peru.com<\/a><\/p>\n<p>Web: <a href=\"https:\/\/s3peru.com\/\" target=\"_blank\" rel=\"noopener\">www.s3peru.com<\/a><\/p>\n<p>Facebook: <a href=\"https:\/\/www.facebook.com\/S3PeruSac\/\" target=\"_blank\" rel=\"noopener\">S3PeruSac<\/a><\/p>\n<p>Horario:<\/p>\n<p>Lunes a Viernes 8:30 a.m. &#8211; 19:00 p.m.<\/p>\n<p>S\u00e1bado y Domingo CERRADO<\/p>\n<p>Consultas al: <a href=\"tel:016372786\">(+51) 6372786<\/a> | <a href=\"tel:016372787\">(+51) 6372787<\/a> | <a href=\"tel:51986617392\">(+51) 986617392<\/a><\/p>\n<div class=\"nta_wa_button\" data-id=\"13954\" data-info=\"{&quot;name&quot;:&quot;S3 Per\\u00fa&quot;,&quot;info&quot;:{&quot;number&quot;:&quot;+51986617392&quot;,&quot;title&quot;:&quot;S3 Per\\u00fa | Tienda&quot;,&quot;predefinedText&quot;:&quot;Hola S3 Per\\u00fa. Me gustar\\u00eda m\\u00e1s informaci\\u00f3n de [njwa_page_title] Este es el link [njwa_page_url]&quot;,&quot;willBeBackText&quot;:&quot;I will be back in [njwa_time_work]&quot;,&quot;dayOffsText&quot;:&quot;I will be back soon&quot;,&quot;isAlwaysAvailable&quot;:&quot;ON&quot;,&quot;daysOfWeekWorking&quot;:{&quot;sunday&quot;:{&quot;isWorkingOnDay&quot;:&quot;OFF&quot;,&quot;workHours&quot;:[{&quot;startTime&quot;:&quot;08:00&quot;,&quot;endTime&quot;:&quot;17:30&quot;}]},&quot;monday&quot;:{&quot;isWorkingOnDay&quot;:&quot;OFF&quot;,&quot;workHours&quot;:[{&quot;startTime&quot;:&quot;08:00&quot;,&quot;endTime&quot;:&quot;17:30&quot;}]},&quot;tuesday&quot;:{&quot;isWorkingOnDay&quot;:&quot;OFF&quot;,&quot;workHours&quot;:[{&quot;startTime&quot;:&quot;08:00&quot;,&quot;endTime&quot;:&quot;17:30&quot;}]},&quot;wednesday&quot;:{&quot;isWorkingOnDay&quot;:&quot;OFF&quot;,&quot;workHours&quot;:[{&quot;startTime&quot;:&quot;08:00&quot;,&quot;endTime&quot;:&quot;17:30&quot;}]},&quot;thursday&quot;:{&quot;isWorkingOnDay&quot;:&quot;OFF&quot;,&quot;workHours&quot;:[{&quot;startTime&quot;:&quot;08:00&quot;,&quot;endTime&quot;:&quot;17:30&quot;}]},&quot;friday&quot;:{&quot;isWorkingOnDay&quot;:&quot;OFF&quot;,&quot;workHours&quot;:[{&quot;startTime&quot;:&quot;08:00&quot;,&quot;endTime&quot;:&quot;17:30&quot;}]},&quot;saturday&quot;:{&quot;isWorkingOnDay&quot;:&quot;OFF&quot;,&quot;workHours&quot;:[{&quot;startTime&quot;:&quot;08:00&quot;,&quot;endTime&quot;:&quot;17:30&quot;}]}}},&quot;styles&quot;:{&quot;type&quot;:&quot;round&quot;,&quot;backgroundColor&quot;:&quot;#2DB742&quot;,&quot;textColor&quot;:&quot;#fff&quot;,&quot;label&quot;:&quot;Necesitas ayuda? Hablemos&quot;,&quot;width&quot;:300,&quot;height&quot;:64},&quot;avatar&quot;:&quot;https:\\\/\\\/nonamepublicidad.com\\\/wp-content\\\/uploads\\\/2021\\\/06\\\/s3_peru_logo.webp&quot;,&quot;options&quot;:{&quot;display&quot;:{&quot;displayCondition&quot;:&quot;showAllPage&quot;,&quot;includePages&quot;:[],&quot;excludePages&quot;:[],&quot;includePosts&quot;:[],&quot;showOnDesktop&quot;:&quot;ON&quot;,&quot;showOnMobile&quot;:&quot;ON&quot;,&quot;time_symbols&quot;:&quot;h:m&quot;},&quot;styles&quot;:{&quot;title&quot;:&quot;Start a Conversation&quot;,&quot;responseText&quot;:&quot;The team typically replies in a few minutes.&quot;,&quot;description&quot;:&quot;Hi! Click one of our member below to chat on &lt;strong&gt;WhatsApp&lt;\\\/strong&gt;&quot;,&quot;backgroundColor&quot;:&quot;#2db742&quot;,&quot;textColor&quot;:&quot;#fff&quot;,&quot;scrollHeight&quot;:500,&quot;isShowScroll&quot;:&quot;OFF&quot;,&quot;isShowResponseText&quot;:&quot;ON&quot;,&quot;isShowPoweredBy&quot;:&quot;ON&quot;,&quot;btnLabel&quot;:&quot;Need Help? &lt;strong&gt;Chat with us&lt;\\\/strong&gt;&quot;,&quot;btnLabelWidth&quot;:156,&quot;btnPosition&quot;:&quot;right&quot;,&quot;btnLeftDistance&quot;:30,&quot;btnRightDistance&quot;:30,&quot;btnBottomDistance&quot;:30,&quot;isShowBtnLabel&quot;:&quot;ON&quot;,&quot;isShowGDPR&quot;:&quot;OFF&quot;,&quot;gdprContent&quot;:&quot;Please accept our &lt;a href=\\&quot;https:\\\/\\\/ninjateam.org\\\/privacy-policy\\\/\\&quot;&gt;privacy policy&lt;\\\/a&gt; first to start a conversation.&quot;,&quot;widgetType&quot;:&quot;expandable&quot;},&quot;analytics&quot;:{&quot;enabledGoogle&quot;:&quot;OFF&quot;,&quot;enabledFacebook&quot;:&quot;OFF&quot;,&quot;enabledGoogleGA4&quot;:&quot;OFF&quot;}},&quot;gdprStatus&quot;:false,&quot;defaultAvatar&quot;:&quot;https:\\\/\\\/nonamepublicidad.com\\\/wp-content\\\/plugins\\\/whatsapp-for-wordpress\\\/assets\\\/img\\\/whatsapp_logo.svg&quot;}\"><\/div>\n<div style=\"visibility: hidden;\">soluciones de negocios, soluciones tecnologicas, tecnologias de la informaci\u00f3n, transformacion digital, conectividad, innovacion, desarrollo de soluciones, desarrollo de sistemas, especialistas en tecnologia, tecnologia de la Informacion, s3 peru, seguridad, seguridad industrial, seguridad para el hogar, tecnologia, tecnologia para seguridad, software, terminal inteligente, control de acceso, reconocimiento facial<\/div>\n","protected":false},"featured_media":11300,"comment_status":"open","ping_status":"closed","template":"","meta":[],"product_brand":[],"product_cat":[157,153],"product_tag":[2371,2385,2374,2373,2375,2372,2386,2377,1346,1335,1334,2381,2367,2368,1347,2376,1348,2369,2383,2370],"class_list":{"0":"post-11301","1":"product","2":"type-product","3":"status-publish","4":"has-post-thumbnail","6":"product_cat-equipamiento-para-industrias","7":"product_cat-industrias-y-oficinas","8":"product_tag-conectividad","9":"product_tag-control-de-acceso","10":"product_tag-desarrollo-de-sistemas","11":"product_tag-desarrollo-de-soluciones","12":"product_tag-especialistas-en-tecnologia","13":"product_tag-innovacion","14":"product_tag-reconocimiento-facial","15":"product_tag-s3-peru","16":"product_tag-seguridad","17":"product_tag-seguridad-industrial","18":"product_tag-seguridad-para-el-hogar","19":"product_tag-software","20":"product_tag-soluciones-de-negocios","21":"product_tag-soluciones-tecnologicas","22":"product_tag-tecnologia","23":"product_tag-tecnologia-de-la-informacion","24":"product_tag-tecnologia-para-seguridad","25":"product_tag-tecnologias-de-la-informacion","26":"product_tag-terminal-inteligente","27":"product_tag-transformacion-digital","29":"first","30":"instock","31":"virtual","32":"taxable","33":"product-type-simple"},"_links":{"self":[{"href":"https:\/\/nonamepublicidad.com\/en\/wp-json\/wp\/v2\/product\/11301","targetHints":{"allow":["GET"]}}],"collection":[{"href":"https:\/\/nonamepublicidad.com\/en\/wp-json\/wp\/v2\/product"}],"about":[{"href":"https:\/\/nonamepublicidad.com\/en\/wp-json\/wp\/v2\/types\/product"}],"replies":[{"embeddable":true,"href":"https:\/\/nonamepublicidad.com\/en\/wp-json\/wp\/v2\/comments?post=11301"}],"version-history":[{"count":0,"href":"https:\/\/nonamepublicidad.com\/en\/wp-json\/wp\/v2\/product\/11301\/revisions"}],"wp:featuredmedia":[{"embeddable":true,"href":"https:\/\/nonamepublicidad.com\/en\/wp-json\/wp\/v2\/media\/11300"}],"wp:attachment":[{"href":"https:\/\/nonamepublicidad.com\/en\/wp-json\/wp\/v2\/media?parent=11301"}],"wp:term":[{"taxonomy":"product_brand","embeddable":true,"href":"https:\/\/nonamepublicidad.com\/en\/wp-json\/wp\/v2\/product_brand?post=11301"},{"taxonomy":"product_cat","embeddable":true,"href":"https:\/\/nonamepublicidad.com\/en\/wp-json\/wp\/v2\/product_cat?post=11301"},{"taxonomy":"product_tag","embeddable":true,"href":"https:\/\/nonamepublicidad.com\/en\/wp-json\/wp\/v2\/product_tag?post=11301"}],"curies":[{"name":"wp","href":"https:\/\/api.w.org\/{rel}","templated":true}]}}