{"id":11353,"date":"2022-04-07T03:08:46","date_gmt":"2022-04-07T08:08:46","guid":{"rendered":"http:\/\/nonamepublicidad.com\/?post_type=product&#038;p=11353"},"modified":"2024-12-02T08:49:33","modified_gmt":"2024-12-02T13:49:33","slug":"came-wing","status":"publish","type":"product","link":"https:\/\/nonamepublicidad.com\/en\/product\/came-wing\/","title":{"rendered":"Came Wing"},"content":{"rendered":"<p style=\"text-align: center;\"><iframe title=\"YouTube video player\" src=\"https:\/\/www.youtube.com\/embed\/dgLYr4QLT4Q\" width=\"560\" height=\"315\" frameborder=\"0\" allowfullscreen=\"allowfullscreen\"><\/iframe><\/p>\n<p>&nbsp;<\/p>\n<p>CAME<\/p>\n<p>Nuestra l\u00ednea de productos de CAME para Per\u00fa.<\/p>\n<p>Con m\u00e1s de 60 a\u00f1os de pasi\u00f3n e inversi\u00f3n en nuevas tecnolog\u00edas en la industria de la automatizaci\u00f3n de viviendas y edificios, nos hemos convertido en una marca de referencia y en un socio global para la integraci\u00f3n de soluciones dise\u00f1adas para la automatizaci\u00f3n del control y la seguridad de los espacios residenciales, p\u00fablicos y urbanos, lo que da lugar a espacios de vida y trabajo saludables e inteligentes para las personas.<\/p>\n<p>Las Ventajas de Came<\/p>\n<p>Las personas son nuestro recurso m\u00e1s valioso. Realizan funciones y actividades vitales en las que la seguridad, la calidad y la atenci\u00f3n a las necesidades del cliente son fundamentales. Hoy en d\u00eda, nuestro Grupo cuenta con m\u00e1s de 1.400 empleados en todo el mundo y nuestra participaci\u00f3n en los diferentes mercados muestra un considerable potencial de crecimiento. El coraz\u00f3n de nuestro Grupo se encuentra en nuestra sede central en Dosson di Casier; el centro de planificaci\u00f3n y dise\u00f1o y el n\u00facleo de todo nuestro esfuerzo de ingenier\u00eda. Pero nuestras plantas de producci\u00f3n est\u00e1n situadas en lugares estrat\u00e9gicos que nos permiten integrar el Made in Italy con las tecnolog\u00edas de vanguardia de Europa.<\/p>\n<p>&nbsp;<\/p>\n<p style=\"text-align: center;\"><iframe style=\"border: 0;\" src=\"https:\/\/www.google.com\/maps\/embed?pb=!1m18!1m12!1m3!1d3901.2920991841356!2d-77.06151058518694!3d-12.09214459143707!2m3!1f0!2f0!3f0!3m2!1i1024!2i768!4f13.1!3m3!1m2!1s0x9105c9ab7f58054f%3A0x349109dac6c9b61!2zUzMgUGVyw7o!5e0!3m2!1ses-419!2spe!4v1648352418063!5m2!1ses-419!2spe\" width=\"600\" height=\"450\" allowfullscreen=\"allowfullscreen\"><\/iframe><\/p>","protected":false},"excerpt":{"rendered":"<p>Torniquete batiente motorizado.<\/p>\n<p>Wing: torno tr\u00edpode, vers\u00e1til y resistente, apto para todas las exigencias de control y selecci\u00f3n del tr\u00e1nsito incluso en zonas de alta densidad de accesos. La estructura externa, el brazo tr\u00edpode y las carcasas laterales est\u00e1n realizadas en acero inox AISI 304 con acabado \u201cscotch brite\u201d. Estas \u00faltimas pueden ser extra\u00eddas para facilitar el acceso de los cables de conexi\u00f3n, haciendo m\u00e1s simple y r\u00e1pida la instalaci\u00f3n y el mantenimiento.<\/p>\n<p>Caracter\u00edsticas<\/p>\n<ul>\n<li>La hoja, fijada dentro de la automatizaci\u00f3n, ofrece unas l\u00edneas sumamente armoniosas y esenciales.<\/li>\n<li>Corona luminosa de se\u00f1alizaci\u00f3n incorporada y montaje modular, se\u00f1ala el movimiento de la hoja y el estado de funcionamiento del torniquete.<\/li>\n<li>La tarjeta electr\u00f3nica, la fuente de alimentaci\u00f3n y el electro-freno est\u00e1n situados dentro de la automatizaci\u00f3n.<\/li>\n<li>El electro-freno incorporado bloquea la hoja y permite el acceso solamente a los usuarios habilitados.<\/li>\n<li>Motor con encoder para la detecci\u00f3n de los obst\u00e1culos y una f\u00e1cil gesti\u00f3n de las fases de ralentizaci\u00f3n.<\/li>\n<li>Display de programaci\u00f3n y de visualizaci\u00f3n de las funciones, f\u00e1cilmente accesible.<\/li>\n<li>Activaci\u00f3n del movimiento mediante transponder, tarjeta magn\u00e9tica, pulsadores o fotoc\u00e9lulas.<\/li>\n<li>Memory Roll para garantizar el almacenamiento de la configuraci\u00f3n y de los usuarios.<\/li>\n<li>Estructura de acero AISI 304 con hojas de plexigl\u00e1s o de cristal templado.<\/li>\n<li>Regulaci\u00f3n de la velocidad de la hoja directamente desde la tarjeta electr\u00f3nica.<\/li>\n<\/ul>\n<p>Ubicaci\u00f3n: <a href=\"https:\/\/g.page\/S3Peru?share\" target=\"_blank\" rel=\"noopener\">Calle, Tomas Ramsey 890, Magdalena del Mar 15076<\/a><\/p>\n<p>Correo: <a href=\"mailto:ventas@s3peru.com\">ventas@s3peru.com<\/a><\/p>\n<p>Web: <a href=\"https:\/\/s3peru.com\/\" target=\"_blank\" rel=\"noopener\">www.s3peru.com<\/a><\/p>\n<p>Facebook: <a href=\"https:\/\/www.facebook.com\/S3PeruSac\/\" target=\"_blank\" rel=\"noopener\">S3PeruSac<\/a><\/p>\n<p>Horario:<\/p>\n<p>Lunes a Viernes 8:30 a.m. &#8211; 19:00 p.m.<\/p>\n<p>S\u00e1bado y Domingo CERRADO<\/p>\n<p>Consultas al: <a href=\"tel:016372786\">(+51) 6372786<\/a> | <a href=\"tel:016372787\">(+51) 6372787<\/a> | <a href=\"tel:51986617392\">(+51) 986617392<\/a><\/p>\n<div class=\"nta_wa_button\" data-id=\"13954\" data-info=\"{&quot;name&quot;:&quot;S3 Per\\u00fa&quot;,&quot;info&quot;:{&quot;number&quot;:&quot;+51986617392&quot;,&quot;title&quot;:&quot;S3 Per\\u00fa | Tienda&quot;,&quot;predefinedText&quot;:&quot;Hola S3 Per\\u00fa. Me gustar\\u00eda m\\u00e1s informaci\\u00f3n de [njwa_page_title] Este es el link [njwa_page_url]&quot;,&quot;willBeBackText&quot;:&quot;I will be back in [njwa_time_work]&quot;,&quot;dayOffsText&quot;:&quot;I will be back soon&quot;,&quot;isAlwaysAvailable&quot;:&quot;ON&quot;,&quot;daysOfWeekWorking&quot;:{&quot;sunday&quot;:{&quot;isWorkingOnDay&quot;:&quot;OFF&quot;,&quot;workHours&quot;:[{&quot;startTime&quot;:&quot;08:00&quot;,&quot;endTime&quot;:&quot;17:30&quot;}]},&quot;monday&quot;:{&quot;isWorkingOnDay&quot;:&quot;OFF&quot;,&quot;workHours&quot;:[{&quot;startTime&quot;:&quot;08:00&quot;,&quot;endTime&quot;:&quot;17:30&quot;}]},&quot;tuesday&quot;:{&quot;isWorkingOnDay&quot;:&quot;OFF&quot;,&quot;workHours&quot;:[{&quot;startTime&quot;:&quot;08:00&quot;,&quot;endTime&quot;:&quot;17:30&quot;}]},&quot;wednesday&quot;:{&quot;isWorkingOnDay&quot;:&quot;OFF&quot;,&quot;workHours&quot;:[{&quot;startTime&quot;:&quot;08:00&quot;,&quot;endTime&quot;:&quot;17:30&quot;}]},&quot;thursday&quot;:{&quot;isWorkingOnDay&quot;:&quot;OFF&quot;,&quot;workHours&quot;:[{&quot;startTime&quot;:&quot;08:00&quot;,&quot;endTime&quot;:&quot;17:30&quot;}]},&quot;friday&quot;:{&quot;isWorkingOnDay&quot;:&quot;OFF&quot;,&quot;workHours&quot;:[{&quot;startTime&quot;:&quot;08:00&quot;,&quot;endTime&quot;:&quot;17:30&quot;}]},&quot;saturday&quot;:{&quot;isWorkingOnDay&quot;:&quot;OFF&quot;,&quot;workHours&quot;:[{&quot;startTime&quot;:&quot;08:00&quot;,&quot;endTime&quot;:&quot;17:30&quot;}]}}},&quot;styles&quot;:{&quot;type&quot;:&quot;round&quot;,&quot;backgroundColor&quot;:&quot;#2DB742&quot;,&quot;textColor&quot;:&quot;#fff&quot;,&quot;label&quot;:&quot;Necesitas ayuda? Hablemos&quot;,&quot;width&quot;:300,&quot;height&quot;:64},&quot;avatar&quot;:&quot;https:\\\/\\\/nonamepublicidad.com\\\/wp-content\\\/uploads\\\/2021\\\/06\\\/s3_peru_logo.webp&quot;,&quot;options&quot;:{&quot;display&quot;:{&quot;displayCondition&quot;:&quot;showAllPage&quot;,&quot;includePages&quot;:[],&quot;excludePages&quot;:[],&quot;includePosts&quot;:[],&quot;showOnDesktop&quot;:&quot;ON&quot;,&quot;showOnMobile&quot;:&quot;ON&quot;,&quot;time_symbols&quot;:&quot;h:m&quot;},&quot;styles&quot;:{&quot;title&quot;:&quot;Start a Conversation&quot;,&quot;responseText&quot;:&quot;The team typically replies in a few minutes.&quot;,&quot;description&quot;:&quot;Hi! Click one of our member below to chat on &lt;strong&gt;WhatsApp&lt;\\\/strong&gt;&quot;,&quot;backgroundColor&quot;:&quot;#2db742&quot;,&quot;textColor&quot;:&quot;#fff&quot;,&quot;scrollHeight&quot;:500,&quot;isShowScroll&quot;:&quot;OFF&quot;,&quot;isShowResponseText&quot;:&quot;ON&quot;,&quot;isShowPoweredBy&quot;:&quot;ON&quot;,&quot;btnLabel&quot;:&quot;Need Help? &lt;strong&gt;Chat with us&lt;\\\/strong&gt;&quot;,&quot;btnLabelWidth&quot;:156,&quot;btnPosition&quot;:&quot;right&quot;,&quot;btnLeftDistance&quot;:30,&quot;btnRightDistance&quot;:30,&quot;btnBottomDistance&quot;:30,&quot;isShowBtnLabel&quot;:&quot;ON&quot;,&quot;isShowGDPR&quot;:&quot;OFF&quot;,&quot;gdprContent&quot;:&quot;Please accept our &lt;a href=\\&quot;https:\\\/\\\/ninjateam.org\\\/privacy-policy\\\/\\&quot;&gt;privacy policy&lt;\\\/a&gt; first to start a conversation.&quot;,&quot;widgetType&quot;:&quot;expandable&quot;},&quot;analytics&quot;:{&quot;enabledGoogle&quot;:&quot;OFF&quot;,&quot;enabledFacebook&quot;:&quot;OFF&quot;,&quot;enabledGoogleGA4&quot;:&quot;OFF&quot;}},&quot;gdprStatus&quot;:false,&quot;defaultAvatar&quot;:&quot;https:\\\/\\\/nonamepublicidad.com\\\/wp-content\\\/plugins\\\/whatsapp-for-wordpress\\\/assets\\\/img\\\/whatsapp_logo.svg&quot;}\"><\/div>\n<div style=\"visibility: hidden;\">soluciones de negocios, soluciones tecnologicas, tecnologias de la informaci\u00f3n, transformacion digital, conectividad, innovacion, desarrollo de soluciones, desarrollo de sistemas, especialistas en tecnologia, tecnologia de la Informacion, s3 peru, seguridad, seguridad industrial, tecnologia, tecnologia para seguridad, software, terminal inteligente, control de acceso, tarjetas rfid, soluciones para tr\u00e1fico, movilidad urbana, tranqueras de seguridad, torniquetes de seguridad, control de entrada y salida, torniquete de control del acceso, molinete de acceso<\/div>\n","protected":false},"featured_media":11349,"comment_status":"open","ping_status":"closed","template":"","meta":[],"product_brand":[],"product_cat":[157,153],"product_tag":[2371,2385,2423,2374,2373,2375,2372,2425,2420,2377,1346,1335,2381,2367,2419,2368,2384,1347,2376,1348,2369,2383,2424,2422,2421,2370],"class_list":{"0":"post-11353","1":"product","2":"type-product","3":"status-publish","4":"has-post-thumbnail","6":"product_cat-equipamiento-para-industrias","7":"product_cat-industrias-y-oficinas","8":"product_tag-conectividad","9":"product_tag-control-de-acceso","10":"product_tag-control-de-entrada-y-salida","11":"product_tag-desarrollo-de-sistemas","12":"product_tag-desarrollo-de-soluciones","13":"product_tag-especialistas-en-tecnologia","14":"product_tag-innovacion","15":"product_tag-molinete-de-acceso","16":"product_tag-movilidad-urbana","17":"product_tag-s3-peru","18":"product_tag-seguridad","19":"product_tag-seguridad-industrial","20":"product_tag-software","21":"product_tag-soluciones-de-negocios","22":"product_tag-soluciones-para-trafico","23":"product_tag-soluciones-tecnologicas","24":"product_tag-tarjetas-rfid","25":"product_tag-tecnologia","26":"product_tag-tecnologia-de-la-informacion","27":"product_tag-tecnologia-para-seguridad","28":"product_tag-tecnologias-de-la-informacion","29":"product_tag-terminal-inteligente","30":"product_tag-torniquete-de-control-del-acceso","31":"product_tag-torniquetes-de-seguridad","32":"product_tag-tranqueras-de-seguridad","33":"product_tag-transformacion-digital","35":"first","36":"instock","37":"virtual","38":"taxable","39":"product-type-simple"},"_links":{"self":[{"href":"https:\/\/nonamepublicidad.com\/en\/wp-json\/wp\/v2\/product\/11353","targetHints":{"allow":["GET"]}}],"collection":[{"href":"https:\/\/nonamepublicidad.com\/en\/wp-json\/wp\/v2\/product"}],"about":[{"href":"https:\/\/nonamepublicidad.com\/en\/wp-json\/wp\/v2\/types\/product"}],"replies":[{"embeddable":true,"href":"https:\/\/nonamepublicidad.com\/en\/wp-json\/wp\/v2\/comments?post=11353"}],"version-history":[{"count":0,"href":"https:\/\/nonamepublicidad.com\/en\/wp-json\/wp\/v2\/product\/11353\/revisions"}],"wp:featuredmedia":[{"embeddable":true,"href":"https:\/\/nonamepublicidad.com\/en\/wp-json\/wp\/v2\/media\/11349"}],"wp:attachment":[{"href":"https:\/\/nonamepublicidad.com\/en\/wp-json\/wp\/v2\/media?parent=11353"}],"wp:term":[{"taxonomy":"product_brand","embeddable":true,"href":"https:\/\/nonamepublicidad.com\/en\/wp-json\/wp\/v2\/product_brand?post=11353"},{"taxonomy":"product_cat","embeddable":true,"href":"https:\/\/nonamepublicidad.com\/en\/wp-json\/wp\/v2\/product_cat?post=11353"},{"taxonomy":"product_tag","embeddable":true,"href":"https:\/\/nonamepublicidad.com\/en\/wp-json\/wp\/v2\/product_tag?post=11353"}],"curies":[{"name":"wp","href":"https:\/\/api.w.org\/{rel}","templated":true}]}}