{"id":11422,"date":"2022-04-09T02:48:50","date_gmt":"2022-04-09T07:48:50","guid":{"rendered":"http:\/\/nonamepublicidad.com\/?post_type=product&#038;p=11422"},"modified":"2024-12-02T08:49:34","modified_gmt":"2024-12-02T13:49:34","slug":"rueda-cyr","status":"publish","type":"product","link":"https:\/\/nonamepublicidad.com\/en\/product\/rueda-cyr\/","title":{"rendered":"Rueda Cyr"},"content":{"rendered":"<p style=\"text-align: center;\"><iframe title=\"YouTube video player\" src=\"https:\/\/www.youtube.com\/embed\/QxZYZvpquq8\" width=\"560\" height=\"315\" frameborder=\"0\" allowfullscreen=\"allowfullscreen\"><\/iframe><\/p>\n<p>&nbsp;<\/p>\n<p>MOMENTUM<\/p>\n<p>Pasi\u00f3n por los detalles&#8230;<\/p>\n<p>Nos encanta trabajar en cada detalle de cada elemento que nos conf\u00edan. Sabemos la ilusi\u00f3n que cada uno de ustedes vierte al realizar su pedido. Nuestra mayor satisfacci\u00f3n es que tengan los mejores elementos personalizados y la mayor seguridad para jugar sin preocuparse por nada m\u00e1s.<\/p>\n<p>Fabricamos elementos hechos a tu medida.<\/p>\n<ul>\n<li>Su\u00e9\u00f1alo<\/li>\n<li>Des\u00e9alo<\/li>\n<li>Trab\u00e1jalo<\/li>\n<li>Rec\u00edbelo<\/li>\n<\/ul>","protected":false},"excerpt":{"rendered":"<p>Desarmable en 5 partes fabricada con acero inoxidable, aluminio y recubierta con manguera siliconada lo que garantiza su adherencia hasta en superficies lisas.<\/p>\n<p>Env\u00edos a todo el mundo.<\/p>\n<p>Correo: <a href=\"mailto:momentum.circo@gmail.com\">momentum.circo@gmail.com<\/a><\/p>\n<p>Cat\u00e1logo: <a href=\"https:\/\/www.flipsnack.com\/momentumcirco\/cat-logo-de-productos.html\" target=\"_blank\" rel=\"noopener\">momentumcirco<\/a><\/p>\n<p>Facebook: <a href=\"https:\/\/www.facebook.com\/momentumCIRCO\/\" target=\"_blank\" rel=\"noopener\">Momentumcirco<\/a><\/p>\n<p>Instagram: <a href=\"https:\/\/www.instagram.com\/momentum.circo\/\" target=\"_blank\" rel=\"noopener\">momentum.circo<\/a><\/p>\n<p>Contacto: Jorge Nazario Castro<\/p>\n<p>Consultas al: <a href=\"tel:51929490574\">(+51) 929490574<\/a><\/p>\n<div class=\"nta_wa_button\" data-id=\"13791\" data-info=\"{&quot;name&quot;:&quot;Jorge Nazario&quot;,&quot;info&quot;:{&quot;number&quot;:&quot;+51929490574&quot;,&quot;title&quot;:&quot;Momentum | Tienda&quot;,&quot;predefinedText&quot;:&quot;Hola Momentum. Me gustar\\u00eda m\\u00e1s informaci\\u00f3n de [njwa_page_title] Este es el link [njwa_page_url]&quot;,&quot;willBeBackText&quot;:&quot;I will be back in [njwa_time_work]&quot;,&quot;dayOffsText&quot;:&quot;I will be back soon&quot;,&quot;isAlwaysAvailable&quot;:&quot;ON&quot;,&quot;daysOfWeekWorking&quot;:{&quot;sunday&quot;:{&quot;isWorkingOnDay&quot;:&quot;OFF&quot;,&quot;workHours&quot;:[{&quot;startTime&quot;:&quot;08:00&quot;,&quot;endTime&quot;:&quot;17:30&quot;}]},&quot;monday&quot;:{&quot;isWorkingOnDay&quot;:&quot;OFF&quot;,&quot;workHours&quot;:[{&quot;startTime&quot;:&quot;08:00&quot;,&quot;endTime&quot;:&quot;17:30&quot;}]},&quot;tuesday&quot;:{&quot;isWorkingOnDay&quot;:&quot;OFF&quot;,&quot;workHours&quot;:[{&quot;startTime&quot;:&quot;08:00&quot;,&quot;endTime&quot;:&quot;17:30&quot;}]},&quot;wednesday&quot;:{&quot;isWorkingOnDay&quot;:&quot;OFF&quot;,&quot;workHours&quot;:[{&quot;startTime&quot;:&quot;08:00&quot;,&quot;endTime&quot;:&quot;17:30&quot;}]},&quot;thursday&quot;:{&quot;isWorkingOnDay&quot;:&quot;OFF&quot;,&quot;workHours&quot;:[{&quot;startTime&quot;:&quot;08:00&quot;,&quot;endTime&quot;:&quot;17:30&quot;}]},&quot;friday&quot;:{&quot;isWorkingOnDay&quot;:&quot;OFF&quot;,&quot;workHours&quot;:[{&quot;startTime&quot;:&quot;08:00&quot;,&quot;endTime&quot;:&quot;17:30&quot;}]},&quot;saturday&quot;:{&quot;isWorkingOnDay&quot;:&quot;OFF&quot;,&quot;workHours&quot;:[{&quot;startTime&quot;:&quot;08:00&quot;,&quot;endTime&quot;:&quot;17:30&quot;}]}}},&quot;styles&quot;:{&quot;type&quot;:&quot;round&quot;,&quot;backgroundColor&quot;:&quot;#2DB742&quot;,&quot;textColor&quot;:&quot;#fff&quot;,&quot;label&quot;:&quot;Necesitas ayuda? Hablemos&quot;,&quot;width&quot;:300,&quot;height&quot;:64},&quot;avatar&quot;:&quot;https:\\\/\\\/nonamepublicidad.com\\\/wp-content\\\/uploads\\\/2022\\\/04\\\/momentum_logo.webp&quot;,&quot;options&quot;:{&quot;display&quot;:{&quot;displayCondition&quot;:&quot;showAllPage&quot;,&quot;includePages&quot;:[],&quot;excludePages&quot;:[],&quot;includePosts&quot;:[],&quot;showOnDesktop&quot;:&quot;ON&quot;,&quot;showOnMobile&quot;:&quot;ON&quot;,&quot;time_symbols&quot;:&quot;h:m&quot;},&quot;styles&quot;:{&quot;title&quot;:&quot;Start a Conversation&quot;,&quot;responseText&quot;:&quot;The team typically replies in a few minutes.&quot;,&quot;description&quot;:&quot;Hi! Click one of our member below to chat on &lt;strong&gt;WhatsApp&lt;\\\/strong&gt;&quot;,&quot;backgroundColor&quot;:&quot;#2db742&quot;,&quot;textColor&quot;:&quot;#fff&quot;,&quot;scrollHeight&quot;:500,&quot;isShowScroll&quot;:&quot;OFF&quot;,&quot;isShowResponseText&quot;:&quot;ON&quot;,&quot;isShowPoweredBy&quot;:&quot;ON&quot;,&quot;btnLabel&quot;:&quot;Need Help? &lt;strong&gt;Chat with us&lt;\\\/strong&gt;&quot;,&quot;btnLabelWidth&quot;:156,&quot;btnPosition&quot;:&quot;right&quot;,&quot;btnLeftDistance&quot;:30,&quot;btnRightDistance&quot;:30,&quot;btnBottomDistance&quot;:30,&quot;isShowBtnLabel&quot;:&quot;ON&quot;,&quot;isShowGDPR&quot;:&quot;OFF&quot;,&quot;gdprContent&quot;:&quot;Please accept our &lt;a href=\\&quot;https:\\\/\\\/ninjateam.org\\\/privacy-policy\\\/\\&quot;&gt;privacy policy&lt;\\\/a&gt; first to start a conversation.&quot;,&quot;widgetType&quot;:&quot;expandable&quot;},&quot;analytics&quot;:{&quot;enabledGoogle&quot;:&quot;OFF&quot;,&quot;enabledFacebook&quot;:&quot;OFF&quot;,&quot;enabledGoogleGA4&quot;:&quot;OFF&quot;}},&quot;gdprStatus&quot;:false,&quot;defaultAvatar&quot;:&quot;https:\\\/\\\/nonamepublicidad.com\\\/wp-content\\\/plugins\\\/whatsapp-for-wordpress\\\/assets\\\/img\\\/whatsapp_logo.svg&quot;}\"><\/div>\n<div style=\"visibility: hidden;\">equipo deportivo, circus, circus artist, circo, balance, circus around the world, handstand, hand stand, hand balance, canes, parada de manos, equilibrio, circus, elemento de circo, gimnastic, peru, lima, momentum, lira, lyra, handbalance, trapecio, danza a\u00e9rea, elemento circo, momentum circo, lollipop, cirque, fitness, gimnasia, pole, pole dance, cubes, cubos de madera, hecho a mano, aparato de circo, unicycle, monociclo, circo peruano, koko nazario<\/div>\n","protected":false},"featured_media":11401,"comment_status":"open","ping_status":"closed","template":"","meta":[],"product_brand":[],"product_cat":[2427,333],"product_tag":[2455,2431,2435,1424,2458,2429,2432,2430,2448,2453,2454,2444,2445,2437,2436,2428,2449,2450,2438,2434,2433,2442,1449,705,1697,2440,2447,2441,2439,2446,2457,1432,1593,2451,2452,2443,2456],"class_list":{"0":"post-11422","1":"product","2":"type-product","3":"status-publish","4":"has-post-thumbnail","6":"product_cat-acrobacia","7":"product_cat-deportes-y-fitness","8":"product_tag-aparato-de-circo","9":"product_tag-balance","10":"product_tag-canes","11":"product_tag-circo","12":"product_tag-circo-peruano","13":"product_tag-circus","14":"product_tag-circus-around-the-world","15":"product_tag-circus-artist","16":"product_tag-cirque","17":"product_tag-cubes","18":"product_tag-cubos-de-madera","19":"product_tag-danza-aerea","20":"product_tag-elemento-circo","21":"product_tag-elemento-de-circo","22":"product_tag-equilibrio","23":"product_tag-equipo-deportivo","24":"product_tag-fitness","25":"product_tag-gimnasia","26":"product_tag-gimnastic","27":"product_tag-hand-balance","28":"product_tag-hand-stand","29":"product_tag-handbalance","30":"product_tag-handstand","31":"product_tag-hecho-a-mano","32":"product_tag-lima","33":"product_tag-lira","34":"product_tag-lollipop","35":"product_tag-lyra","36":"product_tag-momentum","37":"product_tag-momentum-circo","38":"product_tag-monociclo","39":"product_tag-parada-de-manos","40":"product_tag-peru","41":"product_tag-pole","42":"product_tag-pole-dance","43":"product_tag-trapecio","44":"product_tag-unicycle","46":"first","47":"instock","48":"virtual","49":"taxable","50":"product-type-simple"},"_links":{"self":[{"href":"https:\/\/nonamepublicidad.com\/en\/wp-json\/wp\/v2\/product\/11422","targetHints":{"allow":["GET"]}}],"collection":[{"href":"https:\/\/nonamepublicidad.com\/en\/wp-json\/wp\/v2\/product"}],"about":[{"href":"https:\/\/nonamepublicidad.com\/en\/wp-json\/wp\/v2\/types\/product"}],"replies":[{"embeddable":true,"href":"https:\/\/nonamepublicidad.com\/en\/wp-json\/wp\/v2\/comments?post=11422"}],"version-history":[{"count":0,"href":"https:\/\/nonamepublicidad.com\/en\/wp-json\/wp\/v2\/product\/11422\/revisions"}],"wp:featuredmedia":[{"embeddable":true,"href":"https:\/\/nonamepublicidad.com\/en\/wp-json\/wp\/v2\/media\/11401"}],"wp:attachment":[{"href":"https:\/\/nonamepublicidad.com\/en\/wp-json\/wp\/v2\/media?parent=11422"}],"wp:term":[{"taxonomy":"product_brand","embeddable":true,"href":"https:\/\/nonamepublicidad.com\/en\/wp-json\/wp\/v2\/product_brand?post=11422"},{"taxonomy":"product_cat","embeddable":true,"href":"https:\/\/nonamepublicidad.com\/en\/wp-json\/wp\/v2\/product_cat?post=11422"},{"taxonomy":"product_tag","embeddable":true,"href":"https:\/\/nonamepublicidad.com\/en\/wp-json\/wp\/v2\/product_tag?post=11422"}],"curies":[{"name":"wp","href":"https:\/\/api.w.org\/{rel}","templated":true}]}}