{"id":11563,"date":"2022-04-20T11:02:01","date_gmt":"2022-04-20T16:02:01","guid":{"rendered":"http:\/\/nonamepublicidad.com\/?post_type=product&#038;p=11563"},"modified":"2024-12-02T08:49:35","modified_gmt":"2024-12-02T13:49:35","slug":"adaptador-universal-epem","status":"publish","type":"product","link":"https:\/\/nonamepublicidad.com\/en\/product\/adaptador-universal-epem\/","title":{"rendered":"Adaptador Universal EPEM"},"content":{"rendered":"<p style=\"text-align: center;\"><iframe style=\"border: 0;\" src=\"https:\/\/www.google.com\/maps\/embed?pb=!1m18!1m12!1m3!1d3903.312335245048!2d-77.07153694936592!3d-11.95286384337424!2m3!1f0!2f0!3f0!3m2!1i1024!2i768!4f13.1!3m3!1m2!1s0x9105d14d64065929%3A0x3b92cf5534ddfafa!2sGumisa%20Distribuciones%20SAC!5e0!3m2!1ses-419!2spe!4v1650903583844!5m2!1ses-419!2spe\" width=\"600\" height=\"450\" allowfullscreen=\"allowfullscreen\"><\/iframe><\/p>\n<p>&nbsp;<\/p>\n<p>Somos importadores, distribuidores y representantes de las mejores marcas del rubro ferretero con m\u00e1s de 48 a\u00f1os de experiencia.<\/p>\n<p>Estamos a su servicio, gracias por confiar en nosotros.<\/p>","protected":false},"excerpt":{"rendered":"<p>Adaptador con entrada universal + tierra y salida de espiga plano y redonda, ideal para anular la l\u00ednea a tierra de forma segura, adem\u00e1s est\u00e1 dise\u00f1ado para equipos el\u00e9ctricos y electr\u00f3nicos de uso dom\u00e9stico.<\/p>\n<p>En Gumisa te ofrecemos gran variedad en productos ferreteros de las mejores marcas en el mercado.<\/p>\n<p>Llegamos a todo el Per\u00fa.<\/p>\n<p>Ubicaci\u00f3n: <a href=\"https:\/\/goo.gl\/maps\/P649f4x5fJu26eVJ8\" target=\"_blank\" rel=\"noopener\">Av San Bernardo 234 Urb, Comas 15314<\/a><\/p>\n<p>Correo: <a href=\"mailto:ventas@gumisa.com.pe\">ventas@gumisa.com.pe<\/a><\/p>\n<p>Facebook: <a href=\"https:\/\/www.facebook.com\/distribucionesgumisa\" target=\"_blank\" rel=\"noopener\">Gumisa Distribuciones<\/a><\/p>\n<p>Instagram: <a href=\"https:\/\/www.instagram.com\/gumisa_distribuciones\/\" target=\"_blank\" rel=\"noopener\">@gumisa_distribuciones<\/a><\/p>\n<p>Horario:<\/p>\n<p>Lunes a Viernes 7:30 a.m. &#8211; 16:30 p.m.<\/p>\n<p>S\u00e1bado 7:30 a.m. &#8211; 12:30 p.m.<\/p>\n<p>Domingo CERRADO<\/p>\n<p>Pedidos al: <a href=\"tel:51933332244\">(+51) 933332244<\/a><\/p>\n<p>Pedidos al: <a href=\"tel:51998125080\">(+51) 998125080<\/a><\/p>\n<div class=\"nta_wa_button\" data-id=\"13703\" data-info=\"{&quot;name&quot;:&quot;Vendedor Gumisa 1&quot;,&quot;info&quot;:{&quot;number&quot;:&quot;+51933332244&quot;,&quot;title&quot;:&quot;Gumisa Distribuciones | Tienda&quot;,&quot;predefinedText&quot;:&quot;Hola Gumisa. Me gustar\\u00eda m\\u00e1s informaci\\u00f3n de [njwa_page_title] Este es el link [njwa_page_url]&quot;,&quot;willBeBackText&quot;:&quot;I will be back in [njwa_time_work]&quot;,&quot;dayOffsText&quot;:&quot;I will be back soon&quot;,&quot;isAlwaysAvailable&quot;:&quot;ON&quot;,&quot;daysOfWeekWorking&quot;:{&quot;sunday&quot;:{&quot;isWorkingOnDay&quot;:&quot;OFF&quot;,&quot;workHours&quot;:[{&quot;startTime&quot;:&quot;08:00&quot;,&quot;endTime&quot;:&quot;17:30&quot;}]},&quot;monday&quot;:{&quot;isWorkingOnDay&quot;:&quot;OFF&quot;,&quot;workHours&quot;:[{&quot;startTime&quot;:&quot;08:00&quot;,&quot;endTime&quot;:&quot;17:30&quot;}]},&quot;tuesday&quot;:{&quot;isWorkingOnDay&quot;:&quot;OFF&quot;,&quot;workHours&quot;:[{&quot;startTime&quot;:&quot;08:00&quot;,&quot;endTime&quot;:&quot;17:30&quot;}]},&quot;wednesday&quot;:{&quot;isWorkingOnDay&quot;:&quot;OFF&quot;,&quot;workHours&quot;:[{&quot;startTime&quot;:&quot;08:00&quot;,&quot;endTime&quot;:&quot;17:30&quot;}]},&quot;thursday&quot;:{&quot;isWorkingOnDay&quot;:&quot;OFF&quot;,&quot;workHours&quot;:[{&quot;startTime&quot;:&quot;08:00&quot;,&quot;endTime&quot;:&quot;17:30&quot;}]},&quot;friday&quot;:{&quot;isWorkingOnDay&quot;:&quot;OFF&quot;,&quot;workHours&quot;:[{&quot;startTime&quot;:&quot;08:00&quot;,&quot;endTime&quot;:&quot;17:30&quot;}]},&quot;saturday&quot;:{&quot;isWorkingOnDay&quot;:&quot;OFF&quot;,&quot;workHours&quot;:[{&quot;startTime&quot;:&quot;08:00&quot;,&quot;endTime&quot;:&quot;17:30&quot;}]}}},&quot;styles&quot;:{&quot;type&quot;:&quot;round&quot;,&quot;backgroundColor&quot;:&quot;#2DB742&quot;,&quot;textColor&quot;:&quot;#fff&quot;,&quot;label&quot;:&quot;Necesitas ayuda? Hablemos&quot;,&quot;width&quot;:300,&quot;height&quot;:64},&quot;avatar&quot;:&quot;https:\\\/\\\/nonamepublicidad.com\\\/wp-content\\\/uploads\\\/2023\\\/02\\\/logo_gumisa_distribuciones.webp&quot;,&quot;options&quot;:{&quot;display&quot;:{&quot;displayCondition&quot;:&quot;showAllPage&quot;,&quot;includePages&quot;:[],&quot;excludePages&quot;:[],&quot;includePosts&quot;:[],&quot;showOnDesktop&quot;:&quot;ON&quot;,&quot;showOnMobile&quot;:&quot;ON&quot;,&quot;time_symbols&quot;:&quot;h:m&quot;},&quot;styles&quot;:{&quot;title&quot;:&quot;Start a Conversation&quot;,&quot;responseText&quot;:&quot;The team typically replies in a few minutes.&quot;,&quot;description&quot;:&quot;Hi! Click one of our member below to chat on &lt;strong&gt;WhatsApp&lt;\\\/strong&gt;&quot;,&quot;backgroundColor&quot;:&quot;#2db742&quot;,&quot;textColor&quot;:&quot;#fff&quot;,&quot;scrollHeight&quot;:500,&quot;isShowScroll&quot;:&quot;OFF&quot;,&quot;isShowResponseText&quot;:&quot;ON&quot;,&quot;isShowPoweredBy&quot;:&quot;ON&quot;,&quot;btnLabel&quot;:&quot;Need Help? &lt;strong&gt;Chat with us&lt;\\\/strong&gt;&quot;,&quot;btnLabelWidth&quot;:156,&quot;btnPosition&quot;:&quot;right&quot;,&quot;btnLeftDistance&quot;:30,&quot;btnRightDistance&quot;:30,&quot;btnBottomDistance&quot;:30,&quot;isShowBtnLabel&quot;:&quot;ON&quot;,&quot;isShowGDPR&quot;:&quot;OFF&quot;,&quot;gdprContent&quot;:&quot;Please accept our &lt;a href=\\&quot;https:\\\/\\\/ninjateam.org\\\/privacy-policy\\\/\\&quot;&gt;privacy policy&lt;\\\/a&gt; first to start a conversation.&quot;,&quot;widgetType&quot;:&quot;expandable&quot;},&quot;analytics&quot;:{&quot;enabledGoogle&quot;:&quot;OFF&quot;,&quot;enabledFacebook&quot;:&quot;OFF&quot;,&quot;enabledGoogleGA4&quot;:&quot;OFF&quot;}},&quot;gdprStatus&quot;:false,&quot;defaultAvatar&quot;:&quot;https:\\\/\\\/nonamepublicidad.com\\\/wp-content\\\/plugins\\\/whatsapp-for-wordpress\\\/assets\\\/img\\\/whatsapp_logo.svg&quot;}\"><\/div>\n<div class=\"nta_wa_button\" data-id=\"13704\" data-info=\"{&quot;name&quot;:&quot;Vendedor Gumisa 2&quot;,&quot;info&quot;:{&quot;number&quot;:&quot;+51998125080&quot;,&quot;title&quot;:&quot;Gumisa Distribuciones | Tienda&quot;,&quot;predefinedText&quot;:&quot;Hola Gumisa. Me gustar\\u00eda m\\u00e1s informaci\\u00f3n de [njwa_page_title] Este es el link [njwa_page_url]&quot;,&quot;willBeBackText&quot;:&quot;I will be back in [njwa_time_work]&quot;,&quot;dayOffsText&quot;:&quot;I will be back soon&quot;,&quot;isAlwaysAvailable&quot;:&quot;ON&quot;,&quot;daysOfWeekWorking&quot;:{&quot;sunday&quot;:{&quot;isWorkingOnDay&quot;:&quot;OFF&quot;,&quot;workHours&quot;:[{&quot;startTime&quot;:&quot;08:00&quot;,&quot;endTime&quot;:&quot;17:30&quot;}]},&quot;monday&quot;:{&quot;isWorkingOnDay&quot;:&quot;OFF&quot;,&quot;workHours&quot;:[{&quot;startTime&quot;:&quot;08:00&quot;,&quot;endTime&quot;:&quot;17:30&quot;}]},&quot;tuesday&quot;:{&quot;isWorkingOnDay&quot;:&quot;OFF&quot;,&quot;workHours&quot;:[{&quot;startTime&quot;:&quot;08:00&quot;,&quot;endTime&quot;:&quot;17:30&quot;}]},&quot;wednesday&quot;:{&quot;isWorkingOnDay&quot;:&quot;OFF&quot;,&quot;workHours&quot;:[{&quot;startTime&quot;:&quot;08:00&quot;,&quot;endTime&quot;:&quot;17:30&quot;}]},&quot;thursday&quot;:{&quot;isWorkingOnDay&quot;:&quot;OFF&quot;,&quot;workHours&quot;:[{&quot;startTime&quot;:&quot;08:00&quot;,&quot;endTime&quot;:&quot;17:30&quot;}]},&quot;friday&quot;:{&quot;isWorkingOnDay&quot;:&quot;OFF&quot;,&quot;workHours&quot;:[{&quot;startTime&quot;:&quot;08:00&quot;,&quot;endTime&quot;:&quot;17:30&quot;}]},&quot;saturday&quot;:{&quot;isWorkingOnDay&quot;:&quot;OFF&quot;,&quot;workHours&quot;:[{&quot;startTime&quot;:&quot;08:00&quot;,&quot;endTime&quot;:&quot;17:30&quot;}]}}},&quot;styles&quot;:{&quot;type&quot;:&quot;round&quot;,&quot;backgroundColor&quot;:&quot;#2DB742&quot;,&quot;textColor&quot;:&quot;#fff&quot;,&quot;label&quot;:&quot;Necesitas ayuda? Hablemos&quot;,&quot;width&quot;:300,&quot;height&quot;:64},&quot;avatar&quot;:&quot;https:\\\/\\\/nonamepublicidad.com\\\/wp-content\\\/uploads\\\/2023\\\/02\\\/logo_gumisa_distribuciones.webp&quot;,&quot;options&quot;:{&quot;display&quot;:{&quot;displayCondition&quot;:&quot;showAllPage&quot;,&quot;includePages&quot;:[],&quot;excludePages&quot;:[],&quot;includePosts&quot;:[],&quot;showOnDesktop&quot;:&quot;ON&quot;,&quot;showOnMobile&quot;:&quot;ON&quot;,&quot;time_symbols&quot;:&quot;h:m&quot;},&quot;styles&quot;:{&quot;title&quot;:&quot;Start a Conversation&quot;,&quot;responseText&quot;:&quot;The team typically replies in a few minutes.&quot;,&quot;description&quot;:&quot;Hi! Click one of our member below to chat on &lt;strong&gt;WhatsApp&lt;\\\/strong&gt;&quot;,&quot;backgroundColor&quot;:&quot;#2db742&quot;,&quot;textColor&quot;:&quot;#fff&quot;,&quot;scrollHeight&quot;:500,&quot;isShowScroll&quot;:&quot;OFF&quot;,&quot;isShowResponseText&quot;:&quot;ON&quot;,&quot;isShowPoweredBy&quot;:&quot;ON&quot;,&quot;btnLabel&quot;:&quot;Need Help? &lt;strong&gt;Chat with us&lt;\\\/strong&gt;&quot;,&quot;btnLabelWidth&quot;:156,&quot;btnPosition&quot;:&quot;right&quot;,&quot;btnLeftDistance&quot;:30,&quot;btnRightDistance&quot;:30,&quot;btnBottomDistance&quot;:30,&quot;isShowBtnLabel&quot;:&quot;ON&quot;,&quot;isShowGDPR&quot;:&quot;OFF&quot;,&quot;gdprContent&quot;:&quot;Please accept our &lt;a href=\\&quot;https:\\\/\\\/ninjateam.org\\\/privacy-policy\\\/\\&quot;&gt;privacy policy&lt;\\\/a&gt; first to start a conversation.&quot;,&quot;widgetType&quot;:&quot;expandable&quot;},&quot;analytics&quot;:{&quot;enabledGoogle&quot;:&quot;OFF&quot;,&quot;enabledFacebook&quot;:&quot;OFF&quot;,&quot;enabledGoogleGA4&quot;:&quot;OFF&quot;}},&quot;gdprStatus&quot;:false,&quot;defaultAvatar&quot;:&quot;https:\\\/\\\/nonamepublicidad.com\\\/wp-content\\\/plugins\\\/whatsapp-for-wordpress\\\/assets\\\/img\\\/whatsapp_logo.svg&quot;}\"><\/div>\n<div style=\"visibility: hidden;\">fyg, gumisa distribuciones, gumisa, ferreterias, ferreteria, ferreteria lima, ferreteria peru, construccion, shopping, herramientas, home, venta, guhasa, epem, adaptador, adaptador universal, adaptador universal espiga plana, adaptador universal espiga, electricidad, electricista, maestro electricista<\/div>\n","protected":false},"featured_media":11486,"comment_status":"open","ping_status":"closed","template":"","meta":[],"product_brand":[],"product_cat":[405,401],"product_tag":[2689,2690,2692,2691,1154,2507,2505,2551,1221,2483,2484,2482,2479,2543,2481,2480,1222,2486,2557,2485,2487],"class_list":{"0":"post-11563","1":"product","2":"type-product","3":"status-publish","4":"has-post-thumbnail","6":"product_cat-electricidad","7":"product_cat-herramientas-y-construccion","8":"product_tag-adaptador","9":"product_tag-adaptador-universal","10":"product_tag-adaptador-universal-espiga","11":"product_tag-adaptador-universal-espiga-plana","12":"product_tag-construccion","13":"product_tag-electricidad","14":"product_tag-electricista","15":"product_tag-epem","16":"product_tag-ferreteria","17":"product_tag-ferreteria-lima","18":"product_tag-ferreteria-peru","19":"product_tag-ferreterias","20":"product_tag-fyg","21":"product_tag-guhasa","22":"product_tag-gumisa","23":"product_tag-gumisa-distribuciones","24":"product_tag-herramientas","25":"product_tag-home","26":"product_tag-maestro-electricista","27":"product_tag-shopping","28":"product_tag-venta","30":"first","31":"instock","32":"virtual","33":"taxable","34":"product-type-simple"},"_links":{"self":[{"href":"https:\/\/nonamepublicidad.com\/en\/wp-json\/wp\/v2\/product\/11563","targetHints":{"allow":["GET"]}}],"collection":[{"href":"https:\/\/nonamepublicidad.com\/en\/wp-json\/wp\/v2\/product"}],"about":[{"href":"https:\/\/nonamepublicidad.com\/en\/wp-json\/wp\/v2\/types\/product"}],"replies":[{"embeddable":true,"href":"https:\/\/nonamepublicidad.com\/en\/wp-json\/wp\/v2\/comments?post=11563"}],"version-history":[{"count":0,"href":"https:\/\/nonamepublicidad.com\/en\/wp-json\/wp\/v2\/product\/11563\/revisions"}],"wp:featuredmedia":[{"embeddable":true,"href":"https:\/\/nonamepublicidad.com\/en\/wp-json\/wp\/v2\/media\/11486"}],"wp:attachment":[{"href":"https:\/\/nonamepublicidad.com\/en\/wp-json\/wp\/v2\/media?parent=11563"}],"wp:term":[{"taxonomy":"product_brand","embeddable":true,"href":"https:\/\/nonamepublicidad.com\/en\/wp-json\/wp\/v2\/product_brand?post=11563"},{"taxonomy":"product_cat","embeddable":true,"href":"https:\/\/nonamepublicidad.com\/en\/wp-json\/wp\/v2\/product_cat?post=11563"},{"taxonomy":"product_tag","embeddable":true,"href":"https:\/\/nonamepublicidad.com\/en\/wp-json\/wp\/v2\/product_tag?post=11563"}],"curies":[{"name":"wp","href":"https:\/\/api.w.org\/{rel}","templated":true}]}}