{"id":11790,"date":"2022-04-28T11:09:37","date_gmt":"2022-04-28T16:09:37","guid":{"rendered":"http:\/\/nonamepublicidad.com\/?post_type=product&#038;p=11790"},"modified":"2024-12-02T08:50:06","modified_gmt":"2024-12-02T13:50:06","slug":"odontorescate-doctora-natalia-cordova","status":"publish","type":"product","link":"https:\/\/nonamepublicidad.com\/en\/product\/odontorescate-doctora-natalia-cordova\/","title":{"rendered":"Odontorescate Doctora Natalia C\u00f3rdova"},"content":{"rendered":"<p style=\"text-align: center;\"><strong>\u00bfSab\u00edas que puedes mejorar tu vida a trav\u00e9s de la prevenci\u00f3n y los buenos h\u00e1bitos?<\/strong><\/p>\n<p style=\"text-align: center;\"><iframe title=\"YouTube video player\" src=\"https:\/\/www.youtube.com\/embed\/q7mQ4B--gwg\" width=\"560\" height=\"315\" frameborder=\"0\" allowfullscreen=\"allowfullscreen\"><\/iframe><\/p>\n<p>&nbsp;<\/p>\n<p><strong>\u00a1Lo que quiero!<\/strong><\/p>\n<p>Mi objetivo es y siempre ha sido educar en la prevenci\u00f3n, creo en una odontolog\u00eda preventiva. por eso aqu\u00ed en mi canal de YouTube te muestro temas de inter\u00e9s, temas comunes y todos basados en evidencia cient\u00edfica.<\/p>\n<p><strong>Como hablamos<\/strong><\/p>\n<p>\u00a1Qu\u00e9 mejor manera para explicarte algo, que mediante un video! por eso para estar comunicados y contarte todo lo que quiero contarte para el cuidado de tu salud bucal. <a href=\"https:\/\/www.youtube.com\/c\/OdontoRescatepe\" target=\"_blank\" rel=\"noopener\">Ver m\u00e1s aqu\u00ed<\/a><\/p>\n<p><strong>Nos conocemos por el Blog<\/strong> <a href=\"https:\/\/odontorescate.com\/blog\" target=\"_blank\" rel=\"noopener\">aqu\u00ed<\/a><\/p>\n<p><strong>Creando h\u00e1bitos a partir de ciencia<\/strong> <a href=\"https:\/\/odontorescate.com\/taller-de-h\u00e1bitos\" target=\"_blank\" rel=\"noopener\">aqu\u00ed<\/a><\/p>\n<p>&nbsp;<\/p>\n<p>Teleconsulta y consulta presencial<\/p>\n<p>Para salvaguardar la salud de muchos, sobretodo de los m\u00e1s vulnerables, hacemos teleconsultas, desde cualquier parte del mundo, podemos conectarnos.<\/p>\n<p>La teleconsulta consta de 40 minutos en la cual se realizar\u00e1 una historia cl\u00ednica que ser\u00e1 archivada, se le indicar\u00e1 ex\u00e1menes espec\u00edficos y recetas de ser necesarios.<\/p>\n<p>\u00a1Recuerda que es m\u00e1s que una teleconsulta, vamos a establecer buenos h\u00e1bitos de salud!<\/p>\n<p>&nbsp;<\/p>\n<p>Contamos tambi\u00e9n con la consulta presencial, previa cita, puedes escribirnos al correo <a href=\"mailto:info@odontorescate.com\">info@odontorescate.com<\/a> o contactarnos por WhatsApp al <a href=\"tel:51993095123\">(+51) 993095123<\/a> para m\u00e1s informaci\u00f3n y agendarte.<\/p>\n<p>Distintos medios de pago: Transferencia interbancaria o <a href=\"https:\/\/www.paypal.com\/donate?token=pOfpLKEgykVZJkIK-D-Wdmt3ajZ6Qu8TlRrbR2MWwfF5vT2dekBs2jZWAlLyrc_nTcuyk7ns2v3Kb9I7\" target=\"_blank\" rel=\"noopener\">PayPal<\/a><\/p>","protected":false},"excerpt":{"rendered":"<p>Odontorescate cree en el valor del contenido, el conocimiento, los buenos h\u00e1bitos y sobre todo la prevenci\u00f3n.<\/p>\n<p>Por eso quiero que aprendas a cuidar tu salud bucal y tu salud en general.<\/p>\n<p>Los buenos h\u00e1bitos cambian vidas, y tienen costo cero.<\/p>\n<p>Web: <a href=\"https:\/\/odontorescate.com\/\" target=\"_blank\" rel=\"noopener\">www.odontorescate.com<\/a><\/p>\n<p>Correo: <a href=\"mailto:info@odontorescate.com\">info@odontorescate.com<\/a><\/p>\n<p>YouTube: <a href=\"https:\/\/www.youtube.com\/c\/OdontoRescatepe\" target=\"_blank\" rel=\"noopener\">OdontoRescatepe<\/a><\/p>\n<p>Facebook: <a href=\"https:\/\/www.facebook.com\/odontorescate\/\" target=\"_blank\" rel=\"noopener\">odontorescate<\/a><\/p>\n<p>Instagram: <a href=\"https:\/\/www.instagram.com\/odontorescate\/\" target=\"_blank\" rel=\"noopener\">odontorescate<\/a><\/p>\n<p>Twitter: <a href=\"https:\/\/twitter.com\/nalucoru\" target=\"_blank\" rel=\"noopener\">nalucoru<\/a><\/p>\n<p>Contacto: Dra. Natalia C\u00f3rdova | COP 21089<\/p>\n<p>Odontolog\u00eda Integral | Auditora Odontol\u00f3gica y Gesti\u00f3n en Salud<\/p>\n<p>Solicitar cita al: <a href=\"tel:51993095123\">(+51) 993095123<\/a><\/p>\n<div class=\"nta_wa_button\" data-id=\"13934\" data-info=\"{&quot;name&quot;:&quot;Odontorescate Doctora Natalia C\\u00f3rdova&quot;,&quot;info&quot;:{&quot;number&quot;:&quot;+51993095123&quot;,&quot;title&quot;:&quot;Odontorescate Doctora Natalia C\\u00f3rdova | Tienda&quot;,&quot;predefinedText&quot;:&quot;Hola Dra. Natalia C\\u00f3rdova. Me gustar\\u00eda m\\u00e1s informaci\\u00f3n de [njwa_page_title] Este es el link [njwa_page_url]&quot;,&quot;willBeBackText&quot;:&quot;I will be back in [njwa_time_work]&quot;,&quot;dayOffsText&quot;:&quot;I will be back soon&quot;,&quot;isAlwaysAvailable&quot;:&quot;ON&quot;,&quot;daysOfWeekWorking&quot;:{&quot;sunday&quot;:{&quot;isWorkingOnDay&quot;:&quot;OFF&quot;,&quot;workHours&quot;:[{&quot;startTime&quot;:&quot;08:00&quot;,&quot;endTime&quot;:&quot;17:30&quot;}]},&quot;monday&quot;:{&quot;isWorkingOnDay&quot;:&quot;OFF&quot;,&quot;workHours&quot;:[{&quot;startTime&quot;:&quot;08:00&quot;,&quot;endTime&quot;:&quot;17:30&quot;}]},&quot;tuesday&quot;:{&quot;isWorkingOnDay&quot;:&quot;OFF&quot;,&quot;workHours&quot;:[{&quot;startTime&quot;:&quot;08:00&quot;,&quot;endTime&quot;:&quot;17:30&quot;}]},&quot;wednesday&quot;:{&quot;isWorkingOnDay&quot;:&quot;OFF&quot;,&quot;workHours&quot;:[{&quot;startTime&quot;:&quot;08:00&quot;,&quot;endTime&quot;:&quot;17:30&quot;}]},&quot;thursday&quot;:{&quot;isWorkingOnDay&quot;:&quot;OFF&quot;,&quot;workHours&quot;:[{&quot;startTime&quot;:&quot;08:00&quot;,&quot;endTime&quot;:&quot;17:30&quot;}]},&quot;friday&quot;:{&quot;isWorkingOnDay&quot;:&quot;OFF&quot;,&quot;workHours&quot;:[{&quot;startTime&quot;:&quot;08:00&quot;,&quot;endTime&quot;:&quot;17:30&quot;}]},&quot;saturday&quot;:{&quot;isWorkingOnDay&quot;:&quot;OFF&quot;,&quot;workHours&quot;:[{&quot;startTime&quot;:&quot;08:00&quot;,&quot;endTime&quot;:&quot;17:30&quot;}]}}},&quot;styles&quot;:{&quot;type&quot;:&quot;round&quot;,&quot;backgroundColor&quot;:&quot;#2DB742&quot;,&quot;textColor&quot;:&quot;#fff&quot;,&quot;label&quot;:&quot;Necesitas ayuda? Hablemos&quot;,&quot;width&quot;:300,&quot;height&quot;:64},&quot;avatar&quot;:&quot;https:\\\/\\\/nonamepublicidad.com\\\/wp-content\\\/uploads\\\/2022\\\/04\\\/odontorescate_doctora_natalia_cordova_02.webp&quot;,&quot;options&quot;:{&quot;display&quot;:{&quot;displayCondition&quot;:&quot;showAllPage&quot;,&quot;includePages&quot;:[],&quot;excludePages&quot;:[],&quot;includePosts&quot;:[],&quot;showOnDesktop&quot;:&quot;ON&quot;,&quot;showOnMobile&quot;:&quot;ON&quot;,&quot;time_symbols&quot;:&quot;h:m&quot;},&quot;styles&quot;:{&quot;title&quot;:&quot;Start a Conversation&quot;,&quot;responseText&quot;:&quot;The team typically replies in a few minutes.&quot;,&quot;description&quot;:&quot;Hi! Click one of our member below to chat on &lt;strong&gt;WhatsApp&lt;\\\/strong&gt;&quot;,&quot;backgroundColor&quot;:&quot;#2db742&quot;,&quot;textColor&quot;:&quot;#fff&quot;,&quot;scrollHeight&quot;:500,&quot;isShowScroll&quot;:&quot;OFF&quot;,&quot;isShowResponseText&quot;:&quot;ON&quot;,&quot;isShowPoweredBy&quot;:&quot;ON&quot;,&quot;btnLabel&quot;:&quot;Need Help? &lt;strong&gt;Chat with us&lt;\\\/strong&gt;&quot;,&quot;btnLabelWidth&quot;:156,&quot;btnPosition&quot;:&quot;right&quot;,&quot;btnLeftDistance&quot;:30,&quot;btnRightDistance&quot;:30,&quot;btnBottomDistance&quot;:30,&quot;isShowBtnLabel&quot;:&quot;ON&quot;,&quot;isShowGDPR&quot;:&quot;OFF&quot;,&quot;gdprContent&quot;:&quot;Please accept our &lt;a href=\\&quot;https:\\\/\\\/ninjateam.org\\\/privacy-policy\\\/\\&quot;&gt;privacy policy&lt;\\\/a&gt; first to start a conversation.&quot;,&quot;widgetType&quot;:&quot;expandable&quot;},&quot;analytics&quot;:{&quot;enabledGoogle&quot;:&quot;OFF&quot;,&quot;enabledFacebook&quot;:&quot;OFF&quot;,&quot;enabledGoogleGA4&quot;:&quot;OFF&quot;}},&quot;gdprStatus&quot;:false,&quot;defaultAvatar&quot;:&quot;https:\\\/\\\/nonamepublicidad.com\\\/wp-content\\\/plugins\\\/whatsapp-for-wordpress\\\/assets\\\/img\\\/whatsapp_logo.svg&quot;}\"><\/div>\n<div style=\"visibility: hidden;\">dentista y consultorio dental, dentista, consultorio dental, odontologa, odontologia, odontologo, odontologico, placa dental, dentadura, dientes sanos, endodoncia, ortodoncia, salud bucal, salud bucal en el peru, dentista para ni\u00f1os, dentistas en lima, dentistas colegiados en peru, dentista cerca de mi, dentista para ni\u00f1os lima, odontologos en lima, odontologo pediatra, consultorio dental moderno, consultorio dental para ni\u00f1os, limpieza dental precio, limpieza dental, limpieza dental precio lima, limpieza dental profilaxis, limpieza dental profunda, higiene dental, higiene dental para ni\u00f1os, higiene dental precio<\/div>\n","protected":false},"featured_media":11787,"comment_status":"open","ping_status":"closed","template":"","meta":[],"product_brand":[],"product_cat":[2898,186],"product_tag":[2901,2900,2916,2909,2923,2902,2904,2919,2918],"class_list":{"0":"post-11790","1":"product","2":"type-product","3":"status-publish","4":"has-post-thumbnail","6":"product_cat-cuidado-de-la-salud","7":"product_cat-salud-y-belleza","8":"product_tag-consultorio-dental","9":"product_tag-dentista","10":"product_tag-dentista-cerca-de-mi","11":"product_tag-endodoncia","12":"product_tag-limpieza-dental","13":"product_tag-odontologa","14":"product_tag-odontologo","15":"product_tag-odontologo-pediatra","16":"product_tag-odontologos-en-lima","18":"first","19":"instock","20":"featured","21":"virtual","22":"taxable","23":"product-type-simple"},"_links":{"self":[{"href":"https:\/\/nonamepublicidad.com\/en\/wp-json\/wp\/v2\/product\/11790","targetHints":{"allow":["GET"]}}],"collection":[{"href":"https:\/\/nonamepublicidad.com\/en\/wp-json\/wp\/v2\/product"}],"about":[{"href":"https:\/\/nonamepublicidad.com\/en\/wp-json\/wp\/v2\/types\/product"}],"replies":[{"embeddable":true,"href":"https:\/\/nonamepublicidad.com\/en\/wp-json\/wp\/v2\/comments?post=11790"}],"version-history":[{"count":0,"href":"https:\/\/nonamepublicidad.com\/en\/wp-json\/wp\/v2\/product\/11790\/revisions"}],"wp:featuredmedia":[{"embeddable":true,"href":"https:\/\/nonamepublicidad.com\/en\/wp-json\/wp\/v2\/media\/11787"}],"wp:attachment":[{"href":"https:\/\/nonamepublicidad.com\/en\/wp-json\/wp\/v2\/media?parent=11790"}],"wp:term":[{"taxonomy":"product_brand","embeddable":true,"href":"https:\/\/nonamepublicidad.com\/en\/wp-json\/wp\/v2\/product_brand?post=11790"},{"taxonomy":"product_cat","embeddable":true,"href":"https:\/\/nonamepublicidad.com\/en\/wp-json\/wp\/v2\/product_cat?post=11790"},{"taxonomy":"product_tag","embeddable":true,"href":"https:\/\/nonamepublicidad.com\/en\/wp-json\/wp\/v2\/product_tag?post=11790"}],"curies":[{"name":"wp","href":"https:\/\/api.w.org\/{rel}","templated":true}]}}