{"id":11825,"date":"2022-04-29T23:08:42","date_gmt":"2022-04-30T04:08:42","guid":{"rendered":"http:\/\/nonamepublicidad.com\/?post_type=product&#038;p=11825"},"modified":"2024-12-02T08:50:07","modified_gmt":"2024-12-02T13:50:07","slug":"cafetera-italiana-betty-9-tazas-amarillo-induction-gat","status":"publish","type":"product","link":"https:\/\/nonamepublicidad.com\/en\/product\/cafetera-italiana-betty-9-tazas-amarillo-induction-gat\/","title":{"rendered":"Cafetera Italiana Betty 9 Tazas Amarillo Induction GAT"},"content":{"rendered":"<p><strong>Detalles adicionales:<\/strong><\/p>\n<p>Mango ergon\u00f3mico, de especial pl\u00e1stico amarillo antideslizante para un agarre c\u00f3modo y con protecci\u00f3n de seguridad para los dedos del usuario;<\/p>\n<p>Perilla de especial pl\u00e1stico antideslizante amarillo;<\/p>\n<p>Empaquetadura en Silicona alimentaria con pesta\u00f1a que permite una f\u00e1cil extracci\u00f3n para su limpieza.<\/p>\n<p>Made in Italy.<\/p>\n<p><strong>Betty<\/strong><\/p>\n<p>La cl\u00e1sica Cafetera italiana con detalle colorados. Inspira simpat\u00eda y combina con cualquier ambiente. La versi\u00f3n 9 Tazas es de Inducci\u00f3n.<\/p>\n<p><strong>G.A.T. Italia<\/strong><\/p>\n<p>G.A.T. Italia es una importante empresa italiana en el mundo de las Cafeteras italianas.<\/p>\n<p>Con una experiencia de m\u00e1s de 35 a\u00f1os en el mercado, cuenta con un profundo know how en la fabricaci\u00f3n de cualquier tipo de modelo de cafetera (aluminio, acero inoxidable, el\u00e9ctrica) y accesorios relacionados.<\/p>\n<p>Las Cafeteras G.A.T. se distinguen por su design innovador, sus materiales de alto nivel (aluminio certificado para alimentos, v\u00e1lvulas de seguridad certificadas), su amplia variedad de colores y por sus precios competitivos. En s\u00edntesis, G.A.T. es una competitiva empresa italiana que cuenta con una muy buena relaci\u00f3n calidad\/precio de sus productos.<\/p>\n<p><strong>Contacto<\/strong><\/p>\n<p>Fabrizia Mul\u00e9<\/p>\n<p>&nbsp;<\/p>\n<p style=\"text-align: center;\"><iframe style=\"border: 0;\" src=\"https:\/\/www.google.com\/maps\/embed?pb=!1m18!1m12!1m3!1d3900.85544472947!2d-77.03216614936377!3d-12.122041546564366!2m3!1f0!2f0!3f0!3m2!1i1024!2i768!4f13.1!3m3!1m2!1s0x9105c81906195e7f%3A0x88e905eb826f85b!2sBodega%20Miraflores-La%20Bottega%20del%20Caff%C3%A9!5e0!3m2!1ses-419!2spe!4v1651249532833!5m2!1ses-419!2spe\" width=\"600\" height=\"450\" allowfullscreen=\"allowfullscreen\"><\/iframe><\/p>","protected":false},"excerpt":{"rendered":"<p>Cafetera Italiana tradicional dedicada a los amantes del Caf\u00e9. El mango y perilla de color entero combinan perfectamente con el color plata de la Cafetera.<\/p>\n<p>La cl\u00e1sica Cafetera italiana con detalle colorados. Inspira simpat\u00eda y combina con cualquier ambiente.<\/p>\n<p>Funciona con cualquier fuente de calor, tambi\u00e9n Inducci\u00f3n.<\/p>\n<p>Material de Aluminio certificado de alta calidad y apto para alimentos<\/p>\n<p>V\u00e1lvula de seguridad italiana certificada.<\/p>\n<p><a href=\"http:\/\/nonamepublicidad.com\/product\/bodega-miraflores-la-bottega-del-caffe\/\" target=\"_blank\" rel=\"noopener\">Bodega Miraflores La Bottega del Caff\u00e9<\/a><\/p>\n<p>Ubicaci\u00f3n: <a href=\"https:\/\/g.page\/CafeMirafloresChanchamayo?share\" target=\"_blank\" rel=\"noopener\">Avenida Ernesto Diez Canseco 109, Miraflores 15074<\/a><\/p>\n<p>Horario:<\/p>\n<p>Lunes a S\u00e1bado 10:00 a.m. \u2013 17:30 p.m.<\/p>\n<p>Domingo CERRADO<\/p>\n<p>Pedidos al: <a href=\"tel:014441877\">(+51) 4441877<\/a><\/p>\n<p>Pedidos al: <a href=\"tel:51902891344\">(+51) 902891344<\/a><\/p>\n<div class=\"nta_wa_button\" data-id=\"13906\" data-info=\"{&quot;name&quot;:&quot;Bodega Miraflores La Bottega del Caff\\u00e9&quot;,&quot;info&quot;:{&quot;number&quot;:&quot;+51902891344&quot;,&quot;title&quot;:&quot;Bodega Miraflores La Bottega del Caff\\u00e9 | Tienda&quot;,&quot;predefinedText&quot;:&quot;Hola Bodega Miraflores La Bottega del Caff\\u00e9. Me gustar\\u00eda m\\u00e1s informaci\\u00f3n de [njwa_page_title] Este es el link [njwa_page_url]&quot;,&quot;willBeBackText&quot;:&quot;I will be back in [njwa_time_work]&quot;,&quot;dayOffsText&quot;:&quot;I will be back soon&quot;,&quot;isAlwaysAvailable&quot;:&quot;ON&quot;,&quot;daysOfWeekWorking&quot;:{&quot;sunday&quot;:{&quot;isWorkingOnDay&quot;:&quot;OFF&quot;,&quot;workHours&quot;:[{&quot;startTime&quot;:&quot;08:00&quot;,&quot;endTime&quot;:&quot;17:30&quot;}]},&quot;monday&quot;:{&quot;isWorkingOnDay&quot;:&quot;OFF&quot;,&quot;workHours&quot;:[{&quot;startTime&quot;:&quot;08:00&quot;,&quot;endTime&quot;:&quot;17:30&quot;}]},&quot;tuesday&quot;:{&quot;isWorkingOnDay&quot;:&quot;OFF&quot;,&quot;workHours&quot;:[{&quot;startTime&quot;:&quot;08:00&quot;,&quot;endTime&quot;:&quot;17:30&quot;}]},&quot;wednesday&quot;:{&quot;isWorkingOnDay&quot;:&quot;OFF&quot;,&quot;workHours&quot;:[{&quot;startTime&quot;:&quot;08:00&quot;,&quot;endTime&quot;:&quot;17:30&quot;}]},&quot;thursday&quot;:{&quot;isWorkingOnDay&quot;:&quot;OFF&quot;,&quot;workHours&quot;:[{&quot;startTime&quot;:&quot;08:00&quot;,&quot;endTime&quot;:&quot;17:30&quot;}]},&quot;friday&quot;:{&quot;isWorkingOnDay&quot;:&quot;OFF&quot;,&quot;workHours&quot;:[{&quot;startTime&quot;:&quot;08:00&quot;,&quot;endTime&quot;:&quot;17:30&quot;}]},&quot;saturday&quot;:{&quot;isWorkingOnDay&quot;:&quot;OFF&quot;,&quot;workHours&quot;:[{&quot;startTime&quot;:&quot;08:00&quot;,&quot;endTime&quot;:&quot;17:30&quot;}]}}},&quot;styles&quot;:{&quot;type&quot;:&quot;round&quot;,&quot;backgroundColor&quot;:&quot;#2DB742&quot;,&quot;textColor&quot;:&quot;#fff&quot;,&quot;label&quot;:&quot;Necesitas ayuda? Hablemos&quot;,&quot;width&quot;:300,&quot;height&quot;:64},&quot;avatar&quot;:&quot;https:\\\/\\\/nonamepublicidad.com\\\/wp-content\\\/uploads\\\/2021\\\/05\\\/bodega_miraflores_la_bottega_del_caffe_01.jpg&quot;,&quot;options&quot;:{&quot;display&quot;:{&quot;displayCondition&quot;:&quot;showAllPage&quot;,&quot;includePages&quot;:[],&quot;excludePages&quot;:[],&quot;includePosts&quot;:[],&quot;showOnDesktop&quot;:&quot;ON&quot;,&quot;showOnMobile&quot;:&quot;ON&quot;,&quot;time_symbols&quot;:&quot;h:m&quot;},&quot;styles&quot;:{&quot;title&quot;:&quot;Start a Conversation&quot;,&quot;responseText&quot;:&quot;The team typically replies in a few minutes.&quot;,&quot;description&quot;:&quot;Hi! Click one of our member below to chat on &lt;strong&gt;WhatsApp&lt;\\\/strong&gt;&quot;,&quot;backgroundColor&quot;:&quot;#2db742&quot;,&quot;textColor&quot;:&quot;#fff&quot;,&quot;scrollHeight&quot;:500,&quot;isShowScroll&quot;:&quot;OFF&quot;,&quot;isShowResponseText&quot;:&quot;ON&quot;,&quot;isShowPoweredBy&quot;:&quot;ON&quot;,&quot;btnLabel&quot;:&quot;Need Help? &lt;strong&gt;Chat with us&lt;\\\/strong&gt;&quot;,&quot;btnLabelWidth&quot;:156,&quot;btnPosition&quot;:&quot;right&quot;,&quot;btnLeftDistance&quot;:30,&quot;btnRightDistance&quot;:30,&quot;btnBottomDistance&quot;:30,&quot;isShowBtnLabel&quot;:&quot;ON&quot;,&quot;isShowGDPR&quot;:&quot;OFF&quot;,&quot;gdprContent&quot;:&quot;Please accept our &lt;a href=\\&quot;https:\\\/\\\/ninjateam.org\\\/privacy-policy\\\/\\&quot;&gt;privacy policy&lt;\\\/a&gt; first to start a conversation.&quot;,&quot;widgetType&quot;:&quot;expandable&quot;},&quot;analytics&quot;:{&quot;enabledGoogle&quot;:&quot;OFF&quot;,&quot;enabledFacebook&quot;:&quot;OFF&quot;,&quot;enabledGoogleGA4&quot;:&quot;OFF&quot;}},&quot;gdprStatus&quot;:false,&quot;defaultAvatar&quot;:&quot;https:\\\/\\\/nonamepublicidad.com\\\/wp-content\\\/plugins\\\/whatsapp-for-wordpress\\\/assets\\\/img\\\/whatsapp_logo.svg&quot;}\"><\/div>\n<div style=\"visibility: hidden;\">cafeteras italianas, cafetera, cafetera expreso, cafeteras, caf\u00e9, cafeterias, caf\u00e9 peruano, cafeterias en miraflores, cafeterias en san isidro, utensilios de cocina<\/div>\n","protected":false},"featured_media":11832,"comment_status":"open","ping_status":"closed","template":"","meta":[],"product_brand":[],"product_cat":[2938,412],"product_tag":[529,1020,2931,2932,2933,2930,2934,2935,2936,2937],"class_list":{"0":"post-11825","1":"product","2":"type-product","3":"status-publish","4":"has-post-thumbnail","6":"product_cat-cafeteras","7":"product_cat-hogar-muebles-y-jardin","8":"product_tag-cafe","9":"product_tag-cafe-peruano","10":"product_tag-cafetera","11":"product_tag-cafetera-expreso","12":"product_tag-cafeteras","13":"product_tag-cafeteras-italianas","14":"product_tag-cafeterias","15":"product_tag-cafeterias-en-miraflores","16":"product_tag-cafeterias-en-san-isidro","17":"product_tag-utensilios-de-cocina","19":"first","20":"instock","21":"virtual","22":"taxable","23":"product-type-simple"},"_links":{"self":[{"href":"https:\/\/nonamepublicidad.com\/en\/wp-json\/wp\/v2\/product\/11825","targetHints":{"allow":["GET"]}}],"collection":[{"href":"https:\/\/nonamepublicidad.com\/en\/wp-json\/wp\/v2\/product"}],"about":[{"href":"https:\/\/nonamepublicidad.com\/en\/wp-json\/wp\/v2\/types\/product"}],"replies":[{"embeddable":true,"href":"https:\/\/nonamepublicidad.com\/en\/wp-json\/wp\/v2\/comments?post=11825"}],"version-history":[{"count":0,"href":"https:\/\/nonamepublicidad.com\/en\/wp-json\/wp\/v2\/product\/11825\/revisions"}],"wp:featuredmedia":[{"embeddable":true,"href":"https:\/\/nonamepublicidad.com\/en\/wp-json\/wp\/v2\/media\/11832"}],"wp:attachment":[{"href":"https:\/\/nonamepublicidad.com\/en\/wp-json\/wp\/v2\/media?parent=11825"}],"wp:term":[{"taxonomy":"product_brand","embeddable":true,"href":"https:\/\/nonamepublicidad.com\/en\/wp-json\/wp\/v2\/product_brand?post=11825"},{"taxonomy":"product_cat","embeddable":true,"href":"https:\/\/nonamepublicidad.com\/en\/wp-json\/wp\/v2\/product_cat?post=11825"},{"taxonomy":"product_tag","embeddable":true,"href":"https:\/\/nonamepublicidad.com\/en\/wp-json\/wp\/v2\/product_tag?post=11825"}],"curies":[{"name":"wp","href":"https:\/\/api.w.org\/{rel}","templated":true}]}}