{"id":12154,"date":"2022-08-12T17:10:37","date_gmt":"2022-08-12T22:10:37","guid":{"rendered":"http:\/\/nonamepublicidad.com\/?post_type=product&#038;p=12154"},"modified":"2024-12-04T17:08:21","modified_gmt":"2024-12-04T22:08:21","slug":"a2-odontologia-digital-sede-lima","status":"publish","type":"product","link":"https:\/\/nonamepublicidad.com\/en\/product\/a2-odontologia-digital-sede-lima\/","title":{"rendered":"A2 Odontolog\u00eda Digital Sede Lima"},"content":{"rendered":"<p><img fetchpriority=\"high\" decoding=\"async\" class=\"aligncenter wp-image-12156 size-full\" src=\"http:\/\/nonamepublicidad.com\/wp-content\/uploads\/2022\/08\/a2_consultorios_odontologicos_lima_10.webp\" alt=\"\" width=\"500\" height=\"500\" srcset=\"https:\/\/nonamepublicidad.com\/wp-content\/uploads\/2022\/08\/a2_consultorios_odontologicos_lima_10.webp 500w, https:\/\/nonamepublicidad.com\/wp-content\/uploads\/2022\/08\/a2_consultorios_odontologicos_lima_10-400x400.webp 400w\" sizes=\"(max-width: 500px) 100vw, 500px\" \/><\/p>\n<p style=\"text-align: center;\"><iframe style=\"border: 0;\" src=\"https:\/\/www.google.com\/maps\/embed?pb=!1m18!1m12!1m3!1d243.81536677263844!2d-77.0280633321272!3d-12.109012519255103!2m3!1f0!2f0!3f0!3m2!1i1024!2i768!4f13.1!3m3!1m2!1s0x9105c9714d38434f%3A0x246cfb84b14240f1!2sC.%20Jos%C3%A9%20Domingo%20Oru%C3%A9%20440%2C%20Miraflores%2015046!5e0!3m2!1ses-419!2spe!4v1705793559863!5m2!1ses-419!2spe\" width=\"600\" height=\"450\" allowfullscreen=\"allowfullscreen\"><\/iframe><\/p>\n<p style=\"text-align: center;\"><iframe style=\"border: 0;\" src=\"https:\/\/www.google.com\/maps\/embed?pb=!1m18!1m12!1m3!1d3901.54876884998!2d-77.05103254936444!3d-12.074536845663904!2m3!1f0!2f0!3f0!3m2!1i1024!2i768!4f13.1!3m3!1m2!1s0x9105c951911b9ed9%3A0x5aba7c4af30ea966!2sA2%20Consultorios%20Odont%C3%B3logicos!5e0!3m2!1ses-419!2spe!4v1660343266810!5m2!1ses-419!2spe\" width=\"600\" height=\"450\" allowfullscreen=\"allowfullscreen\"><\/iframe><\/p>","protected":false},"excerpt":{"rendered":"<p>\u00a1Conoce a nuestro equipo!<\/p>\n<p>Les presentamos a nuestro equipo de profesionales, quienes a diario est\u00e1n dispuestos a atenderlos y ayudarlos a mejorar su sonrisa.<\/p>\n<p>Horarios: de 8:30 a.m. A 7 p.m.<\/p>\n<p>Nos encontramos en Jes\u00fas Mar\u00eda.<\/p>\n<p>Direcci\u00f3n 1: <a href=\"https:\/\/maps.app.goo.gl\/xXW74VrW5kxNFUW79\" target=\"_blank\" rel=\"noopener\">Calle Jos\u00e9 Domingo Oru\u00e9 440, Miraflores, Lima \u2013 Per\u00fa<\/a><\/p>\n<p>Direcci\u00f3n 2: <a href=\"https:\/\/goo.gl\/maps\/H3pVvne76XGNdGKQ6\" target=\"_blank\" rel=\"noopener\">Av. Horacio Urteaga 1357 (2do piso) Lima \u2013 Per\u00fa<\/a><\/p>\n<p>Correo: <a href=\"mailto:inversionessalude2@gmail.com\">inversionessalude2@gmail.com<\/a><\/p>\n<p>Facebook: <a href=\"https:\/\/www.facebook.com\/A2Consultoriosodontologicoslima\" target=\"_blank\" rel=\"noopener\">A2Consultoriosodontologicoslima<\/a><\/p>\n<p>Instagram: <a href=\"https:\/\/www.instagram.com\/a2medicalgroup\/\" target=\"_blank\" rel=\"noopener\">a2medicalgroup<\/a><\/p>\n<p>Contacto: Dr. Elmer Acevedo Ruiz | COP 23344 \/ Dra. Eveliz Martinez de la Cruz | COP 29721<\/p>\n<p>Solicitar cita al: <a href=\"tel:51994869346\">(+51) 994869346<\/a><\/p>\n<div class=\"nta_wa_button\" data-id=\"13903\" data-info=\"{&quot;name&quot;:&quot;A2 Consultorios Odontol\\u00f3gicos Lima&quot;,&quot;info&quot;:{&quot;number&quot;:&quot;+51994869346&quot;,&quot;title&quot;:&quot;A2 Consultorios Odontol\\u00f3gicos Lima | Tienda&quot;,&quot;predefinedText&quot;:&quot;Hola A2 Consultorios Odontol\\u00f3gicos Lima. Me gustar\\u00eda m\\u00e1s informaci\\u00f3n de [njwa_page_title] Este es el link [njwa_page_url]&quot;,&quot;willBeBackText&quot;:&quot;I will be back in [njwa_time_work]&quot;,&quot;dayOffsText&quot;:&quot;I will be back soon&quot;,&quot;isAlwaysAvailable&quot;:&quot;ON&quot;,&quot;daysOfWeekWorking&quot;:{&quot;sunday&quot;:{&quot;isWorkingOnDay&quot;:&quot;OFF&quot;,&quot;workHours&quot;:[{&quot;startTime&quot;:&quot;08:00&quot;,&quot;endTime&quot;:&quot;17:30&quot;}]},&quot;monday&quot;:{&quot;isWorkingOnDay&quot;:&quot;OFF&quot;,&quot;workHours&quot;:[{&quot;startTime&quot;:&quot;08:00&quot;,&quot;endTime&quot;:&quot;17:30&quot;}]},&quot;tuesday&quot;:{&quot;isWorkingOnDay&quot;:&quot;OFF&quot;,&quot;workHours&quot;:[{&quot;startTime&quot;:&quot;08:00&quot;,&quot;endTime&quot;:&quot;17:30&quot;}]},&quot;wednesday&quot;:{&quot;isWorkingOnDay&quot;:&quot;OFF&quot;,&quot;workHours&quot;:[{&quot;startTime&quot;:&quot;08:00&quot;,&quot;endTime&quot;:&quot;17:30&quot;}]},&quot;thursday&quot;:{&quot;isWorkingOnDay&quot;:&quot;OFF&quot;,&quot;workHours&quot;:[{&quot;startTime&quot;:&quot;08:00&quot;,&quot;endTime&quot;:&quot;17:30&quot;}]},&quot;friday&quot;:{&quot;isWorkingOnDay&quot;:&quot;OFF&quot;,&quot;workHours&quot;:[{&quot;startTime&quot;:&quot;08:00&quot;,&quot;endTime&quot;:&quot;17:30&quot;}]},&quot;saturday&quot;:{&quot;isWorkingOnDay&quot;:&quot;OFF&quot;,&quot;workHours&quot;:[{&quot;startTime&quot;:&quot;08:00&quot;,&quot;endTime&quot;:&quot;17:30&quot;}]}}},&quot;styles&quot;:{&quot;type&quot;:&quot;round&quot;,&quot;backgroundColor&quot;:&quot;#2DB742&quot;,&quot;textColor&quot;:&quot;#fff&quot;,&quot;label&quot;:&quot;Necesitas ayuda? Hablemos&quot;,&quot;width&quot;:300,&quot;height&quot;:64},&quot;avatar&quot;:&quot;https:\\\/\\\/nonamepublicidad.com\\\/wp-content\\\/uploads\\\/2022\\\/08\\\/a2_consultorios_odontologicos_lima_01.webp&quot;,&quot;options&quot;:{&quot;display&quot;:{&quot;displayCondition&quot;:&quot;showAllPage&quot;,&quot;includePages&quot;:[],&quot;excludePages&quot;:[],&quot;includePosts&quot;:[],&quot;showOnDesktop&quot;:&quot;ON&quot;,&quot;showOnMobile&quot;:&quot;ON&quot;,&quot;time_symbols&quot;:&quot;h:m&quot;},&quot;styles&quot;:{&quot;title&quot;:&quot;Start a Conversation&quot;,&quot;responseText&quot;:&quot;The team typically replies in a few minutes.&quot;,&quot;description&quot;:&quot;Hi! Click one of our member below to chat on &lt;strong&gt;WhatsApp&lt;\\\/strong&gt;&quot;,&quot;backgroundColor&quot;:&quot;#2db742&quot;,&quot;textColor&quot;:&quot;#fff&quot;,&quot;scrollHeight&quot;:500,&quot;isShowScroll&quot;:&quot;OFF&quot;,&quot;isShowResponseText&quot;:&quot;ON&quot;,&quot;isShowPoweredBy&quot;:&quot;ON&quot;,&quot;btnLabel&quot;:&quot;Need Help? &lt;strong&gt;Chat with us&lt;\\\/strong&gt;&quot;,&quot;btnLabelWidth&quot;:156,&quot;btnPosition&quot;:&quot;right&quot;,&quot;btnLeftDistance&quot;:30,&quot;btnRightDistance&quot;:30,&quot;btnBottomDistance&quot;:30,&quot;isShowBtnLabel&quot;:&quot;ON&quot;,&quot;isShowGDPR&quot;:&quot;OFF&quot;,&quot;gdprContent&quot;:&quot;Please accept our &lt;a href=\\&quot;https:\\\/\\\/ninjateam.org\\\/privacy-policy\\\/\\&quot;&gt;privacy policy&lt;\\\/a&gt; first to start a conversation.&quot;,&quot;widgetType&quot;:&quot;expandable&quot;},&quot;analytics&quot;:{&quot;enabledGoogle&quot;:&quot;OFF&quot;,&quot;enabledFacebook&quot;:&quot;OFF&quot;,&quot;enabledGoogleGA4&quot;:&quot;OFF&quot;}},&quot;gdprStatus&quot;:false,&quot;defaultAvatar&quot;:&quot;https:\\\/\\\/nonamepublicidad.com\\\/wp-content\\\/plugins\\\/whatsapp-for-wordpress\\\/assets\\\/img\\\/whatsapp_logo.svg&quot;}\"><\/div>\n<div style=\"visibility: hidden;\">dentista y consultorio dental, dentista, consultorio dental, odontologa, odontologia, odontologo, odontologico, placa dental, dentadura, dientes sanos, endodoncia, ortodoncia, salud bucal, salud bucal en el peru, dentista para ni\u00f1os, dentistas en lima, dentistas colegiados en peru, dentista cerca de mi, dentista para ni\u00f1os lima, odontologos en lima, odontologo pediatra, consultorio dental moderno, consultorio dental para ni\u00f1os, limpieza dental precio, limpieza dental, limpieza dental precio lima, limpieza dental profilaxis, limpieza dental profunda, higiene dental, higiene dental para ni\u00f1os, higiene dental precio, dentistry, dental, dentist, odontolog\u00eda estetica, ortodontia, smile, odontopediatria, sorriso, dentistas, odontolog, estetica dental, saude bucal, teeth, endodontia, dental photography, saude, curacion de dientes, dientes blancos, carillas, dientes postizos, protesis dental<\/div>\n","protected":false},"featured_media":12155,"comment_status":"open","ping_status":"closed","template":"","meta":[],"product_brand":[],"product_cat":[2898,186],"product_tag":[2901,2900,2916,2913,3007,2914,2909,2923,2922,2902,2904],"class_list":{"0":"post-12154","1":"product","2":"type-product","3":"status-publish","4":"has-post-thumbnail","6":"product_cat-cuidado-de-la-salud","7":"product_cat-salud-y-belleza","8":"product_tag-consultorio-dental","9":"product_tag-dentista","10":"product_tag-dentista-cerca-de-mi","11":"product_tag-dentista-para-ninos","12":"product_tag-dentistas","13":"product_tag-dentistas-en-lima","14":"product_tag-endodoncia","15":"product_tag-limpieza-dental","16":"product_tag-limpieza-dental-precio","17":"product_tag-odontologa","18":"product_tag-odontologo","20":"first","21":"instock","22":"featured","23":"virtual","24":"taxable","25":"product-type-simple"},"_links":{"self":[{"href":"https:\/\/nonamepublicidad.com\/en\/wp-json\/wp\/v2\/product\/12154","targetHints":{"allow":["GET"]}}],"collection":[{"href":"https:\/\/nonamepublicidad.com\/en\/wp-json\/wp\/v2\/product"}],"about":[{"href":"https:\/\/nonamepublicidad.com\/en\/wp-json\/wp\/v2\/types\/product"}],"replies":[{"embeddable":true,"href":"https:\/\/nonamepublicidad.com\/en\/wp-json\/wp\/v2\/comments?post=12154"}],"version-history":[{"count":0,"href":"https:\/\/nonamepublicidad.com\/en\/wp-json\/wp\/v2\/product\/12154\/revisions"}],"wp:featuredmedia":[{"embeddable":true,"href":"https:\/\/nonamepublicidad.com\/en\/wp-json\/wp\/v2\/media\/12155"}],"wp:attachment":[{"href":"https:\/\/nonamepublicidad.com\/en\/wp-json\/wp\/v2\/media?parent=12154"}],"wp:term":[{"taxonomy":"product_brand","embeddable":true,"href":"https:\/\/nonamepublicidad.com\/en\/wp-json\/wp\/v2\/product_brand?post=12154"},{"taxonomy":"product_cat","embeddable":true,"href":"https:\/\/nonamepublicidad.com\/en\/wp-json\/wp\/v2\/product_cat?post=12154"},{"taxonomy":"product_tag","embeddable":true,"href":"https:\/\/nonamepublicidad.com\/en\/wp-json\/wp\/v2\/product_tag?post=12154"}],"curies":[{"name":"wp","href":"https:\/\/api.w.org\/{rel}","templated":true}]}}