{"id":12167,"date":"2022-08-12T23:16:17","date_gmt":"2022-08-13T04:16:17","guid":{"rendered":"http:\/\/nonamepublicidad.com\/?post_type=product&#038;p=12167"},"modified":"2024-12-02T08:50:08","modified_gmt":"2024-12-02T13:50:08","slug":"dr-roberto-estetica-dental","status":"publish","type":"product","link":"https:\/\/nonamepublicidad.com\/en\/product\/dr-roberto-estetica-dental\/","title":{"rendered":"Dr Roberto Est\u00e9tica Dental"},"content":{"rendered":"<p style=\"text-align: center;\"><iframe style=\"border: 0;\" src=\"https:\/\/www.google.com\/maps\/embed?pb=!1m14!1m8!1m3!1d15603.131765139073!2d-76.9877445!3d-12.1269987!3m2!1i1024!2i768!4f13.1!3m3!1m2!1s0x0%3A0x63a4105b4ab310ae!2sConsultorio%20Odontol%C3%B3gico%20Dr.%20Roberto%20de%20la%20Cruz!5e0!3m2!1ses-419!2spe!4v1660365369008!5m2!1ses-419!2spe\" width=\"600\" height=\"450\" allowfullscreen=\"allowfullscreen\"><\/iframe><\/p>","protected":false},"excerpt":{"rendered":"<p>Tu sonrisa nuestra prioridad. Centro de est\u00e9tica y restauraci\u00f3n.<\/p>\n<p>Horarios: de Lun a Vie 9:00 a.m. A 8 p.m. y Sab de 9:00 a.m. A 2 p.m.<\/p>\n<p>Nos encontramos en el Centro Empresarial Nuevo Trigal de Surco.<\/p>\n<p>Direcci\u00f3n: <a href=\"https:\/\/goo.gl\/maps\/sgaxoqaqHCCwoVSh7\" target=\"_blank\" rel=\"noopener\">Calle los Antares 320 Torre B Oficina 507 El Trigal, Santiago de Surco, Per\u00fa<\/a><\/p>\n<p>Correo: <a href=\"mailto:dr.delacruz4@gmail.com\">dr.delacruz4@gmail.com<\/a><\/p>\n<p>Facebook: <a href=\"https:\/\/www.facebook.com\/Dr.delacruz4\" target=\"_blank\" rel=\"noopener\">Dr.delacruz4<\/a><\/p>\n<p>Instagram: <a href=\"https:\/\/www.instagram.com\/dr.robertodelacruz\/\" target=\"_blank\" rel=\"noopener\">dr.robertodelacruz<\/a><\/p>\n<p>Contacto: Dr. Roberto de la Cruz<\/p>\n<p>Solicitar cita al: <a href=\"tel:51986012907\">(+51) 986012907<\/a>\u00a0 |\u00a0 <a href=\"tel:51901446331\">(+51) 901446331<\/a><\/p>\n<div class=\"nta_wa_button\" data-id=\"13899\" data-info=\"{&quot;name&quot;:&quot;Dr. Roberto de la Cruz 1&quot;,&quot;info&quot;:{&quot;number&quot;:&quot;+51986012907&quot;,&quot;title&quot;:&quot;Dr Roberto Est\\u00e9tica Dental | Tienda&quot;,&quot;predefinedText&quot;:&quot;Hola Dr. Roberto de la Cruz. Me gustar\\u00eda m\\u00e1s informaci\\u00f3n de [njwa_page_title] Este es el link [njwa_page_url]&quot;,&quot;willBeBackText&quot;:&quot;I will be back in [njwa_time_work]&quot;,&quot;dayOffsText&quot;:&quot;I will be back soon&quot;,&quot;isAlwaysAvailable&quot;:&quot;ON&quot;,&quot;daysOfWeekWorking&quot;:{&quot;sunday&quot;:{&quot;isWorkingOnDay&quot;:&quot;OFF&quot;,&quot;workHours&quot;:[{&quot;startTime&quot;:&quot;08:00&quot;,&quot;endTime&quot;:&quot;17:30&quot;}]},&quot;monday&quot;:{&quot;isWorkingOnDay&quot;:&quot;OFF&quot;,&quot;workHours&quot;:[{&quot;startTime&quot;:&quot;08:00&quot;,&quot;endTime&quot;:&quot;17:30&quot;}]},&quot;tuesday&quot;:{&quot;isWorkingOnDay&quot;:&quot;OFF&quot;,&quot;workHours&quot;:[{&quot;startTime&quot;:&quot;08:00&quot;,&quot;endTime&quot;:&quot;17:30&quot;}]},&quot;wednesday&quot;:{&quot;isWorkingOnDay&quot;:&quot;OFF&quot;,&quot;workHours&quot;:[{&quot;startTime&quot;:&quot;08:00&quot;,&quot;endTime&quot;:&quot;17:30&quot;}]},&quot;thursday&quot;:{&quot;isWorkingOnDay&quot;:&quot;OFF&quot;,&quot;workHours&quot;:[{&quot;startTime&quot;:&quot;08:00&quot;,&quot;endTime&quot;:&quot;17:30&quot;}]},&quot;friday&quot;:{&quot;isWorkingOnDay&quot;:&quot;OFF&quot;,&quot;workHours&quot;:[{&quot;startTime&quot;:&quot;08:00&quot;,&quot;endTime&quot;:&quot;17:30&quot;}]},&quot;saturday&quot;:{&quot;isWorkingOnDay&quot;:&quot;OFF&quot;,&quot;workHours&quot;:[{&quot;startTime&quot;:&quot;08:00&quot;,&quot;endTime&quot;:&quot;17:30&quot;}]}}},&quot;styles&quot;:{&quot;type&quot;:&quot;round&quot;,&quot;backgroundColor&quot;:&quot;#2DB742&quot;,&quot;textColor&quot;:&quot;#fff&quot;,&quot;label&quot;:&quot;Necesitas ayuda? Hablemos&quot;,&quot;width&quot;:300,&quot;height&quot;:64},&quot;avatar&quot;:&quot;https:\\\/\\\/nonamepublicidad.com\\\/wp-content\\\/uploads\\\/2022\\\/08\\\/logo_dr_roberto_estetica_dental.webp&quot;,&quot;options&quot;:{&quot;display&quot;:{&quot;displayCondition&quot;:&quot;showAllPage&quot;,&quot;includePages&quot;:[],&quot;excludePages&quot;:[],&quot;includePosts&quot;:[],&quot;showOnDesktop&quot;:&quot;ON&quot;,&quot;showOnMobile&quot;:&quot;ON&quot;,&quot;time_symbols&quot;:&quot;h:m&quot;},&quot;styles&quot;:{&quot;title&quot;:&quot;Start a Conversation&quot;,&quot;responseText&quot;:&quot;The team typically replies in a few minutes.&quot;,&quot;description&quot;:&quot;Hi! Click one of our member below to chat on &lt;strong&gt;WhatsApp&lt;\\\/strong&gt;&quot;,&quot;backgroundColor&quot;:&quot;#2db742&quot;,&quot;textColor&quot;:&quot;#fff&quot;,&quot;scrollHeight&quot;:500,&quot;isShowScroll&quot;:&quot;OFF&quot;,&quot;isShowResponseText&quot;:&quot;ON&quot;,&quot;isShowPoweredBy&quot;:&quot;ON&quot;,&quot;btnLabel&quot;:&quot;Need Help? &lt;strong&gt;Chat with us&lt;\\\/strong&gt;&quot;,&quot;btnLabelWidth&quot;:156,&quot;btnPosition&quot;:&quot;right&quot;,&quot;btnLeftDistance&quot;:30,&quot;btnRightDistance&quot;:30,&quot;btnBottomDistance&quot;:30,&quot;isShowBtnLabel&quot;:&quot;ON&quot;,&quot;isShowGDPR&quot;:&quot;OFF&quot;,&quot;gdprContent&quot;:&quot;Please accept our &lt;a href=\\&quot;https:\\\/\\\/ninjateam.org\\\/privacy-policy\\\/\\&quot;&gt;privacy policy&lt;\\\/a&gt; first to start a conversation.&quot;,&quot;widgetType&quot;:&quot;expandable&quot;},&quot;analytics&quot;:{&quot;enabledGoogle&quot;:&quot;OFF&quot;,&quot;enabledFacebook&quot;:&quot;OFF&quot;,&quot;enabledGoogleGA4&quot;:&quot;OFF&quot;}},&quot;gdprStatus&quot;:false,&quot;defaultAvatar&quot;:&quot;https:\\\/\\\/nonamepublicidad.com\\\/wp-content\\\/plugins\\\/whatsapp-for-wordpress\\\/assets\\\/img\\\/whatsapp_logo.svg&quot;}\"><\/div>\n<div class=\"nta_wa_button\" data-id=\"13901\" data-info=\"{&quot;name&quot;:&quot;Dr. Roberto de la Cruz 2&quot;,&quot;info&quot;:{&quot;number&quot;:&quot;+51901446331&quot;,&quot;title&quot;:&quot;Dr Roberto Est\\u00e9tica Dental | Tienda&quot;,&quot;predefinedText&quot;:&quot;Hola Dr. Roberto de la Cruz. Me gustar\\u00eda m\\u00e1s informaci\\u00f3n de [njwa_page_title] Este es el link [njwa_page_url]&quot;,&quot;willBeBackText&quot;:&quot;I will be back in [njwa_time_work]&quot;,&quot;dayOffsText&quot;:&quot;I will be back soon&quot;,&quot;isAlwaysAvailable&quot;:&quot;ON&quot;,&quot;daysOfWeekWorking&quot;:{&quot;sunday&quot;:{&quot;isWorkingOnDay&quot;:&quot;OFF&quot;,&quot;workHours&quot;:[{&quot;startTime&quot;:&quot;08:00&quot;,&quot;endTime&quot;:&quot;17:30&quot;}]},&quot;monday&quot;:{&quot;isWorkingOnDay&quot;:&quot;OFF&quot;,&quot;workHours&quot;:[{&quot;startTime&quot;:&quot;08:00&quot;,&quot;endTime&quot;:&quot;17:30&quot;}]},&quot;tuesday&quot;:{&quot;isWorkingOnDay&quot;:&quot;OFF&quot;,&quot;workHours&quot;:[{&quot;startTime&quot;:&quot;08:00&quot;,&quot;endTime&quot;:&quot;17:30&quot;}]},&quot;wednesday&quot;:{&quot;isWorkingOnDay&quot;:&quot;OFF&quot;,&quot;workHours&quot;:[{&quot;startTime&quot;:&quot;08:00&quot;,&quot;endTime&quot;:&quot;17:30&quot;}]},&quot;thursday&quot;:{&quot;isWorkingOnDay&quot;:&quot;OFF&quot;,&quot;workHours&quot;:[{&quot;startTime&quot;:&quot;08:00&quot;,&quot;endTime&quot;:&quot;17:30&quot;}]},&quot;friday&quot;:{&quot;isWorkingOnDay&quot;:&quot;OFF&quot;,&quot;workHours&quot;:[{&quot;startTime&quot;:&quot;08:00&quot;,&quot;endTime&quot;:&quot;17:30&quot;}]},&quot;saturday&quot;:{&quot;isWorkingOnDay&quot;:&quot;OFF&quot;,&quot;workHours&quot;:[{&quot;startTime&quot;:&quot;08:00&quot;,&quot;endTime&quot;:&quot;17:30&quot;}]}}},&quot;styles&quot;:{&quot;type&quot;:&quot;round&quot;,&quot;backgroundColor&quot;:&quot;#2DB742&quot;,&quot;textColor&quot;:&quot;#fff&quot;,&quot;label&quot;:&quot;Necesitas ayuda? Hablemos&quot;,&quot;width&quot;:300,&quot;height&quot;:64},&quot;avatar&quot;:&quot;https:\\\/\\\/nonamepublicidad.com\\\/wp-content\\\/uploads\\\/2022\\\/08\\\/logo_dr_roberto_estetica_dental.webp&quot;,&quot;options&quot;:{&quot;display&quot;:{&quot;displayCondition&quot;:&quot;showAllPage&quot;,&quot;includePages&quot;:[],&quot;excludePages&quot;:[],&quot;includePosts&quot;:[],&quot;showOnDesktop&quot;:&quot;ON&quot;,&quot;showOnMobile&quot;:&quot;ON&quot;,&quot;time_symbols&quot;:&quot;h:m&quot;},&quot;styles&quot;:{&quot;title&quot;:&quot;Start a Conversation&quot;,&quot;responseText&quot;:&quot;The team typically replies in a few minutes.&quot;,&quot;description&quot;:&quot;Hi! Click one of our member below to chat on &lt;strong&gt;WhatsApp&lt;\\\/strong&gt;&quot;,&quot;backgroundColor&quot;:&quot;#2db742&quot;,&quot;textColor&quot;:&quot;#fff&quot;,&quot;scrollHeight&quot;:500,&quot;isShowScroll&quot;:&quot;OFF&quot;,&quot;isShowResponseText&quot;:&quot;ON&quot;,&quot;isShowPoweredBy&quot;:&quot;ON&quot;,&quot;btnLabel&quot;:&quot;Need Help? &lt;strong&gt;Chat with us&lt;\\\/strong&gt;&quot;,&quot;btnLabelWidth&quot;:156,&quot;btnPosition&quot;:&quot;right&quot;,&quot;btnLeftDistance&quot;:30,&quot;btnRightDistance&quot;:30,&quot;btnBottomDistance&quot;:30,&quot;isShowBtnLabel&quot;:&quot;ON&quot;,&quot;isShowGDPR&quot;:&quot;OFF&quot;,&quot;gdprContent&quot;:&quot;Please accept our &lt;a href=\\&quot;https:\\\/\\\/ninjateam.org\\\/privacy-policy\\\/\\&quot;&gt;privacy policy&lt;\\\/a&gt; first to start a conversation.&quot;,&quot;widgetType&quot;:&quot;expandable&quot;},&quot;analytics&quot;:{&quot;enabledGoogle&quot;:&quot;OFF&quot;,&quot;enabledFacebook&quot;:&quot;OFF&quot;,&quot;enabledGoogleGA4&quot;:&quot;OFF&quot;}},&quot;gdprStatus&quot;:false,&quot;defaultAvatar&quot;:&quot;https:\\\/\\\/nonamepublicidad.com\\\/wp-content\\\/plugins\\\/whatsapp-for-wordpress\\\/assets\\\/img\\\/whatsapp_logo.svg&quot;}\"><\/div>\n<div style=\"visibility: hidden;\">dentista y consultorio dental, dentista, consultorio dental, odontologa, odontologia, odontologo, odontologico, placa dental, dentadura, dientes sanos, endodoncia, ortodoncia, salud bucal, salud bucal en el peru, dentista para ni\u00f1os, dentistas en lima, dentistas colegiados en peru, dentista cerca de mi, dentista para ni\u00f1os lima, odontologos en lima, odontologo pediatra, consultorio dental moderno, consultorio dental para ni\u00f1os, limpieza dental precio, limpieza dental, limpieza dental precio lima, limpieza dental profilaxis, limpieza dental profunda, higiene dental, higiene dental para ni\u00f1os, higiene dental precio, dentistry, dental, dentist, odontolog\u00eda estetica, ortodontia, smile, odontopediatria, sorriso, dentistas, odontolog, estetica dental, saude bucal, teeth, endodontia, dental photography, saude, curacion de dientes, dientes blancos, carillas, dientes postizos, protesis dental<\/div>\n","protected":false},"featured_media":12168,"comment_status":"open","ping_status":"closed","template":"","meta":[],"product_brand":[],"product_cat":[2898,186],"product_tag":[2901,2900,2916,2913,3007,2914,2909,2923,2922,2902,2904],"class_list":{"0":"post-12167","1":"product","2":"type-product","3":"status-publish","4":"has-post-thumbnail","6":"product_cat-cuidado-de-la-salud","7":"product_cat-salud-y-belleza","8":"product_tag-consultorio-dental","9":"product_tag-dentista","10":"product_tag-dentista-cerca-de-mi","11":"product_tag-dentista-para-ninos","12":"product_tag-dentistas","13":"product_tag-dentistas-en-lima","14":"product_tag-endodoncia","15":"product_tag-limpieza-dental","16":"product_tag-limpieza-dental-precio","17":"product_tag-odontologa","18":"product_tag-odontologo","20":"first","21":"instock","22":"featured","23":"virtual","24":"taxable","25":"product-type-simple"},"_links":{"self":[{"href":"https:\/\/nonamepublicidad.com\/en\/wp-json\/wp\/v2\/product\/12167","targetHints":{"allow":["GET"]}}],"collection":[{"href":"https:\/\/nonamepublicidad.com\/en\/wp-json\/wp\/v2\/product"}],"about":[{"href":"https:\/\/nonamepublicidad.com\/en\/wp-json\/wp\/v2\/types\/product"}],"replies":[{"embeddable":true,"href":"https:\/\/nonamepublicidad.com\/en\/wp-json\/wp\/v2\/comments?post=12167"}],"version-history":[{"count":0,"href":"https:\/\/nonamepublicidad.com\/en\/wp-json\/wp\/v2\/product\/12167\/revisions"}],"wp:featuredmedia":[{"embeddable":true,"href":"https:\/\/nonamepublicidad.com\/en\/wp-json\/wp\/v2\/media\/12168"}],"wp:attachment":[{"href":"https:\/\/nonamepublicidad.com\/en\/wp-json\/wp\/v2\/media?parent=12167"}],"wp:term":[{"taxonomy":"product_brand","embeddable":true,"href":"https:\/\/nonamepublicidad.com\/en\/wp-json\/wp\/v2\/product_brand?post=12167"},{"taxonomy":"product_cat","embeddable":true,"href":"https:\/\/nonamepublicidad.com\/en\/wp-json\/wp\/v2\/product_cat?post=12167"},{"taxonomy":"product_tag","embeddable":true,"href":"https:\/\/nonamepublicidad.com\/en\/wp-json\/wp\/v2\/product_tag?post=12167"}],"curies":[{"name":"wp","href":"https:\/\/api.w.org\/{rel}","templated":true}]}}