{"id":12185,"date":"2022-08-13T19:59:21","date_gmt":"2022-08-14T00:59:21","guid":{"rendered":"http:\/\/nonamepublicidad.com\/?post_type=product&#038;p=12185"},"modified":"2024-12-02T08:50:08","modified_gmt":"2024-12-02T13:50:08","slug":"mark-torres-artista-grafico","status":"publish","type":"product","link":"https:\/\/nonamepublicidad.com\/en\/product\/mark-torres-artista-grafico\/","title":{"rendered":"Mark Torres Artista Gr\u00e1fico"},"content":{"rendered":"<p><strong>INFORMACI\u00d3N PROFESIONAL<\/strong><\/p>\n<p>Dominio de Herramientas de Corel Draw X6, Photoshop CS6, Ilustrator CS6, Conocimiento de Adobe Indesing CS6 y herramientas DPS (Digital Publishing Suit), Fotograf\u00eda de estudio, Microsoft Visio, Edici\u00f3n de audios en Adobe audition CS6.<\/p>\n<p>Direcci\u00f3n de arte, Ilustraci\u00f3n a mano alzada en diversas t\u00e9cnicas y mixtas, Ilustraci\u00f3n digital, vectorial y comic, creaci\u00f3n de personajes, caricatura, storyboard y flujograma. Gesti\u00f3n de personal y proveedores.<\/p>\n<p>Imagen Corporativa, logotipos, slogan, brochure, impresos y digitales.<\/p>\n<p>Administraci\u00f3n de P\u00e1ginas Sociales.<\/p>\n<p><strong>\u00a0<\/strong><\/p>\n<p><strong>EXPERIENCIA LABORAL<\/strong><\/p>\n<p><u>KHAMELEON WORLD<\/u><\/p>\n<p>(mayo 2013 &#8211; actualidad)<\/p>\n<p>\u00c1rea: asistente de direcci\u00f3n art\u00edstica.<\/p>\n<p>Cargo: Ilustraci\u00f3n y creaci\u00f3n de personajes.<\/p>\n<p>Experiencia adquirida: Nuevas t\u00e9cnicas de ilustraci\u00f3n digital, creaci\u00f3n de personajes y escenarios, ilustraci\u00f3n vectorial, gesti\u00f3n de licitaci\u00f3n y colaboradores.<\/p>\n<p><u>CREARMEDIA PER\u00da<\/u><\/p>\n<p>(octubre 2012 \u2013 mayo 2013)<\/p>\n<p>\u00c1rea: Ilustraci\u00f3n.<\/p>\n<p>Cargo: Ilustraci\u00f3n y creaci\u00f3n de personajes.<\/p>\n<p>Experiencia adquirida: Agilizaci\u00f3n de formatos, creaci\u00f3n de personajes y escenarios, ilustraci\u00f3n isom\u00e9trica, realizaci\u00f3n de storyboard y boceteador a tiempo real.<\/p>\n<p><u>RESTAURANTE EL PARQUE \u2013 D\u2019ONOFRIO<\/u><\/p>\n<p>(setiembre 2012 \u2013 noviembre 2012)<\/p>\n<p>\u00c1rea: Consultor de Comunicaci\u00f3n y medios Publicitarios.<\/p>\n<p>Cargo: Asistente de Administraci\u00f3n &amp; Marketing.<\/p>\n<p>Experiencia adquirida: Actualizaci\u00f3n de la Marca \u201cEl Parque\u201d, Colocaci\u00f3n de marca, Organizaci\u00f3n de eventos, asistencia de Administraci\u00f3n del Restaurant. Caricaturas en Vivo e investigaci\u00f3n y desarrollo.<\/p>\n<p><u>CONGREGACI\u00d3N SAN VICENTE DE PAUL<\/u><\/p>\n<p>(julio 2012 &#8211; setiembre 2012)<\/p>\n<p>\u00c1rea: Marketing y Publicidad.<\/p>\n<p>Cargo: Publicista.<\/p>\n<p>Experiencia adquirida: Actualizaci\u00f3n de imagen y logotipo, elaboraci\u00f3n de papeler\u00eda y portadas de material did\u00e1ctico e informativo.<\/p>\n<p><u>TATUAJES EL TIGRE<\/u><\/p>\n<p>(agosto 2012 &#8211; octubre 2012)<\/p>\n<p>\u00c1rea: Marketing y Publicidad.<\/p>\n<p>Cargo: Coordinador de Imagen Corporativa y Administraci\u00f3n de P\u00e1ginas Sociales.<\/p>\n<p>Experiencia adquirida: Dise\u00f1o de logotipo, slogan y banners con fines publicitarios. Elaboraci\u00f3n y administraci\u00f3n de redes sociales. Retoque fotogr\u00e1fico.<\/p>\n<p><u>ZUPAY CLOTHING STORE<\/u><\/p>\n<p>(agosto 2011 &#8211; julio 2012)<\/p>\n<p>\u00c1rea: Marketing y Publicidad.<\/p>\n<p>Cargo: Coordinador de Imagen Corporativa y comercial.<\/p>\n<p>Experiencia adquirida: Dise\u00f1o de logotipo, slogan y banners con fines publicitarios. Elaboraci\u00f3n y administraci\u00f3n de redes sociales.<\/p>\n<p><u>WORLD OF LANGUAGES \u2013 WOL<\/u><\/p>\n<p>(junio 2011 -diciembre 2011)<\/p>\n<p>\u00c1rea: Marketing y publicidad.<\/p>\n<p>Cargo: Coordinador de Imagen Corporativa.<\/p>\n<p>Experiencia adquirida: Dise\u00f1o de logotipo, slogan y todo tipo de papeler\u00eda con fines publicitarios y educativos. Elaboraci\u00f3n y administraci\u00f3n de redes sociales y servicios de impresi\u00f3n.<\/p>\n<p><u>EDITORIAL LOS LIBROS MAS PEQUE\u00d1OS DEL MUNDO<\/u><\/p>\n<p>(noviembre 2006 &#8211;\u00a0 junio 2011)<\/p>\n<p>\u00c1rea: Investigaci\u00f3n y Desarrollo.<\/p>\n<p>Cargo: Ilustrador &amp;Creativo.<\/p>\n<p>Experiencia Adquirida: Desarrollo de conceptos y creaci\u00f3n de personajes a partir de un texto o idea, con el fin de ilustrar una publicaci\u00f3n. Creaci\u00f3n de medios publicitarios (bl\u00edsteres, cajas y pastas).<\/p>\n<p>Reclutamiento de personal laboral para el \u00e1rea de ilustraci\u00f3n (bocetos y coloraci\u00f3n) Incursi\u00f3n en la ilustraci\u00f3n digital.<\/p>\n<p><u>GR\u00c1FICA COLORAMA <\/u><\/p>\n<p>(octubre 2006 &#8211; noviembre 2007)<\/p>\n<p>\u00c1rea: Dise\u00f1o gr\u00e1fico.<\/p>\n<p>Cargo: Ilustrador.<\/p>\n<p>Experiencia adquirida: Conocimiento cabal del proceso que se necesita para el dise\u00f1o de Foil. El material gr\u00e1fico que se realizaba era para ocasiones especiales (cumplea\u00f1os, recuerdos, entre otros acontecimientos religiosos).<\/p>\n<p><u>CORPORACI\u00d3N GR\u00c1FICA HUASCAR\u00c1N<\/u><\/p>\n<p>(febrero 2004 &#8211; diciembre 2006)<\/p>\n<p>\u00c1rea: Investigaci\u00f3n y desarrollo.<\/p>\n<p>Cargo: Ilustrador y Creativo.<\/p>\n<p>Experiencia adquirida: Producci\u00f3n de material did\u00e1ctico educativo y gr\u00e1fico. Ilustraci\u00f3n de personajes hist\u00f3ricos, recreaci\u00f3n de escenarios de acontecimientos importantes en la historia del Per\u00fa y del mundo. Creaci\u00f3n de personajes con fines educativos.<\/p>\n<p>&nbsp;<\/p>\n<p><strong>EDUCACI\u00d3N<\/strong><\/p>\n<p><u>DISE\u00d1O GR\u00c1FICO PUBLICITARIO<\/u><\/p>\n<p>Centro de Extensi\u00f3n y Proyecci\u00f3n Social de la Universidad Nacional de Ingenier\u00eda<\/p>\n<p>(UNI. 1999 \u2013 2002)<\/p>\n<p><u>DISE\u00d1O GR\u00c1FICO PUBLICITARIO<\/u><\/p>\n<p>Inictel \u2013 Uni.<\/p>\n<p>Programa de actualizaci\u00f3n 2012<\/p>\n<p>Ministerio de trabajo \/ Vamos Per\u00fa 2012<\/p>\n<p><u>ILUSTRACI\u00d3N DIGITAL<\/u><\/p>\n<p>Herramientas de Photoshop (ilustraci\u00f3n digital)<\/p>\n<p>con Mar\u00eda Elena Cariapaza &#8211; Revolution Graphics.<\/p>\n<p>http:\/\/revolutiongraphicsp.blogspot.com\/<\/p>\n<p>(diciembre 2012 \u2013 febrero 2013)<\/p>\n<p><u>FOTOGRAF\u00cdA DE ESTUDIO<\/u><\/p>\n<p>con Joaqu\u00edn Rubio Roach<\/p>\n<p>http:\/\/www.joaquinrubio-photo.com\/<\/p>\n<p>(junio 2013 \u2013 agosto 2013)<\/p>\n<p><u>ADOBE DIGITAL PUBLISHING SUITE<\/u><\/p>\n<p>Herramientas de indesign<\/p>\n<p>con Carlos Thompson Salas, gerente de Khameleon World.<\/p>\n<p>http:\/\/www.khameleonworld.com\/<\/p>\n<p>(julio 2013 \u2013 agosto 2013)<\/p>\n<p>&nbsp;<\/p>\n<p>Este anuncio fue autorizado por el ilustrador &#8211; artista Mark Torres. La informaci\u00f3n e im\u00e1genes mostradas son manejadas responsablemente. Muchas gracias por confiar en Noname.<\/p>","protected":false},"excerpt":{"rendered":"<p>Ilustrador digital y mano alzada, director de arte y artista gr\u00e1fico.<\/p>\n<p>Email:<a href=\"mailto:torresescuadramark@gmail.com\"> torresescuadramark@gmail.com<\/a><\/p>\n<p>Facebook: <a href=\"https:\/\/www.facebook.com\/markkdl\" target=\"_blank\" rel=\"noopener\">markkdl<\/a><\/p>\n<p>Instagram: <a href=\"https:\/\/www.instagram.com\/marktorresescuadra\/\" target=\"_blank\" rel=\"noopener\">marktorresescuadra<\/a><\/p>\n<p>Consultas al: <a href=\"tel:51935102291\">(+51) 935102291<\/a>\u00a0 |\u00a0 <a href=\"tel:51960744626\">(+51) 960744626<\/a><\/p>\n<div class=\"nta_wa_button\" data-id=\"13895\" data-info=\"{&quot;name&quot;:&quot;Mark Torres 1&quot;,&quot;info&quot;:{&quot;number&quot;:&quot;+51935102291&quot;,&quot;title&quot;:&quot;Mark Torres | Tienda&quot;,&quot;predefinedText&quot;:&quot;Hola Mark Torres. Me gustar\\u00eda m\\u00e1s informaci\\u00f3n de [njwa_page_title] Este es el link [njwa_page_url]&quot;,&quot;willBeBackText&quot;:&quot;I will be back in [njwa_time_work]&quot;,&quot;dayOffsText&quot;:&quot;I will be back soon&quot;,&quot;isAlwaysAvailable&quot;:&quot;ON&quot;,&quot;daysOfWeekWorking&quot;:{&quot;sunday&quot;:{&quot;isWorkingOnDay&quot;:&quot;OFF&quot;,&quot;workHours&quot;:[{&quot;startTime&quot;:&quot;08:00&quot;,&quot;endTime&quot;:&quot;17:30&quot;}]},&quot;monday&quot;:{&quot;isWorkingOnDay&quot;:&quot;OFF&quot;,&quot;workHours&quot;:[{&quot;startTime&quot;:&quot;08:00&quot;,&quot;endTime&quot;:&quot;17:30&quot;}]},&quot;tuesday&quot;:{&quot;isWorkingOnDay&quot;:&quot;OFF&quot;,&quot;workHours&quot;:[{&quot;startTime&quot;:&quot;08:00&quot;,&quot;endTime&quot;:&quot;17:30&quot;}]},&quot;wednesday&quot;:{&quot;isWorkingOnDay&quot;:&quot;OFF&quot;,&quot;workHours&quot;:[{&quot;startTime&quot;:&quot;08:00&quot;,&quot;endTime&quot;:&quot;17:30&quot;}]},&quot;thursday&quot;:{&quot;isWorkingOnDay&quot;:&quot;OFF&quot;,&quot;workHours&quot;:[{&quot;startTime&quot;:&quot;08:00&quot;,&quot;endTime&quot;:&quot;17:30&quot;}]},&quot;friday&quot;:{&quot;isWorkingOnDay&quot;:&quot;OFF&quot;,&quot;workHours&quot;:[{&quot;startTime&quot;:&quot;08:00&quot;,&quot;endTime&quot;:&quot;17:30&quot;}]},&quot;saturday&quot;:{&quot;isWorkingOnDay&quot;:&quot;OFF&quot;,&quot;workHours&quot;:[{&quot;startTime&quot;:&quot;08:00&quot;,&quot;endTime&quot;:&quot;17:30&quot;}]}}},&quot;styles&quot;:{&quot;type&quot;:&quot;round&quot;,&quot;backgroundColor&quot;:&quot;#2DB742&quot;,&quot;textColor&quot;:&quot;#fff&quot;,&quot;label&quot;:&quot;Necesitas ayuda? Hablemos&quot;,&quot;width&quot;:300,&quot;height&quot;:64},&quot;avatar&quot;:&quot;https:\\\/\\\/nonamepublicidad.com\\\/wp-content\\\/uploads\\\/2022\\\/08\\\/mark_torres_artista_grafico_01.webp&quot;,&quot;options&quot;:{&quot;display&quot;:{&quot;displayCondition&quot;:&quot;showAllPage&quot;,&quot;includePages&quot;:[],&quot;excludePages&quot;:[],&quot;includePosts&quot;:[],&quot;showOnDesktop&quot;:&quot;ON&quot;,&quot;showOnMobile&quot;:&quot;ON&quot;,&quot;time_symbols&quot;:&quot;h:m&quot;},&quot;styles&quot;:{&quot;title&quot;:&quot;Start a Conversation&quot;,&quot;responseText&quot;:&quot;The team typically replies in a few minutes.&quot;,&quot;description&quot;:&quot;Hi! Click one of our member below to chat on &lt;strong&gt;WhatsApp&lt;\\\/strong&gt;&quot;,&quot;backgroundColor&quot;:&quot;#2db742&quot;,&quot;textColor&quot;:&quot;#fff&quot;,&quot;scrollHeight&quot;:500,&quot;isShowScroll&quot;:&quot;OFF&quot;,&quot;isShowResponseText&quot;:&quot;ON&quot;,&quot;isShowPoweredBy&quot;:&quot;ON&quot;,&quot;btnLabel&quot;:&quot;Need Help? &lt;strong&gt;Chat with us&lt;\\\/strong&gt;&quot;,&quot;btnLabelWidth&quot;:156,&quot;btnPosition&quot;:&quot;right&quot;,&quot;btnLeftDistance&quot;:30,&quot;btnRightDistance&quot;:30,&quot;btnBottomDistance&quot;:30,&quot;isShowBtnLabel&quot;:&quot;ON&quot;,&quot;isShowGDPR&quot;:&quot;OFF&quot;,&quot;gdprContent&quot;:&quot;Please accept our &lt;a href=\\&quot;https:\\\/\\\/ninjateam.org\\\/privacy-policy\\\/\\&quot;&gt;privacy policy&lt;\\\/a&gt; first to start a conversation.&quot;,&quot;widgetType&quot;:&quot;expandable&quot;},&quot;analytics&quot;:{&quot;enabledGoogle&quot;:&quot;OFF&quot;,&quot;enabledFacebook&quot;:&quot;OFF&quot;,&quot;enabledGoogleGA4&quot;:&quot;OFF&quot;}},&quot;gdprStatus&quot;:false,&quot;defaultAvatar&quot;:&quot;https:\\\/\\\/nonamepublicidad.com\\\/wp-content\\\/plugins\\\/whatsapp-for-wordpress\\\/assets\\\/img\\\/whatsapp_logo.svg&quot;}\"><\/div>\n<div class=\"nta_wa_button\" data-id=\"13897\" data-info=\"{&quot;name&quot;:&quot;Mark Torres 2&quot;,&quot;info&quot;:{&quot;number&quot;:&quot;+51960744626&quot;,&quot;title&quot;:&quot;Mark Torres | Tienda&quot;,&quot;predefinedText&quot;:&quot;Hola Mark Torres. Me gustar\\u00eda m\\u00e1s informaci\\u00f3n de [njwa_page_title] Este es el link [njwa_page_url]&quot;,&quot;willBeBackText&quot;:&quot;I will be back in [njwa_time_work]&quot;,&quot;dayOffsText&quot;:&quot;I will be back soon&quot;,&quot;isAlwaysAvailable&quot;:&quot;ON&quot;,&quot;daysOfWeekWorking&quot;:{&quot;sunday&quot;:{&quot;isWorkingOnDay&quot;:&quot;OFF&quot;,&quot;workHours&quot;:[{&quot;startTime&quot;:&quot;08:00&quot;,&quot;endTime&quot;:&quot;17:30&quot;}]},&quot;monday&quot;:{&quot;isWorkingOnDay&quot;:&quot;OFF&quot;,&quot;workHours&quot;:[{&quot;startTime&quot;:&quot;08:00&quot;,&quot;endTime&quot;:&quot;17:30&quot;}]},&quot;tuesday&quot;:{&quot;isWorkingOnDay&quot;:&quot;OFF&quot;,&quot;workHours&quot;:[{&quot;startTime&quot;:&quot;08:00&quot;,&quot;endTime&quot;:&quot;17:30&quot;}]},&quot;wednesday&quot;:{&quot;isWorkingOnDay&quot;:&quot;OFF&quot;,&quot;workHours&quot;:[{&quot;startTime&quot;:&quot;08:00&quot;,&quot;endTime&quot;:&quot;17:30&quot;}]},&quot;thursday&quot;:{&quot;isWorkingOnDay&quot;:&quot;OFF&quot;,&quot;workHours&quot;:[{&quot;startTime&quot;:&quot;08:00&quot;,&quot;endTime&quot;:&quot;17:30&quot;}]},&quot;friday&quot;:{&quot;isWorkingOnDay&quot;:&quot;OFF&quot;,&quot;workHours&quot;:[{&quot;startTime&quot;:&quot;08:00&quot;,&quot;endTime&quot;:&quot;17:30&quot;}]},&quot;saturday&quot;:{&quot;isWorkingOnDay&quot;:&quot;OFF&quot;,&quot;workHours&quot;:[{&quot;startTime&quot;:&quot;08:00&quot;,&quot;endTime&quot;:&quot;17:30&quot;}]}}},&quot;styles&quot;:{&quot;type&quot;:&quot;round&quot;,&quot;backgroundColor&quot;:&quot;#2DB742&quot;,&quot;textColor&quot;:&quot;#fff&quot;,&quot;label&quot;:&quot;Necesitas ayuda? Hablemos&quot;,&quot;width&quot;:300,&quot;height&quot;:64},&quot;avatar&quot;:&quot;https:\\\/\\\/nonamepublicidad.com\\\/wp-content\\\/uploads\\\/2022\\\/08\\\/mark_torres_artista_grafico_01.webp&quot;,&quot;options&quot;:{&quot;display&quot;:{&quot;displayCondition&quot;:&quot;showAllPage&quot;,&quot;includePages&quot;:[],&quot;excludePages&quot;:[],&quot;includePosts&quot;:[],&quot;showOnDesktop&quot;:&quot;ON&quot;,&quot;showOnMobile&quot;:&quot;ON&quot;,&quot;time_symbols&quot;:&quot;h:m&quot;},&quot;styles&quot;:{&quot;title&quot;:&quot;Start a Conversation&quot;,&quot;responseText&quot;:&quot;The team typically replies in a few minutes.&quot;,&quot;description&quot;:&quot;Hi! Click one of our member below to chat on &lt;strong&gt;WhatsApp&lt;\\\/strong&gt;&quot;,&quot;backgroundColor&quot;:&quot;#2db742&quot;,&quot;textColor&quot;:&quot;#fff&quot;,&quot;scrollHeight&quot;:500,&quot;isShowScroll&quot;:&quot;OFF&quot;,&quot;isShowResponseText&quot;:&quot;ON&quot;,&quot;isShowPoweredBy&quot;:&quot;ON&quot;,&quot;btnLabel&quot;:&quot;Need Help? &lt;strong&gt;Chat with us&lt;\\\/strong&gt;&quot;,&quot;btnLabelWidth&quot;:156,&quot;btnPosition&quot;:&quot;right&quot;,&quot;btnLeftDistance&quot;:30,&quot;btnRightDistance&quot;:30,&quot;btnBottomDistance&quot;:30,&quot;isShowBtnLabel&quot;:&quot;ON&quot;,&quot;isShowGDPR&quot;:&quot;OFF&quot;,&quot;gdprContent&quot;:&quot;Please accept our &lt;a href=\\&quot;https:\\\/\\\/ninjateam.org\\\/privacy-policy\\\/\\&quot;&gt;privacy policy&lt;\\\/a&gt; first to start a conversation.&quot;,&quot;widgetType&quot;:&quot;expandable&quot;},&quot;analytics&quot;:{&quot;enabledGoogle&quot;:&quot;OFF&quot;,&quot;enabledFacebook&quot;:&quot;OFF&quot;,&quot;enabledGoogleGA4&quot;:&quot;OFF&quot;}},&quot;gdprStatus&quot;:false,&quot;defaultAvatar&quot;:&quot;https:\\\/\\\/nonamepublicidad.com\\\/wp-content\\\/plugins\\\/whatsapp-for-wordpress\\\/assets\\\/img\\\/whatsapp_logo.svg&quot;}\"><\/div>\n<div style=\"visibility: hidden;\">mark torres art, mark torres art gallery, ilustrador, prints, artista, dibujante, arte, pintura, cuadros, ilustrador digital, ilustraci\u00f3n a mano alzada, director de arte, artista grafico, creaci\u00f3n de personajes, caricatura, storyboard, flujograma, logotipos, slogan, fotografia, retoque fotografico<\/div>\n","protected":false},"featured_media":12175,"comment_status":"open","ping_status":"closed","template":"","meta":[],"product_brand":[],"product_cat":[241,243],"product_tag":[703,1780,3025,3027,3026,673,1782,3024,3029,3032,3023,1775,3022,3030,3020,3021,1784,1776,3033,3031,3028],"class_list":{"0":"post-12185","1":"product","2":"type-product","3":"status-publish","4":"has-post-thumbnail","6":"product_cat-arte-y-antiguedades","7":"product_cat-arte-libreria-y-merceria","8":"product_tag-arte","9":"product_tag-artista","10":"product_tag-artista-grafico","11":"product_tag-caricatura","12":"product_tag-creacion-de-personajes","13":"product_tag-cuadros","14":"product_tag-dibujante","15":"product_tag-director-de-arte","16":"product_tag-flujograma","17":"product_tag-fotografia","18":"product_tag-ilustracion-a-mano-alzada","19":"product_tag-ilustrador","20":"product_tag-ilustrador-digital","21":"product_tag-logotipos","22":"product_tag-mark-torres-art","23":"product_tag-mark-torres-art-gallery","24":"product_tag-pintura","25":"product_tag-prints","26":"product_tag-retoque-fotografico","27":"product_tag-slogan","28":"product_tag-storyboard","30":"first","31":"instock","32":"featured","33":"virtual","34":"taxable","35":"product-type-simple"},"_links":{"self":[{"href":"https:\/\/nonamepublicidad.com\/en\/wp-json\/wp\/v2\/product\/12185","targetHints":{"allow":["GET"]}}],"collection":[{"href":"https:\/\/nonamepublicidad.com\/en\/wp-json\/wp\/v2\/product"}],"about":[{"href":"https:\/\/nonamepublicidad.com\/en\/wp-json\/wp\/v2\/types\/product"}],"replies":[{"embeddable":true,"href":"https:\/\/nonamepublicidad.com\/en\/wp-json\/wp\/v2\/comments?post=12185"}],"version-history":[{"count":0,"href":"https:\/\/nonamepublicidad.com\/en\/wp-json\/wp\/v2\/product\/12185\/revisions"}],"wp:featuredmedia":[{"embeddable":true,"href":"https:\/\/nonamepublicidad.com\/en\/wp-json\/wp\/v2\/media\/12175"}],"wp:attachment":[{"href":"https:\/\/nonamepublicidad.com\/en\/wp-json\/wp\/v2\/media?parent=12185"}],"wp:term":[{"taxonomy":"product_brand","embeddable":true,"href":"https:\/\/nonamepublicidad.com\/en\/wp-json\/wp\/v2\/product_brand?post=12185"},{"taxonomy":"product_cat","embeddable":true,"href":"https:\/\/nonamepublicidad.com\/en\/wp-json\/wp\/v2\/product_cat?post=12185"},{"taxonomy":"product_tag","embeddable":true,"href":"https:\/\/nonamepublicidad.com\/en\/wp-json\/wp\/v2\/product_tag?post=12185"}],"curies":[{"name":"wp","href":"https:\/\/api.w.org\/{rel}","templated":true}]}}