{"id":12198,"date":"2022-08-14T14:59:10","date_gmt":"2022-08-14T19:59:10","guid":{"rendered":"http:\/\/nonamepublicidad.com\/?post_type=product&#038;p=12198"},"modified":"2024-12-02T08:50:08","modified_gmt":"2024-12-02T13:50:08","slug":"bikeyard-peru","status":"publish","type":"product","link":"https:\/\/nonamepublicidad.com\/en\/product\/bikeyard-peru\/","title":{"rendered":"Bikeyard Per\u00fa"},"content":{"rendered":"<p style=\"text-align: center;\"><iframe style=\"border: 0;\" src=\"https:\/\/www.google.com\/maps\/embed?pb=!1m18!1m12!1m3!1d3900.524936576201!2d-77.02430854936348!3d-12.14462264699362!2m3!1f0!2f0!3f0!3m2!1i1024!2i768!4f13.1!3m3!1m2!1s0x9105b7686330d237%3A0xc963005f44343866!2sBikeyard!5e0!3m2!1ses-419!2spe!4v1660503903967!5m2!1ses-419!2spe\" width=\"600\" height=\"450\" allowfullscreen=\"allowfullscreen\"><\/iframe><\/p>\n<p><img fetchpriority=\"high\" decoding=\"async\" class=\"aligncenter wp-image-12204\" src=\"http:\/\/nonamepublicidad.com\/wp-content\/uploads\/2022\/08\/bikeyard_peru_02-300x300.webp\" alt=\"Bikeyard Per\u00fa\" width=\"600\" height=\"600\" srcset=\"https:\/\/nonamepublicidad.com\/wp-content\/uploads\/2022\/08\/bikeyard_peru_02-400x400.webp 400w, https:\/\/nonamepublicidad.com\/wp-content\/uploads\/2022\/08\/bikeyard_peru_02.webp 500w\" sizes=\"(max-width: 600px) 100vw, 600px\" \/><\/p>\n<p>&nbsp;<\/p>\n<p><strong>CAFETER\u00cdA <\/strong><\/p>\n<p><u>DRINK COFEE RIDE BIKES<\/u><\/p>\n<p>Ya sea antes de la ruta o despu\u00e9s, somos el point ideal para compartir experiencias, rutas, buen caf\u00e9 y una carta pensada especialmente para ti, cletero.<\/p>\n<ul>\n<li>Desayunos<\/li>\n<li>Bowls<\/li>\n<li>Pan<\/li>\n<li>Almuerzos<\/li>\n<li>Extra<\/li>\n<li>Smoothies<\/li>\n<li>Jugos<\/li>\n<li>Caf\u00e9s<\/li>\n<li>Cocktails<\/li>\n<li>Cervezas<\/li>\n<li>Otros<\/li>\n<\/ul>\n<p>&nbsp;<\/p>\n<p><img decoding=\"async\" class=\"aligncenter wp-image-12195\" src=\"http:\/\/nonamepublicidad.com\/wp-content\/uploads\/2022\/08\/bikeyard_peru_05-300x300.webp\" alt=\"Bikeyard Per\u00fa\" width=\"600\" height=\"600\" srcset=\"https:\/\/nonamepublicidad.com\/wp-content\/uploads\/2022\/08\/bikeyard_peru_05-400x400.webp 400w, https:\/\/nonamepublicidad.com\/wp-content\/uploads\/2022\/08\/bikeyard_peru_05.webp 500w\" sizes=\"(max-width: 600px) 100vw, 600px\" \/><\/p>\n<p>&nbsp;<\/p>\n<p><strong>TALLER<\/strong><\/p>\n<p><u>MANTENIMIENTO BIKEYARD<\/u><\/p>\n<p>&#8211; Desarmado completo de la bicicleta, puntos de rodajes (no incluye rodajes).<\/p>\n<p>&#8211; Revisi\u00f3n de sistema de frenos (no incluye purga o sangrado).<\/p>\n<p>&#8211; Cambio de cables de cambios o de frenos en caso de bicicletas con sistema mec\u00e1nico.<\/p>\n<p>&#8211; Alineaci\u00f3n de llantas (siempre que los niples y radios est\u00e9n en buen estado).<\/p>\n<p>&#8211; Mantenimiento b\u00e1sico de suspensi\u00f3n y shock (no incluye almohadillas o retenes).<\/p>\n<p>&#8211; Lavado, lubricaci\u00f3n y calibraci\u00f3n.<\/p>\n<p>*Cualquier cambio de componentes o accesorios se notifica al cliente para su aprobaci\u00f3n e instalaci\u00f3n.<\/p>\n<p><u>MANTENIMIENTO COMPLETO &#8211; DOBLE SUSPENSI\u00d3N<\/u><\/p>\n<p>&#8211; Desarme y mantenimiento de los 4 puntos de rodamientos (Headset, Hub Front, hub rear, pedalier).<\/p>\n<p>&#8211; Revisi\u00f3n de sistema de freno hidr\u00e1ulico o mec\u00e1nico (no incluye purgado, sangrado o cables).<\/p>\n<p>&#8211; Alineaci\u00f3n de llantas (siempre y cuando los niples y radios est\u00e9n en buen estado).<\/p>\n<p>&#8211; Ajuste, torque, lavado, lubricaci\u00f3n y calibraci\u00f3n.<\/p>\n<p>*Cualquier cambio de componentes o accesorios se notifica al cliente para su aprobaci\u00f3n e instalaci\u00f3n.<\/p>\n<p><u>MANTENIMIENTO COMPLETO &#8211; R\u00cdGIDA<\/u><\/p>\n<p>&#8211; Desarme y mantenimiento de los 4 puntos de rodamientos (Headset, Hub Front, hub rear, pedalier).<\/p>\n<p>&#8211; Revisi\u00f3n de sistema de freno hidr\u00e1ulico o mec\u00e1nico (no incluye purgado, sangrado o cables).<\/p>\n<p>&#8211; Alineaci\u00f3n de llantas (siempre y cuando los niples y radios est\u00e9n en buen estado).<\/p>\n<p>&#8211; Ajuste, torque, lavado, lubricaci\u00f3n y calibraci\u00f3n.<\/p>\n<p>*Cualquier cambio de componentes o accesorios se notifica al cliente para su aprobaci\u00f3n e instalaci\u00f3n.<\/p>\n<p><u>MANTENIMIENTO B\u00c1SICO &#8211; DOBLE SUSPENSI\u00d3N<\/u><\/p>\n<p>Ajuste, torque, calibraci\u00f3n de frenos, calibraci\u00f3n de cambios, lavado, y lubricaci\u00f3n.<\/p>\n<p><u>MANTENIMIENTO B\u00c1SICO &#8211; R\u00cdGIDA<\/u><\/p>\n<p>Ajuste, torque, calibraci\u00f3n de frenos, calibraci\u00f3n de cambios, lavado, y lubricaci\u00f3n.<\/p>\n<p><u>SERVICIO DE FRENOS<\/u><\/p>\n<p>&#8211; Sangrado de frenos<\/p>\n<p>&#8211; Purgado de frenos<\/p>\n<p><u>TUBELIZADO<\/u><\/p>\n<p>&#8211; L\u00edquido Tubeless<\/p>\n<p>&#8211; Rellenado de l\u00edquido<\/p>\n<p><u>AROS<\/u><\/p>\n<p>&#8211; Centrado de aro<\/p>\n<p>&#8211; Tejido y centrado de aro<\/p>\n<p><u>SUSPENSI\u00d3N<\/u><\/p>\n<p>Servicios para suspensiones<\/p>\n<p><u>LAVADO Y LUBRICACI\u00d3N<\/u><\/p>\n<p>&nbsp;<\/p>\n<p><img decoding=\"async\" class=\"aligncenter wp-image-12196\" src=\"http:\/\/nonamepublicidad.com\/wp-content\/uploads\/2022\/08\/bikeyard_peru_06-300x300.webp\" alt=\"Bikeyard Per\u00fa\" width=\"600\" height=\"600\" srcset=\"https:\/\/nonamepublicidad.com\/wp-content\/uploads\/2022\/08\/bikeyard_peru_06-400x400.webp 400w, https:\/\/nonamepublicidad.com\/wp-content\/uploads\/2022\/08\/bikeyard_peru_06.webp 500w\" sizes=\"(max-width: 600px) 100vw, 600px\" \/><\/p>\n<p>&nbsp;<\/p>\n<p><strong>TIENDA<\/strong><\/p>\n<p><u>BICICLETAS<\/u><\/p>\n<p>&#8211; Urbano<\/p>\n<p>&#8211; Cross Country<\/p>\n<p>&#8211; Enduro<\/p>\n<p>&#8211; Downhill<\/p>\n<p>&#8211; Trail<\/p>\n<p><u>ACCESORIOS<\/u><\/p>\n<p>&#8211; Mochilas<\/p>\n<p>&#8211; Asientos Y Covers<\/p>\n<p>&#8211; Pedales<\/p>\n<p>&#8211; Seguridad<\/p>\n<p>&#8211; Grips<\/p>\n<p>&#8211; Timbres<\/p>\n<p>&#8211; Botellas Y Porta Botellas<\/p>\n<p>&#8211; Herramientas<\/p>\n<p>&#8211; Luces<\/p>\n<p>&#8211; Infladores<\/p>\n<p><u>ROPA<\/u><\/p>\n<p>&#8211; Bandanas Y Mascarillas<\/p>\n<p>&#8211; Medias<\/p>\n<p>&#8211; Licras<\/p>\n<p>&#8211; Pantalones<\/p>\n<p>&#8211; Shorts<\/p>\n<p>&#8211; Jerseys<\/p>\n<p>&#8211; Polos<\/p>\n<p>&#8211; Cortavientos<\/p>\n<p><u>EQUIPOS<\/u><\/p>\n<p>&#8211; Zapatillas<\/p>\n<p>&#8211; Body Armors<\/p>\n<p>&#8211; Guantes<\/p>\n<p>&#8211; Rodilleras<\/p>\n<p>&#8211; Cascos<\/p>\n<p>&#8211; Coderas<\/p>\n<p>&#8211; Goggles<\/p>\n<p><u>COMPONENTES<\/u><\/p>\n<p>&#8211; Cadenas<\/p>\n<p>&#8211; Timones<\/p>\n<p>&#8211; Suspensiones<\/p>\n<p>&#8211; Llantas, Tubes Y Tubeless<\/p>\n<p>&#8211; Sistema De Arrastre<\/p>\n<p>&#8211; Sistema De Frenos<\/p>\n<p>&#8211; Pedales<\/p>","protected":false},"excerpt":{"rendered":"<p>\u00bfQU\u00c9 HACEMOS?<\/p>\n<p>Un espacio pensado para el ciclista, en donde pueden encontrar no s\u00f3lo productos y servicios relacionados al deporte, sino tambi\u00e9n un espacio para compartir experiencias acompa\u00f1ados de un caf\u00e9.<\/p>\n<p>EN BIKEYARD ENCONTRAR\u00c1S UNA COMUNIDAD DISPUESTA A DAR LA MEJOR EXPERIENCIA 360 PARA LOS AMANTES DEL CICLISMO.<\/p>\n<p>Nuestra pasi\u00f3n por el ciclismo nos lleva a creer firmemente que es una herramienta que ayuda a mejorar la vida de las personas y el planeta.<\/p>\n<p>Ubicaci\u00f3n: <a href=\"https:\/\/goo.gl\/maps\/ZyNZ9u6qwo85GEKz6\" target=\"_blank\" rel=\"noopener\">Jir\u00f3n Mart\u00ednez de Pinillos 105, Barranco<\/a><\/p>\n<p>Correo: <a href=\"mailto:servicioalcliente@bikeyardperu.com\">servicioalcliente@bikeyardperu.com<\/a><\/p>\n<p>Facebook: <a href=\"https:\/\/www.facebook.com\/Bikeyard.peru\" target=\"_blank\" rel=\"noopener\">Bikeyard<\/a><\/p>\n<p>Instagram: <a href=\"https:\/\/www.instagram.com\/bikeyard.peru\/\" target=\"_blank\" rel=\"noopener\">bikeyard.peru<\/a><\/p>\n<p>Web: <a href=\"https:\/\/bikeyardperu.com\/\" target=\"_blank\" rel=\"noopener\">bikeyardperu.com<\/a><\/p>\n<p>Horario:<\/p>\n<p>Martes a Domingo 8:00 a. m. \u2013 10:00 p. m.<\/p>\n<p>Lunes Cerrado<\/p>\n<p>Imagen referencial<\/p>\n<p>Pedidos al: <a href=\"tel:+51968633036\">(+51) 968633036<\/a><\/p>\n<div class=\"nta_wa_button\" data-id=\"13893\" data-info=\"{&quot;name&quot;:&quot;Bikeyard Per\\u00fa&quot;,&quot;info&quot;:{&quot;number&quot;:&quot;+51968633036&quot;,&quot;title&quot;:&quot;Bikeyard Per\\u00fa | Tienda&quot;,&quot;predefinedText&quot;:&quot;Hola Bikeyard Per\\u00fa. Me gustar\\u00eda m\\u00e1s informaci\\u00f3n de [njwa_page_title] Este es el link [njwa_page_url]&quot;,&quot;willBeBackText&quot;:&quot;I will be back in [njwa_time_work]&quot;,&quot;dayOffsText&quot;:&quot;I will be back soon&quot;,&quot;isAlwaysAvailable&quot;:&quot;ON&quot;,&quot;daysOfWeekWorking&quot;:{&quot;sunday&quot;:{&quot;isWorkingOnDay&quot;:&quot;OFF&quot;,&quot;workHours&quot;:[{&quot;startTime&quot;:&quot;08:00&quot;,&quot;endTime&quot;:&quot;17:30&quot;}]},&quot;monday&quot;:{&quot;isWorkingOnDay&quot;:&quot;OFF&quot;,&quot;workHours&quot;:[{&quot;startTime&quot;:&quot;08:00&quot;,&quot;endTime&quot;:&quot;17:30&quot;}]},&quot;tuesday&quot;:{&quot;isWorkingOnDay&quot;:&quot;OFF&quot;,&quot;workHours&quot;:[{&quot;startTime&quot;:&quot;08:00&quot;,&quot;endTime&quot;:&quot;17:30&quot;}]},&quot;wednesday&quot;:{&quot;isWorkingOnDay&quot;:&quot;OFF&quot;,&quot;workHours&quot;:[{&quot;startTime&quot;:&quot;08:00&quot;,&quot;endTime&quot;:&quot;17:30&quot;}]},&quot;thursday&quot;:{&quot;isWorkingOnDay&quot;:&quot;OFF&quot;,&quot;workHours&quot;:[{&quot;startTime&quot;:&quot;08:00&quot;,&quot;endTime&quot;:&quot;17:30&quot;}]},&quot;friday&quot;:{&quot;isWorkingOnDay&quot;:&quot;OFF&quot;,&quot;workHours&quot;:[{&quot;startTime&quot;:&quot;08:00&quot;,&quot;endTime&quot;:&quot;17:30&quot;}]},&quot;saturday&quot;:{&quot;isWorkingOnDay&quot;:&quot;OFF&quot;,&quot;workHours&quot;:[{&quot;startTime&quot;:&quot;08:00&quot;,&quot;endTime&quot;:&quot;17:30&quot;}]}}},&quot;styles&quot;:{&quot;type&quot;:&quot;round&quot;,&quot;backgroundColor&quot;:&quot;#2DB742&quot;,&quot;textColor&quot;:&quot;#fff&quot;,&quot;label&quot;:&quot;Necesitas ayuda? Hablemos&quot;,&quot;width&quot;:300,&quot;height&quot;:64},&quot;avatar&quot;:&quot;https:\\\/\\\/nonamepublicidad.com\\\/wp-content\\\/uploads\\\/2022\\\/08\\\/logo_bikeyard_peru.webp&quot;,&quot;options&quot;:{&quot;display&quot;:{&quot;displayCondition&quot;:&quot;showAllPage&quot;,&quot;includePages&quot;:[],&quot;excludePages&quot;:[],&quot;includePosts&quot;:[],&quot;showOnDesktop&quot;:&quot;ON&quot;,&quot;showOnMobile&quot;:&quot;ON&quot;,&quot;time_symbols&quot;:&quot;h:m&quot;},&quot;styles&quot;:{&quot;title&quot;:&quot;Start a Conversation&quot;,&quot;responseText&quot;:&quot;The team typically replies in a few minutes.&quot;,&quot;description&quot;:&quot;Hi! Click one of our member below to chat on &lt;strong&gt;WhatsApp&lt;\\\/strong&gt;&quot;,&quot;backgroundColor&quot;:&quot;#2db742&quot;,&quot;textColor&quot;:&quot;#fff&quot;,&quot;scrollHeight&quot;:500,&quot;isShowScroll&quot;:&quot;OFF&quot;,&quot;isShowResponseText&quot;:&quot;ON&quot;,&quot;isShowPoweredBy&quot;:&quot;ON&quot;,&quot;btnLabel&quot;:&quot;Need Help? &lt;strong&gt;Chat with us&lt;\\\/strong&gt;&quot;,&quot;btnLabelWidth&quot;:156,&quot;btnPosition&quot;:&quot;right&quot;,&quot;btnLeftDistance&quot;:30,&quot;btnRightDistance&quot;:30,&quot;btnBottomDistance&quot;:30,&quot;isShowBtnLabel&quot;:&quot;ON&quot;,&quot;isShowGDPR&quot;:&quot;OFF&quot;,&quot;gdprContent&quot;:&quot;Please accept our &lt;a href=\\&quot;https:\\\/\\\/ninjateam.org\\\/privacy-policy\\\/\\&quot;&gt;privacy policy&lt;\\\/a&gt; first to start a conversation.&quot;,&quot;widgetType&quot;:&quot;expandable&quot;},&quot;analytics&quot;:{&quot;enabledGoogle&quot;:&quot;OFF&quot;,&quot;enabledFacebook&quot;:&quot;OFF&quot;,&quot;enabledGoogleGA4&quot;:&quot;OFF&quot;}},&quot;gdprStatus&quot;:false,&quot;defaultAvatar&quot;:&quot;https:\\\/\\\/nonamepublicidad.com\\\/wp-content\\\/plugins\\\/whatsapp-for-wordpress\\\/assets\\\/img\\\/whatsapp_logo.svg&quot;}\"><\/div>\n<div style=\"visibility: hidden;\">warique, huarique, alimentos, comestibles, caf\u00e9, cafeter\u00edas, postres, panes gourmet, gastronom\u00eda peruana, taller de bicicletas, tienda de bicicletas, cafeter\u00eda en barranco, para ciclistas, mantenimiento de bicicletas, en la ruta<\/div>\n","protected":false},"featured_media":12194,"comment_status":"open","ping_status":"closed","template":"","meta":[],"product_brand":[],"product_cat":[113,107,174,166],"product_tag":[953,529,1216,3037,2934,954,3039,2351,2355,1233,1217,3034,3038,1218,3035,3036,2353],"class_list":{"0":"post-12198","1":"product","2":"type-product","3":"status-publish","4":"has-post-thumbnail","6":"product_cat-alimentos-y-bebidas","7":"product_cat-otras-categorias","8":"product_cat-restaurantes","9":"product_cat-servicios","10":"product_tag-alimentos","11":"product_tag-cafe","12":"product_tag-cafeteria","13":"product_tag-cafeteria-en-barranco","14":"product_tag-cafeterias","15":"product_tag-comestibles","16":"product_tag-en-la-ruta","17":"product_tag-gastronomia-peruana","18":"product_tag-huarique","19":"product_tag-mantenimiento-de-bicicletas","20":"product_tag-panaderia","21":"product_tag-panes-gourmet","22":"product_tag-para-ciclistas","23":"product_tag-postres","24":"product_tag-taller-de-bicicletas","25":"product_tag-tienda-de-bicicletas","26":"product_tag-warique","28":"first","29":"instock","30":"virtual","31":"taxable","32":"product-type-simple"},"_links":{"self":[{"href":"https:\/\/nonamepublicidad.com\/en\/wp-json\/wp\/v2\/product\/12198","targetHints":{"allow":["GET"]}}],"collection":[{"href":"https:\/\/nonamepublicidad.com\/en\/wp-json\/wp\/v2\/product"}],"about":[{"href":"https:\/\/nonamepublicidad.com\/en\/wp-json\/wp\/v2\/types\/product"}],"replies":[{"embeddable":true,"href":"https:\/\/nonamepublicidad.com\/en\/wp-json\/wp\/v2\/comments?post=12198"}],"version-history":[{"count":0,"href":"https:\/\/nonamepublicidad.com\/en\/wp-json\/wp\/v2\/product\/12198\/revisions"}],"wp:featuredmedia":[{"embeddable":true,"href":"https:\/\/nonamepublicidad.com\/en\/wp-json\/wp\/v2\/media\/12194"}],"wp:attachment":[{"href":"https:\/\/nonamepublicidad.com\/en\/wp-json\/wp\/v2\/media?parent=12198"}],"wp:term":[{"taxonomy":"product_brand","embeddable":true,"href":"https:\/\/nonamepublicidad.com\/en\/wp-json\/wp\/v2\/product_brand?post=12198"},{"taxonomy":"product_cat","embeddable":true,"href":"https:\/\/nonamepublicidad.com\/en\/wp-json\/wp\/v2\/product_cat?post=12198"},{"taxonomy":"product_tag","embeddable":true,"href":"https:\/\/nonamepublicidad.com\/en\/wp-json\/wp\/v2\/product_tag?post=12198"}],"curies":[{"name":"wp","href":"https:\/\/api.w.org\/{rel}","templated":true}]}}