{"id":12271,"date":"2022-08-20T22:21:16","date_gmt":"2022-08-21T03:21:16","guid":{"rendered":"http:\/\/nonamepublicidad.com\/?post_type=product&#038;p=12271"},"modified":"2024-12-02T08:50:08","modified_gmt":"2024-12-02T13:50:08","slug":"jbl-eon-compact","status":"publish","type":"product","link":"https:\/\/nonamepublicidad.com\/en\/product\/jbl-eon-compact\/","title":{"rendered":"JBL Eon Compact"},"content":{"rendered":"<p style=\"text-align: center;\"><iframe title=\"YouTube video player\" src=\"https:\/\/www.youtube.com\/embed\/hL8HQkYG8KA\" width=\"560\" height=\"315\" frameborder=\"0\" allowfullscreen=\"allowfullscreen\"><\/iframe><\/p>\n<p>&nbsp;<\/p>\n<p><strong>PA port\u00e1til todo en uno alimentado por bater\u00eda con mezclador de grado profesional<\/strong><\/p>\n<p>Los d\u00edas de sacrificar la potencia y el rendimiento del sistema de sonido por la portabilidad han terminado. El JBL EON Compact incluye un altavoz profesional, un mezclador de 4 canales con todas las funciones y control Bluetooth en nuestro PA alimentado por bater\u00eda m\u00e1s compacto, con un peso de solo 17,6 libras. Suene lo mejor posible en segundos con Lexicon premium y efectos y ajustes preestablecidos inspirados en dbx que puede personalizar directamente en su tel\u00e9fono o tableta usando la aplicaci\u00f3n JBL EON Compact Control, sin necesidad de un ingeniero. Los presentadores, instructores de fitness y maestros de ceremonias apreciar\u00e1n la funci\u00f3n de atenuaci\u00f3n de EON Compact, que reduce el volumen de la m\u00fasica de fondo cuando se detecta la entrada de voz. El Bluetooth punto a punto le permite transmitir la reproducci\u00f3n de m\u00fasica. Y con la bater\u00eda de 12 horas intercambiable sin herramientas de EON Compact, mantendr\u00e1s la fiesta mucho despu\u00e9s de que se ponga el sol. Si eres un cantante\/compositor, DJ, presentador, instructor de fitness o simplemente quieres disfrutar de un sonido incre\u00edble mientras viajas, prep\u00e1rate para #PlayAnywhere con JBL EON Compact.<\/p>\n<p><strong>\u00a0<\/strong><\/p>\n<p><strong>Caracter\u00edsticas<\/strong><\/p>\n<p>Salida de 112 dB, el volumen m\u00e1s alto de su clase<\/p>\n<p>Woofer de 8 pulgadas con un rendimiento profundo de baja frecuencia de hasta 37,5 Hz<\/p>\n<p>La unidad ultraligera pesa solo 17,6 libras (8 kg)<\/p>\n<p>Configure r\u00e1pida y f\u00e1cilmente usando los ajustes preestablecidos de la aplicaci\u00f3n JBL EON Compact Control<\/p>\n<p>Suene lo mejor posible con efectos profesionales que incluyen EQ, reverb, chorus y delay<\/p>\n<p>Equilibre sus niveles de volumen con el mezclador de 4 canales incorporado<\/p>\n<p>Optimice su sonido con el ecualizador de salida de 8 bandas, personalizable a trav\u00e9s de preajustes<\/p>\n<p>Transmita m\u00fasica desde su tel\u00e9fono o tableta a trav\u00e9s de Bluetooth a hasta cuatro unidades EON Compact<\/p>\n<p>Opere dos unidades EON Compact en modo est\u00e9reo<\/p>\n<p>Dos preamplificadores de nivel profesional brindan un sonido m\u00e1s completo y rico desde cualquier micr\u00f3fono<\/p>\n<p>Conecte micr\u00f3fonos, instrumentos y dispositivos de reproducci\u00f3n con dos conectores combinados XLR\/TRS, una entrada de guitarra hi-Z de 1\/4 de pulgada y una entrada auxiliar de 3,5 mm (1\/8 de pulgada)<\/p>\n<p>La alimentaci\u00f3n fantasma admite micr\u00f3fonos de condensador<\/p>\n<p>La funci\u00f3n de atenuaci\u00f3n de un toque reduce autom\u00e1ticamente el volumen de la m\u00fasica cuando se detecta la entrada de voz, lo que garantiza que cada palabra se escuche con claridad<\/p>\n<p>La aplicaci\u00f3n JBL Compact Connect ofrece un control completo de su P.A. desde tu smartphone o tablet iOS o Android<\/p>\n<p>Dos puertos USB 3.0 permiten la carga de dispositivos externos a alta velocidad\u2022 La bater\u00eda intercambiable sin herramientas proporciona hasta 12 horas de tiempo de reproducci\u00f3n<\/p>\n<p>Carga r\u00e1pida de la bater\u00eda: solo 2,5 horas<\/p>\n<p>Dos orientaciones de rendimiento: monitor y vertical; las pantallas de afinaci\u00f3n y mezclador se ajustan autom\u00e1ticamente<\/p>\n<p>El conector para auriculares permite el monitoreo privado para sesiones de pr\u00e1ctica y la gesti\u00f3n de ajustes preestablecidos<\/p>\n<p>La salida de paso de 1\/4 de pulgada permite la expansi\u00f3n del sistema con unidades compactas EON adicionales<\/p>\n<p>Pr\u00e1ctico soporte de tableta inclinable integrado que se orienta hacia la parte delantera o trasera del sistema<\/p>\n<p>El montaje en poste incorporado ampl\u00eda las opciones de configuraci\u00f3n<\/p>\n<p>Opci\u00f3n de cargador de bater\u00eda externo disponible por separado<\/p>\n<p>El mango ergon\u00f3mico y la distribuci\u00f3n uniforme del peso facilitan el transporte del sistema<\/p>","protected":false},"excerpt":{"rendered":"<ul>\n<li>Bater\u00eda de hasta 12 horas de reproducci\u00f3n<\/li>\n<li>Carga r\u00e1pida de 2.5 horas<\/li>\n<li>Control Bluetooth y transmisi\u00f3n de audio<\/li>\n<li>Woofer de 8\u2033<\/li>\n<li>SPL m\u00e1x. de 112 dB<\/li>\n<li>Pesa solo 8 kg<\/li>\n<\/ul>\n<p>Contacto: Fabrizio Castillo<\/p>\n<p>Consultas al: <a href=\"tel:51965399486\">(+51) 965399486<\/a><\/p>\n<div class=\"nta_wa_button\" data-id=\"13295\" data-info=\"{&quot;name&quot;:&quot;Fabrizio Castillo I.&quot;,&quot;info&quot;:{&quot;number&quot;:&quot;+51965399486&quot;,&quot;title&quot;:&quot;DJ Expressions | Tienda Online&quot;,&quot;predefinedText&quot;:&quot;Hola Fabrizio. Me gustar\\u00eda m\\u00e1s informaci\\u00f3n de [njwa_page_title] Este es el link [njwa_page_url]&quot;,&quot;willBeBackText&quot;:&quot;I will be back in [njwa_time_work]&quot;,&quot;dayOffsText&quot;:&quot;I will be back soon&quot;,&quot;isAlwaysAvailable&quot;:&quot;ON&quot;,&quot;daysOfWeekWorking&quot;:{&quot;sunday&quot;:{&quot;isWorkingOnDay&quot;:&quot;OFF&quot;,&quot;workHours&quot;:[{&quot;startTime&quot;:&quot;08:00&quot;,&quot;endTime&quot;:&quot;17:30&quot;}]},&quot;monday&quot;:{&quot;isWorkingOnDay&quot;:&quot;OFF&quot;,&quot;workHours&quot;:[{&quot;startTime&quot;:&quot;08:00&quot;,&quot;endTime&quot;:&quot;17:30&quot;}]},&quot;tuesday&quot;:{&quot;isWorkingOnDay&quot;:&quot;OFF&quot;,&quot;workHours&quot;:[{&quot;startTime&quot;:&quot;08:00&quot;,&quot;endTime&quot;:&quot;17:30&quot;}]},&quot;wednesday&quot;:{&quot;isWorkingOnDay&quot;:&quot;OFF&quot;,&quot;workHours&quot;:[{&quot;startTime&quot;:&quot;08:00&quot;,&quot;endTime&quot;:&quot;17:30&quot;}]},&quot;thursday&quot;:{&quot;isWorkingOnDay&quot;:&quot;OFF&quot;,&quot;workHours&quot;:[{&quot;startTime&quot;:&quot;08:00&quot;,&quot;endTime&quot;:&quot;17:30&quot;}]},&quot;friday&quot;:{&quot;isWorkingOnDay&quot;:&quot;OFF&quot;,&quot;workHours&quot;:[{&quot;startTime&quot;:&quot;08:00&quot;,&quot;endTime&quot;:&quot;17:30&quot;}]},&quot;saturday&quot;:{&quot;isWorkingOnDay&quot;:&quot;OFF&quot;,&quot;workHours&quot;:[{&quot;startTime&quot;:&quot;08:00&quot;,&quot;endTime&quot;:&quot;17:30&quot;}]}}},&quot;styles&quot;:{&quot;type&quot;:&quot;round&quot;,&quot;backgroundColor&quot;:&quot;#2DB742&quot;,&quot;textColor&quot;:&quot;#fff&quot;,&quot;label&quot;:&quot;Escr\\u00edbeme.&quot;,&quot;width&quot;:300,&quot;height&quot;:64},&quot;avatar&quot;:&quot;https:\\\/\\\/nonamepublicidad.com\\\/wp-content\\\/uploads\\\/2023\\\/02\\\/fabrizio_castillo.webp&quot;,&quot;options&quot;:{&quot;display&quot;:{&quot;displayCondition&quot;:&quot;showAllPage&quot;,&quot;includePages&quot;:[],&quot;excludePages&quot;:[],&quot;includePosts&quot;:[],&quot;showOnDesktop&quot;:&quot;ON&quot;,&quot;showOnMobile&quot;:&quot;ON&quot;,&quot;time_symbols&quot;:&quot;h:m&quot;},&quot;styles&quot;:{&quot;title&quot;:&quot;Start a Conversation&quot;,&quot;responseText&quot;:&quot;The team typically replies in a few minutes.&quot;,&quot;description&quot;:&quot;Hi! Click one of our member below to chat on &lt;strong&gt;WhatsApp&lt;\\\/strong&gt;&quot;,&quot;backgroundColor&quot;:&quot;#2db742&quot;,&quot;textColor&quot;:&quot;#fff&quot;,&quot;scrollHeight&quot;:500,&quot;isShowScroll&quot;:&quot;OFF&quot;,&quot;isShowResponseText&quot;:&quot;ON&quot;,&quot;isShowPoweredBy&quot;:&quot;ON&quot;,&quot;btnLabel&quot;:&quot;Need Help? &lt;strong&gt;Chat with us&lt;\\\/strong&gt;&quot;,&quot;btnLabelWidth&quot;:156,&quot;btnPosition&quot;:&quot;right&quot;,&quot;btnLeftDistance&quot;:30,&quot;btnRightDistance&quot;:30,&quot;btnBottomDistance&quot;:30,&quot;isShowBtnLabel&quot;:&quot;ON&quot;,&quot;isShowGDPR&quot;:&quot;OFF&quot;,&quot;gdprContent&quot;:&quot;Please accept our &lt;a href=\\&quot;https:\\\/\\\/ninjateam.org\\\/privacy-policy\\\/\\&quot;&gt;privacy policy&lt;\\\/a&gt; first to start a conversation.&quot;,&quot;widgetType&quot;:&quot;expandable&quot;},&quot;analytics&quot;:{&quot;enabledGoogle&quot;:&quot;OFF&quot;,&quot;enabledFacebook&quot;:&quot;OFF&quot;,&quot;enabledGoogleGA4&quot;:&quot;OFF&quot;}},&quot;gdprStatus&quot;:false,&quot;defaultAvatar&quot;:&quot;https:\\\/\\\/nonamepublicidad.com\\\/wp-content\\\/plugins\\\/whatsapp-for-wordpress\\\/assets\\\/img\\\/whatsapp_logo.svg&quot;}\"><\/div>\n<div style=\"visibility: hidden;\">jbl, parlantes, sonido profesional<\/div>\n","protected":false},"featured_media":12267,"comment_status":"open","ping_status":"closed","template":"","meta":[],"product_brand":[],"product_cat":[466,474],"product_tag":[3078,3066,3079],"class_list":{"0":"post-12271","1":"product","2":"type-product","3":"status-publish","4":"has-post-thumbnail","6":"product_cat-instrumentos-musicales","7":"product_cat-parlantes-y-bafles","8":"product_tag-jbl","9":"product_tag-parlantes","10":"product_tag-sonido-profesional","12":"first","13":"instock","14":"virtual","15":"taxable","16":"product-type-simple"},"_links":{"self":[{"href":"https:\/\/nonamepublicidad.com\/en\/wp-json\/wp\/v2\/product\/12271","targetHints":{"allow":["GET"]}}],"collection":[{"href":"https:\/\/nonamepublicidad.com\/en\/wp-json\/wp\/v2\/product"}],"about":[{"href":"https:\/\/nonamepublicidad.com\/en\/wp-json\/wp\/v2\/types\/product"}],"replies":[{"embeddable":true,"href":"https:\/\/nonamepublicidad.com\/en\/wp-json\/wp\/v2\/comments?post=12271"}],"version-history":[{"count":0,"href":"https:\/\/nonamepublicidad.com\/en\/wp-json\/wp\/v2\/product\/12271\/revisions"}],"wp:featuredmedia":[{"embeddable":true,"href":"https:\/\/nonamepublicidad.com\/en\/wp-json\/wp\/v2\/media\/12267"}],"wp:attachment":[{"href":"https:\/\/nonamepublicidad.com\/en\/wp-json\/wp\/v2\/media?parent=12271"}],"wp:term":[{"taxonomy":"product_brand","embeddable":true,"href":"https:\/\/nonamepublicidad.com\/en\/wp-json\/wp\/v2\/product_brand?post=12271"},{"taxonomy":"product_cat","embeddable":true,"href":"https:\/\/nonamepublicidad.com\/en\/wp-json\/wp\/v2\/product_cat?post=12271"},{"taxonomy":"product_tag","embeddable":true,"href":"https:\/\/nonamepublicidad.com\/en\/wp-json\/wp\/v2\/product_tag?post=12271"}],"curies":[{"name":"wp","href":"https:\/\/api.w.org\/{rel}","templated":true}]}}