{"id":12279,"date":"2022-08-21T11:44:24","date_gmt":"2022-08-21T16:44:24","guid":{"rendered":"http:\/\/nonamepublicidad.com\/?post_type=product&#038;p=12279"},"modified":"2024-12-02T08:50:08","modified_gmt":"2024-12-02T13:50:08","slug":"jbl-eon-one-mk2","status":"publish","type":"product","link":"https:\/\/nonamepublicidad.com\/en\/product\/jbl-eon-one-mk2\/","title":{"rendered":"JBL Eon One Mk2"},"content":{"rendered":"<p style=\"text-align: center;\"><iframe title=\"YouTube video player\" src=\"https:\/\/www.youtube.com\/embed\/2cusVkFkPmI\" width=\"560\" height=\"315\" frameborder=\"0\" allowfullscreen=\"allowfullscreen\"><\/iframe><\/p>\n<p>&nbsp;<\/p>\n<p><strong>PA de columna recargable todo en uno con mezclador incorporado y DSP<\/strong><\/p>\n<p>Los m\u00fasicos int\u00e9rpretes, los cantautores y los profesionales del audio que buscan un sistema de megafon\u00eda compacto y todo en uno quedar\u00e1n impresionados con el JBL EON ONE MK2, un sistema de megafon\u00eda aut\u00f3nomo que ofrece audio de calidad profesional para actuaciones en directo, reuniones, conferencias y mucho m\u00e1s. La unidad base alberga un amplificador de 1500W, un subwoofer de 10\u2033 sin obst\u00e1culos y el mezclador de 5 canales. El elemento de alta frecuencia cuenta con una matriz en forma de C de ocho tweeters de 2\u2033 para ofrecer una claridad superior y una dispersi\u00f3n de 170\u00b0H x 30\u00b0V para un sonido que llena la sala, creando una notable cobertura de adelante hacia atr\u00e1s.<\/p>\n<p>&nbsp;<\/p>\n<p><strong>Caracter\u00edsticas principales<\/strong><\/p>\n<p>La matriz en forma de C de 8 tweeters de 2\u2033 ofrece una claridad superior y una dispersi\u00f3n de 170\u00b0H x 30\u00b0V para un sonido que llena la habitaci\u00f3n<\/p>\n<p>El woofer de 10\u2033 en una carcasa ac\u00fasticamente optimizada genera unos graves naturales y suaves<\/p>\n<p>El rendimiento de potencia variable optimiza autom\u00e1ticamente el rendimiento de potencia para proporcionar una salida 4 dB mayor cuando se conecta a una fuente de CA: 123 dB de pico<\/p>\n<p>SPL utilizando la alimentaci\u00f3n de CA, 119 dB de pico utilizando la alimentaci\u00f3n de la bater\u00eda<\/p>\n<p>Amplificador incorporado de 1500W (pico)<\/p>\n<p>Respuesta en frecuencia: 45 Hz a 20 kHz (a -3 dB)<\/p>\n<p>La bater\u00eda f\u00e1cilmente intercambiable proporciona 6 horas de tiempo de reproducci\u00f3n; la bater\u00eda est\u00e1 integrada en un espaciador de columna para mejorar la estabilidad<\/p>\n<p>El mezclador digital de 5 canales incorporado est\u00e1 dise\u00f1ado por ingenieros de mezcla para optimizar el flujo de trabajo<\/p>\n<p>Tres mandos de ecualizaci\u00f3n fijos permiten un acceso r\u00e1pido y pr\u00e1ctico a la ecualizaci\u00f3n integrada<\/p>\n<p>Completo conjunto de DSP Lexicon de grado profesional, incluyendo reverberaci\u00f3n, coro y retardo<\/p>\n<p>La tecnolog\u00eda dbx DriveRack Inside ofrece AFS (supresi\u00f3n autom\u00e1tica de la retroalimentaci\u00f3n), EQ param\u00e9trica de 8 bandas y c\u00f3modos pre-ajustes<\/p>\n<p>El DSP de tres niveles permite a los usuarios elegir un control principiante, intermedio o avanzado<\/p>\n<p>Las entradas incluyen 3 tomas XLR Combo de Neutrik, 1 Hi-Z y una entrada sumada de 3,5 mm\/BT<\/p>\n<p>Dos canales de alimentaci\u00f3n fantasma de 48 V reales ampl\u00edan la conectividad de los micr\u00f3fonos<\/p>\n<p>Dos puertos USB permiten la carga de dispositivos desde la bater\u00eda integrada o la alimentaci\u00f3n de CA<\/p>\n<p>Transmisi\u00f3n de audio por Bluetooth 5.0 a un dispositivo, con control de hasta 10 unidades<\/p>\n<p>La aplicaci\u00f3n universal JBL Pro Connect ofrece el control de todas las funciones de hasta diez sistemas<\/p>\n<p>Carcasa de polipropileno resistente y ligera con rejilla de acero<\/p>\n<p>Los accesorios opcionales incluyen un cargador de doble bater\u00eda y bater\u00edas adicionales (se venden por separado)<\/p>","protected":false},"excerpt":{"rendered":"<ul>\n<li>Bater\u00eda intercambiable: 6 horas de duraci\u00f3n<\/li>\n<li>1500W de potencia<\/li>\n<li>123 dB SPL m\u00e1ximo<\/li>\n<li>Woofer de 10\u2033 de baja frecuencia<\/li>\n<li>8 x 2\u2033 altavoces de frecuencia<\/li>\n<li>Mezclador de cinco canales con audio Bluetooth<\/li>\n<li>3 canales de entradas de micr\u00f3fono\/l\u00ednea<\/li>\n<li>Entrada de 3,5 mm \/ Bluetooth<\/li>\n<li>1 Entrada Hi-Z 1\/4\u2033 + 1\/4\u2033 Passthrough<\/li>\n<\/ul>\n<p>Contacto: Fabrizio Castillo<\/p>\n<p>Consultas al: <a href=\"tel:51965399486\">(+51) 965399486<\/a><\/p>\n<div class=\"nta_wa_button\" data-id=\"13295\" data-info=\"{&quot;name&quot;:&quot;Fabrizio Castillo I.&quot;,&quot;info&quot;:{&quot;number&quot;:&quot;+51965399486&quot;,&quot;title&quot;:&quot;DJ Expressions | Tienda Online&quot;,&quot;predefinedText&quot;:&quot;Hola Fabrizio. Me gustar\\u00eda m\\u00e1s informaci\\u00f3n de [njwa_page_title] Este es el link [njwa_page_url]&quot;,&quot;willBeBackText&quot;:&quot;I will be back in [njwa_time_work]&quot;,&quot;dayOffsText&quot;:&quot;I will be back soon&quot;,&quot;isAlwaysAvailable&quot;:&quot;ON&quot;,&quot;daysOfWeekWorking&quot;:{&quot;sunday&quot;:{&quot;isWorkingOnDay&quot;:&quot;OFF&quot;,&quot;workHours&quot;:[{&quot;startTime&quot;:&quot;08:00&quot;,&quot;endTime&quot;:&quot;17:30&quot;}]},&quot;monday&quot;:{&quot;isWorkingOnDay&quot;:&quot;OFF&quot;,&quot;workHours&quot;:[{&quot;startTime&quot;:&quot;08:00&quot;,&quot;endTime&quot;:&quot;17:30&quot;}]},&quot;tuesday&quot;:{&quot;isWorkingOnDay&quot;:&quot;OFF&quot;,&quot;workHours&quot;:[{&quot;startTime&quot;:&quot;08:00&quot;,&quot;endTime&quot;:&quot;17:30&quot;}]},&quot;wednesday&quot;:{&quot;isWorkingOnDay&quot;:&quot;OFF&quot;,&quot;workHours&quot;:[{&quot;startTime&quot;:&quot;08:00&quot;,&quot;endTime&quot;:&quot;17:30&quot;}]},&quot;thursday&quot;:{&quot;isWorkingOnDay&quot;:&quot;OFF&quot;,&quot;workHours&quot;:[{&quot;startTime&quot;:&quot;08:00&quot;,&quot;endTime&quot;:&quot;17:30&quot;}]},&quot;friday&quot;:{&quot;isWorkingOnDay&quot;:&quot;OFF&quot;,&quot;workHours&quot;:[{&quot;startTime&quot;:&quot;08:00&quot;,&quot;endTime&quot;:&quot;17:30&quot;}]},&quot;saturday&quot;:{&quot;isWorkingOnDay&quot;:&quot;OFF&quot;,&quot;workHours&quot;:[{&quot;startTime&quot;:&quot;08:00&quot;,&quot;endTime&quot;:&quot;17:30&quot;}]}}},&quot;styles&quot;:{&quot;type&quot;:&quot;round&quot;,&quot;backgroundColor&quot;:&quot;#2DB742&quot;,&quot;textColor&quot;:&quot;#fff&quot;,&quot;label&quot;:&quot;Escr\\u00edbeme.&quot;,&quot;width&quot;:300,&quot;height&quot;:64},&quot;avatar&quot;:&quot;https:\\\/\\\/nonamepublicidad.com\\\/wp-content\\\/uploads\\\/2023\\\/02\\\/fabrizio_castillo.webp&quot;,&quot;options&quot;:{&quot;display&quot;:{&quot;displayCondition&quot;:&quot;showAllPage&quot;,&quot;includePages&quot;:[],&quot;excludePages&quot;:[],&quot;includePosts&quot;:[],&quot;showOnDesktop&quot;:&quot;ON&quot;,&quot;showOnMobile&quot;:&quot;ON&quot;,&quot;time_symbols&quot;:&quot;h:m&quot;},&quot;styles&quot;:{&quot;title&quot;:&quot;Start a Conversation&quot;,&quot;responseText&quot;:&quot;The team typically replies in a few minutes.&quot;,&quot;description&quot;:&quot;Hi! Click one of our member below to chat on &lt;strong&gt;WhatsApp&lt;\\\/strong&gt;&quot;,&quot;backgroundColor&quot;:&quot;#2db742&quot;,&quot;textColor&quot;:&quot;#fff&quot;,&quot;scrollHeight&quot;:500,&quot;isShowScroll&quot;:&quot;OFF&quot;,&quot;isShowResponseText&quot;:&quot;ON&quot;,&quot;isShowPoweredBy&quot;:&quot;ON&quot;,&quot;btnLabel&quot;:&quot;Need Help? &lt;strong&gt;Chat with us&lt;\\\/strong&gt;&quot;,&quot;btnLabelWidth&quot;:156,&quot;btnPosition&quot;:&quot;right&quot;,&quot;btnLeftDistance&quot;:30,&quot;btnRightDistance&quot;:30,&quot;btnBottomDistance&quot;:30,&quot;isShowBtnLabel&quot;:&quot;ON&quot;,&quot;isShowGDPR&quot;:&quot;OFF&quot;,&quot;gdprContent&quot;:&quot;Please accept our &lt;a href=\\&quot;https:\\\/\\\/ninjateam.org\\\/privacy-policy\\\/\\&quot;&gt;privacy policy&lt;\\\/a&gt; first to start a conversation.&quot;,&quot;widgetType&quot;:&quot;expandable&quot;},&quot;analytics&quot;:{&quot;enabledGoogle&quot;:&quot;OFF&quot;,&quot;enabledFacebook&quot;:&quot;OFF&quot;,&quot;enabledGoogleGA4&quot;:&quot;OFF&quot;}},&quot;gdprStatus&quot;:false,&quot;defaultAvatar&quot;:&quot;https:\\\/\\\/nonamepublicidad.com\\\/wp-content\\\/plugins\\\/whatsapp-for-wordpress\\\/assets\\\/img\\\/whatsapp_logo.svg&quot;}\"><\/div>\n<div style=\"visibility: hidden;\">jbl, parlantes, sonido profesional, sistema de columna<\/div>\n","protected":false},"featured_media":12275,"comment_status":"open","ping_status":"closed","template":"","meta":[],"product_brand":[],"product_cat":[466,474],"product_tag":[3078,3066,3087,3079],"class_list":{"0":"post-12279","1":"product","2":"type-product","3":"status-publish","4":"has-post-thumbnail","6":"product_cat-instrumentos-musicales","7":"product_cat-parlantes-y-bafles","8":"product_tag-jbl","9":"product_tag-parlantes","10":"product_tag-sistema-de-columna","11":"product_tag-sonido-profesional","13":"first","14":"instock","15":"virtual","16":"taxable","17":"product-type-simple"},"_links":{"self":[{"href":"https:\/\/nonamepublicidad.com\/en\/wp-json\/wp\/v2\/product\/12279","targetHints":{"allow":["GET"]}}],"collection":[{"href":"https:\/\/nonamepublicidad.com\/en\/wp-json\/wp\/v2\/product"}],"about":[{"href":"https:\/\/nonamepublicidad.com\/en\/wp-json\/wp\/v2\/types\/product"}],"replies":[{"embeddable":true,"href":"https:\/\/nonamepublicidad.com\/en\/wp-json\/wp\/v2\/comments?post=12279"}],"version-history":[{"count":0,"href":"https:\/\/nonamepublicidad.com\/en\/wp-json\/wp\/v2\/product\/12279\/revisions"}],"wp:featuredmedia":[{"embeddable":true,"href":"https:\/\/nonamepublicidad.com\/en\/wp-json\/wp\/v2\/media\/12275"}],"wp:attachment":[{"href":"https:\/\/nonamepublicidad.com\/en\/wp-json\/wp\/v2\/media?parent=12279"}],"wp:term":[{"taxonomy":"product_brand","embeddable":true,"href":"https:\/\/nonamepublicidad.com\/en\/wp-json\/wp\/v2\/product_brand?post=12279"},{"taxonomy":"product_cat","embeddable":true,"href":"https:\/\/nonamepublicidad.com\/en\/wp-json\/wp\/v2\/product_cat?post=12279"},{"taxonomy":"product_tag","embeddable":true,"href":"https:\/\/nonamepublicidad.com\/en\/wp-json\/wp\/v2\/product_tag?post=12279"}],"curies":[{"name":"wp","href":"https:\/\/api.w.org\/{rel}","templated":true}]}}