{"id":12298,"date":"2022-08-21T18:28:18","date_gmt":"2022-08-21T23:28:18","guid":{"rendered":"http:\/\/nonamepublicidad.com\/?post_type=product&#038;p=12298"},"modified":"2024-12-02T08:50:09","modified_gmt":"2024-12-02T13:50:09","slug":"jbl-prx812","status":"publish","type":"product","link":"https:\/\/nonamepublicidad.com\/en\/product\/jbl-prx812\/","title":{"rendered":"JBL Prx812"},"content":{"rendered":"<p style=\"text-align: center;\"><iframe title=\"YouTube video player\" src=\"https:\/\/www.youtube.com\/embed\/rRdM8bf7izE\" width=\"560\" height=\"315\" frameborder=\"0\" allowfullscreen=\"allowfullscreen\"><\/iframe><\/p>\n<p>&nbsp;<\/p>\n<p>Los profesionales del audio que buscan un sistema de megafon\u00eda compacto y vers\u00e1til y un monitor de piso quedar\u00e1n impresionados con el JBL PRX812W, un altavoz activo de 2 v\u00edas dise\u00f1ado para aplicaciones principales de megafon\u00eda y monitorizaci\u00f3n con un amplio control de Wi-Fi sobre el DSP integrado. Muy adecuado para salones de eventos, bandas, sistemas de DJ, clubes, bares, escuelas e iglesias, el altavoz est\u00e1 optimizado para aplicaciones de refuerzo de sonido de rango completo o monitores de piso. Con su montaje en poste de doble toma, el PRX812W est\u00e1 dise\u00f1ado para combinar con el subwoofer PRX818XLF (se vende por separado), ofreciendo un sistema sub \/ sat\u00e9lite auto amplificado de alto rendimiento.<\/p>\n<p>El altavoz utiliza dos amplificadores de clase D de 750 W que proporcionan un total de 1500 W al woofer de 12 \u00aby al controlador de compresi\u00f3n de 1,5\u00bb, que se combinan para ofrecer un rango de frecuencia de 55,7 Hz a 20 kHz a una salida SPL m\u00e1xima de 135 dB, suficiente salida para cubrir. audiencias de hasta 300.<\/p>\n<p>El Wi-Fi incorporado ofrece control inal\u00e1mbrico del sistema desde cualquier lugar del lugar mediante la aplicaci\u00f3n gratuita PRX Connect para dispositivos iOS y Android. La aplicaci\u00f3n controla los niveles, el ecualizador param\u00e9trico, los ajustes preestablecidos del usuario y hasta 50 ms de retardo definido por el usuario para ajustar su configuraci\u00f3n. La carcasa de madera contrachapada duradera de 18 mm est\u00e1 recubierta con un acabado de obsidiana DuraFlex y una rejilla de acero con recubrimiento en polvo con respaldo ac\u00fastico de tela negra transparente.<\/p>","protected":false},"excerpt":{"rendered":"<ul>\n<li>Woofer de 12\u2033 y drivers de 1,5\u2033<\/li>\n<li>Respuesta de frecuencia 55,7 Hz a 20 kHz<\/li>\n<li>Salida SPL m\u00e1xima de 135 dB<\/li>\n<li>Amplificador de clase D de 1500 W (2 x 750 W)<\/li>\n<li>Patr\u00f3n de cobertura: 90 x 50 \u00b0<\/li>\n<li>Amplio control DSP sobre los par\u00e1metros<\/li>\n<li>Control Wi-Fi de par\u00e1metros DSP<\/li>\n<\/ul>\n<p>Contacto: Fabrizio Castillo<\/p>\n<p>Consultas al: <a href=\"tel:51965399486\">(+51) 965399486<\/a><\/p>\n<div class=\"nta_wa_button\" data-id=\"13295\" data-info=\"{&quot;name&quot;:&quot;Fabrizio Castillo I.&quot;,&quot;info&quot;:{&quot;number&quot;:&quot;+51965399486&quot;,&quot;title&quot;:&quot;DJ Expressions | Tienda Online&quot;,&quot;predefinedText&quot;:&quot;Hola Fabrizio. Me gustar\\u00eda m\\u00e1s informaci\\u00f3n de [njwa_page_title] Este es el link [njwa_page_url]&quot;,&quot;willBeBackText&quot;:&quot;I will be back in [njwa_time_work]&quot;,&quot;dayOffsText&quot;:&quot;I will be back soon&quot;,&quot;isAlwaysAvailable&quot;:&quot;ON&quot;,&quot;daysOfWeekWorking&quot;:{&quot;sunday&quot;:{&quot;isWorkingOnDay&quot;:&quot;OFF&quot;,&quot;workHours&quot;:[{&quot;startTime&quot;:&quot;08:00&quot;,&quot;endTime&quot;:&quot;17:30&quot;}]},&quot;monday&quot;:{&quot;isWorkingOnDay&quot;:&quot;OFF&quot;,&quot;workHours&quot;:[{&quot;startTime&quot;:&quot;08:00&quot;,&quot;endTime&quot;:&quot;17:30&quot;}]},&quot;tuesday&quot;:{&quot;isWorkingOnDay&quot;:&quot;OFF&quot;,&quot;workHours&quot;:[{&quot;startTime&quot;:&quot;08:00&quot;,&quot;endTime&quot;:&quot;17:30&quot;}]},&quot;wednesday&quot;:{&quot;isWorkingOnDay&quot;:&quot;OFF&quot;,&quot;workHours&quot;:[{&quot;startTime&quot;:&quot;08:00&quot;,&quot;endTime&quot;:&quot;17:30&quot;}]},&quot;thursday&quot;:{&quot;isWorkingOnDay&quot;:&quot;OFF&quot;,&quot;workHours&quot;:[{&quot;startTime&quot;:&quot;08:00&quot;,&quot;endTime&quot;:&quot;17:30&quot;}]},&quot;friday&quot;:{&quot;isWorkingOnDay&quot;:&quot;OFF&quot;,&quot;workHours&quot;:[{&quot;startTime&quot;:&quot;08:00&quot;,&quot;endTime&quot;:&quot;17:30&quot;}]},&quot;saturday&quot;:{&quot;isWorkingOnDay&quot;:&quot;OFF&quot;,&quot;workHours&quot;:[{&quot;startTime&quot;:&quot;08:00&quot;,&quot;endTime&quot;:&quot;17:30&quot;}]}}},&quot;styles&quot;:{&quot;type&quot;:&quot;round&quot;,&quot;backgroundColor&quot;:&quot;#2DB742&quot;,&quot;textColor&quot;:&quot;#fff&quot;,&quot;label&quot;:&quot;Escr\\u00edbeme.&quot;,&quot;width&quot;:300,&quot;height&quot;:64},&quot;avatar&quot;:&quot;https:\\\/\\\/nonamepublicidad.com\\\/wp-content\\\/uploads\\\/2023\\\/02\\\/fabrizio_castillo.webp&quot;,&quot;options&quot;:{&quot;display&quot;:{&quot;displayCondition&quot;:&quot;showAllPage&quot;,&quot;includePages&quot;:[],&quot;excludePages&quot;:[],&quot;includePosts&quot;:[],&quot;showOnDesktop&quot;:&quot;ON&quot;,&quot;showOnMobile&quot;:&quot;ON&quot;,&quot;time_symbols&quot;:&quot;h:m&quot;},&quot;styles&quot;:{&quot;title&quot;:&quot;Start a Conversation&quot;,&quot;responseText&quot;:&quot;The team typically replies in a few minutes.&quot;,&quot;description&quot;:&quot;Hi! Click one of our member below to chat on &lt;strong&gt;WhatsApp&lt;\\\/strong&gt;&quot;,&quot;backgroundColor&quot;:&quot;#2db742&quot;,&quot;textColor&quot;:&quot;#fff&quot;,&quot;scrollHeight&quot;:500,&quot;isShowScroll&quot;:&quot;OFF&quot;,&quot;isShowResponseText&quot;:&quot;ON&quot;,&quot;isShowPoweredBy&quot;:&quot;ON&quot;,&quot;btnLabel&quot;:&quot;Need Help? &lt;strong&gt;Chat with us&lt;\\\/strong&gt;&quot;,&quot;btnLabelWidth&quot;:156,&quot;btnPosition&quot;:&quot;right&quot;,&quot;btnLeftDistance&quot;:30,&quot;btnRightDistance&quot;:30,&quot;btnBottomDistance&quot;:30,&quot;isShowBtnLabel&quot;:&quot;ON&quot;,&quot;isShowGDPR&quot;:&quot;OFF&quot;,&quot;gdprContent&quot;:&quot;Please accept our &lt;a href=\\&quot;https:\\\/\\\/ninjateam.org\\\/privacy-policy\\\/\\&quot;&gt;privacy policy&lt;\\\/a&gt; first to start a conversation.&quot;,&quot;widgetType&quot;:&quot;expandable&quot;},&quot;analytics&quot;:{&quot;enabledGoogle&quot;:&quot;OFF&quot;,&quot;enabledFacebook&quot;:&quot;OFF&quot;,&quot;enabledGoogleGA4&quot;:&quot;OFF&quot;}},&quot;gdprStatus&quot;:false,&quot;defaultAvatar&quot;:&quot;https:\\\/\\\/nonamepublicidad.com\\\/wp-content\\\/plugins\\\/whatsapp-for-wordpress\\\/assets\\\/img\\\/whatsapp_logo.svg&quot;}\"><\/div>\n<div style=\"visibility: hidden;\">jbl, parlantes, sonido profesional, monitores<\/div>\n","protected":false},"featured_media":12294,"comment_status":"open","ping_status":"closed","template":"","meta":[],"product_brand":[],"product_cat":[466,474],"product_tag":[3078,3111,3066,3079],"class_list":{"0":"post-12298","1":"product","2":"type-product","3":"status-publish","4":"has-post-thumbnail","6":"product_cat-instrumentos-musicales","7":"product_cat-parlantes-y-bafles","8":"product_tag-jbl","9":"product_tag-monitores","10":"product_tag-parlantes","11":"product_tag-sonido-profesional","13":"first","14":"instock","15":"virtual","16":"taxable","17":"product-type-simple"},"_links":{"self":[{"href":"https:\/\/nonamepublicidad.com\/en\/wp-json\/wp\/v2\/product\/12298","targetHints":{"allow":["GET"]}}],"collection":[{"href":"https:\/\/nonamepublicidad.com\/en\/wp-json\/wp\/v2\/product"}],"about":[{"href":"https:\/\/nonamepublicidad.com\/en\/wp-json\/wp\/v2\/types\/product"}],"replies":[{"embeddable":true,"href":"https:\/\/nonamepublicidad.com\/en\/wp-json\/wp\/v2\/comments?post=12298"}],"version-history":[{"count":0,"href":"https:\/\/nonamepublicidad.com\/en\/wp-json\/wp\/v2\/product\/12298\/revisions"}],"wp:featuredmedia":[{"embeddable":true,"href":"https:\/\/nonamepublicidad.com\/en\/wp-json\/wp\/v2\/media\/12294"}],"wp:attachment":[{"href":"https:\/\/nonamepublicidad.com\/en\/wp-json\/wp\/v2\/media?parent=12298"}],"wp:term":[{"taxonomy":"product_brand","embeddable":true,"href":"https:\/\/nonamepublicidad.com\/en\/wp-json\/wp\/v2\/product_brand?post=12298"},{"taxonomy":"product_cat","embeddable":true,"href":"https:\/\/nonamepublicidad.com\/en\/wp-json\/wp\/v2\/product_cat?post=12298"},{"taxonomy":"product_tag","embeddable":true,"href":"https:\/\/nonamepublicidad.com\/en\/wp-json\/wp\/v2\/product_tag?post=12298"}],"curies":[{"name":"wp","href":"https:\/\/api.w.org\/{rel}","templated":true}]}}