{"id":12335,"date":"2022-08-23T01:14:11","date_gmt":"2022-08-23T06:14:11","guid":{"rendered":"http:\/\/nonamepublicidad.com\/?post_type=product&#038;p=12335"},"modified":"2024-12-02T08:50:09","modified_gmt":"2024-12-02T13:50:09","slug":"pioneer-dj-hdj-cue1","status":"publish","type":"product","link":"https:\/\/nonamepublicidad.com\/en\/product\/pioneer-dj-hdj-cue1\/","title":{"rendered":"Pioneer Dj Hdj Cue1"},"content":{"rendered":"<p style=\"text-align: center;\"><iframe title=\"YouTube video player\" src=\"https:\/\/www.youtube.com\/embed\/1syPUcNyZ5w\" width=\"560\" height=\"315\" frameborder=\"0\" allowfullscreen=\"allowfullscreen\"><\/iframe><\/p>\n<p>&nbsp;<\/p>\n<p>Comienza tu viaje como DJ con los auriculares HDJ-CUE1. Estos auriculares para DJ con estilo se basan en el ADN de nuestros modelos profesionales, pero est\u00e1n disponibles a un precio mucho m\u00e1s bajo.<\/p>\n<p>Si bien estos auriculares de nivel de entrada son nuestro par m\u00e1s asequible hasta ahora, coinciden con muchas de las funciones y los puntos de referencia de calidad establecidos en nuestra gama de auriculares profesionales. Elige el HDJ-CUE1 para tener una apariencia profesional, un sonido rico, un dise\u00f1o compacto y flexible y un acabado de alta calidad. Disfruta de la afinaci\u00f3n de sonido especializada heredada del HDJ-X5 de nivel profesional; Escucha perfectamente las frecuencias bajas en el bajo y el bombo para que puedas mezclar con precisi\u00f3n y saber exactamente lo que escuchar\u00e1n tus amigos cuando dejes caer la siguiente pista.<\/p>\n<p>Si est\u00e1s buscando auriculares inal\u00e1mbricos, da un vistazo a los modelos Bluetooth HDJ-CUE1. Todos incluyen las mismas funciones m\u00e1s la tecnolog\u00eda Bluetooth que te permite escuchar y reproducir sobre la marcha, est\u00e1n disponibles en varios colores para combinar con tu estilo personal.<\/p>","protected":false},"excerpt":{"rendered":"<ul>\n<li>Drivers de 40 mm afinados para graves detallados<\/li>\n<li>Respuesta de frecuencia de 5 Hz a 30 kHz<\/li>\n<li>Auriculares giratorios y dise\u00f1o plegable<\/li>\n<li>Cable en espiral desmontable<\/li>\n<li>Enchufe conector tipo L<\/li>\n<li>Ligero, pero duradero<\/li>\n<\/ul>\n<p>Contacto: Fabrizio Castillo<\/p>\n<p>Consultas al: <a href=\"tel:51965399486\">(+51) 965399486<\/a><\/p>\n<div class=\"nta_wa_button\" data-id=\"13295\" data-info=\"{&quot;name&quot;:&quot;Fabrizio Castillo I.&quot;,&quot;info&quot;:{&quot;number&quot;:&quot;+51965399486&quot;,&quot;title&quot;:&quot;DJ Expressions | Tienda Online&quot;,&quot;predefinedText&quot;:&quot;Hola Fabrizio. Me gustar\\u00eda m\\u00e1s informaci\\u00f3n de [njwa_page_title] Este es el link [njwa_page_url]&quot;,&quot;willBeBackText&quot;:&quot;I will be back in [njwa_time_work]&quot;,&quot;dayOffsText&quot;:&quot;I will be back soon&quot;,&quot;isAlwaysAvailable&quot;:&quot;ON&quot;,&quot;daysOfWeekWorking&quot;:{&quot;sunday&quot;:{&quot;isWorkingOnDay&quot;:&quot;OFF&quot;,&quot;workHours&quot;:[{&quot;startTime&quot;:&quot;08:00&quot;,&quot;endTime&quot;:&quot;17:30&quot;}]},&quot;monday&quot;:{&quot;isWorkingOnDay&quot;:&quot;OFF&quot;,&quot;workHours&quot;:[{&quot;startTime&quot;:&quot;08:00&quot;,&quot;endTime&quot;:&quot;17:30&quot;}]},&quot;tuesday&quot;:{&quot;isWorkingOnDay&quot;:&quot;OFF&quot;,&quot;workHours&quot;:[{&quot;startTime&quot;:&quot;08:00&quot;,&quot;endTime&quot;:&quot;17:30&quot;}]},&quot;wednesday&quot;:{&quot;isWorkingOnDay&quot;:&quot;OFF&quot;,&quot;workHours&quot;:[{&quot;startTime&quot;:&quot;08:00&quot;,&quot;endTime&quot;:&quot;17:30&quot;}]},&quot;thursday&quot;:{&quot;isWorkingOnDay&quot;:&quot;OFF&quot;,&quot;workHours&quot;:[{&quot;startTime&quot;:&quot;08:00&quot;,&quot;endTime&quot;:&quot;17:30&quot;}]},&quot;friday&quot;:{&quot;isWorkingOnDay&quot;:&quot;OFF&quot;,&quot;workHours&quot;:[{&quot;startTime&quot;:&quot;08:00&quot;,&quot;endTime&quot;:&quot;17:30&quot;}]},&quot;saturday&quot;:{&quot;isWorkingOnDay&quot;:&quot;OFF&quot;,&quot;workHours&quot;:[{&quot;startTime&quot;:&quot;08:00&quot;,&quot;endTime&quot;:&quot;17:30&quot;}]}}},&quot;styles&quot;:{&quot;type&quot;:&quot;round&quot;,&quot;backgroundColor&quot;:&quot;#2DB742&quot;,&quot;textColor&quot;:&quot;#fff&quot;,&quot;label&quot;:&quot;Escr\\u00edbeme.&quot;,&quot;width&quot;:300,&quot;height&quot;:64},&quot;avatar&quot;:&quot;https:\\\/\\\/nonamepublicidad.com\\\/wp-content\\\/uploads\\\/2023\\\/02\\\/fabrizio_castillo.webp&quot;,&quot;options&quot;:{&quot;display&quot;:{&quot;displayCondition&quot;:&quot;showAllPage&quot;,&quot;includePages&quot;:[],&quot;excludePages&quot;:[],&quot;includePosts&quot;:[],&quot;showOnDesktop&quot;:&quot;ON&quot;,&quot;showOnMobile&quot;:&quot;ON&quot;,&quot;time_symbols&quot;:&quot;h:m&quot;},&quot;styles&quot;:{&quot;title&quot;:&quot;Start a Conversation&quot;,&quot;responseText&quot;:&quot;The team typically replies in a few minutes.&quot;,&quot;description&quot;:&quot;Hi! Click one of our member below to chat on &lt;strong&gt;WhatsApp&lt;\\\/strong&gt;&quot;,&quot;backgroundColor&quot;:&quot;#2db742&quot;,&quot;textColor&quot;:&quot;#fff&quot;,&quot;scrollHeight&quot;:500,&quot;isShowScroll&quot;:&quot;OFF&quot;,&quot;isShowResponseText&quot;:&quot;ON&quot;,&quot;isShowPoweredBy&quot;:&quot;ON&quot;,&quot;btnLabel&quot;:&quot;Need Help? &lt;strong&gt;Chat with us&lt;\\\/strong&gt;&quot;,&quot;btnLabelWidth&quot;:156,&quot;btnPosition&quot;:&quot;right&quot;,&quot;btnLeftDistance&quot;:30,&quot;btnRightDistance&quot;:30,&quot;btnBottomDistance&quot;:30,&quot;isShowBtnLabel&quot;:&quot;ON&quot;,&quot;isShowGDPR&quot;:&quot;OFF&quot;,&quot;gdprContent&quot;:&quot;Please accept our &lt;a href=\\&quot;https:\\\/\\\/ninjateam.org\\\/privacy-policy\\\/\\&quot;&gt;privacy policy&lt;\\\/a&gt; first to start a conversation.&quot;,&quot;widgetType&quot;:&quot;expandable&quot;},&quot;analytics&quot;:{&quot;enabledGoogle&quot;:&quot;OFF&quot;,&quot;enabledFacebook&quot;:&quot;OFF&quot;,&quot;enabledGoogleGA4&quot;:&quot;OFF&quot;}},&quot;gdprStatus&quot;:false,&quot;defaultAvatar&quot;:&quot;https:\\\/\\\/nonamepublicidad.com\\\/wp-content\\\/plugins\\\/whatsapp-for-wordpress\\\/assets\\\/img\\\/whatsapp_logo.svg&quot;}\"><\/div>\n<div style=\"visibility: hidden;\">sonido profesional, aud\u00edfonos, hdj, pioneer dj, dj, pioneer<\/div>\n","protected":false},"featured_media":12331,"comment_status":"open","ping_status":"closed","template":"","meta":[],"product_brand":[],"product_cat":[3155,466],"product_tag":[3150,3153,3151,3154,3152,3079],"class_list":{"0":"post-12335","1":"product","2":"type-product","3":"status-publish","4":"has-post-thumbnail","6":"product_cat-audifonos","7":"product_cat-instrumentos-musicales","8":"product_tag-audifonos","9":"product_tag-dj","10":"product_tag-hdj","11":"product_tag-pioneer","12":"product_tag-pioneer-dj","13":"product_tag-sonido-profesional","15":"first","16":"instock","17":"featured","18":"virtual","19":"taxable","20":"product-type-simple"},"_links":{"self":[{"href":"https:\/\/nonamepublicidad.com\/en\/wp-json\/wp\/v2\/product\/12335","targetHints":{"allow":["GET"]}}],"collection":[{"href":"https:\/\/nonamepublicidad.com\/en\/wp-json\/wp\/v2\/product"}],"about":[{"href":"https:\/\/nonamepublicidad.com\/en\/wp-json\/wp\/v2\/types\/product"}],"replies":[{"embeddable":true,"href":"https:\/\/nonamepublicidad.com\/en\/wp-json\/wp\/v2\/comments?post=12335"}],"version-history":[{"count":0,"href":"https:\/\/nonamepublicidad.com\/en\/wp-json\/wp\/v2\/product\/12335\/revisions"}],"wp:featuredmedia":[{"embeddable":true,"href":"https:\/\/nonamepublicidad.com\/en\/wp-json\/wp\/v2\/media\/12331"}],"wp:attachment":[{"href":"https:\/\/nonamepublicidad.com\/en\/wp-json\/wp\/v2\/media?parent=12335"}],"wp:term":[{"taxonomy":"product_brand","embeddable":true,"href":"https:\/\/nonamepublicidad.com\/en\/wp-json\/wp\/v2\/product_brand?post=12335"},{"taxonomy":"product_cat","embeddable":true,"href":"https:\/\/nonamepublicidad.com\/en\/wp-json\/wp\/v2\/product_cat?post=12335"},{"taxonomy":"product_tag","embeddable":true,"href":"https:\/\/nonamepublicidad.com\/en\/wp-json\/wp\/v2\/product_tag?post=12335"}],"curies":[{"name":"wp","href":"https:\/\/api.w.org\/{rel}","templated":true}]}}