{"id":12389,"date":"2022-08-29T12:36:08","date_gmt":"2022-08-29T17:36:08","guid":{"rendered":"http:\/\/nonamepublicidad.com\/?post_type=product&#038;p=12389"},"modified":"2024-12-02T08:50:09","modified_gmt":"2024-12-02T13:50:09","slug":"aldimi","status":"publish","type":"product","link":"https:\/\/nonamepublicidad.com\/en\/product\/aldimi\/","title":{"rendered":"Albergue de Enfermos de C\u00e1ncer Aldimi"},"content":{"rendered":"<p align=\"center\"><iframe title=\"YouTube video player\" src=\"https:\/\/www.youtube.com\/embed\/FNinZc-tdVo\" width=\"560\" height=\"315\" frameborder=\"0\" allowfullscreen=\"allowfullscreen\"><\/iframe><\/p>\n<p>&nbsp;<\/p>\n<p style=\"text-align: center;\"><iframe style=\"border: 0;\" src=\"https:\/\/www.google.com\/maps\/embed?pb=!1m18!1m12!1m3!1d3900.9896155291417!2d-76.99764564936389!3d-12.112862846390033!2m3!1f0!2f0!3f0!3m2!1i1024!2i768!4f13.1!3m3!1m2!1s0x9105c7f072027419%3A0xfadc5b2cea21cd24!2sALDIMI!5e0!3m2!1ses-419!2spe!4v1661792455751!5m2!1ses-419!2spe\" width=\"600\" height=\"450\" allowfullscreen=\"allowfullscreen\"><\/iframe><\/p>\n<p>&nbsp;<\/p>\n<p><strong>Nuestra Historia<\/strong><\/p>\n<p>Hace 17 a\u00f1os ALDIMI comenz\u00f3 con la ayuda a pacientes con c\u00e1ncer, tras la experiencia de la presidenta y fundadora la Sra. Isabel Th\u00e9r\u00e8se como voluntaria del Instituto Nacional de Enfermedades Neopl\u00e1sicas, quien se dio cuenta de las necesidades de los familiares que llegaban de provincia con sus pacientes y no ten\u00edan un lugar donde hospedarse, recibir alimentaci\u00f3n sana, seguridad y el cari\u00f1o de casa; lo cual dio la idea de fundar un albergue para estas personas necesitadas y as\u00ed hacer una doble lucha contra la enfermedad del C\u00e1ncer y la Pobreza.<\/p>\n<p><strong>\u00a0<\/strong><\/p>\n<p><strong>Misi\u00f3n<\/strong><\/p>\n<p>Proporcionamos a los albergados: hospedaje, alimentaci\u00f3n, ropa, \u00fatiles de aseo, pasajes, medicamentos (opcional), atenci\u00f3n psicol\u00f3gica y ayuda espiritual.<\/p>\n<p>Buscamos mejorar la calidad de vida de los pacientes oncol\u00f3gicos, otorg\u00e1ndoles una atenci\u00f3n personalizada.<\/p>\n<p><strong>\u00a0<\/strong><\/p>\n<p><strong>Visi\u00f3n<\/strong><\/p>\n<p>Ser reconocidos como una instituci\u00f3n modelo en la prestaci\u00f3n de un servicio integral al paciente oncol\u00f3gico y a su entorno familiar, a trav\u00e9s de personal altamente capacitado.<\/p>\n<p>Lograr que ning\u00fan paciente oncol\u00f3gico, abandone su tratamiento por falta de recursos.<\/p>\n<p>&nbsp;<\/p>\n<p><strong>Junta Directiva<\/strong><\/p>\n<p>Presidente &#8211; Fundadora &#8211; Lic. Nelly Isabel Th\u00e9r\u00e8se<\/p>\n<p>Secretaria General &#8211; Sra. Andrea Liliana Lavado<\/p>\n<p>Secretario de Econom\u00eda &#8211; Lic. Nilton Escobar<\/p>\n<p>Vocal &#8211; Dra. Pamela N\u00fa\u00f1ez<\/p>\n<p>&nbsp;<\/p>\n<p><strong>Como Donar<\/strong><\/p>\n<p>Cuenta corriente moneda soles:<\/p>\n<p>Interbank: 132-3000637338 \/ CCI. 00312300300063733882<\/p>\n<p>Cuenta corriente moneda d\u00f3lares:<\/p>\n<p>Interbank: 132-3000640931 \/ CCI. 00313200300064093189<\/p>\n<p>&nbsp;<\/p>\n<p>Tu donaci\u00f3n es importante, muchas <strong>familias<\/strong> esperan por ti.<\/p>\n<p>Este anuncio fue autorizado por ALDIMI Asociaci\u00f3n Albergue de Enfermos de C\u00e1ncer Se\u00f1or de la Divina Misericordia. Muchas gracias por sumarse a la familia.<\/p>","protected":false},"excerpt":{"rendered":"<p>Aldimi \u00abUn Hogar Fuera Del Hogar\u00bb<\/p>\n<p>Somos una asociaci\u00f3n civil sin fines de lucro, que brinda ayuda a pacientes de c\u00e1ncer de provincias, en extrema pobreza, sin parientes en Lima.<\/p>\n<p>ALDIMI Asociaci\u00f3n Albergue de Enfermos de C\u00e1ncer Se\u00f1or de la Divina Misericordia, cuyo prop\u00f3sito es que todo peruano de cualquier edad con diagn\u00f3stico de c\u00e1ncer y escasos recursos econ\u00f3micos disponga de los apoyos \u00f3ptimos y oportunos para su curaci\u00f3n e integraci\u00f3n plena a su comunidad.<\/p>\n<p>Horario:<\/p>\n<p>Lunes a s\u00e1bado de 7:00 a.m. a 6:00 p.m.<\/p>\n<p>Domingo: CERRADO<\/p>\n<p>Direcci\u00f3n: <a href=\"https:\/\/goo.gl\/maps\/UFDjY7ZsY7ofGhpt7\" target=\"_blank\" rel=\"noopener\">Calle Kandinsky 236 Urbanizaci\u00f3n VIPEP &#8211; Surquillo Lima 34<\/a><\/p>\n<p>Facebook: <a href=\"https:\/\/www.facebook.com\/alberguealdimi\" target=\"_blank\" rel=\"noopener\">alberguealdimi<\/a><\/p>\n<p>Correo: <a href=\"mailto:qktherese@hotmail.com\">qktherese@hotmail.com<\/a><\/p>\n<p>Tel\u00e9fono: <a href=\"tel:51933630801\">(+51) 933630801<\/a><\/p>\n<div class=\"nta_wa_button\" data-id=\"13868\" data-info=\"{&quot;name&quot;:&quot;Mauricio Therese&quot;,&quot;info&quot;:{&quot;number&quot;:&quot;+51933630801&quot;,&quot;title&quot;:&quot;Aldimi | Tienda&quot;,&quot;predefinedText&quot;:&quot;Hola Mauricio, solicito informaci\\u00f3n del [njwa_page_title] Este es el link [njwa_page_url]&quot;,&quot;willBeBackText&quot;:&quot;I will be back in [njwa_time_work]&quot;,&quot;dayOffsText&quot;:&quot;I will be back soon&quot;,&quot;isAlwaysAvailable&quot;:&quot;ON&quot;,&quot;daysOfWeekWorking&quot;:{&quot;sunday&quot;:{&quot;isWorkingOnDay&quot;:&quot;OFF&quot;,&quot;workHours&quot;:[{&quot;startTime&quot;:&quot;08:00&quot;,&quot;endTime&quot;:&quot;17:30&quot;}]},&quot;monday&quot;:{&quot;isWorkingOnDay&quot;:&quot;OFF&quot;,&quot;workHours&quot;:[{&quot;startTime&quot;:&quot;08:00&quot;,&quot;endTime&quot;:&quot;17:30&quot;}]},&quot;tuesday&quot;:{&quot;isWorkingOnDay&quot;:&quot;OFF&quot;,&quot;workHours&quot;:[{&quot;startTime&quot;:&quot;08:00&quot;,&quot;endTime&quot;:&quot;17:30&quot;}]},&quot;wednesday&quot;:{&quot;isWorkingOnDay&quot;:&quot;OFF&quot;,&quot;workHours&quot;:[{&quot;startTime&quot;:&quot;08:00&quot;,&quot;endTime&quot;:&quot;17:30&quot;}]},&quot;thursday&quot;:{&quot;isWorkingOnDay&quot;:&quot;OFF&quot;,&quot;workHours&quot;:[{&quot;startTime&quot;:&quot;08:00&quot;,&quot;endTime&quot;:&quot;17:30&quot;}]},&quot;friday&quot;:{&quot;isWorkingOnDay&quot;:&quot;OFF&quot;,&quot;workHours&quot;:[{&quot;startTime&quot;:&quot;08:00&quot;,&quot;endTime&quot;:&quot;17:30&quot;}]},&quot;saturday&quot;:{&quot;isWorkingOnDay&quot;:&quot;OFF&quot;,&quot;workHours&quot;:[{&quot;startTime&quot;:&quot;08:00&quot;,&quot;endTime&quot;:&quot;17:30&quot;}]}}},&quot;styles&quot;:{&quot;type&quot;:&quot;round&quot;,&quot;backgroundColor&quot;:&quot;#2DB742&quot;,&quot;textColor&quot;:&quot;#fff&quot;,&quot;label&quot;:&quot;C\\u00f3mo ayudar? Hablemos&quot;,&quot;width&quot;:300,&quot;height&quot;:64},&quot;avatar&quot;:&quot;https:\\\/\\\/nonamepublicidad.com\\\/wp-content\\\/uploads\\\/2022\\\/08\\\/aldimi_logo.webp&quot;,&quot;options&quot;:{&quot;display&quot;:{&quot;displayCondition&quot;:&quot;showAllPage&quot;,&quot;includePages&quot;:[],&quot;excludePages&quot;:[],&quot;includePosts&quot;:[],&quot;showOnDesktop&quot;:&quot;ON&quot;,&quot;showOnMobile&quot;:&quot;ON&quot;,&quot;time_symbols&quot;:&quot;h:m&quot;},&quot;styles&quot;:{&quot;title&quot;:&quot;Start a Conversation&quot;,&quot;responseText&quot;:&quot;The team typically replies in a few minutes.&quot;,&quot;description&quot;:&quot;Hi! Click one of our member below to chat on &lt;strong&gt;WhatsApp&lt;\\\/strong&gt;&quot;,&quot;backgroundColor&quot;:&quot;#2db742&quot;,&quot;textColor&quot;:&quot;#fff&quot;,&quot;scrollHeight&quot;:500,&quot;isShowScroll&quot;:&quot;OFF&quot;,&quot;isShowResponseText&quot;:&quot;ON&quot;,&quot;isShowPoweredBy&quot;:&quot;ON&quot;,&quot;btnLabel&quot;:&quot;Need Help? &lt;strong&gt;Chat with us&lt;\\\/strong&gt;&quot;,&quot;btnLabelWidth&quot;:156,&quot;btnPosition&quot;:&quot;right&quot;,&quot;btnLeftDistance&quot;:30,&quot;btnRightDistance&quot;:30,&quot;btnBottomDistance&quot;:30,&quot;isShowBtnLabel&quot;:&quot;ON&quot;,&quot;isShowGDPR&quot;:&quot;OFF&quot;,&quot;gdprContent&quot;:&quot;Please accept our &lt;a href=\\&quot;https:\\\/\\\/ninjateam.org\\\/privacy-policy\\\/\\&quot;&gt;privacy policy&lt;\\\/a&gt; first to start a conversation.&quot;,&quot;widgetType&quot;:&quot;expandable&quot;},&quot;analytics&quot;:{&quot;enabledGoogle&quot;:&quot;OFF&quot;,&quot;enabledFacebook&quot;:&quot;OFF&quot;,&quot;enabledGoogleGA4&quot;:&quot;OFF&quot;}},&quot;gdprStatus&quot;:false,&quot;defaultAvatar&quot;:&quot;https:\\\/\\\/nonamepublicidad.com\\\/wp-content\\\/plugins\\\/whatsapp-for-wordpress\\\/assets\\\/img\\\/whatsapp_logo.svg&quot;}\"><\/div>\n<div style=\"visibility: hidden;\">donaciones, donaci\u00f3n, ayuda social, donaci\u00f3n de alimentos, donaci\u00f3n de productos de primera necesidad, peru, apoyo social, voluntariado, voluntario, voluntarios, manteniendo a las familias cerca, help kids, keeping families close, voluntariado digital, albergue, aldimi, organizaci\u00f3n sin fines de lucro<\/div>\n","protected":false},"featured_media":12385,"comment_status":"open","ping_status":"closed","template":"","meta":[],"product_brand":[],"product_cat":[3168,925],"product_tag":[1388,1354,941,1350,1351,1352,1349,1355,1357],"class_list":{"0":"post-12389","1":"product","2":"type-product","3":"status-publish","4":"has-post-thumbnail","6":"product_cat-aldimi","7":"product_cat-ayuda-social","8":"product_tag-albergues","9":"product_tag-apoyo-social","10":"product_tag-ayuda-social","11":"product_tag-donacion","12":"product_tag-donacion-de-alimentos","13":"product_tag-donacion-de-productos-de-primera-necesidad","14":"product_tag-donaciones","15":"product_tag-voluntariado","16":"product_tag-voluntarios","18":"first","19":"instock","20":"virtual","21":"taxable","22":"product-type-simple"},"_links":{"self":[{"href":"https:\/\/nonamepublicidad.com\/en\/wp-json\/wp\/v2\/product\/12389","targetHints":{"allow":["GET"]}}],"collection":[{"href":"https:\/\/nonamepublicidad.com\/en\/wp-json\/wp\/v2\/product"}],"about":[{"href":"https:\/\/nonamepublicidad.com\/en\/wp-json\/wp\/v2\/types\/product"}],"replies":[{"embeddable":true,"href":"https:\/\/nonamepublicidad.com\/en\/wp-json\/wp\/v2\/comments?post=12389"}],"version-history":[{"count":0,"href":"https:\/\/nonamepublicidad.com\/en\/wp-json\/wp\/v2\/product\/12389\/revisions"}],"wp:featuredmedia":[{"embeddable":true,"href":"https:\/\/nonamepublicidad.com\/en\/wp-json\/wp\/v2\/media\/12385"}],"wp:attachment":[{"href":"https:\/\/nonamepublicidad.com\/en\/wp-json\/wp\/v2\/media?parent=12389"}],"wp:term":[{"taxonomy":"product_brand","embeddable":true,"href":"https:\/\/nonamepublicidad.com\/en\/wp-json\/wp\/v2\/product_brand?post=12389"},{"taxonomy":"product_cat","embeddable":true,"href":"https:\/\/nonamepublicidad.com\/en\/wp-json\/wp\/v2\/product_cat?post=12389"},{"taxonomy":"product_tag","embeddable":true,"href":"https:\/\/nonamepublicidad.com\/en\/wp-json\/wp\/v2\/product_tag?post=12389"}],"curies":[{"name":"wp","href":"https:\/\/api.w.org\/{rel}","templated":true}]}}