{"id":12420,"date":"2022-08-30T19:30:10","date_gmt":"2022-08-31T00:30:10","guid":{"rendered":"http:\/\/nonamepublicidad.com\/?post_type=product&#038;p=12420"},"modified":"2024-12-02T08:50:09","modified_gmt":"2024-12-02T13:50:09","slug":"pioneer-dj-hdj-x5-02","status":"publish","type":"product","link":"https:\/\/nonamepublicidad.com\/en\/product\/pioneer-dj-hdj-x5-02\/","title":{"rendered":"Pioneer Dj Hdj X5"},"content":{"rendered":"<p style=\"text-align: center;\"><iframe title=\"YouTube video player\" src=\"https:\/\/www.youtube.com\/embed\/WNxH3Qnx0LQ\" width=\"560\" height=\"315\" frameborder=\"0\" allowfullscreen=\"allowfullscreen\"><\/iframe><\/p>\n<p>&nbsp;<\/p>\n<p>Escucha tus canciones en voz alta y clara en la cabina y en movimiento con el Pioneer DJ HDJ-X5. Teniendo en cuenta los comentarios de los DJ y analizando muchos estilos diferentes de monitoreo, nos hemos asegurado de que nuestra nueva gama de auriculares para DJ incluya todas las caracter\u00edsticas necesarias para que funcionen en cualquier nivel. Gracias al dise\u00f1o de audio de alta calidad heredado de nuestros auriculares DJ profesionales, puedes disfrutar de un monitoreo sin distorsi\u00f3n, incluso con vol\u00famenes altos, dondequiera que vayas.<\/p>\n<p>Los auriculares HDJ-X est\u00e1n dise\u00f1ados para ser flexibles. Su mecanismo de giro te permite usarlos c\u00f3modamente, seg\u00fan tus preferencias, durante largos per\u00edodos de tiempo. No te preocupes por peque\u00f1as ca\u00eddas y golpes durante el transporte, ya que estos auriculares DJ est\u00e1n preparados para su uso prolongado y en condiciones severas. Incluso han pasado la prueba de choque est\u00e1ndar del Ej\u00e9rcito Americano.<\/p>","protected":false},"excerpt":{"rendered":"<ul>\n<li>Drivers de 40 mm<\/li>\n<li>Respuesta de frecuencia: 5 Hz a 30 kHz<\/li>\n<li>C\u00e1mara Bass Reflex para graves profundos<\/li>\n<li>Incluye cable en espiral y adaptador de 1\/4 \u00ab<\/li>\n<li>Incluye bolsa de transporte<\/li>\n<\/ul>\n<p>Contacto: Fabrizio Castillo<\/p>\n<p>Consultas al: <a href=\"tel:51965399486\">(+51) 965399486<\/a><\/p>\n<div class=\"nta_wa_button\" data-id=\"13295\" data-info=\"{&quot;name&quot;:&quot;Fabrizio Castillo I.&quot;,&quot;info&quot;:{&quot;number&quot;:&quot;+51965399486&quot;,&quot;title&quot;:&quot;DJ Expressions | Tienda Online&quot;,&quot;predefinedText&quot;:&quot;Hola Fabrizio. Me gustar\\u00eda m\\u00e1s informaci\\u00f3n de [njwa_page_title] Este es el link [njwa_page_url]&quot;,&quot;willBeBackText&quot;:&quot;I will be back in [njwa_time_work]&quot;,&quot;dayOffsText&quot;:&quot;I will be back soon&quot;,&quot;isAlwaysAvailable&quot;:&quot;ON&quot;,&quot;daysOfWeekWorking&quot;:{&quot;sunday&quot;:{&quot;isWorkingOnDay&quot;:&quot;OFF&quot;,&quot;workHours&quot;:[{&quot;startTime&quot;:&quot;08:00&quot;,&quot;endTime&quot;:&quot;17:30&quot;}]},&quot;monday&quot;:{&quot;isWorkingOnDay&quot;:&quot;OFF&quot;,&quot;workHours&quot;:[{&quot;startTime&quot;:&quot;08:00&quot;,&quot;endTime&quot;:&quot;17:30&quot;}]},&quot;tuesday&quot;:{&quot;isWorkingOnDay&quot;:&quot;OFF&quot;,&quot;workHours&quot;:[{&quot;startTime&quot;:&quot;08:00&quot;,&quot;endTime&quot;:&quot;17:30&quot;}]},&quot;wednesday&quot;:{&quot;isWorkingOnDay&quot;:&quot;OFF&quot;,&quot;workHours&quot;:[{&quot;startTime&quot;:&quot;08:00&quot;,&quot;endTime&quot;:&quot;17:30&quot;}]},&quot;thursday&quot;:{&quot;isWorkingOnDay&quot;:&quot;OFF&quot;,&quot;workHours&quot;:[{&quot;startTime&quot;:&quot;08:00&quot;,&quot;endTime&quot;:&quot;17:30&quot;}]},&quot;friday&quot;:{&quot;isWorkingOnDay&quot;:&quot;OFF&quot;,&quot;workHours&quot;:[{&quot;startTime&quot;:&quot;08:00&quot;,&quot;endTime&quot;:&quot;17:30&quot;}]},&quot;saturday&quot;:{&quot;isWorkingOnDay&quot;:&quot;OFF&quot;,&quot;workHours&quot;:[{&quot;startTime&quot;:&quot;08:00&quot;,&quot;endTime&quot;:&quot;17:30&quot;}]}}},&quot;styles&quot;:{&quot;type&quot;:&quot;round&quot;,&quot;backgroundColor&quot;:&quot;#2DB742&quot;,&quot;textColor&quot;:&quot;#fff&quot;,&quot;label&quot;:&quot;Escr\\u00edbeme.&quot;,&quot;width&quot;:300,&quot;height&quot;:64},&quot;avatar&quot;:&quot;https:\\\/\\\/nonamepublicidad.com\\\/wp-content\\\/uploads\\\/2023\\\/02\\\/fabrizio_castillo.webp&quot;,&quot;options&quot;:{&quot;display&quot;:{&quot;displayCondition&quot;:&quot;showAllPage&quot;,&quot;includePages&quot;:[],&quot;excludePages&quot;:[],&quot;includePosts&quot;:[],&quot;showOnDesktop&quot;:&quot;ON&quot;,&quot;showOnMobile&quot;:&quot;ON&quot;,&quot;time_symbols&quot;:&quot;h:m&quot;},&quot;styles&quot;:{&quot;title&quot;:&quot;Start a Conversation&quot;,&quot;responseText&quot;:&quot;The team typically replies in a few minutes.&quot;,&quot;description&quot;:&quot;Hi! Click one of our member below to chat on &lt;strong&gt;WhatsApp&lt;\\\/strong&gt;&quot;,&quot;backgroundColor&quot;:&quot;#2db742&quot;,&quot;textColor&quot;:&quot;#fff&quot;,&quot;scrollHeight&quot;:500,&quot;isShowScroll&quot;:&quot;OFF&quot;,&quot;isShowResponseText&quot;:&quot;ON&quot;,&quot;isShowPoweredBy&quot;:&quot;ON&quot;,&quot;btnLabel&quot;:&quot;Need Help? &lt;strong&gt;Chat with us&lt;\\\/strong&gt;&quot;,&quot;btnLabelWidth&quot;:156,&quot;btnPosition&quot;:&quot;right&quot;,&quot;btnLeftDistance&quot;:30,&quot;btnRightDistance&quot;:30,&quot;btnBottomDistance&quot;:30,&quot;isShowBtnLabel&quot;:&quot;ON&quot;,&quot;isShowGDPR&quot;:&quot;OFF&quot;,&quot;gdprContent&quot;:&quot;Please accept our &lt;a href=\\&quot;https:\\\/\\\/ninjateam.org\\\/privacy-policy\\\/\\&quot;&gt;privacy policy&lt;\\\/a&gt; first to start a conversation.&quot;,&quot;widgetType&quot;:&quot;expandable&quot;},&quot;analytics&quot;:{&quot;enabledGoogle&quot;:&quot;OFF&quot;,&quot;enabledFacebook&quot;:&quot;OFF&quot;,&quot;enabledGoogleGA4&quot;:&quot;OFF&quot;}},&quot;gdprStatus&quot;:false,&quot;defaultAvatar&quot;:&quot;https:\\\/\\\/nonamepublicidad.com\\\/wp-content\\\/plugins\\\/whatsapp-for-wordpress\\\/assets\\\/img\\\/whatsapp_logo.svg&quot;}\"><\/div>\n<div style=\"visibility: hidden;\">sonido profesional, aud\u00edfonos, hdj, pioneer dj, dj, pioneer<\/div>\n","protected":false},"featured_media":12414,"comment_status":"open","ping_status":"closed","template":"","meta":[],"product_brand":[],"product_cat":[3155,466],"product_tag":[3150,3153,3151,3154,3152,3079],"class_list":{"0":"post-12420","1":"product","2":"type-product","3":"status-publish","4":"has-post-thumbnail","6":"product_cat-audifonos","7":"product_cat-instrumentos-musicales","8":"product_tag-audifonos","9":"product_tag-dj","10":"product_tag-hdj","11":"product_tag-pioneer","12":"product_tag-pioneer-dj","13":"product_tag-sonido-profesional","15":"first","16":"instock","17":"virtual","18":"taxable","19":"product-type-simple"},"_links":{"self":[{"href":"https:\/\/nonamepublicidad.com\/en\/wp-json\/wp\/v2\/product\/12420","targetHints":{"allow":["GET"]}}],"collection":[{"href":"https:\/\/nonamepublicidad.com\/en\/wp-json\/wp\/v2\/product"}],"about":[{"href":"https:\/\/nonamepublicidad.com\/en\/wp-json\/wp\/v2\/types\/product"}],"replies":[{"embeddable":true,"href":"https:\/\/nonamepublicidad.com\/en\/wp-json\/wp\/v2\/comments?post=12420"}],"version-history":[{"count":0,"href":"https:\/\/nonamepublicidad.com\/en\/wp-json\/wp\/v2\/product\/12420\/revisions"}],"wp:featuredmedia":[{"embeddable":true,"href":"https:\/\/nonamepublicidad.com\/en\/wp-json\/wp\/v2\/media\/12414"}],"wp:attachment":[{"href":"https:\/\/nonamepublicidad.com\/en\/wp-json\/wp\/v2\/media?parent=12420"}],"wp:term":[{"taxonomy":"product_brand","embeddable":true,"href":"https:\/\/nonamepublicidad.com\/en\/wp-json\/wp\/v2\/product_brand?post=12420"},{"taxonomy":"product_cat","embeddable":true,"href":"https:\/\/nonamepublicidad.com\/en\/wp-json\/wp\/v2\/product_cat?post=12420"},{"taxonomy":"product_tag","embeddable":true,"href":"https:\/\/nonamepublicidad.com\/en\/wp-json\/wp\/v2\/product_tag?post=12420"}],"curies":[{"name":"wp","href":"https:\/\/api.w.org\/{rel}","templated":true}]}}