{"id":12461,"date":"2022-08-30T20:38:16","date_gmt":"2022-08-31T01:38:16","guid":{"rendered":"http:\/\/nonamepublicidad.com\/?post_type=product&#038;p=12461"},"modified":"2024-12-02T08:50:09","modified_gmt":"2024-12-02T13:50:09","slug":"pioneer-dj-hdj-x5-bt-03","status":"publish","type":"product","link":"https:\/\/nonamepublicidad.com\/en\/product\/pioneer-dj-hdj-x5-bt-03\/","title":{"rendered":"Pioneer Dj Hdj X5 Bt"},"content":{"rendered":"<p style=\"text-align: center;\"><iframe title=\"YouTube video player\" src=\"https:\/\/www.youtube.com\/embed\/Rt8xOaN5ofU\" width=\"560\" height=\"315\" frameborder=\"0\" allowfullscreen=\"allowfullscreen\"><\/iframe><\/p>\n<p>&nbsp;<\/p>\n<p>Mu\u00e9vete libremente con los auriculares DJ tipo diadema, Pioneer DJ HDJ-X5BT con tecnolog\u00eda inal\u00e1mbrica Bluetooth. Esta versi\u00f3n de nuestros auriculares HDJ-X5 eliminan un cable m\u00e1s de tu configuraci\u00f3n sin sacrificar la calidad de sonido de la serie HDJ-X, lo que facilita la preparaci\u00f3n de pistas en cualquier lugar, en cualquier momento y sin restricciones.<\/p>\n<p>Con una calidad de audio avanzada, escuchar\u00e1s notas n\u00edtidas y claras, y tonos graves profundos y abundantes, ya sea que est\u00e9s en la calle o en la cabina. Haz coincidir tus auriculares con tu equipo, eligiendo entre 4 colores: negro met\u00e1lico, rojo met\u00e1lico, dorados y blanco brillante. Suaves y flexibles pero lo suficientemente resistentes para la vida en la carretera, simplemente pliega tus auriculares HDJ-X5BT para transportarlos f\u00e1cilmente y disfrutar de tu m\u00fasica con comodidad donde quiera que vayas.<\/p>","protected":false},"excerpt":{"rendered":"<ul>\n<li>Drivers de 40 mm<\/li>\n<li>Respuesta de frecuencia de 5 Hz a 30 kHz<\/li>\n<li>Compatibilidad con AAC, aptX, aptX-LL y SBC<\/li>\n<li>Bater\u00eda interna recargable<\/li>\n<li>Hasta 20 horas de tiempo de funcionamiento<\/li>\n<li>Micr\u00f3fono incorporado y controles remotos<\/li>\n<li>Prueba de choque MIL-STD-810G<\/li>\n<li>Incluye cable en espiral desmontable de 3.9 \u2018<\/li>\n<\/ul>\n<p>Contacto: Fabrizio Castillo<\/p>\n<p>Consultas al: <a href=\"tel:51965399486\">(+51) 965399486<\/a><\/p>\n<div class=\"nta_wa_button\" data-id=\"13295\" data-info=\"{&quot;name&quot;:&quot;Fabrizio Castillo I.&quot;,&quot;info&quot;:{&quot;number&quot;:&quot;+51965399486&quot;,&quot;title&quot;:&quot;DJ Expressions | Tienda Online&quot;,&quot;predefinedText&quot;:&quot;Hola Fabrizio. Me gustar\\u00eda m\\u00e1s informaci\\u00f3n de [njwa_page_title] Este es el link [njwa_page_url]&quot;,&quot;willBeBackText&quot;:&quot;I will be back in [njwa_time_work]&quot;,&quot;dayOffsText&quot;:&quot;I will be back soon&quot;,&quot;isAlwaysAvailable&quot;:&quot;ON&quot;,&quot;daysOfWeekWorking&quot;:{&quot;sunday&quot;:{&quot;isWorkingOnDay&quot;:&quot;OFF&quot;,&quot;workHours&quot;:[{&quot;startTime&quot;:&quot;08:00&quot;,&quot;endTime&quot;:&quot;17:30&quot;}]},&quot;monday&quot;:{&quot;isWorkingOnDay&quot;:&quot;OFF&quot;,&quot;workHours&quot;:[{&quot;startTime&quot;:&quot;08:00&quot;,&quot;endTime&quot;:&quot;17:30&quot;}]},&quot;tuesday&quot;:{&quot;isWorkingOnDay&quot;:&quot;OFF&quot;,&quot;workHours&quot;:[{&quot;startTime&quot;:&quot;08:00&quot;,&quot;endTime&quot;:&quot;17:30&quot;}]},&quot;wednesday&quot;:{&quot;isWorkingOnDay&quot;:&quot;OFF&quot;,&quot;workHours&quot;:[{&quot;startTime&quot;:&quot;08:00&quot;,&quot;endTime&quot;:&quot;17:30&quot;}]},&quot;thursday&quot;:{&quot;isWorkingOnDay&quot;:&quot;OFF&quot;,&quot;workHours&quot;:[{&quot;startTime&quot;:&quot;08:00&quot;,&quot;endTime&quot;:&quot;17:30&quot;}]},&quot;friday&quot;:{&quot;isWorkingOnDay&quot;:&quot;OFF&quot;,&quot;workHours&quot;:[{&quot;startTime&quot;:&quot;08:00&quot;,&quot;endTime&quot;:&quot;17:30&quot;}]},&quot;saturday&quot;:{&quot;isWorkingOnDay&quot;:&quot;OFF&quot;,&quot;workHours&quot;:[{&quot;startTime&quot;:&quot;08:00&quot;,&quot;endTime&quot;:&quot;17:30&quot;}]}}},&quot;styles&quot;:{&quot;type&quot;:&quot;round&quot;,&quot;backgroundColor&quot;:&quot;#2DB742&quot;,&quot;textColor&quot;:&quot;#fff&quot;,&quot;label&quot;:&quot;Escr\\u00edbeme.&quot;,&quot;width&quot;:300,&quot;height&quot;:64},&quot;avatar&quot;:&quot;https:\\\/\\\/nonamepublicidad.com\\\/wp-content\\\/uploads\\\/2023\\\/02\\\/fabrizio_castillo.webp&quot;,&quot;options&quot;:{&quot;display&quot;:{&quot;displayCondition&quot;:&quot;showAllPage&quot;,&quot;includePages&quot;:[],&quot;excludePages&quot;:[],&quot;includePosts&quot;:[],&quot;showOnDesktop&quot;:&quot;ON&quot;,&quot;showOnMobile&quot;:&quot;ON&quot;,&quot;time_symbols&quot;:&quot;h:m&quot;},&quot;styles&quot;:{&quot;title&quot;:&quot;Start a Conversation&quot;,&quot;responseText&quot;:&quot;The team typically replies in a few minutes.&quot;,&quot;description&quot;:&quot;Hi! Click one of our member below to chat on &lt;strong&gt;WhatsApp&lt;\\\/strong&gt;&quot;,&quot;backgroundColor&quot;:&quot;#2db742&quot;,&quot;textColor&quot;:&quot;#fff&quot;,&quot;scrollHeight&quot;:500,&quot;isShowScroll&quot;:&quot;OFF&quot;,&quot;isShowResponseText&quot;:&quot;ON&quot;,&quot;isShowPoweredBy&quot;:&quot;ON&quot;,&quot;btnLabel&quot;:&quot;Need Help? &lt;strong&gt;Chat with us&lt;\\\/strong&gt;&quot;,&quot;btnLabelWidth&quot;:156,&quot;btnPosition&quot;:&quot;right&quot;,&quot;btnLeftDistance&quot;:30,&quot;btnRightDistance&quot;:30,&quot;btnBottomDistance&quot;:30,&quot;isShowBtnLabel&quot;:&quot;ON&quot;,&quot;isShowGDPR&quot;:&quot;OFF&quot;,&quot;gdprContent&quot;:&quot;Please accept our &lt;a href=\\&quot;https:\\\/\\\/ninjateam.org\\\/privacy-policy\\\/\\&quot;&gt;privacy policy&lt;\\\/a&gt; first to start a conversation.&quot;,&quot;widgetType&quot;:&quot;expandable&quot;},&quot;analytics&quot;:{&quot;enabledGoogle&quot;:&quot;OFF&quot;,&quot;enabledFacebook&quot;:&quot;OFF&quot;,&quot;enabledGoogleGA4&quot;:&quot;OFF&quot;}},&quot;gdprStatus&quot;:false,&quot;defaultAvatar&quot;:&quot;https:\\\/\\\/nonamepublicidad.com\\\/wp-content\\\/plugins\\\/whatsapp-for-wordpress\\\/assets\\\/img\\\/whatsapp_logo.svg&quot;}\"><\/div>\n<div style=\"visibility: hidden;\">sonido profesional, aud\u00edfonos, hdj, pioneer dj, dj, pioneer, aud\u00edfonos bluetooth<\/div>\n","protected":false},"featured_media":12452,"comment_status":"open","ping_status":"closed","template":"","meta":[],"product_brand":[],"product_cat":[3155,466],"product_tag":[3150,3164,3153,3151,3154,3152,3079],"class_list":{"0":"post-12461","1":"product","2":"type-product","3":"status-publish","4":"has-post-thumbnail","6":"product_cat-audifonos","7":"product_cat-instrumentos-musicales","8":"product_tag-audifonos","9":"product_tag-audifonos-bluetooth","10":"product_tag-dj","11":"product_tag-hdj","12":"product_tag-pioneer","13":"product_tag-pioneer-dj","14":"product_tag-sonido-profesional","16":"first","17":"instock","18":"virtual","19":"taxable","20":"product-type-simple"},"_links":{"self":[{"href":"https:\/\/nonamepublicidad.com\/en\/wp-json\/wp\/v2\/product\/12461","targetHints":{"allow":["GET"]}}],"collection":[{"href":"https:\/\/nonamepublicidad.com\/en\/wp-json\/wp\/v2\/product"}],"about":[{"href":"https:\/\/nonamepublicidad.com\/en\/wp-json\/wp\/v2\/types\/product"}],"replies":[{"embeddable":true,"href":"https:\/\/nonamepublicidad.com\/en\/wp-json\/wp\/v2\/comments?post=12461"}],"version-history":[{"count":0,"href":"https:\/\/nonamepublicidad.com\/en\/wp-json\/wp\/v2\/product\/12461\/revisions"}],"wp:featuredmedia":[{"embeddable":true,"href":"https:\/\/nonamepublicidad.com\/en\/wp-json\/wp\/v2\/media\/12452"}],"wp:attachment":[{"href":"https:\/\/nonamepublicidad.com\/en\/wp-json\/wp\/v2\/media?parent=12461"}],"wp:term":[{"taxonomy":"product_brand","embeddable":true,"href":"https:\/\/nonamepublicidad.com\/en\/wp-json\/wp\/v2\/product_brand?post=12461"},{"taxonomy":"product_cat","embeddable":true,"href":"https:\/\/nonamepublicidad.com\/en\/wp-json\/wp\/v2\/product_cat?post=12461"},{"taxonomy":"product_tag","embeddable":true,"href":"https:\/\/nonamepublicidad.com\/en\/wp-json\/wp\/v2\/product_tag?post=12461"}],"curies":[{"name":"wp","href":"https:\/\/api.w.org\/{rel}","templated":true}]}}