{"id":13108,"date":"2022-11-16T03:59:05","date_gmt":"2022-11-16T08:59:05","guid":{"rendered":"http:\/\/nonamepublicidad.com\/?post_type=product&#038;p=13108"},"modified":"2026-01-16T23:27:56","modified_gmt":"2026-01-17T04:27:56","slug":"fase-detox","status":"publish","type":"product","link":"https:\/\/nonamepublicidad.com\/en\/product\/fase-detox\/","title":{"rendered":"Fase Detox"},"content":{"rendered":"<p>\u201cDetox\u201d es un polvo homog\u00e9neo y uniforme, que al ser diluido con agua presentar\u00e1 una soluci\u00f3n acuosa color ligeramente verde. Nuestra combinaci\u00f3n de pitahaya, fibra de remolacha, moringa y salvado de trigo mejoran el transito digestivo, mientras que la Garcin\u00eda Cambogia crea un efecto de saciedad. Adem\u00e1s, el consumo constante de Garcina Cambogia combate las acumulaciones de grasa al tener un alto contenido de \u00e1cido hidroxic\u00edtrico. Se encuentra saborizado con un agradable sabor a cappuccino. Apto para intolerantes a la lactosa.<\/p>\n<p>Caracter\u00edsticas<br \/>\nPitahaya en polvo, fibra de remolacha, moringa, regulador de acidez (\u00e1cido c\u00edtrico), salvado de trigo, garcinia cambogia, extracto de caf\u00e9 verde, stevia (glic\u00f3sidos de Stevia), sabor t\u00e9 verde y anti aglutinante (fosfato tric\u00e1lcico).<\/p>","protected":false},"excerpt":{"rendered":"<p>Deliciosa bebida con sabor a t\u00e9 verde desintoxicante y quemador de grasa.<\/p>\n<p>Beneficios<\/p>\n<ul>\n<li>Mejora el tr\u00e1nsito digestivo.<\/li>\n<li>Previene el estre\u00f1imiento y alivia sus s\u00edntomas.<\/li>\n<li>Trata trastornos estomacales como gastritis y colitis.<\/li>\n<li>Disminuci\u00f3n de niveles de colesterol y triglic\u00e9ridos.<\/li>\n<li>Reduce la grasa corporal.<\/li>\n<li>Tiene efecto saciante.<\/li>\n<li>Acelera el metabolismo.<\/li>\n<li>Ayuda a la limpieza del h\u00edgado.<\/li>\n<\/ul>\n<p>Facebook: <a href=\"https:\/\/www.facebook.com\/profile.php?id=100085971403074\" target=\"_blank\" rel=\"noopener\">FaseGlobal of<\/a><\/p>\n<p>Instagram: <a href=\"https:\/\/www.instagram.com\/faseglobaloficial\/\" target=\"_blank\" rel=\"noopener\">faseglobaloficial<\/a><\/p>\n<p>TikTok: <a href=\"https:\/\/www.tiktok.com\/@faseglobaloficial\" target=\"_blank\" rel=\"noopener\">faseglobaloficial<\/a><\/p>\n<p>Correo: <a href=\"mailto:faseglobal2022@gmail.com\">faseglobal2022@gmail.com<\/a><\/p>\n<p>Pedidos al: <a href=\"tel:51998006992\">(+51) 998006992<\/a><\/p>\n<p>Contacto: Alon Melamed<\/p>\n<div class=\"nta_wa_button\" data-id=\"22753\" data-info=\"{&quot;name&quot;:&quot;Alon Melamed&quot;,&quot;info&quot;:{&quot;number&quot;:&quot;+51998006992&quot;,&quot;title&quot;:&quot;Alon Melamed | Tienda&quot;,&quot;predefinedText&quot;:&quot;Hola Alon Melamed. Me gustar\\u00eda m\\u00e1s informaci\\u00f3n de [njwa_page_title] Este es el link [njwa_page_url]&quot;,&quot;willBeBackText&quot;:&quot;I will be back in [njwa_time_work]&quot;,&quot;dayOffsText&quot;:&quot;I will be back soon&quot;,&quot;isAlwaysAvailable&quot;:&quot;ON&quot;,&quot;daysOfWeekWorking&quot;:{&quot;sunday&quot;:{&quot;isWorkingOnDay&quot;:&quot;OFF&quot;,&quot;workHours&quot;:[{&quot;startTime&quot;:&quot;08:00&quot;,&quot;endTime&quot;:&quot;17:30&quot;}]},&quot;monday&quot;:{&quot;isWorkingOnDay&quot;:&quot;OFF&quot;,&quot;workHours&quot;:[{&quot;startTime&quot;:&quot;08:00&quot;,&quot;endTime&quot;:&quot;17:30&quot;}]},&quot;tuesday&quot;:{&quot;isWorkingOnDay&quot;:&quot;OFF&quot;,&quot;workHours&quot;:[{&quot;startTime&quot;:&quot;08:00&quot;,&quot;endTime&quot;:&quot;17:30&quot;}]},&quot;wednesday&quot;:{&quot;isWorkingOnDay&quot;:&quot;OFF&quot;,&quot;workHours&quot;:[{&quot;startTime&quot;:&quot;08:00&quot;,&quot;endTime&quot;:&quot;17:30&quot;}]},&quot;thursday&quot;:{&quot;isWorkingOnDay&quot;:&quot;OFF&quot;,&quot;workHours&quot;:[{&quot;startTime&quot;:&quot;08:00&quot;,&quot;endTime&quot;:&quot;17:30&quot;}]},&quot;friday&quot;:{&quot;isWorkingOnDay&quot;:&quot;OFF&quot;,&quot;workHours&quot;:[{&quot;startTime&quot;:&quot;08:00&quot;,&quot;endTime&quot;:&quot;17:30&quot;}]},&quot;saturday&quot;:{&quot;isWorkingOnDay&quot;:&quot;OFF&quot;,&quot;workHours&quot;:[{&quot;startTime&quot;:&quot;08:00&quot;,&quot;endTime&quot;:&quot;17:30&quot;}]}}},&quot;styles&quot;:{&quot;type&quot;:&quot;round&quot;,&quot;backgroundColor&quot;:&quot;#2DB742&quot;,&quot;textColor&quot;:&quot;#fff&quot;,&quot;label&quot;:&quot;Necesitas ayuda? Hablemos&quot;,&quot;width&quot;:300,&quot;height&quot;:64},&quot;avatar&quot;:&quot;https:\\\/\\\/nonamepublicidad.com\\\/wp-content\\\/uploads\\\/2023\\\/04\\\/retrato_alon_melamed_fase_global_150x150.webp&quot;,&quot;options&quot;:{&quot;display&quot;:{&quot;displayCondition&quot;:&quot;showAllPage&quot;,&quot;includePages&quot;:[],&quot;excludePages&quot;:[],&quot;includePosts&quot;:[],&quot;showOnDesktop&quot;:&quot;ON&quot;,&quot;showOnMobile&quot;:&quot;ON&quot;,&quot;time_symbols&quot;:&quot;h:m&quot;},&quot;styles&quot;:{&quot;title&quot;:&quot;Start a Conversation&quot;,&quot;responseText&quot;:&quot;The team typically replies in a few minutes.&quot;,&quot;description&quot;:&quot;Hi! Click one of our member below to chat on &lt;strong&gt;WhatsApp&lt;\\\/strong&gt;&quot;,&quot;backgroundColor&quot;:&quot;#2db742&quot;,&quot;textColor&quot;:&quot;#fff&quot;,&quot;scrollHeight&quot;:500,&quot;isShowScroll&quot;:&quot;OFF&quot;,&quot;isShowResponseText&quot;:&quot;ON&quot;,&quot;isShowPoweredBy&quot;:&quot;ON&quot;,&quot;btnLabel&quot;:&quot;Need Help? &lt;strong&gt;Chat with us&lt;\\\/strong&gt;&quot;,&quot;btnLabelWidth&quot;:156,&quot;btnPosition&quot;:&quot;right&quot;,&quot;btnLeftDistance&quot;:30,&quot;btnRightDistance&quot;:30,&quot;btnBottomDistance&quot;:30,&quot;isShowBtnLabel&quot;:&quot;ON&quot;,&quot;isShowGDPR&quot;:&quot;OFF&quot;,&quot;gdprContent&quot;:&quot;Please accept our &lt;a href=\\&quot;https:\\\/\\\/ninjateam.org\\\/privacy-policy\\\/\\&quot;&gt;privacy policy&lt;\\\/a&gt; first to start a conversation.&quot;,&quot;widgetType&quot;:&quot;expandable&quot;},&quot;analytics&quot;:{&quot;enabledGoogle&quot;:&quot;OFF&quot;,&quot;enabledFacebook&quot;:&quot;OFF&quot;,&quot;enabledGoogleGA4&quot;:&quot;OFF&quot;}},&quot;gdprStatus&quot;:false,&quot;defaultAvatar&quot;:&quot;https:\\\/\\\/nonamepublicidad.com\\\/wp-content\\\/plugins\\\/whatsapp-for-wordpress\\\/assets\\\/img\\\/whatsapp_logo.svg&quot;}\"><\/div>\n<div style=\"visibility: hidden;\">quiero bajar de peso, quita el apetito, quita la ansiedad de comer, estre\u00f1imiento, limpieza del h\u00edgado, colesterol, sistema digestivo, productos nutricionales<\/div>\n","protected":false},"featured_media":20512,"comment_status":"open","ping_status":"closed","template":"","meta":[],"product_brand":[],"product_cat":[193,186],"product_tag":[3209,3207,3208,3211,3204,3205,3206,3210],"class_list":{"0":"post-13108","1":"product","2":"type-product","3":"status-publish","4":"has-post-thumbnail","6":"product_cat-farmacia","7":"product_cat-salud-y-belleza","8":"product_tag-colesterol","9":"product_tag-estrenimiento","10":"product_tag-limpieza-del-higado","11":"product_tag-productos-nutricionales","12":"product_tag-quiero-bajar-de-peso","13":"product_tag-quita-el-apetito","14":"product_tag-quita-la-ansiedad-de-comer","15":"product_tag-sistema-digestivo","17":"first","18":"instock","19":"featured","20":"virtual","21":"taxable","22":"product-type-simple"},"_links":{"self":[{"href":"https:\/\/nonamepublicidad.com\/en\/wp-json\/wp\/v2\/product\/13108","targetHints":{"allow":["GET"]}}],"collection":[{"href":"https:\/\/nonamepublicidad.com\/en\/wp-json\/wp\/v2\/product"}],"about":[{"href":"https:\/\/nonamepublicidad.com\/en\/wp-json\/wp\/v2\/types\/product"}],"replies":[{"embeddable":true,"href":"https:\/\/nonamepublicidad.com\/en\/wp-json\/wp\/v2\/comments?post=13108"}],"version-history":[{"count":0,"href":"https:\/\/nonamepublicidad.com\/en\/wp-json\/wp\/v2\/product\/13108\/revisions"}],"wp:featuredmedia":[{"embeddable":true,"href":"https:\/\/nonamepublicidad.com\/en\/wp-json\/wp\/v2\/media\/20512"}],"wp:attachment":[{"href":"https:\/\/nonamepublicidad.com\/en\/wp-json\/wp\/v2\/media?parent=13108"}],"wp:term":[{"taxonomy":"product_brand","embeddable":true,"href":"https:\/\/nonamepublicidad.com\/en\/wp-json\/wp\/v2\/product_brand?post=13108"},{"taxonomy":"product_cat","embeddable":true,"href":"https:\/\/nonamepublicidad.com\/en\/wp-json\/wp\/v2\/product_cat?post=13108"},{"taxonomy":"product_tag","embeddable":true,"href":"https:\/\/nonamepublicidad.com\/en\/wp-json\/wp\/v2\/product_tag?post=13108"}],"curies":[{"name":"wp","href":"https:\/\/api.w.org\/{rel}","templated":true}]}}