{"id":13122,"date":"2022-11-17T23:22:09","date_gmt":"2022-11-18T04:22:09","guid":{"rendered":"http:\/\/nonamepublicidad.com\/?post_type=product&#038;p=13122"},"modified":"2024-12-02T08:50:10","modified_gmt":"2024-12-02T13:50:10","slug":"fase-beauty","status":"publish","type":"product","link":"https:\/\/nonamepublicidad.com\/en\/product\/fase-beauty\/","title":{"rendered":"Fase Beauty"},"content":{"rendered":"<p>El col\u00e1geno con aguaje con sabor a frutos rojos (FASE BEAUTY) es un polvo homog\u00e9neo y uniforme, que al ser diluido con agua presentara una soluci\u00f3n acuosa casi transparente. Contiene Biotina, misma que ayuda evitando la ca\u00edda del cabello y mejorando su aspecto, es decir, ya el col\u00e1geno que tiene la funci\u00f3n de elasticidad en la piel y mejora en articulaciones, en conjunto con la biotina m\u00e1s la acci\u00f3n de la vitamina C para mejorar la absorci\u00f3n por el organismo van a armar una dosis para regenerar las articulaciones. Principalmente est\u00e1 hecha a base de harina de aguaje, la cual es conocida por su nivel hormonal, ayudando a regular en etapa de menop\u00e1usica. es un producto con col\u00e1geno hidrolizado equilibrado con la vitamina C y con agradable sabor a frutos rojos, apto para diab\u00e9ticos y cel\u00edacos.<\/p>\n<p>Caracter\u00edsticas<\/p>\n<p>Harina de aguaje, col\u00e1geno hidrolizado, maltodextrina, \u00e1cido c\u00edtrico, carbonato de magnesio, edulcorante, (sucralosa) estevia, sabor frutos rojos, biotina, mix de vitaminas y minerales (vitamina A, vitaminas de complejo B, vitamina C, vitamina D, vitamina E) caseinato de calcio, anti aglutinante (fosfato tric\u00e1lcico) y sulfato de zinc.<\/p>\n<p>&nbsp;<\/p>\n<p style=\"text-align: center;\"><iframe title=\"YouTube video player\" src=\"https:\/\/www.youtube.com\/embed\/ofTNxao4Hmw\" width=\"560\" height=\"315\" frameborder=\"0\" allowfullscreen=\"allowfullscreen\"><\/iframe><\/p>","protected":false},"excerpt":{"rendered":"<p>Deliciosa bebida con sabor a frutos rojos para el cabello, u\u00f1as y piel.<\/p>\n<p>Beneficios<\/p>\n<ul>\n<li>Fortalece e hidrata la piel, cabello y u\u00f1as.<\/li>\n<li>Promueve el crecimiento de cabellos sanos y aumenta su volumen.<\/li>\n<li>Reduce los dolores articulares.<\/li>\n<li>Contribuye a aumentar la masa muscular.<\/li>\n<li>Reduce la flacidez.<\/li>\n<li>Potente antioxidante.<\/li>\n<\/ul>\n<p>Facebook: <a href=\"https:\/\/www.facebook.com\/profile.php?id=100085971403074\" target=\"_blank\" rel=\"noopener\">FaseGlobal of<\/a><\/p>\n<p>Instagram: <a href=\"https:\/\/www.instagram.com\/faseglobaloficial\/\" target=\"_blank\" rel=\"noopener\">faseglobaloficial<\/a><\/p>\n<p>TikTok: <a href=\"https:\/\/www.tiktok.com\/@faseglobaloficial\" target=\"_blank\" rel=\"noopener\">faseglobaloficial<\/a><\/p>\n<p>Correo: <a href=\"mailto:faseglobal2022@gmail.com\">faseglobal2022@gmail.com<\/a><\/p>\n<p>Pedidos al: <a href=\"tel:51961444751\">(+51) 961444751<\/a><\/p>\n<p>Contacto: Alon Melamed<\/p>\n<div class=\"nta_wa_button\" data-id=\"13807\" data-info=\"{&quot;name&quot;:&quot;Alexander&quot;,&quot;info&quot;:{&quot;number&quot;:&quot;+51961444751&quot;,&quot;title&quot;:&quot;Fase | Tienda&quot;,&quot;predefinedText&quot;:&quot;Hola Alexander. Me gustar\\u00eda m\\u00e1s informaci\\u00f3n de [njwa_page_title] Este es el link [njwa_page_url]&quot;,&quot;willBeBackText&quot;:&quot;I will be back in [njwa_time_work]&quot;,&quot;dayOffsText&quot;:&quot;I will be back soon&quot;,&quot;isAlwaysAvailable&quot;:&quot;ON&quot;,&quot;daysOfWeekWorking&quot;:{&quot;sunday&quot;:{&quot;isWorkingOnDay&quot;:&quot;OFF&quot;,&quot;workHours&quot;:[{&quot;startTime&quot;:&quot;08:00&quot;,&quot;endTime&quot;:&quot;17:30&quot;}]},&quot;monday&quot;:{&quot;isWorkingOnDay&quot;:&quot;OFF&quot;,&quot;workHours&quot;:[{&quot;startTime&quot;:&quot;08:00&quot;,&quot;endTime&quot;:&quot;17:30&quot;}]},&quot;tuesday&quot;:{&quot;isWorkingOnDay&quot;:&quot;OFF&quot;,&quot;workHours&quot;:[{&quot;startTime&quot;:&quot;08:00&quot;,&quot;endTime&quot;:&quot;17:30&quot;}]},&quot;wednesday&quot;:{&quot;isWorkingOnDay&quot;:&quot;OFF&quot;,&quot;workHours&quot;:[{&quot;startTime&quot;:&quot;08:00&quot;,&quot;endTime&quot;:&quot;17:30&quot;}]},&quot;thursday&quot;:{&quot;isWorkingOnDay&quot;:&quot;OFF&quot;,&quot;workHours&quot;:[{&quot;startTime&quot;:&quot;08:00&quot;,&quot;endTime&quot;:&quot;17:30&quot;}]},&quot;friday&quot;:{&quot;isWorkingOnDay&quot;:&quot;OFF&quot;,&quot;workHours&quot;:[{&quot;startTime&quot;:&quot;08:00&quot;,&quot;endTime&quot;:&quot;17:30&quot;}]},&quot;saturday&quot;:{&quot;isWorkingOnDay&quot;:&quot;OFF&quot;,&quot;workHours&quot;:[{&quot;startTime&quot;:&quot;08:00&quot;,&quot;endTime&quot;:&quot;17:30&quot;}]}}},&quot;styles&quot;:{&quot;type&quot;:&quot;round&quot;,&quot;backgroundColor&quot;:&quot;#2DB742&quot;,&quot;textColor&quot;:&quot;#fff&quot;,&quot;label&quot;:&quot;Necesitas ayuda? Hablemos&quot;,&quot;width&quot;:300,&quot;height&quot;:64},&quot;avatar&quot;:&quot;https:\\\/\\\/nonamepublicidad.com\\\/wp-content\\\/uploads\\\/2023\\\/02\\\/logo_fase.webp&quot;,&quot;options&quot;:{&quot;display&quot;:{&quot;displayCondition&quot;:&quot;showAllPage&quot;,&quot;includePages&quot;:[],&quot;excludePages&quot;:[],&quot;includePosts&quot;:[],&quot;showOnDesktop&quot;:&quot;ON&quot;,&quot;showOnMobile&quot;:&quot;ON&quot;,&quot;time_symbols&quot;:&quot;h:m&quot;},&quot;styles&quot;:{&quot;title&quot;:&quot;Start a Conversation&quot;,&quot;responseText&quot;:&quot;The team typically replies in a few minutes.&quot;,&quot;description&quot;:&quot;Hi! Click one of our member below to chat on &lt;strong&gt;WhatsApp&lt;\\\/strong&gt;&quot;,&quot;backgroundColor&quot;:&quot;#2db742&quot;,&quot;textColor&quot;:&quot;#fff&quot;,&quot;scrollHeight&quot;:500,&quot;isShowScroll&quot;:&quot;OFF&quot;,&quot;isShowResponseText&quot;:&quot;ON&quot;,&quot;isShowPoweredBy&quot;:&quot;ON&quot;,&quot;btnLabel&quot;:&quot;Need Help? &lt;strong&gt;Chat with us&lt;\\\/strong&gt;&quot;,&quot;btnLabelWidth&quot;:156,&quot;btnPosition&quot;:&quot;right&quot;,&quot;btnLeftDistance&quot;:30,&quot;btnRightDistance&quot;:30,&quot;btnBottomDistance&quot;:30,&quot;isShowBtnLabel&quot;:&quot;ON&quot;,&quot;isShowGDPR&quot;:&quot;OFF&quot;,&quot;gdprContent&quot;:&quot;Please accept our &lt;a href=\\&quot;https:\\\/\\\/ninjateam.org\\\/privacy-policy\\\/\\&quot;&gt;privacy policy&lt;\\\/a&gt; first to start a conversation.&quot;,&quot;widgetType&quot;:&quot;expandable&quot;},&quot;analytics&quot;:{&quot;enabledGoogle&quot;:&quot;OFF&quot;,&quot;enabledFacebook&quot;:&quot;OFF&quot;,&quot;enabledGoogleGA4&quot;:&quot;OFF&quot;}},&quot;gdprStatus&quot;:false,&quot;defaultAvatar&quot;:&quot;https:\\\/\\\/nonamepublicidad.com\\\/wp-content\\\/plugins\\\/whatsapp-for-wordpress\\\/assets\\\/img\\\/whatsapp_logo.svg&quot;}\"><\/div>\n<div style=\"visibility: hidden;\">evita la ca\u00edda de cabello, u\u00f1as, elasticidad de la piel, hidrata la piel, productos nutricionales<\/div>\n","protected":false},"featured_media":13099,"comment_status":"open","ping_status":"closed","template":"","meta":[],"product_brand":[],"product_cat":[193,186],"product_tag":[3219,3217,3220,3211,3218],"class_list":{"0":"post-13122","1":"product","2":"type-product","3":"status-publish","4":"has-post-thumbnail","6":"product_cat-farmacia","7":"product_cat-salud-y-belleza","8":"product_tag-elasticidad-de-la-piel","9":"product_tag-evita-la-caida-de-cabello","10":"product_tag-hidrata-la-piel","11":"product_tag-productos-nutricionales","12":"product_tag-unas","14":"first","15":"instock","16":"virtual","17":"taxable","18":"product-type-simple"},"_links":{"self":[{"href":"https:\/\/nonamepublicidad.com\/en\/wp-json\/wp\/v2\/product\/13122","targetHints":{"allow":["GET"]}}],"collection":[{"href":"https:\/\/nonamepublicidad.com\/en\/wp-json\/wp\/v2\/product"}],"about":[{"href":"https:\/\/nonamepublicidad.com\/en\/wp-json\/wp\/v2\/types\/product"}],"replies":[{"embeddable":true,"href":"https:\/\/nonamepublicidad.com\/en\/wp-json\/wp\/v2\/comments?post=13122"}],"version-history":[{"count":0,"href":"https:\/\/nonamepublicidad.com\/en\/wp-json\/wp\/v2\/product\/13122\/revisions"}],"wp:featuredmedia":[{"embeddable":true,"href":"https:\/\/nonamepublicidad.com\/en\/wp-json\/wp\/v2\/media\/13099"}],"wp:attachment":[{"href":"https:\/\/nonamepublicidad.com\/en\/wp-json\/wp\/v2\/media?parent=13122"}],"wp:term":[{"taxonomy":"product_brand","embeddable":true,"href":"https:\/\/nonamepublicidad.com\/en\/wp-json\/wp\/v2\/product_brand?post=13122"},{"taxonomy":"product_cat","embeddable":true,"href":"https:\/\/nonamepublicidad.com\/en\/wp-json\/wp\/v2\/product_cat?post=13122"},{"taxonomy":"product_tag","embeddable":true,"href":"https:\/\/nonamepublicidad.com\/en\/wp-json\/wp\/v2\/product_tag?post=13122"}],"curies":[{"name":"wp","href":"https:\/\/api.w.org\/{rel}","templated":true}]}}