{"id":13126,"date":"2022-11-20T23:56:07","date_gmt":"2022-11-21T04:56:07","guid":{"rendered":"http:\/\/nonamepublicidad.com\/?post_type=product&#038;p=13126"},"modified":"2024-12-02T08:50:10","modified_gmt":"2024-12-02T13:50:10","slug":"fase-pro-whey","status":"publish","type":"product","link":"https:\/\/nonamepublicidad.com\/en\/product\/fase-pro-whey\/","title":{"rendered":"Fase Pro Whey"},"content":{"rendered":"<p>La prote\u00edna de vainilla FASE PRO WHEY es un polvo homog\u00e9neo y uniforme, hecho a base de prote\u00edna de origen animal. La prote\u00edna aislada de suero de leche (Whey Protein en ingl\u00e9s), misma que se obtiene al eliminar la cantidad suficientes de componentes no proteicos del suero l\u00e1cteo, de modo que el producto seco final contenga un 90% de prote\u00ednas a m\u00e1s. El aislado de prote\u00edna de suero l\u00e1cteo se produce mediante t\u00e9cnicas de separaci\u00f3n f\u00edsicas o qu\u00edmicas, como filtraci\u00f3n o intercambio i\u00f3nico. Al ser una prote\u00edna aislada su contenido de lactosa y grasa son menores a 1, adicionalmente, es una prote\u00edna completa o de alto valor biol\u00f3gico debido a que contiene los 9 amino\u00e1cido esenciales y especialmente, leucina, que es de las m\u00e1s requeridas por deportistas para aumentar\/construir musculo. Al proporcionarle amino\u00e1cidos esenciales al organismo, permitir\u00e1 desarrollar la fibra muscular y as\u00ed mismo estimulara la liberaci\u00f3n de hormonas que impulsan el crecimiento de los m\u00fasculos. producto apto para diab\u00e9ticos y celiacos. Libre de colorantes.<\/p>\n<p>Caracter\u00edsticas<\/p>\n<p>Prote\u00edna aislada de suero de leche, goma xantana, edulcorante y sabor a vainilla.<\/p>\n<p>&nbsp;<\/p>\n<p style=\"text-align: center;\"><iframe title=\"YouTube video player\" src=\"https:\/\/www.youtube.com\/embed\/ofTNxao4Hmw\" width=\"560\" height=\"315\" frameborder=\"0\" allowfullscreen=\"allowfullscreen\"><\/iframe><\/p>","protected":false},"excerpt":{"rendered":"<p>Deliciosa bebida con sabor a vainilla fuente de prote\u00ednas.<\/p>\n<p>Beneficios<\/p>\n<ul>\n<li>Tonifica los m\u00fasculos.<\/li>\n<li>Recupera y aumenta la masa muscular.<\/li>\n<li>Activa el mecanismo de defensa en el cuerpo.<\/li>\n<li>Regula el apetito.<\/li>\n<li>Prote\u00edna aislada de suero de leche.<\/li>\n<\/ul>\n<p>Facebook: <a href=\"https:\/\/www.facebook.com\/profile.php?id=100085971403074\" target=\"_blank\" rel=\"noopener\">FaseGlobal of<\/a><\/p>\n<p>Instagram: <a href=\"https:\/\/www.instagram.com\/faseglobaloficial\/\" target=\"_blank\" rel=\"noopener\">faseglobaloficial<\/a><\/p>\n<p>TikTok: <a href=\"https:\/\/www.tiktok.com\/@faseglobaloficial\" target=\"_blank\" rel=\"noopener\">faseglobaloficial<\/a><\/p>\n<p>Correo: <a href=\"mailto:faseglobal2022@gmail.com\">faseglobal2022@gmail.com<\/a><\/p>\n<p>Pedidos al: <a href=\"tel:51961444751\">(+51) 961444751<\/a><\/p>\n<p>Contacto: Alon Melamed<\/p>\n<div class=\"nta_wa_button\" data-id=\"13807\" data-info=\"{&quot;name&quot;:&quot;Alexander&quot;,&quot;info&quot;:{&quot;number&quot;:&quot;+51961444751&quot;,&quot;title&quot;:&quot;Fase | Tienda&quot;,&quot;predefinedText&quot;:&quot;Hola Alexander. Me gustar\\u00eda m\\u00e1s informaci\\u00f3n de [njwa_page_title] Este es el link [njwa_page_url]&quot;,&quot;willBeBackText&quot;:&quot;I will be back in [njwa_time_work]&quot;,&quot;dayOffsText&quot;:&quot;I will be back soon&quot;,&quot;isAlwaysAvailable&quot;:&quot;ON&quot;,&quot;daysOfWeekWorking&quot;:{&quot;sunday&quot;:{&quot;isWorkingOnDay&quot;:&quot;OFF&quot;,&quot;workHours&quot;:[{&quot;startTime&quot;:&quot;08:00&quot;,&quot;endTime&quot;:&quot;17:30&quot;}]},&quot;monday&quot;:{&quot;isWorkingOnDay&quot;:&quot;OFF&quot;,&quot;workHours&quot;:[{&quot;startTime&quot;:&quot;08:00&quot;,&quot;endTime&quot;:&quot;17:30&quot;}]},&quot;tuesday&quot;:{&quot;isWorkingOnDay&quot;:&quot;OFF&quot;,&quot;workHours&quot;:[{&quot;startTime&quot;:&quot;08:00&quot;,&quot;endTime&quot;:&quot;17:30&quot;}]},&quot;wednesday&quot;:{&quot;isWorkingOnDay&quot;:&quot;OFF&quot;,&quot;workHours&quot;:[{&quot;startTime&quot;:&quot;08:00&quot;,&quot;endTime&quot;:&quot;17:30&quot;}]},&quot;thursday&quot;:{&quot;isWorkingOnDay&quot;:&quot;OFF&quot;,&quot;workHours&quot;:[{&quot;startTime&quot;:&quot;08:00&quot;,&quot;endTime&quot;:&quot;17:30&quot;}]},&quot;friday&quot;:{&quot;isWorkingOnDay&quot;:&quot;OFF&quot;,&quot;workHours&quot;:[{&quot;startTime&quot;:&quot;08:00&quot;,&quot;endTime&quot;:&quot;17:30&quot;}]},&quot;saturday&quot;:{&quot;isWorkingOnDay&quot;:&quot;OFF&quot;,&quot;workHours&quot;:[{&quot;startTime&quot;:&quot;08:00&quot;,&quot;endTime&quot;:&quot;17:30&quot;}]}}},&quot;styles&quot;:{&quot;type&quot;:&quot;round&quot;,&quot;backgroundColor&quot;:&quot;#2DB742&quot;,&quot;textColor&quot;:&quot;#fff&quot;,&quot;label&quot;:&quot;Necesitas ayuda? Hablemos&quot;,&quot;width&quot;:300,&quot;height&quot;:64},&quot;avatar&quot;:&quot;https:\\\/\\\/nonamepublicidad.com\\\/wp-content\\\/uploads\\\/2023\\\/02\\\/logo_fase.webp&quot;,&quot;options&quot;:{&quot;display&quot;:{&quot;displayCondition&quot;:&quot;showAllPage&quot;,&quot;includePages&quot;:[],&quot;excludePages&quot;:[],&quot;includePosts&quot;:[],&quot;showOnDesktop&quot;:&quot;ON&quot;,&quot;showOnMobile&quot;:&quot;ON&quot;,&quot;time_symbols&quot;:&quot;h:m&quot;},&quot;styles&quot;:{&quot;title&quot;:&quot;Start a Conversation&quot;,&quot;responseText&quot;:&quot;The team typically replies in a few minutes.&quot;,&quot;description&quot;:&quot;Hi! Click one of our member below to chat on &lt;strong&gt;WhatsApp&lt;\\\/strong&gt;&quot;,&quot;backgroundColor&quot;:&quot;#2db742&quot;,&quot;textColor&quot;:&quot;#fff&quot;,&quot;scrollHeight&quot;:500,&quot;isShowScroll&quot;:&quot;OFF&quot;,&quot;isShowResponseText&quot;:&quot;ON&quot;,&quot;isShowPoweredBy&quot;:&quot;ON&quot;,&quot;btnLabel&quot;:&quot;Need Help? &lt;strong&gt;Chat with us&lt;\\\/strong&gt;&quot;,&quot;btnLabelWidth&quot;:156,&quot;btnPosition&quot;:&quot;right&quot;,&quot;btnLeftDistance&quot;:30,&quot;btnRightDistance&quot;:30,&quot;btnBottomDistance&quot;:30,&quot;isShowBtnLabel&quot;:&quot;ON&quot;,&quot;isShowGDPR&quot;:&quot;OFF&quot;,&quot;gdprContent&quot;:&quot;Please accept our &lt;a href=\\&quot;https:\\\/\\\/ninjateam.org\\\/privacy-policy\\\/\\&quot;&gt;privacy policy&lt;\\\/a&gt; first to start a conversation.&quot;,&quot;widgetType&quot;:&quot;expandable&quot;},&quot;analytics&quot;:{&quot;enabledGoogle&quot;:&quot;OFF&quot;,&quot;enabledFacebook&quot;:&quot;OFF&quot;,&quot;enabledGoogleGA4&quot;:&quot;OFF&quot;}},&quot;gdprStatus&quot;:false,&quot;defaultAvatar&quot;:&quot;https:\\\/\\\/nonamepublicidad.com\\\/wp-content\\\/plugins\\\/whatsapp-for-wordpress\\\/assets\\\/img\\\/whatsapp_logo.svg&quot;}\"><\/div>\n<div style=\"visibility: hidden;\">prote\u00ednas, m\u00fasculos, gimnasio, masa muscular, cuerpo, productos nutricionales<\/div>\n","protected":false},"featured_media":13105,"comment_status":"open","ping_status":"closed","template":"","meta":[],"product_brand":[],"product_cat":[193,186],"product_tag":[3228,3226,3227,3225,3211,3224],"class_list":{"0":"post-13126","1":"product","2":"type-product","3":"status-publish","4":"has-post-thumbnail","6":"product_cat-farmacia","7":"product_cat-salud-y-belleza","8":"product_tag-cuerpo","9":"product_tag-gimnasio","10":"product_tag-masa-muscular","11":"product_tag-musculos","12":"product_tag-productos-nutricionales","13":"product_tag-proteinas","15":"first","16":"instock","17":"virtual","18":"taxable","19":"product-type-simple"},"_links":{"self":[{"href":"https:\/\/nonamepublicidad.com\/en\/wp-json\/wp\/v2\/product\/13126","targetHints":{"allow":["GET"]}}],"collection":[{"href":"https:\/\/nonamepublicidad.com\/en\/wp-json\/wp\/v2\/product"}],"about":[{"href":"https:\/\/nonamepublicidad.com\/en\/wp-json\/wp\/v2\/types\/product"}],"replies":[{"embeddable":true,"href":"https:\/\/nonamepublicidad.com\/en\/wp-json\/wp\/v2\/comments?post=13126"}],"version-history":[{"count":0,"href":"https:\/\/nonamepublicidad.com\/en\/wp-json\/wp\/v2\/product\/13126\/revisions"}],"wp:featuredmedia":[{"embeddable":true,"href":"https:\/\/nonamepublicidad.com\/en\/wp-json\/wp\/v2\/media\/13105"}],"wp:attachment":[{"href":"https:\/\/nonamepublicidad.com\/en\/wp-json\/wp\/v2\/media?parent=13126"}],"wp:term":[{"taxonomy":"product_brand","embeddable":true,"href":"https:\/\/nonamepublicidad.com\/en\/wp-json\/wp\/v2\/product_brand?post=13126"},{"taxonomy":"product_cat","embeddable":true,"href":"https:\/\/nonamepublicidad.com\/en\/wp-json\/wp\/v2\/product_cat?post=13126"},{"taxonomy":"product_tag","embeddable":true,"href":"https:\/\/nonamepublicidad.com\/en\/wp-json\/wp\/v2\/product_tag?post=13126"}],"curies":[{"name":"wp","href":"https:\/\/api.w.org\/{rel}","templated":true}]}}