{"id":13128,"date":"2022-11-21T00:57:05","date_gmt":"2022-11-21T05:57:05","guid":{"rendered":"http:\/\/nonamepublicidad.com\/?post_type=product&#038;p=13128"},"modified":"2025-08-15T08:20:59","modified_gmt":"2025-08-15T13:20:59","slug":"fase-women","status":"publish","type":"product","link":"https:\/\/nonamepublicidad.com\/en\/product\/fase-women\/","title":{"rendered":"Fase Women"},"content":{"rendered":"<p>\u201cFase Woman\u201d, es un polvo homog\u00e9neo y uniforme, que al ser diluido con agua presentar\u00e1 una soluci\u00f3n acuosa, hecha a base de manzana, copos de avena, aguaje, salvado de trigo. Hay que tener en cuenta que la manzana, la avena y el salvado de trigo son altas en inositol, componente que ayuda en la regulaci\u00f3n del sistema, compensa el sistema hormonal y mejora la fertilidad, en conjunto con el aguaje va a ayudar a nivel hormonal en el organismo femenino puesto que va a permitir que el ciclo menstrual se desarrolle de manera \u00f3ptima. El aguaje contiene progest\u00e1geno, hormona que ayuda a que el \u00fatero est\u00e9 listo para mantener un \u00f3vulo fertilizado. La progesterona tambi\u00e9n prepara los senos para que produzcan leche. Fortalecido con diversas vitaminas y minerales, entre ellas el \u00e1cido f\u00f3lico. Libre de materias extra\u00f1as. Producto apto para diab\u00e9ticos e intolerantes a la lactosa.<\/p>\n<p>Caracter\u00edsticas<\/p>\n<p>Extracto de manzana en polvo, copos de avena gelatinizada, pl\u00e1tano, maltodextrina, harina de aguaje, salvado de trigo, mix de vitaminas y minerales (Vit A, vitaminas del complejo B, vitamina C, vitamina D, vitamina E, yodo, magnesio, hierro), edulcorante (sucralosa), \u00e1cido c\u00edtrico, zinc (sulfato de zinc), sabor frutos rojos, color rojo 40 y anti aglutinante (fosfato tric\u00e1lcico).<\/p>\n<p>&nbsp;<\/p>\n<p style=\"text-align: center;\"><iframe title=\"YouTube video player\" src=\"https:\/\/www.youtube.com\/embed\/ofTNxao4Hmw\" width=\"560\" height=\"315\" frameborder=\"0\" allowfullscreen=\"allowfullscreen\"><\/iframe><\/p>","protected":false},"excerpt":{"rendered":"<p>Deliciosa bebida con sabor a frutos rojos, rico en vitaminas y minerales.<\/p>\n<p>Beneficios<\/p>\n<ul>\n<li>Evita los calambres musculares y abdominales.<\/li>\n<li>Ayuda a regular la presi\u00f3n arterial.<\/li>\n<li>Mejora el humor y ayuda a combatir la depresi\u00f3n.<\/li>\n<li>Detiene el crecimiento y desarrollo de tumores.<\/li>\n<li>Rejuvenece la piel y mejora su textura.<\/li>\n<\/ul>\n<p>Facebook: <a href=\"https:\/\/www.facebook.com\/profile.php?id=100085971403074\" target=\"_blank\" rel=\"noopener\">FaseGlobal of<\/a><\/p>\n<p>Instagram: <a href=\"https:\/\/www.instagram.com\/faseglobaloficial\/\" target=\"_blank\" rel=\"noopener\">faseglobaloficial<\/a><\/p>\n<p>TikTok: <a href=\"https:\/\/www.tiktok.com\/@faseglobaloficial\" target=\"_blank\" rel=\"noopener\">faseglobaloficial<\/a><\/p>\n<p>Correo: <a href=\"mailto:faseglobal2022@gmail.com\">faseglobal2022@gmail.com<\/a><\/p>\n<p>Pedidos al: <a href=\"tel:51998006992\">(+51) 998006992<\/a><\/p>\n<p>Contacto: Alon Melamed<\/p>\n<div class=\"nta_wa_button\" data-id=\"22753\" data-info=\"{&quot;name&quot;:&quot;Alon Melamed&quot;,&quot;info&quot;:{&quot;number&quot;:&quot;+51998006992&quot;,&quot;title&quot;:&quot;Alon Melamed | Tienda&quot;,&quot;predefinedText&quot;:&quot;Hola Alon Melamed. Me gustar\\u00eda m\\u00e1s informaci\\u00f3n de [njwa_page_title] Este es el link [njwa_page_url]&quot;,&quot;willBeBackText&quot;:&quot;I will be back in [njwa_time_work]&quot;,&quot;dayOffsText&quot;:&quot;I will be back soon&quot;,&quot;isAlwaysAvailable&quot;:&quot;ON&quot;,&quot;daysOfWeekWorking&quot;:{&quot;sunday&quot;:{&quot;isWorkingOnDay&quot;:&quot;OFF&quot;,&quot;workHours&quot;:[{&quot;startTime&quot;:&quot;08:00&quot;,&quot;endTime&quot;:&quot;17:30&quot;}]},&quot;monday&quot;:{&quot;isWorkingOnDay&quot;:&quot;OFF&quot;,&quot;workHours&quot;:[{&quot;startTime&quot;:&quot;08:00&quot;,&quot;endTime&quot;:&quot;17:30&quot;}]},&quot;tuesday&quot;:{&quot;isWorkingOnDay&quot;:&quot;OFF&quot;,&quot;workHours&quot;:[{&quot;startTime&quot;:&quot;08:00&quot;,&quot;endTime&quot;:&quot;17:30&quot;}]},&quot;wednesday&quot;:{&quot;isWorkingOnDay&quot;:&quot;OFF&quot;,&quot;workHours&quot;:[{&quot;startTime&quot;:&quot;08:00&quot;,&quot;endTime&quot;:&quot;17:30&quot;}]},&quot;thursday&quot;:{&quot;isWorkingOnDay&quot;:&quot;OFF&quot;,&quot;workHours&quot;:[{&quot;startTime&quot;:&quot;08:00&quot;,&quot;endTime&quot;:&quot;17:30&quot;}]},&quot;friday&quot;:{&quot;isWorkingOnDay&quot;:&quot;OFF&quot;,&quot;workHours&quot;:[{&quot;startTime&quot;:&quot;08:00&quot;,&quot;endTime&quot;:&quot;17:30&quot;}]},&quot;saturday&quot;:{&quot;isWorkingOnDay&quot;:&quot;OFF&quot;,&quot;workHours&quot;:[{&quot;startTime&quot;:&quot;08:00&quot;,&quot;endTime&quot;:&quot;17:30&quot;}]}}},&quot;styles&quot;:{&quot;type&quot;:&quot;round&quot;,&quot;backgroundColor&quot;:&quot;#2DB742&quot;,&quot;textColor&quot;:&quot;#fff&quot;,&quot;label&quot;:&quot;Necesitas ayuda? Hablemos&quot;,&quot;width&quot;:300,&quot;height&quot;:64},&quot;avatar&quot;:&quot;https:\\\/\\\/nonamepublicidad.com\\\/wp-content\\\/uploads\\\/2023\\\/04\\\/retrato_alon_melamed_fase_global_150x150.webp&quot;,&quot;options&quot;:{&quot;display&quot;:{&quot;displayCondition&quot;:&quot;showAllPage&quot;,&quot;includePages&quot;:[],&quot;excludePages&quot;:[],&quot;includePosts&quot;:[],&quot;showOnDesktop&quot;:&quot;ON&quot;,&quot;showOnMobile&quot;:&quot;ON&quot;,&quot;time_symbols&quot;:&quot;h:m&quot;},&quot;styles&quot;:{&quot;title&quot;:&quot;Start a Conversation&quot;,&quot;responseText&quot;:&quot;The team typically replies in a few minutes.&quot;,&quot;description&quot;:&quot;Hi! Click one of our member below to chat on &lt;strong&gt;WhatsApp&lt;\\\/strong&gt;&quot;,&quot;backgroundColor&quot;:&quot;#2db742&quot;,&quot;textColor&quot;:&quot;#fff&quot;,&quot;scrollHeight&quot;:500,&quot;isShowScroll&quot;:&quot;OFF&quot;,&quot;isShowResponseText&quot;:&quot;ON&quot;,&quot;isShowPoweredBy&quot;:&quot;ON&quot;,&quot;btnLabel&quot;:&quot;Need Help? &lt;strong&gt;Chat with us&lt;\\\/strong&gt;&quot;,&quot;btnLabelWidth&quot;:156,&quot;btnPosition&quot;:&quot;right&quot;,&quot;btnLeftDistance&quot;:30,&quot;btnRightDistance&quot;:30,&quot;btnBottomDistance&quot;:30,&quot;isShowBtnLabel&quot;:&quot;ON&quot;,&quot;isShowGDPR&quot;:&quot;OFF&quot;,&quot;gdprContent&quot;:&quot;Please accept our &lt;a href=\\&quot;https:\\\/\\\/ninjateam.org\\\/privacy-policy\\\/\\&quot;&gt;privacy policy&lt;\\\/a&gt; first to start a conversation.&quot;,&quot;widgetType&quot;:&quot;expandable&quot;},&quot;analytics&quot;:{&quot;enabledGoogle&quot;:&quot;OFF&quot;,&quot;enabledFacebook&quot;:&quot;OFF&quot;,&quot;enabledGoogleGA4&quot;:&quot;OFF&quot;}},&quot;gdprStatus&quot;:false,&quot;defaultAvatar&quot;:&quot;https:\\\/\\\/nonamepublicidad.com\\\/wp-content\\\/plugins\\\/whatsapp-for-wordpress\\\/assets\\\/img\\\/whatsapp_logo.svg&quot;}\"><\/div>\n<div style=\"visibility: hidden;\">regulador de hormonas, presi\u00f3n arterial, depresi\u00f3n, calambres, productos nutricionales<\/div>\n","protected":false},"featured_media":20515,"comment_status":"open","ping_status":"closed","template":"","meta":[],"product_brand":[],"product_cat":[193,186],"product_tag":[3232,3231,3230,3211,3229],"class_list":{"0":"post-13128","1":"product","2":"type-product","3":"status-publish","4":"has-post-thumbnail","6":"product_cat-farmacia","7":"product_cat-salud-y-belleza","8":"product_tag-calambres","9":"product_tag-depresion","10":"product_tag-presion-arterial","11":"product_tag-productos-nutricionales","12":"product_tag-regulador-de-hormonas","14":"first","15":"instock","16":"virtual","17":"taxable","18":"product-type-simple"},"_links":{"self":[{"href":"https:\/\/nonamepublicidad.com\/en\/wp-json\/wp\/v2\/product\/13128","targetHints":{"allow":["GET"]}}],"collection":[{"href":"https:\/\/nonamepublicidad.com\/en\/wp-json\/wp\/v2\/product"}],"about":[{"href":"https:\/\/nonamepublicidad.com\/en\/wp-json\/wp\/v2\/types\/product"}],"replies":[{"embeddable":true,"href":"https:\/\/nonamepublicidad.com\/en\/wp-json\/wp\/v2\/comments?post=13128"}],"version-history":[{"count":0,"href":"https:\/\/nonamepublicidad.com\/en\/wp-json\/wp\/v2\/product\/13128\/revisions"}],"wp:featuredmedia":[{"embeddable":true,"href":"https:\/\/nonamepublicidad.com\/en\/wp-json\/wp\/v2\/media\/20515"}],"wp:attachment":[{"href":"https:\/\/nonamepublicidad.com\/en\/wp-json\/wp\/v2\/media?parent=13128"}],"wp:term":[{"taxonomy":"product_brand","embeddable":true,"href":"https:\/\/nonamepublicidad.com\/en\/wp-json\/wp\/v2\/product_brand?post=13128"},{"taxonomy":"product_cat","embeddable":true,"href":"https:\/\/nonamepublicidad.com\/en\/wp-json\/wp\/v2\/product_cat?post=13128"},{"taxonomy":"product_tag","embeddable":true,"href":"https:\/\/nonamepublicidad.com\/en\/wp-json\/wp\/v2\/product_tag?post=13128"}],"curies":[{"name":"wp","href":"https:\/\/api.w.org\/{rel}","templated":true}]}}