{"id":14192,"date":"2023-02-22T06:38:50","date_gmt":"2023-02-22T11:38:50","guid":{"rendered":"http:\/\/nonamepublicidad.com\/?post_type=product&#038;p=14192"},"modified":"2024-12-02T08:50:10","modified_gmt":"2024-12-02T13:50:10","slug":"desarrollo-de-apps-para-android","status":"publish","type":"product","link":"https:\/\/nonamepublicidad.com\/en\/product\/desarrollo-de-apps-para-android\/","title":{"rendered":"Desarrollo de Apps para Android"},"content":{"rendered":"<p><strong>Desarrollo de aplicaciones m\u00f3viles Android APPS<\/strong><\/p>\n<p>Dise\u00f1amos interfaces con las mejores pr\u00e1cticas de UX y UI que existen en el ecosistema m\u00f3vil.<\/p>\n<p>&nbsp;<\/p>\n<p><strong>Desarrollo de aplicaciones con Flutter<\/strong><\/p>\n<p>Ponemos especial cuidado en el dise\u00f1o de las interfaces y la experiencia del usuario.<\/p>\n<p>&nbsp;<\/p>\n<p><strong>Aplicaciones m\u00f3viles<\/strong><\/p>\n<p>Para sistemas operativo iOS (iPhone e iPad) y Android.<\/p>\n<p>&nbsp;<\/p>\n<p><strong>Retroalimentaci\u00f3n<\/strong><\/p>\n<p>Cada cierto tiempo testeamos la aplicaci\u00f3n ambas partes.<\/p>\n<p>&nbsp;<\/p>\n<p><strong>Escalable<\/strong><\/p>\n<p>La Arquitectura de la aplicaci\u00f3n y la buena documentaci\u00f3n permitir\u00e1 el crecimiento del proyecto.<\/p>\n<p>&nbsp;<\/p>\n<p><strong>Beneficios de una APP<\/strong><\/p>\n<ul>\n<li>Con m\u00e1s del 70% de cuota en el mercado, Android se ha convertido en una referencia en el desarrollo de aplicaciones m\u00f3viles.<\/li>\n<li>Fortalecer\u00e1s tu marca y abrir\u00e1s un nuevo canal de venta donde los usuarios podr\u00e1n realizar una compra o solicitar tus servicios.<\/li>\n<li>Cuando un cliente usa regularmente tu aplicaci\u00f3n m\u00f3vil, se acordar\u00e1 de tu marca. Lo que te ayuda a posicionarte mejor.<\/li>\n<li>Podr\u00e1s usar las notificaciones push para informar nuevos lanzamientos, ofertas, descuentos, eventos y muchos m\u00e1s.<\/li>\n<li>Llevamos a cabo tareas de an\u00e1lisis de proyectos, dise\u00f1o UI\/UX, usabilidad, desarrollo y seguridad hasta la publicaci\u00f3n de tu app en las tiendas de AppStore o Google Play.<\/li>\n<\/ul>","protected":false},"excerpt":{"rendered":"<p>Desarrollo de Apps para Android<\/p>\n<p>Desarrollo de apps con Flutter, nuestra clara apuesta de futuro. Con la nueva plataforma de Flutter, reducir\u00e1s costes de las apps de tu empresa e incrementaras los tiempos de desarrollo de forma considerable.<\/p>\n<p>Consultas al: <a href=\"tel:51941203813\">(+51) 941203813<\/a><\/p>\n<div class=\"nta_wa_button\" data-id=\"13293\" data-info=\"{&quot;name&quot;:&quot;Orlando (Per\\u00fa)&quot;,&quot;info&quot;:{&quot;number&quot;:&quot;+51941203813&quot;,&quot;title&quot;:&quot;Orlando&quot;,&quot;predefinedText&quot;:&quot;Hola Orlando, solicito informaci\\u00f3n de [njwa_page_title] Enlace: [njwa_page_url]&quot;,&quot;willBeBackText&quot;:&quot;I will be back in [njwa_time_work]&quot;,&quot;dayOffsText&quot;:&quot;I will be back soon&quot;,&quot;isAlwaysAvailable&quot;:&quot;ON&quot;,&quot;daysOfWeekWorking&quot;:{&quot;sunday&quot;:{&quot;isWorkingOnDay&quot;:&quot;OFF&quot;,&quot;workHours&quot;:[{&quot;startTime&quot;:&quot;08:00&quot;,&quot;endTime&quot;:&quot;17:30&quot;}]},&quot;monday&quot;:{&quot;isWorkingOnDay&quot;:&quot;OFF&quot;,&quot;workHours&quot;:[{&quot;startTime&quot;:&quot;08:00&quot;,&quot;endTime&quot;:&quot;17:30&quot;}]},&quot;tuesday&quot;:{&quot;isWorkingOnDay&quot;:&quot;OFF&quot;,&quot;workHours&quot;:[{&quot;startTime&quot;:&quot;08:00&quot;,&quot;endTime&quot;:&quot;17:30&quot;}]},&quot;wednesday&quot;:{&quot;isWorkingOnDay&quot;:&quot;OFF&quot;,&quot;workHours&quot;:[{&quot;startTime&quot;:&quot;08:00&quot;,&quot;endTime&quot;:&quot;17:30&quot;}]},&quot;thursday&quot;:{&quot;isWorkingOnDay&quot;:&quot;OFF&quot;,&quot;workHours&quot;:[{&quot;startTime&quot;:&quot;08:00&quot;,&quot;endTime&quot;:&quot;17:30&quot;}]},&quot;friday&quot;:{&quot;isWorkingOnDay&quot;:&quot;OFF&quot;,&quot;workHours&quot;:[{&quot;startTime&quot;:&quot;08:00&quot;,&quot;endTime&quot;:&quot;17:30&quot;}]},&quot;saturday&quot;:{&quot;isWorkingOnDay&quot;:&quot;OFF&quot;,&quot;workHours&quot;:[{&quot;startTime&quot;:&quot;08:00&quot;,&quot;endTime&quot;:&quot;17:30&quot;}]}}},&quot;styles&quot;:{&quot;type&quot;:&quot;round&quot;,&quot;backgroundColor&quot;:&quot;#2DB742&quot;,&quot;textColor&quot;:&quot;#fff&quot;,&quot;label&quot;:&quot;Necesitas ayuda? Hablemos \\\/ Do you need help? Let&#039;s talk&quot;,&quot;width&quot;:300,&quot;height&quot;:64},&quot;avatar&quot;:&quot;https:\\\/\\\/nonamepublicidad.com\\\/wp-content\\\/uploads\\\/2020\\\/07\\\/noname-icon_152x152.png&quot;,&quot;options&quot;:{&quot;display&quot;:{&quot;displayCondition&quot;:&quot;showAllPage&quot;,&quot;includePages&quot;:[],&quot;excludePages&quot;:[],&quot;includePosts&quot;:[],&quot;showOnDesktop&quot;:&quot;ON&quot;,&quot;showOnMobile&quot;:&quot;ON&quot;,&quot;time_symbols&quot;:&quot;h:m&quot;},&quot;styles&quot;:{&quot;title&quot;:&quot;Start a Conversation&quot;,&quot;responseText&quot;:&quot;The team typically replies in a few minutes.&quot;,&quot;description&quot;:&quot;Hi! Click one of our member below to chat on &lt;strong&gt;WhatsApp&lt;\\\/strong&gt;&quot;,&quot;backgroundColor&quot;:&quot;#2db742&quot;,&quot;textColor&quot;:&quot;#fff&quot;,&quot;scrollHeight&quot;:500,&quot;isShowScroll&quot;:&quot;OFF&quot;,&quot;isShowResponseText&quot;:&quot;ON&quot;,&quot;isShowPoweredBy&quot;:&quot;ON&quot;,&quot;btnLabel&quot;:&quot;Need Help? &lt;strong&gt;Chat with us&lt;\\\/strong&gt;&quot;,&quot;btnLabelWidth&quot;:156,&quot;btnPosition&quot;:&quot;right&quot;,&quot;btnLeftDistance&quot;:30,&quot;btnRightDistance&quot;:30,&quot;btnBottomDistance&quot;:30,&quot;isShowBtnLabel&quot;:&quot;ON&quot;,&quot;isShowGDPR&quot;:&quot;OFF&quot;,&quot;gdprContent&quot;:&quot;Please accept our &lt;a href=\\&quot;https:\\\/\\\/ninjateam.org\\\/privacy-policy\\\/\\&quot;&gt;privacy policy&lt;\\\/a&gt; first to start a conversation.&quot;,&quot;widgetType&quot;:&quot;expandable&quot;},&quot;analytics&quot;:{&quot;enabledGoogle&quot;:&quot;OFF&quot;,&quot;enabledFacebook&quot;:&quot;OFF&quot;,&quot;enabledGoogleGA4&quot;:&quot;OFF&quot;}},&quot;gdprStatus&quot;:false,&quot;defaultAvatar&quot;:&quot;https:\\\/\\\/nonamepublicidad.com\\\/wp-content\\\/plugins\\\/whatsapp-for-wordpress\\\/assets\\\/img\\\/whatsapp_logo.svg&quot;}\"><\/div>\n<div style=\"visibility: hidden;\">software, app, apps, dise\u00f1o de aplicaciones para android, dise\u00f1o de aplicaciones para ios, apps de tu empresa, desarrollo de aplicaciones m\u00f3viles, aplicaciones m\u00f3viles<\/div>\n","protected":false},"featured_media":14457,"comment_status":"open","ping_status":"closed","template":"","meta":[],"product_brand":[],"product_cat":[305,322],"product_tag":[3274,3268,3269,3272,3273,3270,3271,2381],"class_list":{"0":"post-14192","1":"product","2":"type-product","3":"status-publish","4":"has-post-thumbnail","6":"product_cat-computacion","7":"product_cat-software-para-pc","8":"product_tag-aplicaciones-moviles","9":"product_tag-app","10":"product_tag-apps","11":"product_tag-apps-de-tu-empresa","12":"product_tag-desarrollo-de-aplicaciones-moviles","13":"product_tag-diseno-de-aplicaciones-para-android","14":"product_tag-diseno-de-aplicaciones-para-ios","15":"product_tag-software","17":"first","18":"instock","19":"virtual","20":"taxable","21":"product-type-simple"},"_links":{"self":[{"href":"https:\/\/nonamepublicidad.com\/en\/wp-json\/wp\/v2\/product\/14192","targetHints":{"allow":["GET"]}}],"collection":[{"href":"https:\/\/nonamepublicidad.com\/en\/wp-json\/wp\/v2\/product"}],"about":[{"href":"https:\/\/nonamepublicidad.com\/en\/wp-json\/wp\/v2\/types\/product"}],"replies":[{"embeddable":true,"href":"https:\/\/nonamepublicidad.com\/en\/wp-json\/wp\/v2\/comments?post=14192"}],"version-history":[{"count":0,"href":"https:\/\/nonamepublicidad.com\/en\/wp-json\/wp\/v2\/product\/14192\/revisions"}],"wp:featuredmedia":[{"embeddable":true,"href":"https:\/\/nonamepublicidad.com\/en\/wp-json\/wp\/v2\/media\/14457"}],"wp:attachment":[{"href":"https:\/\/nonamepublicidad.com\/en\/wp-json\/wp\/v2\/media?parent=14192"}],"wp:term":[{"taxonomy":"product_brand","embeddable":true,"href":"https:\/\/nonamepublicidad.com\/en\/wp-json\/wp\/v2\/product_brand?post=14192"},{"taxonomy":"product_cat","embeddable":true,"href":"https:\/\/nonamepublicidad.com\/en\/wp-json\/wp\/v2\/product_cat?post=14192"},{"taxonomy":"product_tag","embeddable":true,"href":"https:\/\/nonamepublicidad.com\/en\/wp-json\/wp\/v2\/product_tag?post=14192"}],"curies":[{"name":"wp","href":"https:\/\/api.w.org\/{rel}","templated":true}]}}