{"id":14428,"date":"2023-03-11T06:39:37","date_gmt":"2023-03-11T11:39:37","guid":{"rendered":"http:\/\/nonamepublicidad.com\/?post_type=product&#038;p=14428"},"modified":"2024-12-02T08:50:11","modified_gmt":"2024-12-02T13:50:11","slug":"software-para-ventas","status":"publish","type":"product","link":"https:\/\/nonamepublicidad.com\/en\/product\/software-para-ventas\/","title":{"rendered":"Software para Ventas"},"content":{"rendered":"<p><strong>Sistema para Ventas con Facturaci\u00f3n Electr\u00f3nica<\/strong><\/p>\n<p>Reportes desde cualquier lugar en tiempo real.<\/p>\n<p>&nbsp;<\/p>\n<p><strong>Tiempo Real<\/strong><\/p>\n<p>Puedes ver los reportes de tu negocio en tiempo real.<\/p>\n<p>&nbsp;<\/p>\n<p><strong>Todos los dispositivos compatibles<\/strong><\/p>\n<p>Puedes conectarte a tu sistema desde cualquier dispositivo con conexi\u00f3n a Internet.<\/p>\n<p>&nbsp;<\/p>\n<p><strong>Facturaci\u00f3n electr\u00f3nica &amp; Control interno<\/strong><\/p>\n<p>Puedes emitir facturas, boletas y\/o tickets.<\/p>\n<p><strong>\u00a0<\/strong><\/p>\n<p><strong>Principales funciones<\/strong><\/p>\n<p>Nuestro Software para ventas est\u00e1 dise\u00f1ado para pantallas t\u00e1ctil, b\u00fasqueda de productos con lector de c\u00f3digos de barra.<\/p>\n<ul>\n<li>Registro de clientes y proveedores.<\/li>\n<li>Registro de productos y servicios.<\/li>\n<li>Registro de compras.<\/li>\n<li>Registra lotes de producto + fecha de caducidad.<\/li>\n<li>Ventas de control interno tickets.<\/li>\n<li>Venta r\u00e1pida por c\u00f3digo de barras.<\/li>\n<li>Registro f\u00e1cil de inventario.<\/li>\n<li>Inventario valorizado.<\/li>\n<li>Control de stock e inventario.<\/li>\n<li>Consulta de stock en los almacenes.<\/li>\n<li>Reporte de cuentas por cobrar.<\/li>\n<li>Cuentas por pagar.<\/li>\n<li>Reporte de caja chica y liquidaci\u00f3n.<\/li>\n<li>Cotizaciones y pedidos.<\/li>\n<\/ul>","protected":false},"excerpt":{"rendered":"<p>Sistema para ventas con facturaci\u00f3n electr\u00f3nica.<br \/>\nGenera facturas y\/o boletas electr\u00f3nicas f\u00e1cilmente &amp; tickets de control interno.<br \/>\nControl de stocks.<br \/>\nRealiza tus inventarios f\u00e1cilmente, empieza ya.<br \/>\nUn sistema de ventas para ferreter\u00eda, agro-veterinaria, mini-market, bodega, farmacia, botica y comercio en general.<\/p>\n<p>Solicita una demostraci\u00f3n: <a href=\"tel:51941203813\">(+51) 941203813<\/a><\/p>\n<div class=\"nta_wa_button\" data-id=\"13293\" data-info=\"{&quot;name&quot;:&quot;Orlando (Per\\u00fa)&quot;,&quot;info&quot;:{&quot;number&quot;:&quot;+51941203813&quot;,&quot;title&quot;:&quot;Orlando&quot;,&quot;predefinedText&quot;:&quot;Hola Orlando, solicito informaci\\u00f3n de [njwa_page_title] Enlace: [njwa_page_url]&quot;,&quot;willBeBackText&quot;:&quot;I will be back in [njwa_time_work]&quot;,&quot;dayOffsText&quot;:&quot;I will be back soon&quot;,&quot;isAlwaysAvailable&quot;:&quot;ON&quot;,&quot;daysOfWeekWorking&quot;:{&quot;sunday&quot;:{&quot;isWorkingOnDay&quot;:&quot;OFF&quot;,&quot;workHours&quot;:[{&quot;startTime&quot;:&quot;08:00&quot;,&quot;endTime&quot;:&quot;17:30&quot;}]},&quot;monday&quot;:{&quot;isWorkingOnDay&quot;:&quot;OFF&quot;,&quot;workHours&quot;:[{&quot;startTime&quot;:&quot;08:00&quot;,&quot;endTime&quot;:&quot;17:30&quot;}]},&quot;tuesday&quot;:{&quot;isWorkingOnDay&quot;:&quot;OFF&quot;,&quot;workHours&quot;:[{&quot;startTime&quot;:&quot;08:00&quot;,&quot;endTime&quot;:&quot;17:30&quot;}]},&quot;wednesday&quot;:{&quot;isWorkingOnDay&quot;:&quot;OFF&quot;,&quot;workHours&quot;:[{&quot;startTime&quot;:&quot;08:00&quot;,&quot;endTime&quot;:&quot;17:30&quot;}]},&quot;thursday&quot;:{&quot;isWorkingOnDay&quot;:&quot;OFF&quot;,&quot;workHours&quot;:[{&quot;startTime&quot;:&quot;08:00&quot;,&quot;endTime&quot;:&quot;17:30&quot;}]},&quot;friday&quot;:{&quot;isWorkingOnDay&quot;:&quot;OFF&quot;,&quot;workHours&quot;:[{&quot;startTime&quot;:&quot;08:00&quot;,&quot;endTime&quot;:&quot;17:30&quot;}]},&quot;saturday&quot;:{&quot;isWorkingOnDay&quot;:&quot;OFF&quot;,&quot;workHours&quot;:[{&quot;startTime&quot;:&quot;08:00&quot;,&quot;endTime&quot;:&quot;17:30&quot;}]}}},&quot;styles&quot;:{&quot;type&quot;:&quot;round&quot;,&quot;backgroundColor&quot;:&quot;#2DB742&quot;,&quot;textColor&quot;:&quot;#fff&quot;,&quot;label&quot;:&quot;Necesitas ayuda? Hablemos \\\/ Do you need help? Let&#039;s talk&quot;,&quot;width&quot;:300,&quot;height&quot;:64},&quot;avatar&quot;:&quot;https:\\\/\\\/nonamepublicidad.com\\\/wp-content\\\/uploads\\\/2020\\\/07\\\/noname-icon_152x152.png&quot;,&quot;options&quot;:{&quot;display&quot;:{&quot;displayCondition&quot;:&quot;showAllPage&quot;,&quot;includePages&quot;:[],&quot;excludePages&quot;:[],&quot;includePosts&quot;:[],&quot;showOnDesktop&quot;:&quot;ON&quot;,&quot;showOnMobile&quot;:&quot;ON&quot;,&quot;time_symbols&quot;:&quot;h:m&quot;},&quot;styles&quot;:{&quot;title&quot;:&quot;Start a Conversation&quot;,&quot;responseText&quot;:&quot;The team typically replies in a few minutes.&quot;,&quot;description&quot;:&quot;Hi! Click one of our member below to chat on &lt;strong&gt;WhatsApp&lt;\\\/strong&gt;&quot;,&quot;backgroundColor&quot;:&quot;#2db742&quot;,&quot;textColor&quot;:&quot;#fff&quot;,&quot;scrollHeight&quot;:500,&quot;isShowScroll&quot;:&quot;OFF&quot;,&quot;isShowResponseText&quot;:&quot;ON&quot;,&quot;isShowPoweredBy&quot;:&quot;ON&quot;,&quot;btnLabel&quot;:&quot;Need Help? &lt;strong&gt;Chat with us&lt;\\\/strong&gt;&quot;,&quot;btnLabelWidth&quot;:156,&quot;btnPosition&quot;:&quot;right&quot;,&quot;btnLeftDistance&quot;:30,&quot;btnRightDistance&quot;:30,&quot;btnBottomDistance&quot;:30,&quot;isShowBtnLabel&quot;:&quot;ON&quot;,&quot;isShowGDPR&quot;:&quot;OFF&quot;,&quot;gdprContent&quot;:&quot;Please accept our &lt;a href=\\&quot;https:\\\/\\\/ninjateam.org\\\/privacy-policy\\\/\\&quot;&gt;privacy policy&lt;\\\/a&gt; first to start a conversation.&quot;,&quot;widgetType&quot;:&quot;expandable&quot;},&quot;analytics&quot;:{&quot;enabledGoogle&quot;:&quot;OFF&quot;,&quot;enabledFacebook&quot;:&quot;OFF&quot;,&quot;enabledGoogleGA4&quot;:&quot;OFF&quot;}},&quot;gdprStatus&quot;:false,&quot;defaultAvatar&quot;:&quot;https:\\\/\\\/nonamepublicidad.com\\\/wp-content\\\/plugins\\\/whatsapp-for-wordpress\\\/assets\\\/img\\\/whatsapp_logo.svg&quot;}\"><\/div>\n<div style=\"visibility: hidden;\">software, app, apps, dise\u00f1o de aplicaciones para android, dise\u00f1o de aplicaciones para ios, apps de tu empresa, desarrollo de aplicaciones m\u00f3viles, aplicaciones m\u00f3viles, app para ventas, aplicaci\u00f3n para ventas, sistema para ventas, tecnolog\u00eda para ventas, software de aplicaciones, software para ventas, software para comercio<\/div>\n","protected":false},"featured_media":14427,"comment_status":"open","ping_status":"closed","template":"","meta":[],"product_brand":[],"product_cat":[305,322],"product_tag":[3330,3274,3268,3329,3269,3272,3273,3270,3271,3331,2381,3322,3334,3333,3332],"class_list":{"0":"post-14428","1":"product","2":"type-product","3":"status-publish","4":"has-post-thumbnail","6":"product_cat-computacion","7":"product_cat-software-para-pc","8":"product_tag-aplicacion-para-ventas","9":"product_tag-aplicaciones-moviles","10":"product_tag-app","11":"product_tag-app-para-ventas","12":"product_tag-apps","13":"product_tag-apps-de-tu-empresa","14":"product_tag-desarrollo-de-aplicaciones-moviles","15":"product_tag-diseno-de-aplicaciones-para-android","16":"product_tag-diseno-de-aplicaciones-para-ios","17":"product_tag-sistema-para-ventas","18":"product_tag-software","19":"product_tag-software-de-aplicaciones","20":"product_tag-software-para-comercio","21":"product_tag-software-para-ventas","22":"product_tag-tecnologia-para-ventas","24":"first","25":"instock","26":"virtual","27":"taxable","28":"product-type-simple"},"_links":{"self":[{"href":"https:\/\/nonamepublicidad.com\/en\/wp-json\/wp\/v2\/product\/14428","targetHints":{"allow":["GET"]}}],"collection":[{"href":"https:\/\/nonamepublicidad.com\/en\/wp-json\/wp\/v2\/product"}],"about":[{"href":"https:\/\/nonamepublicidad.com\/en\/wp-json\/wp\/v2\/types\/product"}],"replies":[{"embeddable":true,"href":"https:\/\/nonamepublicidad.com\/en\/wp-json\/wp\/v2\/comments?post=14428"}],"version-history":[{"count":0,"href":"https:\/\/nonamepublicidad.com\/en\/wp-json\/wp\/v2\/product\/14428\/revisions"}],"wp:featuredmedia":[{"embeddable":true,"href":"https:\/\/nonamepublicidad.com\/en\/wp-json\/wp\/v2\/media\/14427"}],"wp:attachment":[{"href":"https:\/\/nonamepublicidad.com\/en\/wp-json\/wp\/v2\/media?parent=14428"}],"wp:term":[{"taxonomy":"product_brand","embeddable":true,"href":"https:\/\/nonamepublicidad.com\/en\/wp-json\/wp\/v2\/product_brand?post=14428"},{"taxonomy":"product_cat","embeddable":true,"href":"https:\/\/nonamepublicidad.com\/en\/wp-json\/wp\/v2\/product_cat?post=14428"},{"taxonomy":"product_tag","embeddable":true,"href":"https:\/\/nonamepublicidad.com\/en\/wp-json\/wp\/v2\/product_tag?post=14428"}],"curies":[{"name":"wp","href":"https:\/\/api.w.org\/{rel}","templated":true}]}}