{"id":14453,"date":"2023-03-13T09:18:11","date_gmt":"2023-03-13T14:18:11","guid":{"rendered":"http:\/\/nonamepublicidad.com\/?post_type=product&#038;p=14453"},"modified":"2024-12-02T08:50:11","modified_gmt":"2024-12-02T13:50:11","slug":"desarrollo-de-software","status":"publish","type":"product","link":"https:\/\/nonamepublicidad.com\/en\/product\/desarrollo-de-software\/","title":{"rendered":"Desarrollo de Software"},"content":{"rendered":"<p><strong>Creamos un dise\u00f1o y una experiencia de usuario (UX) \u00fanicos.<\/strong><\/p>\n<p>Nuestros sistemas son intuitivos y veloces.<\/p>\n<p>&nbsp;<\/p>\n<p><strong>Aplicaciones Web<\/strong><\/p>\n<p>Podr\u00e1s ver el avance de tu proyecto al finalizar el d\u00eda.<\/p>\n<p>&nbsp;<\/p>\n<p><strong>Retroalimentaci\u00f3n<\/strong><\/p>\n<p>Cada cierto tiempo testeamos la aplicaci\u00f3n ambas partes.<\/p>\n<p>&nbsp;<\/p>\n<p><strong>Escalable<\/strong><\/p>\n<p>La Arquitectura de la aplicaci\u00f3n y la buena documentaci\u00f3n permitir\u00e1 el crecimiento del proyecto.<\/p>\n<p>&nbsp;<\/p>\n<p><strong>Desarrollo de software a medida<\/strong><\/p>\n<ul>\n<li>Desarrollamos software y aplicaciones de clase mundial para startups, peque\u00f1as y medianas empresas (PYMES).<\/li>\n<li>Ayudamos a su empresa a crear una aplicaci\u00f3n web de forma r\u00e1pida y sencilla en un modelo flexible.<\/li>\n<li>Nuestra f\u00e1brica de software digital tiene como objetivo entregar proyectos escalables.<\/li>\n<li>Si cuentas con un sistema y quieres mejorarlo, nosotros nos encargamos de la actualizaci\u00f3n.<\/li>\n<li>Nuestros servicios de mantenimiento y modernizaci\u00f3n de aplicaciones est\u00e1n dise\u00f1ados para garantizar la escalabilidad.<\/li>\n<li>Creamos API personalizadas para todas las clases de aplicaciones, agregando funcionalidad a sus sistemas de software y facilitando la comunicaci\u00f3n entre sus aplicaciones y de terceros.<\/li>\n<li>Aproveche las \u00faltimas tecnolog\u00edas, arquitecturas y tendencias de UI \/ UX para dise\u00f1ar aplicaciones receptivas y escalables que transforman las experiencias de los clientes a trav\u00e9s de m\u00faltiples canales.<\/li>\n<li>Nuestro modelo \u00e1gil de gesti\u00f3n del ciclo de vida del producto de extremo a extremo cubre todo, desde la conceptualizaci\u00f3n, la codificaci\u00f3n simult\u00e1nea de front-end y back-end, implementaci\u00f3n, control de calidad y m\u00e1s.<\/li>\n<\/ul>","protected":false},"excerpt":{"rendered":"<p>Servicio de desarrollo de software con tecnolog\u00edas l\u00edderes en la industria.<br \/>\nCon\u00e9ctate con nosotros y comienza a planificar el desarrollo de tu aplicaci\u00f3n hoy.<\/p>\n<p>Solicita una demostraci\u00f3n: <a href=\"tel:51941203813\">(+51) 941203813<\/a><\/p>\n<div class=\"nta_wa_button\" data-id=\"13293\" data-info=\"{&quot;name&quot;:&quot;Orlando (Per\\u00fa)&quot;,&quot;info&quot;:{&quot;number&quot;:&quot;+51941203813&quot;,&quot;title&quot;:&quot;Orlando&quot;,&quot;predefinedText&quot;:&quot;Hola Orlando, solicito informaci\\u00f3n de [njwa_page_title] Enlace: [njwa_page_url]&quot;,&quot;willBeBackText&quot;:&quot;I will be back in [njwa_time_work]&quot;,&quot;dayOffsText&quot;:&quot;I will be back soon&quot;,&quot;isAlwaysAvailable&quot;:&quot;ON&quot;,&quot;daysOfWeekWorking&quot;:{&quot;sunday&quot;:{&quot;isWorkingOnDay&quot;:&quot;OFF&quot;,&quot;workHours&quot;:[{&quot;startTime&quot;:&quot;08:00&quot;,&quot;endTime&quot;:&quot;17:30&quot;}]},&quot;monday&quot;:{&quot;isWorkingOnDay&quot;:&quot;OFF&quot;,&quot;workHours&quot;:[{&quot;startTime&quot;:&quot;08:00&quot;,&quot;endTime&quot;:&quot;17:30&quot;}]},&quot;tuesday&quot;:{&quot;isWorkingOnDay&quot;:&quot;OFF&quot;,&quot;workHours&quot;:[{&quot;startTime&quot;:&quot;08:00&quot;,&quot;endTime&quot;:&quot;17:30&quot;}]},&quot;wednesday&quot;:{&quot;isWorkingOnDay&quot;:&quot;OFF&quot;,&quot;workHours&quot;:[{&quot;startTime&quot;:&quot;08:00&quot;,&quot;endTime&quot;:&quot;17:30&quot;}]},&quot;thursday&quot;:{&quot;isWorkingOnDay&quot;:&quot;OFF&quot;,&quot;workHours&quot;:[{&quot;startTime&quot;:&quot;08:00&quot;,&quot;endTime&quot;:&quot;17:30&quot;}]},&quot;friday&quot;:{&quot;isWorkingOnDay&quot;:&quot;OFF&quot;,&quot;workHours&quot;:[{&quot;startTime&quot;:&quot;08:00&quot;,&quot;endTime&quot;:&quot;17:30&quot;}]},&quot;saturday&quot;:{&quot;isWorkingOnDay&quot;:&quot;OFF&quot;,&quot;workHours&quot;:[{&quot;startTime&quot;:&quot;08:00&quot;,&quot;endTime&quot;:&quot;17:30&quot;}]}}},&quot;styles&quot;:{&quot;type&quot;:&quot;round&quot;,&quot;backgroundColor&quot;:&quot;#2DB742&quot;,&quot;textColor&quot;:&quot;#fff&quot;,&quot;label&quot;:&quot;Necesitas ayuda? Hablemos \\\/ Do you need help? Let&#039;s talk&quot;,&quot;width&quot;:300,&quot;height&quot;:64},&quot;avatar&quot;:&quot;https:\\\/\\\/nonamepublicidad.com\\\/wp-content\\\/uploads\\\/2020\\\/07\\\/noname-icon_152x152.png&quot;,&quot;options&quot;:{&quot;display&quot;:{&quot;displayCondition&quot;:&quot;showAllPage&quot;,&quot;includePages&quot;:[],&quot;excludePages&quot;:[],&quot;includePosts&quot;:[],&quot;showOnDesktop&quot;:&quot;ON&quot;,&quot;showOnMobile&quot;:&quot;ON&quot;,&quot;time_symbols&quot;:&quot;h:m&quot;},&quot;styles&quot;:{&quot;title&quot;:&quot;Start a Conversation&quot;,&quot;responseText&quot;:&quot;The team typically replies in a few minutes.&quot;,&quot;description&quot;:&quot;Hi! Click one of our member below to chat on &lt;strong&gt;WhatsApp&lt;\\\/strong&gt;&quot;,&quot;backgroundColor&quot;:&quot;#2db742&quot;,&quot;textColor&quot;:&quot;#fff&quot;,&quot;scrollHeight&quot;:500,&quot;isShowScroll&quot;:&quot;OFF&quot;,&quot;isShowResponseText&quot;:&quot;ON&quot;,&quot;isShowPoweredBy&quot;:&quot;ON&quot;,&quot;btnLabel&quot;:&quot;Need Help? &lt;strong&gt;Chat with us&lt;\\\/strong&gt;&quot;,&quot;btnLabelWidth&quot;:156,&quot;btnPosition&quot;:&quot;right&quot;,&quot;btnLeftDistance&quot;:30,&quot;btnRightDistance&quot;:30,&quot;btnBottomDistance&quot;:30,&quot;isShowBtnLabel&quot;:&quot;ON&quot;,&quot;isShowGDPR&quot;:&quot;OFF&quot;,&quot;gdprContent&quot;:&quot;Please accept our &lt;a href=\\&quot;https:\\\/\\\/ninjateam.org\\\/privacy-policy\\\/\\&quot;&gt;privacy policy&lt;\\\/a&gt; first to start a conversation.&quot;,&quot;widgetType&quot;:&quot;expandable&quot;},&quot;analytics&quot;:{&quot;enabledGoogle&quot;:&quot;OFF&quot;,&quot;enabledFacebook&quot;:&quot;OFF&quot;,&quot;enabledGoogleGA4&quot;:&quot;OFF&quot;}},&quot;gdprStatus&quot;:false,&quot;defaultAvatar&quot;:&quot;https:\\\/\\\/nonamepublicidad.com\\\/wp-content\\\/plugins\\\/whatsapp-for-wordpress\\\/assets\\\/img\\\/whatsapp_logo.svg&quot;}\"><\/div>\n<div style=\"visibility: hidden;\">software, app, apps, dise\u00f1o de aplicaciones para android, dise\u00f1o de aplicaciones para, apps de tu empresa, desarrollo de aplicaciones m\u00f3viles, aplicaciones m\u00f3viles, sistema a tu medida, tecnolog\u00eda para tu empresa, software para tu empresa, software a tu medida, desarrollo de software<\/div>\n","protected":false},"featured_media":14452,"comment_status":"open","ping_status":"closed","template":"","meta":[],"product_brand":[],"product_cat":[305,322],"product_tag":[3274,3268,3269,3272,3273,3380,3375,3270,3376,2381,3379,3378,3377],"class_list":{"0":"post-14453","1":"product","2":"type-product","3":"status-publish","4":"has-post-thumbnail","6":"product_cat-computacion","7":"product_cat-software-para-pc","8":"product_tag-aplicaciones-moviles","9":"product_tag-app","10":"product_tag-apps","11":"product_tag-apps-de-tu-empresa","12":"product_tag-desarrollo-de-aplicaciones-moviles","13":"product_tag-desarrollo-de-software","14":"product_tag-diseno-de-aplicaciones-para","15":"product_tag-diseno-de-aplicaciones-para-android","16":"product_tag-sistema-a-tu-medida","17":"product_tag-software","18":"product_tag-software-a-tu-medida","19":"product_tag-software-para-tu-empresa","20":"product_tag-tecnologia-para-tu-empresa","22":"first","23":"instock","24":"virtual","25":"taxable","26":"product-type-simple"},"_links":{"self":[{"href":"https:\/\/nonamepublicidad.com\/en\/wp-json\/wp\/v2\/product\/14453","targetHints":{"allow":["GET"]}}],"collection":[{"href":"https:\/\/nonamepublicidad.com\/en\/wp-json\/wp\/v2\/product"}],"about":[{"href":"https:\/\/nonamepublicidad.com\/en\/wp-json\/wp\/v2\/types\/product"}],"replies":[{"embeddable":true,"href":"https:\/\/nonamepublicidad.com\/en\/wp-json\/wp\/v2\/comments?post=14453"}],"version-history":[{"count":0,"href":"https:\/\/nonamepublicidad.com\/en\/wp-json\/wp\/v2\/product\/14453\/revisions"}],"wp:featuredmedia":[{"embeddable":true,"href":"https:\/\/nonamepublicidad.com\/en\/wp-json\/wp\/v2\/media\/14452"}],"wp:attachment":[{"href":"https:\/\/nonamepublicidad.com\/en\/wp-json\/wp\/v2\/media?parent=14453"}],"wp:term":[{"taxonomy":"product_brand","embeddable":true,"href":"https:\/\/nonamepublicidad.com\/en\/wp-json\/wp\/v2\/product_brand?post=14453"},{"taxonomy":"product_cat","embeddable":true,"href":"https:\/\/nonamepublicidad.com\/en\/wp-json\/wp\/v2\/product_cat?post=14453"},{"taxonomy":"product_tag","embeddable":true,"href":"https:\/\/nonamepublicidad.com\/en\/wp-json\/wp\/v2\/product_tag?post=14453"}],"curies":[{"name":"wp","href":"https:\/\/api.w.org\/{rel}","templated":true}]}}