{"id":14501,"date":"2023-03-17T07:56:42","date_gmt":"2023-03-17T12:56:42","guid":{"rendered":"http:\/\/nonamepublicidad.com\/?post_type=product&#038;p=14501"},"modified":"2024-12-02T08:50:11","modified_gmt":"2024-12-02T13:50:11","slug":"razuri-design","status":"publish","type":"product","link":"https:\/\/nonamepublicidad.com\/en\/product\/razuri-design\/","title":{"rendered":"Razuri Design"},"content":{"rendered":"<div id='gallery-1' class='gallery galleryid-14501 gallery-columns-3 gallery-size-full'><figure class='gallery-item'>\n\t\t\t<div class='gallery-icon landscape'>\n\t\t\t\t<img fetchpriority=\"high\" decoding=\"async\" width=\"242\" height=\"242\" src=\"https:\/\/nonamepublicidad.com\/wp-content\/uploads\/2023\/03\/razuri_design_proyects.webp\" class=\"attachment-full size-full\" alt=\"Razuri Design Proyects\" \/>\n\t\t\t<\/div><\/figure><figure class='gallery-item'>\n\t\t\t<div class='gallery-icon landscape'>\n\t\t\t\t<img decoding=\"async\" width=\"242\" height=\"242\" src=\"https:\/\/nonamepublicidad.com\/wp-content\/uploads\/2023\/03\/razuri_design_web.webp\" class=\"attachment-full size-full\" alt=\"Razuri Design Web\" \/>\n\t\t\t<\/div><\/figure><figure class='gallery-item'>\n\t\t\t<div class='gallery-icon landscape'>\n\t\t\t\t<img decoding=\"async\" width=\"242\" height=\"242\" src=\"https:\/\/nonamepublicidad.com\/wp-content\/uploads\/2023\/03\/razuri_design_poster__prints.webp\" class=\"attachment-full size-full\" alt=\"Razuri Design Poster &amp; Prints\" \/>\n\t\t\t<\/div><\/figure><figure class='gallery-item'>\n\t\t\t<div class='gallery-icon landscape'>\n\t\t\t\t<img loading=\"lazy\" decoding=\"async\" width=\"242\" height=\"242\" src=\"https:\/\/nonamepublicidad.com\/wp-content\/uploads\/2023\/03\/razuri_design_packaging.webp\" class=\"attachment-full size-full\" alt=\"Razuri Design Packaging\" \/>\n\t\t\t<\/div><\/figure><figure class='gallery-item'>\n\t\t\t<div class='gallery-icon landscape'>\n\t\t\t\t<img loading=\"lazy\" decoding=\"async\" width=\"242\" height=\"242\" src=\"https:\/\/nonamepublicidad.com\/wp-content\/uploads\/2023\/03\/razuri_design_objects.webp\" class=\"attachment-full size-full\" alt=\"Razuri Design Objects\" \/>\n\t\t\t<\/div><\/figure><figure class='gallery-item'>\n\t\t\t<div class='gallery-icon landscape'>\n\t\t\t\t<img loading=\"lazy\" decoding=\"async\" width=\"242\" height=\"242\" src=\"https:\/\/nonamepublicidad.com\/wp-content\/uploads\/2023\/03\/razuri_design_logotypes.webp\" class=\"attachment-full size-full\" alt=\"Razuri Design Logotypes\" \/>\n\t\t\t<\/div><\/figure><figure class='gallery-item'>\n\t\t\t<div class='gallery-icon landscape'>\n\t\t\t\t<img loading=\"lazy\" decoding=\"async\" width=\"242\" height=\"242\" src=\"https:\/\/nonamepublicidad.com\/wp-content\/uploads\/2023\/03\/razuri_design_infography.webp\" class=\"attachment-full size-full\" alt=\"Razuri Design Infography\" \/>\n\t\t\t<\/div><\/figure><figure class='gallery-item'>\n\t\t\t<div class='gallery-icon landscape'>\n\t\t\t\t<img loading=\"lazy\" decoding=\"async\" width=\"242\" height=\"242\" src=\"https:\/\/nonamepublicidad.com\/wp-content\/uploads\/2023\/03\/razuri_design_illustration.webp\" class=\"attachment-full size-full\" alt=\"Razuri Design Illustration\" \/>\n\t\t\t<\/div><\/figure><figure class='gallery-item'>\n\t\t\t<div class='gallery-icon landscape'>\n\t\t\t\t<img loading=\"lazy\" decoding=\"async\" width=\"242\" height=\"242\" src=\"https:\/\/nonamepublicidad.com\/wp-content\/uploads\/2023\/03\/razuri_design_editorial.webp\" class=\"attachment-full size-full\" alt=\"Razuri Design Editorial\" \/>\n\t\t\t<\/div><\/figure><figure class='gallery-item'>\n\t\t\t<div class='gallery-icon landscape'>\n\t\t\t\t<img loading=\"lazy\" decoding=\"async\" width=\"242\" height=\"242\" src=\"https:\/\/nonamepublicidad.com\/wp-content\/uploads\/2023\/03\/razuri_design_design__architecture.webp\" class=\"attachment-full size-full\" alt=\"Razuri Design Design &amp; Architecture\" \/>\n\t\t\t<\/div><\/figure><figure class='gallery-item'>\n\t\t\t<div class='gallery-icon landscape'>\n\t\t\t\t<img loading=\"lazy\" decoding=\"async\" width=\"242\" height=\"242\" src=\"https:\/\/nonamepublicidad.com\/wp-content\/uploads\/2023\/03\/razuri_design_clothing.webp\" class=\"attachment-full size-full\" alt=\"Razuri Design Clothing\" \/>\n\t\t\t<\/div><\/figure><figure class='gallery-item'>\n\t\t\t<div class='gallery-icon landscape'>\n\t\t\t\t<img loading=\"lazy\" decoding=\"async\" width=\"242\" height=\"242\" src=\"https:\/\/nonamepublicidad.com\/wp-content\/uploads\/2023\/03\/razuri_design_corporate.webp\" class=\"attachment-full size-full\" alt=\"Razuri Design Corporate\" \/>\n\t\t\t<\/div><\/figure><figure class='gallery-item'>\n\t\t\t<div class='gallery-icon landscape'>\n\t\t\t\t<img loading=\"lazy\" decoding=\"async\" width=\"242\" height=\"242\" src=\"https:\/\/nonamepublicidad.com\/wp-content\/uploads\/2023\/03\/razuri_design_advertising.webp\" class=\"attachment-full size-full\" alt=\"Razuri Design Advertising\" \/>\n\t\t\t<\/div><\/figure>\n\t\t<\/div>\n\n<p>&nbsp;<\/p>\n<p><strong>Todo es dise\u00f1o&#8230; <\/strong><strong>nac\u00ed para dise\u00f1ar.<\/strong><\/p>\n<p>&nbsp;<\/p>\n<p><em><strong>Todo lo que usamos, todo lo que pensamos, todo est\u00e1 dise\u00f1ado.<\/strong><\/em><\/p>\n<p>&nbsp;<\/p>\n<p>Los productos son creados todos los d\u00edas por todos. Como dise\u00f1adores te ayudamos a mejorar tus ideas haci\u00e9ndolas m\u00e1s atractivas para llegar a tu audiencia utilizando nuestras habilidades en branding, naming o simplemente algunos servicios publicitarios.<\/p>\n<p>&nbsp;<\/p>\n<p>Me gradu\u00e9 de la Universidad PUCP en Lima Per\u00fa en 1997, en dise\u00f1o gr\u00e1fico, mi primer trabajo fue en 1996 trabajando para peri\u00f3dicos, luego revistas y estaciones de televisi\u00f3n durante varios a\u00f1os. En 2004 comenc\u00e9 a dar clases de dise\u00f1o gr\u00e1fico e ilustraci\u00f3n, en 2013 comenc\u00e9 a dar clases de publicidad y marketing. He estado ense\u00f1ando desde entonces.<\/p>\n<p>&nbsp;<\/p>\n<p>En 2020 termin\u00e9 mis estudios de Maestr\u00eda en Comunicaciones en la Universidad PUCP.<\/p>","protected":false},"excerpt":{"rendered":"<p>\u00ab\u00c9rase una vez un ni\u00f1o llamado Mart\u00edn que so\u00f1aba con ser artista: hoy lo soy y soy dise\u00f1ador\u00bb<\/p>\n<p>Mart\u00edn Razuri \/ Razuri Design<\/p>\n<p>El dise\u00f1o siempre ha buscado conectar las marcas con la audiencia utilizando todos los sentidos siendo creativos e innovadores. El dise\u00f1o est\u00e1 en todas partes. Desde la comida que disfrutas hoy hasta la silla en la que est\u00e1s sentado ahora.<\/p>\n<p>Correo: <a href=\"mailto:razuri.martin@gmail.com\">razuri.martin@gmail.com<\/a><\/p>\n<p>Solicite cotizaci\u00f3n al: <a href=\"tel:51986960742\">(+51) 986960742<\/a><\/p>\n<div class=\"nta_wa_button\" data-id=\"14504\" data-info=\"{&quot;name&quot;:&quot;Mart\\u00edn Razuri&quot;,&quot;info&quot;:{&quot;number&quot;:&quot;+51986960742&quot;,&quot;title&quot;:&quot;Razuri Design | Tienda&quot;,&quot;predefinedText&quot;:&quot;Hola Mart\\u00edn. Me gustar\\u00eda m\\u00e1s informaci\\u00f3n de [njwa_page_title] Este es el link [njwa_page_url]&quot;,&quot;willBeBackText&quot;:&quot;I will be back in [njwa_time_work]&quot;,&quot;dayOffsText&quot;:&quot;I will be back soon&quot;,&quot;isAlwaysAvailable&quot;:&quot;ON&quot;,&quot;daysOfWeekWorking&quot;:{&quot;sunday&quot;:{&quot;isWorkingOnDay&quot;:&quot;OFF&quot;,&quot;workHours&quot;:[{&quot;startTime&quot;:&quot;08:00&quot;,&quot;endTime&quot;:&quot;17:30&quot;}]},&quot;monday&quot;:{&quot;isWorkingOnDay&quot;:&quot;OFF&quot;,&quot;workHours&quot;:[{&quot;startTime&quot;:&quot;08:00&quot;,&quot;endTime&quot;:&quot;17:30&quot;}]},&quot;tuesday&quot;:{&quot;isWorkingOnDay&quot;:&quot;OFF&quot;,&quot;workHours&quot;:[{&quot;startTime&quot;:&quot;08:00&quot;,&quot;endTime&quot;:&quot;17:30&quot;}]},&quot;wednesday&quot;:{&quot;isWorkingOnDay&quot;:&quot;OFF&quot;,&quot;workHours&quot;:[{&quot;startTime&quot;:&quot;08:00&quot;,&quot;endTime&quot;:&quot;17:30&quot;}]},&quot;thursday&quot;:{&quot;isWorkingOnDay&quot;:&quot;OFF&quot;,&quot;workHours&quot;:[{&quot;startTime&quot;:&quot;08:00&quot;,&quot;endTime&quot;:&quot;17:30&quot;}]},&quot;friday&quot;:{&quot;isWorkingOnDay&quot;:&quot;OFF&quot;,&quot;workHours&quot;:[{&quot;startTime&quot;:&quot;08:00&quot;,&quot;endTime&quot;:&quot;17:30&quot;}]},&quot;saturday&quot;:{&quot;isWorkingOnDay&quot;:&quot;OFF&quot;,&quot;workHours&quot;:[{&quot;startTime&quot;:&quot;08:00&quot;,&quot;endTime&quot;:&quot;17:30&quot;}]}}},&quot;styles&quot;:{&quot;type&quot;:&quot;round&quot;,&quot;backgroundColor&quot;:&quot;#2DB742&quot;,&quot;textColor&quot;:&quot;#fff&quot;,&quot;label&quot;:&quot;Necesitas ayuda? Hablemos&quot;,&quot;width&quot;:300,&quot;height&quot;:64},&quot;avatar&quot;:&quot;https:\\\/\\\/nonamepublicidad.com\\\/wp-content\\\/uploads\\\/2023\\\/03\\\/martin_razuri_razuri_design.webp&quot;,&quot;options&quot;:{&quot;display&quot;:{&quot;displayCondition&quot;:&quot;showAllPage&quot;,&quot;includePages&quot;:[],&quot;excludePages&quot;:[],&quot;includePosts&quot;:[],&quot;showOnDesktop&quot;:&quot;ON&quot;,&quot;showOnMobile&quot;:&quot;ON&quot;,&quot;time_symbols&quot;:&quot;h:m&quot;},&quot;styles&quot;:{&quot;title&quot;:&quot;Start a Conversation&quot;,&quot;responseText&quot;:&quot;The team typically replies in a few minutes.&quot;,&quot;description&quot;:&quot;Hi! Click one of our member below to chat on &lt;strong&gt;WhatsApp&lt;\\\/strong&gt;&quot;,&quot;backgroundColor&quot;:&quot;#2db742&quot;,&quot;textColor&quot;:&quot;#fff&quot;,&quot;scrollHeight&quot;:500,&quot;isShowScroll&quot;:&quot;OFF&quot;,&quot;isShowResponseText&quot;:&quot;ON&quot;,&quot;isShowPoweredBy&quot;:&quot;ON&quot;,&quot;btnLabel&quot;:&quot;Need Help? &lt;strong&gt;Chat with us&lt;\\\/strong&gt;&quot;,&quot;btnLabelWidth&quot;:156,&quot;btnPosition&quot;:&quot;right&quot;,&quot;btnLeftDistance&quot;:30,&quot;btnRightDistance&quot;:30,&quot;btnBottomDistance&quot;:30,&quot;isShowBtnLabel&quot;:&quot;ON&quot;,&quot;isShowGDPR&quot;:&quot;OFF&quot;,&quot;gdprContent&quot;:&quot;Please accept our &lt;a href=\\&quot;https:\\\/\\\/ninjateam.org\\\/privacy-policy\\\/\\&quot;&gt;privacy policy&lt;\\\/a&gt; first to start a conversation.&quot;,&quot;widgetType&quot;:&quot;expandable&quot;},&quot;analytics&quot;:{&quot;enabledGoogle&quot;:&quot;OFF&quot;,&quot;enabledFacebook&quot;:&quot;OFF&quot;,&quot;enabledGoogleGA4&quot;:&quot;OFF&quot;}},&quot;gdprStatus&quot;:false,&quot;defaultAvatar&quot;:&quot;https:\\\/\\\/nonamepublicidad.com\\\/wp-content\\\/plugins\\\/whatsapp-for-wordpress\\\/assets\\\/img\\\/whatsapp_logo.svg&quot;}\"><\/div>\n<div style=\"visibility: hidden;\">dise\u00f1ador gr\u00e1fico, dise\u00f1o gr\u00e1fico publicitario, servicios publicitarios, publicidad y marketing, publicidad, marketing, clases de dise\u00f1o gr\u00e1fico, dise\u00f1o para polos, dise\u00f1o de poster, dise\u00f1o de empaques, dise\u00f1o corporativo, dise\u00f1o web, dise\u00f1o de logotipos, dise\u00f1o de marca, design, dise\u00f1o editorial, dise\u00f1o infogr\u00e1fico<\/div>\n","protected":false},"featured_media":14494,"comment_status":"open","ping_status":"closed","template":"","meta":[],"product_brand":[],"product_cat":[160,153],"product_tag":[3413,3422,3421,3424,3425,3420,3414,3419],"class_list":{"0":"post-14501","1":"product","2":"type-product","3":"status-publish","4":"has-post-thumbnail","6":"product_cat-industria-grafica-e-impresion","7":"product_cat-industrias-y-oficinas","8":"product_tag-disenador-grafico","9":"product_tag-diseno-corporativo","10":"product_tag-diseno-de-empaques","11":"product_tag-diseno-de-logotipos","12":"product_tag-diseno-de-marca","13":"product_tag-diseno-de-poster","14":"product_tag-diseno-grafico-publicitario","15":"product_tag-diseno-para-polos","17":"first","18":"instock","19":"virtual","20":"taxable","21":"product-type-simple"},"_links":{"self":[{"href":"https:\/\/nonamepublicidad.com\/en\/wp-json\/wp\/v2\/product\/14501","targetHints":{"allow":["GET"]}}],"collection":[{"href":"https:\/\/nonamepublicidad.com\/en\/wp-json\/wp\/v2\/product"}],"about":[{"href":"https:\/\/nonamepublicidad.com\/en\/wp-json\/wp\/v2\/types\/product"}],"replies":[{"embeddable":true,"href":"https:\/\/nonamepublicidad.com\/en\/wp-json\/wp\/v2\/comments?post=14501"}],"version-history":[{"count":0,"href":"https:\/\/nonamepublicidad.com\/en\/wp-json\/wp\/v2\/product\/14501\/revisions"}],"wp:featuredmedia":[{"embeddable":true,"href":"https:\/\/nonamepublicidad.com\/en\/wp-json\/wp\/v2\/media\/14494"}],"wp:attachment":[{"href":"https:\/\/nonamepublicidad.com\/en\/wp-json\/wp\/v2\/media?parent=14501"}],"wp:term":[{"taxonomy":"product_brand","embeddable":true,"href":"https:\/\/nonamepublicidad.com\/en\/wp-json\/wp\/v2\/product_brand?post=14501"},{"taxonomy":"product_cat","embeddable":true,"href":"https:\/\/nonamepublicidad.com\/en\/wp-json\/wp\/v2\/product_cat?post=14501"},{"taxonomy":"product_tag","embeddable":true,"href":"https:\/\/nonamepublicidad.com\/en\/wp-json\/wp\/v2\/product_tag?post=14501"}],"curies":[{"name":"wp","href":"https:\/\/api.w.org\/{rel}","templated":true}]}}