{"id":14626,"date":"2023-03-21T23:46:15","date_gmt":"2023-03-22T04:46:15","guid":{"rendered":"http:\/\/nonamepublicidad.com\/?post_type=product&#038;p=14626"},"modified":"2024-12-02T08:50:12","modified_gmt":"2024-12-02T13:50:12","slug":"fotografia-para-matrimonios","status":"publish","type":"product","link":"https:\/\/nonamepublicidad.com\/en\/product\/fotografia-para-matrimonios\/","title":{"rendered":"Fotograf\u00eda para Matrimonios"},"content":{"rendered":"<p><img fetchpriority=\"high\" decoding=\"async\" class=\"wp-image-14531 size-full aligncenter\" src=\"http:\/\/nonamepublicidad.com\/wp-content\/uploads\/2023\/03\/oscar_pereira_fotografia_profesional.webp\" alt=\"Oscar Pereira Fotograf\u00eda Profesional\" width=\"1000\" height=\"624\" srcset=\"https:\/\/nonamepublicidad.com\/wp-content\/uploads\/2023\/03\/oscar_pereira_fotografia_profesional.webp 1000w, https:\/\/nonamepublicidad.com\/wp-content\/uploads\/2023\/03\/oscar_pereira_fotografia_profesional-768x479.webp 768w, https:\/\/nonamepublicidad.com\/wp-content\/uploads\/2023\/03\/oscar_pereira_fotografia_profesional-640x399.webp 640w, https:\/\/nonamepublicidad.com\/wp-content\/uploads\/2023\/03\/oscar_pereira_fotografia_profesional-400x250.webp 400w, https:\/\/nonamepublicidad.com\/wp-content\/uploads\/2023\/03\/oscar_pereira_fotografia_profesional-500x312.webp 500w\" sizes=\"(max-width: 1000px) 100vw, 1000px\" \/><\/p>\n<p>&nbsp;<\/p>\n<p><strong>Contacto<\/strong><\/p>\n<p>Oscar Pereira Cadenas<\/p>\n<p>Este anuncio fue autorizado por Oscar Pereira Cadenas. Las fotos y datos son manejados responsablemente. El uso de las mismas est\u00e1 restringido a todo el p\u00fablico.<\/p>","protected":false},"excerpt":{"rendered":"<p>Servicios fotogr\u00e1ficos basados en iluminaci\u00f3n y la conceptualizaci\u00f3n para obtener retratos de calidad y que comuniquen.<\/p>\n<p>Correo: <a href=\"mailto:oscarpereirafotografia@gmail.com\">oscarpereirafotografia@gmail.com<\/a><\/p>\n<p>Facebook: <a href=\"https:\/\/www.facebook.com\/oscarpereirafotografia\" target=\"_blank\" rel=\"noopener\">Oscar Pereira Fotograf\u00eda<\/a><\/p>\n<p>Instagram: <a href=\"https:\/\/www.instagram.com\/oscarrafaelbmx\/\" target=\"_blank\" rel=\"noopener\">@oscarrafaelbmx<\/a><\/p>\n<p>Web: <a href=\"https:\/\/oscarpereira.myportfolio.com\/work\" target=\"_blank\" rel=\"noopener\">oscarpereira.myportfolio.com<\/a><\/p>\n<p>Pedidos al: <a href=\"tel:51971930252\">(+51) 971930252<\/a><\/p>\n<div class=\"nta_wa_button\" data-id=\"14523\" data-info=\"{&quot;name&quot;:&quot;Oscar Pereira Fotograf\\u00eda&quot;,&quot;info&quot;:{&quot;number&quot;:&quot;+51971930252&quot;,&quot;title&quot;:&quot;Oscar Pereira Fotograf\\u00eda | Tienda&quot;,&quot;predefinedText&quot;:&quot;Hola Oscar. Me gustar\\u00eda m\\u00e1s informaci\\u00f3n de [njwa_page_title] Este es el link [njwa_page_url]&quot;,&quot;willBeBackText&quot;:&quot;I will be back in [njwa_time_work]&quot;,&quot;dayOffsText&quot;:&quot;I will be back soon&quot;,&quot;isAlwaysAvailable&quot;:&quot;ON&quot;,&quot;daysOfWeekWorking&quot;:{&quot;sunday&quot;:{&quot;isWorkingOnDay&quot;:&quot;OFF&quot;,&quot;workHours&quot;:[{&quot;startTime&quot;:&quot;08:00&quot;,&quot;endTime&quot;:&quot;17:30&quot;}]},&quot;monday&quot;:{&quot;isWorkingOnDay&quot;:&quot;OFF&quot;,&quot;workHours&quot;:[{&quot;startTime&quot;:&quot;08:00&quot;,&quot;endTime&quot;:&quot;17:30&quot;}]},&quot;tuesday&quot;:{&quot;isWorkingOnDay&quot;:&quot;OFF&quot;,&quot;workHours&quot;:[{&quot;startTime&quot;:&quot;08:00&quot;,&quot;endTime&quot;:&quot;17:30&quot;}]},&quot;wednesday&quot;:{&quot;isWorkingOnDay&quot;:&quot;OFF&quot;,&quot;workHours&quot;:[{&quot;startTime&quot;:&quot;08:00&quot;,&quot;endTime&quot;:&quot;17:30&quot;}]},&quot;thursday&quot;:{&quot;isWorkingOnDay&quot;:&quot;OFF&quot;,&quot;workHours&quot;:[{&quot;startTime&quot;:&quot;08:00&quot;,&quot;endTime&quot;:&quot;17:30&quot;}]},&quot;friday&quot;:{&quot;isWorkingOnDay&quot;:&quot;OFF&quot;,&quot;workHours&quot;:[{&quot;startTime&quot;:&quot;08:00&quot;,&quot;endTime&quot;:&quot;17:30&quot;}]},&quot;saturday&quot;:{&quot;isWorkingOnDay&quot;:&quot;OFF&quot;,&quot;workHours&quot;:[{&quot;startTime&quot;:&quot;08:00&quot;,&quot;endTime&quot;:&quot;17:30&quot;}]}}},&quot;styles&quot;:{&quot;type&quot;:&quot;round&quot;,&quot;backgroundColor&quot;:&quot;#2DB742&quot;,&quot;textColor&quot;:&quot;#fff&quot;,&quot;label&quot;:&quot;Necesitas ayuda? Hablemos&quot;,&quot;width&quot;:300,&quot;height&quot;:64},&quot;avatar&quot;:&quot;https:\\\/\\\/nonamepublicidad.com\\\/wp-content\\\/uploads\\\/2023\\\/03\\\/retrato_oscar_pereira_fotografia_profesional.webp&quot;,&quot;options&quot;:{&quot;display&quot;:{&quot;displayCondition&quot;:&quot;showAllPage&quot;,&quot;includePages&quot;:[],&quot;excludePages&quot;:[],&quot;includePosts&quot;:[],&quot;showOnDesktop&quot;:&quot;ON&quot;,&quot;showOnMobile&quot;:&quot;ON&quot;,&quot;time_symbols&quot;:&quot;h:m&quot;},&quot;styles&quot;:{&quot;title&quot;:&quot;Start a Conversation&quot;,&quot;responseText&quot;:&quot;The team typically replies in a few minutes.&quot;,&quot;description&quot;:&quot;Hi! Click one of our member below to chat on &lt;strong&gt;WhatsApp&lt;\\\/strong&gt;&quot;,&quot;backgroundColor&quot;:&quot;#2db742&quot;,&quot;textColor&quot;:&quot;#fff&quot;,&quot;scrollHeight&quot;:500,&quot;isShowScroll&quot;:&quot;OFF&quot;,&quot;isShowResponseText&quot;:&quot;ON&quot;,&quot;isShowPoweredBy&quot;:&quot;ON&quot;,&quot;btnLabel&quot;:&quot;Need Help? &lt;strong&gt;Chat with us&lt;\\\/strong&gt;&quot;,&quot;btnLabelWidth&quot;:156,&quot;btnPosition&quot;:&quot;right&quot;,&quot;btnLeftDistance&quot;:30,&quot;btnRightDistance&quot;:30,&quot;btnBottomDistance&quot;:30,&quot;isShowBtnLabel&quot;:&quot;ON&quot;,&quot;isShowGDPR&quot;:&quot;OFF&quot;,&quot;gdprContent&quot;:&quot;Please accept our &lt;a href=\\&quot;https:\\\/\\\/ninjateam.org\\\/privacy-policy\\\/\\&quot;&gt;privacy policy&lt;\\\/a&gt; first to start a conversation.&quot;,&quot;widgetType&quot;:&quot;expandable&quot;},&quot;analytics&quot;:{&quot;enabledGoogle&quot;:&quot;OFF&quot;,&quot;enabledFacebook&quot;:&quot;OFF&quot;,&quot;enabledGoogleGA4&quot;:&quot;OFF&quot;}},&quot;gdprStatus&quot;:false,&quot;defaultAvatar&quot;:&quot;https:\\\/\\\/nonamepublicidad.com\\\/wp-content\\\/plugins\\\/whatsapp-for-wordpress\\\/assets\\\/img\\\/whatsapp_logo.svg&quot;}\"><\/div>\n<div style=\"visibility: hidden;\">fotos de bodas, bodas, fot\u00f3grafo, fot\u00f3grafo peruano, fotograf\u00eda, fotograf\u00eda art\u00edstica, fotograf\u00eda profesional, fot\u00f3grafo profesional, servicios fotogr\u00e1ficos, foto de bodas, fotograf\u00eda de bodas, sesiones fotogr\u00e1ficas, bodas peru, matrimonios peru, servicio para matrimonio, servicio para bodas, fotograf\u00eda para matrimonios, foto para matrimonios, fot\u00f3grafo para matrimonio, fot\u00f3grafo para matrimonio precio, fot\u00f3grafos para matrimonios, fotograf\u00eda de matrimonio, servicio de bodas, servicio para bodas, fotograf\u00eda para bodas, foto para bodas, fot\u00f3grafo para bodas, fot\u00f3grafo para bodas precio, fot\u00f3grafos para bodas<\/div>\n","protected":false},"featured_media":14608,"comment_status":"open","ping_status":"closed","template":"","meta":[],"product_brand":[],"product_cat":[171,166],"product_tag":[3544,3537,3531,3541,3543,3536,3538],"class_list":{"0":"post-14626","1":"product","2":"type-product","3":"status-publish","4":"has-post-thumbnail","6":"product_cat-profesionales","7":"product_cat-servicios","8":"product_tag-foto-para-bodas","9":"product_tag-foto-para-matrimonios","10":"product_tag-fotografia-de-bodas","11":"product_tag-fotografia-de-matrimonio","12":"product_tag-fotografia-para-bodas","13":"product_tag-fotografia-para-matrimonios","14":"product_tag-fotografo-para-matrimonio","16":"first","17":"instock","18":"virtual","19":"taxable","20":"product-type-simple"},"_links":{"self":[{"href":"https:\/\/nonamepublicidad.com\/en\/wp-json\/wp\/v2\/product\/14626","targetHints":{"allow":["GET"]}}],"collection":[{"href":"https:\/\/nonamepublicidad.com\/en\/wp-json\/wp\/v2\/product"}],"about":[{"href":"https:\/\/nonamepublicidad.com\/en\/wp-json\/wp\/v2\/types\/product"}],"replies":[{"embeddable":true,"href":"https:\/\/nonamepublicidad.com\/en\/wp-json\/wp\/v2\/comments?post=14626"}],"version-history":[{"count":0,"href":"https:\/\/nonamepublicidad.com\/en\/wp-json\/wp\/v2\/product\/14626\/revisions"}],"wp:featuredmedia":[{"embeddable":true,"href":"https:\/\/nonamepublicidad.com\/en\/wp-json\/wp\/v2\/media\/14608"}],"wp:attachment":[{"href":"https:\/\/nonamepublicidad.com\/en\/wp-json\/wp\/v2\/media?parent=14626"}],"wp:term":[{"taxonomy":"product_brand","embeddable":true,"href":"https:\/\/nonamepublicidad.com\/en\/wp-json\/wp\/v2\/product_brand?post=14626"},{"taxonomy":"product_cat","embeddable":true,"href":"https:\/\/nonamepublicidad.com\/en\/wp-json\/wp\/v2\/product_cat?post=14626"},{"taxonomy":"product_tag","embeddable":true,"href":"https:\/\/nonamepublicidad.com\/en\/wp-json\/wp\/v2\/product_tag?post=14626"}],"curies":[{"name":"wp","href":"https:\/\/api.w.org\/{rel}","templated":true}]}}