{"id":14975,"date":"2023-04-16T18:31:23","date_gmt":"2023-04-16T23:31:23","guid":{"rendered":"http:\/\/nonamepublicidad.com\/?post_type=product&#038;p=14975"},"modified":"2025-10-29T21:19:49","modified_gmt":"2025-10-30T02:19:49","slug":"emoliente-infusion-digestiva","status":"publish","type":"product","link":"https:\/\/nonamepublicidad.com\/en\/product\/emoliente-infusion-digestiva\/","title":{"rendered":"Emoliente Infusi\u00f3n Digestiva"},"content":{"rendered":"<p>Nuestra tarea es brindarte la mejor calidad de Emoliente Peruano en infusi\u00f3n.<\/p>\n<p>Morgana tiene como misi\u00f3n el compartir sus dotes de buen sabor y aroma a trav\u00e9s de la fusi\u00f3n de sus finas hierbas secas y granos selectos del Per\u00fa.<\/p>\n<p>\u00a1Ya estamos en Thika Thani!, nos puedes encontrar en las 3 sedes de San Miguel, Miraflores y San Borja.<\/p>\n<p>&nbsp;<\/p>\n<p style=\"text-align: center;\"><iframe style=\"border: 0;\" src=\"https:\/\/www.google.com\/maps\/embed?pb=!1m18!1m12!1m3!1d3901.52798985413!2d-77.08661298897937!3d-12.075963242396487!2m3!1f0!2f0!3f0!3m2!1i1024!2i768!4f13.1!3m3!1m2!1s0x9105c998e5d1f1f5%3A0x159bce657fff209d!2sThika%20Thani!5e0!3m2!1sen!2sus!4v1681688810261!5m2!1sen!2sus\" width=\"600\" height=\"450\" allowfullscreen=\"allowfullscreen\"><\/iframe><\/p>\n<p style=\"text-align: center;\"><a href=\"https:\/\/goo.gl\/maps\/58ck7qwpm4duM7vp8\" target=\"_blank\" rel=\"noopener\">Boulevard Mantaro Tienda V01-02, San Miguel 15088, Peru.<\/a><\/p>\n<p>&nbsp;<\/p>\n<p style=\"text-align: center;\"><iframe style=\"border: 0;\" src=\"https:\/\/www.google.com\/maps\/embed?pb=!1m18!1m12!1m3!1d3900.8148319056863!2d-77.03088168897847!3d-12.124818543310216!2m3!1f0!2f0!3f0!3m2!1i1024!2i768!4f13.1!3m3!1m2!1s0x9105c81eadbb5231%3A0x130860b78c96585d!2sThika%20Thani%20Market!5e0!3m2!1sen!2sus!4v1681688860737!5m2!1sen!2sus\" width=\"600\" height=\"450\" allowfullscreen=\"allowfullscreen\"><\/iframe><\/p>\n<p style=\"text-align: center;\"><a href=\"https:\/\/goo.gl\/maps\/LR7hyXYkU3cG8VUeA\" target=\"_blank\" rel=\"noopener\">Av. Alfredo Benavides 474, Miraflores 15086, Peru.<\/a><\/p>\n<p>&nbsp;<\/p>\n<p style=\"text-align: center;\"><iframe style=\"border: 0;\" src=\"https:\/\/www.google.com\/maps\/embed?pb=!1m18!1m12!1m3!1d3901.226861238044!2d-77.00512478897906!3d-12.096615942782293!2m3!1f0!2f0!3f0!3m2!1i1024!2i768!4f13.1!3m3!1m2!1s0x9105c7da67747b35%3A0xc074f1f0d2cf6bd0!2sThika%20Thani%20Market!5e0!3m2!1sen!2sus!4v1681688918029!5m2!1sen!2sus\" width=\"600\" height=\"450\" allowfullscreen=\"allowfullscreen\"><\/iframe><\/p>\n<p style=\"text-align: center;\"><a href=\"https:\/\/goo.gl\/maps\/jZQuBwXXG1Pe2cmL9\" target=\"_blank\" rel=\"noopener\">Av. Aviaci\u00f3n 2808, San Borja 15036, Peru.<\/a><\/p>","protected":false},"excerpt":{"rendered":"<p>Mezcla deshidratada para infusi\u00f3n.<\/p>\n<p>Emoliente de cola de caballo, clavo de olor, hierba luisa, boldo, pimpinela, cebada, canela, llant\u00e9n, toronjil, linaza, an\u00eds.<\/p>\n<p>Instagram: <a href=\"https:\/\/www.instagram.com\/morgana.saludable\/\" target=\"_blank\" rel=\"noopener\">morgana.saludable<\/a><\/p>\n<p>Correo: <a href=\"mailto:contacto@morgana.com.pe\">contacto@morgana.com.pe<\/a><\/p>\n<p>Pedidos al: <a href=\"tel:51974635622\">(+51) 974635622<\/a><\/p>\n<p>Contacto: Cindy Rey<\/p>\n<div class=\"nta_wa_button\" data-id=\"14968\" data-info=\"{&quot;name&quot;:&quot;Cindy Rey&quot;,&quot;info&quot;:{&quot;number&quot;:&quot;+51974635622&quot;,&quot;title&quot;:&quot;Morgana Saludable | Tienda&quot;,&quot;predefinedText&quot;:&quot;Hola Cindy. Me gustar\\u00eda m\\u00e1s informaci\\u00f3n de [njwa_page_title] Este es el link [njwa_page_url]&quot;,&quot;willBeBackText&quot;:&quot;I will be back in [njwa_time_work]&quot;,&quot;dayOffsText&quot;:&quot;I will be back soon&quot;,&quot;isAlwaysAvailable&quot;:&quot;ON&quot;,&quot;daysOfWeekWorking&quot;:{&quot;sunday&quot;:{&quot;isWorkingOnDay&quot;:&quot;OFF&quot;,&quot;workHours&quot;:[{&quot;startTime&quot;:&quot;08:00&quot;,&quot;endTime&quot;:&quot;17:30&quot;}]},&quot;monday&quot;:{&quot;isWorkingOnDay&quot;:&quot;OFF&quot;,&quot;workHours&quot;:[{&quot;startTime&quot;:&quot;08:00&quot;,&quot;endTime&quot;:&quot;17:30&quot;}]},&quot;tuesday&quot;:{&quot;isWorkingOnDay&quot;:&quot;OFF&quot;,&quot;workHours&quot;:[{&quot;startTime&quot;:&quot;08:00&quot;,&quot;endTime&quot;:&quot;17:30&quot;}]},&quot;wednesday&quot;:{&quot;isWorkingOnDay&quot;:&quot;OFF&quot;,&quot;workHours&quot;:[{&quot;startTime&quot;:&quot;08:00&quot;,&quot;endTime&quot;:&quot;17:30&quot;}]},&quot;thursday&quot;:{&quot;isWorkingOnDay&quot;:&quot;OFF&quot;,&quot;workHours&quot;:[{&quot;startTime&quot;:&quot;08:00&quot;,&quot;endTime&quot;:&quot;17:30&quot;}]},&quot;friday&quot;:{&quot;isWorkingOnDay&quot;:&quot;OFF&quot;,&quot;workHours&quot;:[{&quot;startTime&quot;:&quot;08:00&quot;,&quot;endTime&quot;:&quot;17:30&quot;}]},&quot;saturday&quot;:{&quot;isWorkingOnDay&quot;:&quot;OFF&quot;,&quot;workHours&quot;:[{&quot;startTime&quot;:&quot;08:00&quot;,&quot;endTime&quot;:&quot;17:30&quot;}]}}},&quot;styles&quot;:{&quot;type&quot;:&quot;round&quot;,&quot;backgroundColor&quot;:&quot;#2DB742&quot;,&quot;textColor&quot;:&quot;#fff&quot;,&quot;label&quot;:&quot;Necesitas ayuda? Hablemos&quot;,&quot;width&quot;:300,&quot;height&quot;:64},&quot;avatar&quot;:&quot;https:\\\/\\\/nonamepublicidad.com\\\/wp-content\\\/uploads\\\/2023\\\/04\\\/cindy_rey_morgana_saludable.webp&quot;,&quot;options&quot;:{&quot;display&quot;:{&quot;displayCondition&quot;:&quot;showAllPage&quot;,&quot;includePages&quot;:[],&quot;excludePages&quot;:[],&quot;includePosts&quot;:[],&quot;showOnDesktop&quot;:&quot;ON&quot;,&quot;showOnMobile&quot;:&quot;ON&quot;,&quot;time_symbols&quot;:&quot;h:m&quot;},&quot;styles&quot;:{&quot;title&quot;:&quot;Start a Conversation&quot;,&quot;responseText&quot;:&quot;The team typically replies in a few minutes.&quot;,&quot;description&quot;:&quot;Hi! Click one of our member below to chat on &lt;strong&gt;WhatsApp&lt;\\\/strong&gt;&quot;,&quot;backgroundColor&quot;:&quot;#2db742&quot;,&quot;textColor&quot;:&quot;#fff&quot;,&quot;scrollHeight&quot;:500,&quot;isShowScroll&quot;:&quot;OFF&quot;,&quot;isShowResponseText&quot;:&quot;ON&quot;,&quot;isShowPoweredBy&quot;:&quot;ON&quot;,&quot;btnLabel&quot;:&quot;Need Help? &lt;strong&gt;Chat with us&lt;\\\/strong&gt;&quot;,&quot;btnLabelWidth&quot;:156,&quot;btnPosition&quot;:&quot;right&quot;,&quot;btnLeftDistance&quot;:30,&quot;btnRightDistance&quot;:30,&quot;btnBottomDistance&quot;:30,&quot;isShowBtnLabel&quot;:&quot;ON&quot;,&quot;isShowGDPR&quot;:&quot;OFF&quot;,&quot;gdprContent&quot;:&quot;Please accept our &lt;a href=\\&quot;https:\\\/\\\/ninjateam.org\\\/privacy-policy\\\/\\&quot;&gt;privacy policy&lt;\\\/a&gt; first to start a conversation.&quot;,&quot;widgetType&quot;:&quot;expandable&quot;},&quot;analytics&quot;:{&quot;enabledGoogle&quot;:&quot;OFF&quot;,&quot;enabledFacebook&quot;:&quot;OFF&quot;,&quot;enabledGoogleGA4&quot;:&quot;OFF&quot;}},&quot;gdprStatus&quot;:false,&quot;defaultAvatar&quot;:&quot;https:\\\/\\\/nonamepublicidad.com\\\/wp-content\\\/plugins\\\/whatsapp-for-wordpress\\\/assets\\\/img\\\/whatsapp_logo.svg&quot;}\"><\/div>\n<p>&nbsp;<\/p>\n<p>&nbsp;<\/p>\n<div style=\"visibility: hidden;\">saludable, bebida saludable, infusiones, emoliente, bebida familiar, bebida family, emoliente peruano, bebida personalizada, natural drink, beverage, healthy lifestyle, bebida peruana, bebida natural<\/div>\n","protected":false},"featured_media":14969,"comment_status":"open","ping_status":"closed","template":"","meta":[],"product_brand":[],"product_cat":[113,107],"product_tag":[3664,3665,3672,3667,3671,3661,3669,3663,3666,3670,3662,3668,3660],"class_list":{"0":"post-14975","1":"product","2":"type-product","3":"status-publish","4":"has-post-thumbnail","6":"product_cat-alimentos-y-bebidas","7":"product_cat-otras-categorias","8":"product_tag-bebida-familiar","9":"product_tag-bebida-family","10":"product_tag-bebida-natural","11":"product_tag-bebida-personalizada","12":"product_tag-bebida-peruana","13":"product_tag-bebida-saludable","14":"product_tag-beverage","15":"product_tag-emoliente","16":"product_tag-emoliente-peruano","17":"product_tag-healthy-lifestyle","18":"product_tag-infusiones","19":"product_tag-natural-drink","20":"product_tag-saludable","22":"first","23":"instock","24":"virtual","25":"taxable","26":"product-type-simple"},"_links":{"self":[{"href":"https:\/\/nonamepublicidad.com\/en\/wp-json\/wp\/v2\/product\/14975","targetHints":{"allow":["GET"]}}],"collection":[{"href":"https:\/\/nonamepublicidad.com\/en\/wp-json\/wp\/v2\/product"}],"about":[{"href":"https:\/\/nonamepublicidad.com\/en\/wp-json\/wp\/v2\/types\/product"}],"replies":[{"embeddable":true,"href":"https:\/\/nonamepublicidad.com\/en\/wp-json\/wp\/v2\/comments?post=14975"}],"version-history":[{"count":0,"href":"https:\/\/nonamepublicidad.com\/en\/wp-json\/wp\/v2\/product\/14975\/revisions"}],"wp:featuredmedia":[{"embeddable":true,"href":"https:\/\/nonamepublicidad.com\/en\/wp-json\/wp\/v2\/media\/14969"}],"wp:attachment":[{"href":"https:\/\/nonamepublicidad.com\/en\/wp-json\/wp\/v2\/media?parent=14975"}],"wp:term":[{"taxonomy":"product_brand","embeddable":true,"href":"https:\/\/nonamepublicidad.com\/en\/wp-json\/wp\/v2\/product_brand?post=14975"},{"taxonomy":"product_cat","embeddable":true,"href":"https:\/\/nonamepublicidad.com\/en\/wp-json\/wp\/v2\/product_cat?post=14975"},{"taxonomy":"product_tag","embeddable":true,"href":"https:\/\/nonamepublicidad.com\/en\/wp-json\/wp\/v2\/product_tag?post=14975"}],"curies":[{"name":"wp","href":"https:\/\/api.w.org\/{rel}","templated":true}]}}