{"id":15179,"date":"2023-05-05T07:47:21","date_gmt":"2023-05-05T12:47:21","guid":{"rendered":"http:\/\/nonamepublicidad.com\/?post_type=product&#038;p=15179"},"modified":"2024-12-02T08:50:13","modified_gmt":"2024-12-02T13:50:13","slug":"plato-urpi","status":"publish","type":"product","link":"https:\/\/nonamepublicidad.com\/en\/product\/plato-urpi\/","title":{"rendered":"Plato Urpi"},"content":{"rendered":"<p><img fetchpriority=\"high\" decoding=\"async\" class=\"wp-image-15030 size-full aligncenter\" src=\"http:\/\/nonamepublicidad.com\/wp-content\/uploads\/2023\/04\/ceramica_artemio_poma_quinua_huamanga_ayacucho_peru.webp\" alt=\"Cer\u00e1mica Artemio Poma Quinua Huamanga Ayacucho Peru\" width=\"645\" height=\"363\" srcset=\"https:\/\/nonamepublicidad.com\/wp-content\/uploads\/2023\/04\/ceramica_artemio_poma_quinua_huamanga_ayacucho_peru.webp 645w, https:\/\/nonamepublicidad.com\/wp-content\/uploads\/2023\/04\/ceramica_artemio_poma_quinua_huamanga_ayacucho_peru-640x360.webp 640w, https:\/\/nonamepublicidad.com\/wp-content\/uploads\/2023\/04\/ceramica_artemio_poma_quinua_huamanga_ayacucho_peru-400x225.webp 400w, https:\/\/nonamepublicidad.com\/wp-content\/uploads\/2023\/04\/ceramica_artemio_poma_quinua_huamanga_ayacucho_peru-500x281.webp 500w\" sizes=\"(max-width: 645px) 100vw, 645px\" \/><\/p>\n<p style=\"text-align: center;\"><iframe style=\"border: 0;\" src=\"https:\/\/www.google.com\/maps\/embed?pb=!1m18!1m12!1m3!1d817.1196351248773!2d-74.13398993144718!3d-13.042168205649578!2m3!1f0!2f0!3f0!3m2!1i1024!2i768!4f13.1!3m3!1m2!1s0x910d7f7618f4dd57%3A0x5e5b0206e040fc0!2sEsencias%20de%20ayacucho!5e0!3m2!1ses-419!2spe!4v1682515156616!5m2!1ses-419!2spe\" width=\"600\" height=\"450\" allowfullscreen=\"allowfullscreen\"><\/iframe><\/p>\n<p>&nbsp;<\/p>\n<p>Cer\u00e1micas Artemio Poma<\/p>\n<p>Don Artemio, a pesar de ser parte de la joven generaci\u00f3n de ceramistas de Quinua que suele inclinarse por t\u00e9cnicas m\u00e1s adaptadas a una propuesta para consumo masivo, persevera en el uso de las formas m\u00e1s ancestrales de producci\u00f3n. Con una t\u00e9cnica de buena factura, produce una l\u00ednea dedicada a la tradici\u00f3n local y, a la vez, elabora piezas utilitarias y decorativas, inspiradas en la flora y fauna del lugar, a las cuales otorga una s\u00edntesis formal y un decorado de l\u00edneas de engobe m\u00e1s definidas.<\/p>\n<p>El artista, quien forma parte de la nueva generaci\u00f3n de su pueblo, cuenta con su propio taller en Puca Rumi, centro poblado en Quinua.<\/p>","protected":false},"excerpt":{"rendered":"<p>Plato elaborado mediante la t\u00e9cnica de modelado a mano, utilizando arcilla y engobes naturales. Decorado con una pareja de palomas en cada extremo y con dise\u00f1os propios de Quinua. El plato urpi es un tradicional dise\u00f1o de este pueblo ayacuchano, utilizado de forma ceremonial en los matrimonios locales, donde los novios comparten su alimento de manera conjunta durante la fiesta.<\/p>\n<p>La cer\u00e1mica del distrito de Quinua es una de las tradiciones alfareras m\u00e1s emblem\u00e1ticas del Per\u00fa por su distintiva iconograf\u00eda y por ser un medio de expresi\u00f3n de la identidad local. En el 2019, los conocimientos, saberes y pr\u00e1cticas relacionadas a la elaboraci\u00f3n de la cer\u00e1mica de Quinua fueron reconocidas como Patrimonio Cultural de la Naci\u00f3n, por ser un medio de expresi\u00f3n art\u00edstica y social transmitiendo la memoria hist\u00f3rica y tradici\u00f3n oral del pueblo.<\/p>\n<p>Direcci\u00f3n: <a href=\"https:\/\/goo.gl\/maps\/emSDrKUkx3QLWSJdA\" target=\"_blank\" rel=\"noopener\">Centro Poblado Puca Rumi, Mz. H, Lt. 12 Quinua, Huamanga, Ayacucho, Per\u00fa<\/a><\/p>\n<p>Facebook: <a href=\"https:\/\/www.facebook.com\/ArtemioPomaCeramica\" target=\"_blank\" rel=\"noopener\">ArtemioPomaCeramica<\/a><\/p>\n<p>Instagram: <a href=\"https:\/\/www.instagram.com\/ceramica.artemio.poma\/\" target=\"_blank\" rel=\"noopener\">ceramica.artemio.poma<\/a><\/p>\n<p>Correos: <a href=\"mailto:artemio.ceramicas@gmail.com\">artemio.ceramicas@gmail.com<\/a><\/p>\n<ul>\n<li>Material: arcilla<\/li>\n<li>Hecho a mano<\/li>\n<li>Se hacen trabajos a pedido<\/li>\n<li>Imagen referencial<\/li>\n<\/ul>\n<p>Consultas: <a href=\"tel:51966872596\">(+51) 966872596<\/a><\/p>\n<p>Contacto: Artemio Poma<\/p>\n<div class=\"nta_wa_button\" data-id=\"15024\" data-info=\"{&quot;name&quot;:&quot;Artemio Poma&quot;,&quot;info&quot;:{&quot;number&quot;:&quot;+51966872596&quot;,&quot;title&quot;:&quot;Cer\\u00e1micas Artemio Poma | Tienda&quot;,&quot;predefinedText&quot;:&quot;Hola Artemio. Me gustar\\u00eda m\\u00e1s informaci\\u00f3n de [njwa_page_title] Este es el link [njwa_page_url]&quot;,&quot;willBeBackText&quot;:&quot;I will be back in [njwa_time_work]&quot;,&quot;dayOffsText&quot;:&quot;I will be back soon&quot;,&quot;isAlwaysAvailable&quot;:&quot;ON&quot;,&quot;daysOfWeekWorking&quot;:{&quot;sunday&quot;:{&quot;isWorkingOnDay&quot;:&quot;OFF&quot;,&quot;workHours&quot;:[{&quot;startTime&quot;:&quot;08:00&quot;,&quot;endTime&quot;:&quot;17:30&quot;}]},&quot;monday&quot;:{&quot;isWorkingOnDay&quot;:&quot;OFF&quot;,&quot;workHours&quot;:[{&quot;startTime&quot;:&quot;08:00&quot;,&quot;endTime&quot;:&quot;17:30&quot;}]},&quot;tuesday&quot;:{&quot;isWorkingOnDay&quot;:&quot;OFF&quot;,&quot;workHours&quot;:[{&quot;startTime&quot;:&quot;08:00&quot;,&quot;endTime&quot;:&quot;17:30&quot;}]},&quot;wednesday&quot;:{&quot;isWorkingOnDay&quot;:&quot;OFF&quot;,&quot;workHours&quot;:[{&quot;startTime&quot;:&quot;08:00&quot;,&quot;endTime&quot;:&quot;17:30&quot;}]},&quot;thursday&quot;:{&quot;isWorkingOnDay&quot;:&quot;OFF&quot;,&quot;workHours&quot;:[{&quot;startTime&quot;:&quot;08:00&quot;,&quot;endTime&quot;:&quot;17:30&quot;}]},&quot;friday&quot;:{&quot;isWorkingOnDay&quot;:&quot;OFF&quot;,&quot;workHours&quot;:[{&quot;startTime&quot;:&quot;08:00&quot;,&quot;endTime&quot;:&quot;17:30&quot;}]},&quot;saturday&quot;:{&quot;isWorkingOnDay&quot;:&quot;OFF&quot;,&quot;workHours&quot;:[{&quot;startTime&quot;:&quot;08:00&quot;,&quot;endTime&quot;:&quot;17:30&quot;}]}}},&quot;styles&quot;:{&quot;type&quot;:&quot;round&quot;,&quot;backgroundColor&quot;:&quot;#2DB742&quot;,&quot;textColor&quot;:&quot;#fff&quot;,&quot;label&quot;:&quot;Necesitas ayuda? Hablemos&quot;,&quot;width&quot;:300,&quot;height&quot;:64},&quot;avatar&quot;:&quot;https:\\\/\\\/nonamepublicidad.com\\\/wp-content\\\/uploads\\\/2023\\\/04\\\/retrato_ceramica_artemio_poma_150x150.webp&quot;,&quot;options&quot;:{&quot;display&quot;:{&quot;displayCondition&quot;:&quot;showAllPage&quot;,&quot;includePages&quot;:[],&quot;excludePages&quot;:[],&quot;includePosts&quot;:[],&quot;showOnDesktop&quot;:&quot;ON&quot;,&quot;showOnMobile&quot;:&quot;ON&quot;,&quot;time_symbols&quot;:&quot;h:m&quot;},&quot;styles&quot;:{&quot;title&quot;:&quot;Start a Conversation&quot;,&quot;responseText&quot;:&quot;The team typically replies in a few minutes.&quot;,&quot;description&quot;:&quot;Hi! Click one of our member below to chat on &lt;strong&gt;WhatsApp&lt;\\\/strong&gt;&quot;,&quot;backgroundColor&quot;:&quot;#2db742&quot;,&quot;textColor&quot;:&quot;#fff&quot;,&quot;scrollHeight&quot;:500,&quot;isShowScroll&quot;:&quot;OFF&quot;,&quot;isShowResponseText&quot;:&quot;ON&quot;,&quot;isShowPoweredBy&quot;:&quot;ON&quot;,&quot;btnLabel&quot;:&quot;Need Help? &lt;strong&gt;Chat with us&lt;\\\/strong&gt;&quot;,&quot;btnLabelWidth&quot;:156,&quot;btnPosition&quot;:&quot;right&quot;,&quot;btnLeftDistance&quot;:30,&quot;btnRightDistance&quot;:30,&quot;btnBottomDistance&quot;:30,&quot;isShowBtnLabel&quot;:&quot;ON&quot;,&quot;isShowGDPR&quot;:&quot;OFF&quot;,&quot;gdprContent&quot;:&quot;Please accept our &lt;a href=\\&quot;https:\\\/\\\/ninjateam.org\\\/privacy-policy\\\/\\&quot;&gt;privacy policy&lt;\\\/a&gt; first to start a conversation.&quot;,&quot;widgetType&quot;:&quot;expandable&quot;},&quot;analytics&quot;:{&quot;enabledGoogle&quot;:&quot;OFF&quot;,&quot;enabledFacebook&quot;:&quot;OFF&quot;,&quot;enabledGoogleGA4&quot;:&quot;OFF&quot;}},&quot;gdprStatus&quot;:false,&quot;defaultAvatar&quot;:&quot;https:\\\/\\\/nonamepublicidad.com\\\/wp-content\\\/plugins\\\/whatsapp-for-wordpress\\\/assets\\\/img\\\/whatsapp_logo.svg&quot;}\"><\/div>\n<div style=\"visibility: hidden;\">tienda de artesan\u00edas, artesan\u00eda ayacuchana, cer\u00e1mica de ayacucho, arte de ayacucho, artesano ayacuchano, cer\u00e1mica peruana, artesano peruano, esculturas, dise\u00f1os tradicionales, piezas utilitarias, piezas decorativas, arte popular ayacuchano, para coleccionistas de arte, taller de arte tradicional, artesan\u00eda tradicional, artesan\u00eda ayacucho, artesanos ayacucho, arte ayacuchano, ayacucho arte andino, artista ayacuchano, artista ayacucho<\/div>\n","protected":false},"featured_media":15070,"comment_status":"open","ping_status":"closed","template":"","meta":[],"product_brand":[],"product_cat":[241,246],"product_tag":[1893,3678,1895,3676,1889,1850,3679,3680,1890],"class_list":{"0":"post-15179","1":"product","2":"type-product","3":"status-publish","4":"has-post-thumbnail","6":"product_cat-arte-y-antiguedades","7":"product_cat-esculturas","8":"product_tag-arte-ayacuchano","9":"product_tag-arte-de-ayacucho","10":"product_tag-arte-popular-ayacuchano","11":"product_tag-artesania-ayacuchana","12":"product_tag-artesania-ayacucho","13":"product_tag-artesania-tradicional","14":"product_tag-artesano-ayacuchano","15":"product_tag-artesano-peruano","16":"product_tag-artesanos-ayacucho","18":"first","19":"instock","20":"virtual","21":"taxable","22":"product-type-simple"},"_links":{"self":[{"href":"https:\/\/nonamepublicidad.com\/en\/wp-json\/wp\/v2\/product\/15179","targetHints":{"allow":["GET"]}}],"collection":[{"href":"https:\/\/nonamepublicidad.com\/en\/wp-json\/wp\/v2\/product"}],"about":[{"href":"https:\/\/nonamepublicidad.com\/en\/wp-json\/wp\/v2\/types\/product"}],"replies":[{"embeddable":true,"href":"https:\/\/nonamepublicidad.com\/en\/wp-json\/wp\/v2\/comments?post=15179"}],"version-history":[{"count":0,"href":"https:\/\/nonamepublicidad.com\/en\/wp-json\/wp\/v2\/product\/15179\/revisions"}],"wp:featuredmedia":[{"embeddable":true,"href":"https:\/\/nonamepublicidad.com\/en\/wp-json\/wp\/v2\/media\/15070"}],"wp:attachment":[{"href":"https:\/\/nonamepublicidad.com\/en\/wp-json\/wp\/v2\/media?parent=15179"}],"wp:term":[{"taxonomy":"product_brand","embeddable":true,"href":"https:\/\/nonamepublicidad.com\/en\/wp-json\/wp\/v2\/product_brand?post=15179"},{"taxonomy":"product_cat","embeddable":true,"href":"https:\/\/nonamepublicidad.com\/en\/wp-json\/wp\/v2\/product_cat?post=15179"},{"taxonomy":"product_tag","embeddable":true,"href":"https:\/\/nonamepublicidad.com\/en\/wp-json\/wp\/v2\/product_tag?post=15179"}],"curies":[{"name":"wp","href":"https:\/\/api.w.org\/{rel}","templated":true}]}}