{"id":16133,"date":"2023-07-24T12:59:51","date_gmt":"2023-07-24T17:59:51","guid":{"rendered":"http:\/\/nonamepublicidad.com\/?post_type=product&#038;p=16133"},"modified":"2025-12-04T22:33:12","modified_gmt":"2025-12-05T03:33:12","slug":"queso-paria-milk-paradise-01","status":"publish","type":"product","link":"https:\/\/nonamepublicidad.com\/en\/product\/queso-paria-milk-paradise-01\/","title":{"rendered":"Queso Paria Milk Paradise"},"content":{"rendered":"<p>Ventana Verde Per\u00fa<\/p>\n<p>Somos una ventana de productos 100% peruanos que te quiere conectar con la naturaleza, las tradiciones y la gente de las diferentes regiones del pa\u00eds, para que seas parte de un Per\u00fa sostenible.<\/p>\n<p>Promovemos el consumo responsable, apoyo a los peque\u00f1os y medianos productores y emprendedores peruanos, respetamos a la naturaleza, valoramos la biodiversidad y queremos ser parte econom\u00eda circular.<\/p>\n<p>&nbsp;<\/p>\n<p>Horarios:<\/p>\n<p>Lunes: 9:00 a.m. &#8211; 20:00 p.m.<\/p>\n<p>Martes: 9:00 a.m. &#8211; 20:00 p.m.<\/p>\n<p>Mi\u00e9rcoles: 9:00 a.m. &#8211; 20:00 p.m.<\/p>\n<p>Jueves: 9:00 a.m. &#8211; 20:00 p.m.<\/p>\n<p>Viernes: 9:00 a.m. &#8211; 20:00 p.m.<\/p>\n<p>S\u00e1bado: 9:00 a.m. &#8211; 20:00 p.m.<\/p>\n<p>Domingo: 10:00 a.m. &#8211; 16:00 p.m.<\/p>","protected":false},"excerpt":{"rendered":"<p>Estos quesitos paria provienen de la linda ciudad blanca sin embargo el origen del queso Paria es en Puno, tambi\u00e9n se produce en Chuquibamba, Pampacolca y Majes. Entre 3000 y 4000 msnm.<\/p>\n<p>Es un queso semi-duro preparado con leche de vaca, propio del altiplano y la zona sur del Per\u00fa. Posee un sabor suave y de color ligeramente amarillento se usa en la preparaci\u00f3n de comida t\u00edpica y en piqueos.<\/p>\n<p>Origen: Arequipa<\/p>\n<p>Ubicaci\u00f3n: <a href=\"https:\/\/goo.gl\/maps\/1MwEQQb1qLZjj9tg6\" target=\"_blank\" rel=\"noopener\">Av. Cayetano Heredia 663, Jes\u00fas Mar\u00eda Lima, Per\u00fa<\/a><\/p>\n<p>Correo: <a href=\"mailto:ventanaverde.regional@gmail.com\">ventanaverde.regional@gmail.com<\/a><\/p>\n<p>Facebook: <a href=\"https:\/\/www.facebook.com\/ventanaverde.regional\/\" target=\"_blank\" rel=\"noopener\">ventanaverde.regional<\/a><\/p>\n<p>Instagram: <a href=\"https:\/\/www.instagram.com\/ventanaverde.peru\/\" target=\"_blank\" rel=\"noopener\">ventanaverde.peru<\/a><\/p>\n<p>Contacto: Rosa \u00c1ngela Nina D\u00edaz \u2013 Gerente<\/p>\n<p>Pedidos al: <a href=\"tel:51977788441\">(+51) 977788441<\/a><\/p>\n<div class=\"nta_wa_button\" data-id=\"15291\" data-info=\"{&quot;name&quot;:&quot;Rosa \\u00c1ngela Nina&quot;,&quot;info&quot;:{&quot;number&quot;:&quot;+51977788441&quot;,&quot;title&quot;:&quot;Ventana Verde | Tienda&quot;,&quot;predefinedText&quot;:&quot;Hola Rosa, solicito informaci\\u00f3n de [njwa_page_title] Enlace: [njwa_page_url]&quot;,&quot;willBeBackText&quot;:&quot;I will be back in [njwa_time_work]&quot;,&quot;dayOffsText&quot;:&quot;I will be back soon&quot;,&quot;isAlwaysAvailable&quot;:&quot;ON&quot;,&quot;daysOfWeekWorking&quot;:{&quot;sunday&quot;:{&quot;isWorkingOnDay&quot;:&quot;OFF&quot;,&quot;workHours&quot;:[{&quot;startTime&quot;:&quot;08:00&quot;,&quot;endTime&quot;:&quot;17:30&quot;}]},&quot;monday&quot;:{&quot;isWorkingOnDay&quot;:&quot;OFF&quot;,&quot;workHours&quot;:[{&quot;startTime&quot;:&quot;08:00&quot;,&quot;endTime&quot;:&quot;17:30&quot;}]},&quot;tuesday&quot;:{&quot;isWorkingOnDay&quot;:&quot;OFF&quot;,&quot;workHours&quot;:[{&quot;startTime&quot;:&quot;08:00&quot;,&quot;endTime&quot;:&quot;17:30&quot;}]},&quot;wednesday&quot;:{&quot;isWorkingOnDay&quot;:&quot;OFF&quot;,&quot;workHours&quot;:[{&quot;startTime&quot;:&quot;08:00&quot;,&quot;endTime&quot;:&quot;17:30&quot;}]},&quot;thursday&quot;:{&quot;isWorkingOnDay&quot;:&quot;OFF&quot;,&quot;workHours&quot;:[{&quot;startTime&quot;:&quot;08:00&quot;,&quot;endTime&quot;:&quot;17:30&quot;}]},&quot;friday&quot;:{&quot;isWorkingOnDay&quot;:&quot;OFF&quot;,&quot;workHours&quot;:[{&quot;startTime&quot;:&quot;08:00&quot;,&quot;endTime&quot;:&quot;17:30&quot;}]},&quot;saturday&quot;:{&quot;isWorkingOnDay&quot;:&quot;OFF&quot;,&quot;workHours&quot;:[{&quot;startTime&quot;:&quot;08:00&quot;,&quot;endTime&quot;:&quot;17:30&quot;}]}}},&quot;styles&quot;:{&quot;type&quot;:&quot;round&quot;,&quot;backgroundColor&quot;:&quot;#2DB742&quot;,&quot;textColor&quot;:&quot;#fff&quot;,&quot;label&quot;:&quot;Necesitas ayuda? Hablemos&quot;,&quot;width&quot;:300,&quot;height&quot;:64},&quot;avatar&quot;:&quot;https:\\\/\\\/nonamepublicidad.com\\\/wp-content\\\/uploads\\\/2023\\\/06\\\/rosa_angela_nina_diaz_150x150.webp&quot;,&quot;options&quot;:{&quot;display&quot;:{&quot;displayCondition&quot;:&quot;showAllPage&quot;,&quot;includePages&quot;:[],&quot;excludePages&quot;:[],&quot;includePosts&quot;:[],&quot;showOnDesktop&quot;:&quot;ON&quot;,&quot;showOnMobile&quot;:&quot;ON&quot;,&quot;time_symbols&quot;:&quot;h:m&quot;},&quot;styles&quot;:{&quot;title&quot;:&quot;Start a Conversation&quot;,&quot;responseText&quot;:&quot;The team typically replies in a few minutes.&quot;,&quot;description&quot;:&quot;Hi! Click one of our member below to chat on &lt;strong&gt;WhatsApp&lt;\\\/strong&gt;&quot;,&quot;backgroundColor&quot;:&quot;#2db742&quot;,&quot;textColor&quot;:&quot;#fff&quot;,&quot;scrollHeight&quot;:500,&quot;isShowScroll&quot;:&quot;OFF&quot;,&quot;isShowResponseText&quot;:&quot;ON&quot;,&quot;isShowPoweredBy&quot;:&quot;ON&quot;,&quot;btnLabel&quot;:&quot;Need Help? &lt;strong&gt;Chat with us&lt;\\\/strong&gt;&quot;,&quot;btnLabelWidth&quot;:156,&quot;btnPosition&quot;:&quot;right&quot;,&quot;btnLeftDistance&quot;:30,&quot;btnRightDistance&quot;:30,&quot;btnBottomDistance&quot;:30,&quot;isShowBtnLabel&quot;:&quot;ON&quot;,&quot;isShowGDPR&quot;:&quot;OFF&quot;,&quot;gdprContent&quot;:&quot;Please accept our &lt;a href=\\&quot;https:\\\/\\\/ninjateam.org\\\/privacy-policy\\\/\\&quot;&gt;privacy policy&lt;\\\/a&gt; first to start a conversation.&quot;,&quot;widgetType&quot;:&quot;expandable&quot;},&quot;analytics&quot;:{&quot;enabledGoogle&quot;:&quot;OFF&quot;,&quot;enabledFacebook&quot;:&quot;OFF&quot;,&quot;enabledGoogleGA4&quot;:&quot;OFF&quot;}},&quot;gdprStatus&quot;:false,&quot;defaultAvatar&quot;:&quot;https:\\\/\\\/nonamepublicidad.com\\\/wp-content\\\/plugins\\\/whatsapp-for-wordpress\\\/assets\\\/img\\\/whatsapp_logo.svg&quot;}\"><\/div>\n<div style=\"visibility: hidden;\">queso arequipa, queso paria arequipa, queso de arequipa, queso andino arequipa, queso paria de arequipa, quesos en arequipa, la queseria arequipa, queso paria peruano, queso paria peru, queso paria, queso paria para que sirve, queso paria precio, queso de paria, paria queso, queso tipo paria, queso paria pasteurizado, quesos paria<\/div>\n","protected":false},"featured_media":16132,"comment_status":"open","ping_status":"closed","template":"","meta":[],"product_brand":[],"product_cat":[113,107],"product_tag":[5008,4908,5010,4910,4913,5011,4915],"class_list":{"0":"post-16133","1":"product","2":"type-product","3":"status-publish","4":"has-post-thumbnail","6":"product_cat-alimentos-y-bebidas","7":"product_cat-otras-categorias","8":"product_tag-queso-de-arequipa","9":"product_tag-queso-paria","10":"product_tag-queso-paria-de-arequipa","11":"product_tag-queso-paria-precio","12":"product_tag-queso-tipo-paria","13":"product_tag-quesos-en-arequipa","14":"product_tag-quesos-paria","16":"first","17":"instock","18":"virtual","19":"taxable","20":"product-type-simple"},"_links":{"self":[{"href":"https:\/\/nonamepublicidad.com\/en\/wp-json\/wp\/v2\/product\/16133","targetHints":{"allow":["GET"]}}],"collection":[{"href":"https:\/\/nonamepublicidad.com\/en\/wp-json\/wp\/v2\/product"}],"about":[{"href":"https:\/\/nonamepublicidad.com\/en\/wp-json\/wp\/v2\/types\/product"}],"replies":[{"embeddable":true,"href":"https:\/\/nonamepublicidad.com\/en\/wp-json\/wp\/v2\/comments?post=16133"}],"version-history":[{"count":0,"href":"https:\/\/nonamepublicidad.com\/en\/wp-json\/wp\/v2\/product\/16133\/revisions"}],"wp:featuredmedia":[{"embeddable":true,"href":"https:\/\/nonamepublicidad.com\/en\/wp-json\/wp\/v2\/media\/16132"}],"wp:attachment":[{"href":"https:\/\/nonamepublicidad.com\/en\/wp-json\/wp\/v2\/media?parent=16133"}],"wp:term":[{"taxonomy":"product_brand","embeddable":true,"href":"https:\/\/nonamepublicidad.com\/en\/wp-json\/wp\/v2\/product_brand?post=16133"},{"taxonomy":"product_cat","embeddable":true,"href":"https:\/\/nonamepublicidad.com\/en\/wp-json\/wp\/v2\/product_cat?post=16133"},{"taxonomy":"product_tag","embeddable":true,"href":"https:\/\/nonamepublicidad.com\/en\/wp-json\/wp\/v2\/product_tag?post=16133"}],"curies":[{"name":"wp","href":"https:\/\/api.w.org\/{rel}","templated":true}]}}